{"id":16459,"date":"2018-10-07T23:04:13","date_gmt":"2018-10-07T20:04:13","guid":{"rendered":"https:\/\/alphadynamic.eu\/adm-magnetic-drive-centrifugal-pump\/"},"modified":"2022-04-28T11:24:47","modified_gmt":"2022-04-28T08:24:47","slug":"adm-magnetic-drive-centrifugal-pump","status":"publish","type":"page","link":"https:\/\/alphadynamic.eu\/es\/products\/adm-magnetic-drive-centrifugal-pump\/","title":{"rendered":"ADM \u2013 Bomba Centr\u00edfuga De Accionamiento Magn\u00e9tico"},"content":{"rendered":"<p>[vc_row el_id=\u00bbpageTitle\u00bb el_class=\u00bbproductTitle\u00bb][vc_column][vc_custom_heading source=\u00bbpost_title\u00bb font_container=\u00bbtag:h1|font_size:24px|text_align:left|color:%23ed1c24|line_height:34px\u00bb use_theme_fonts=\u00bbyes\u00bb][\/vc_column][\/vc_row][vc_row el_id=\u00bbproductFinalTabs\u00bb][vc_column][vc_tta_tabs style=\u00bboutline\u00bb shape=\u00bbsquare\u00bb color=\u00bbwhite\u00bb spacing=\u00bb10&#8243; gap=\u00bb5&#8243; active_section=\u00bb1&#8243; no_fill_content_area=\u00bbtrue\u00bb][vc_tta_section title=\u00bbADM Products\u00bb tab_id=\u00bb1636383030752-e3d0251c-9713&#8243;][vc_basic_grid post_type=\u00bbpost\u00bb max_items=\u00bb-1&#8243; order=\u00bbASC\u00bb item=\u00bb23388&#8243; grid_id=\u00bbvc_gid:1651134153478-458c60fb-1fd6-7&#8243; taxonomies=\u00bb29&#8243;][\/vc_tta_section][vc_tta_section title=\u00bbEspecificaciones T\u00e9cnicas\u00bb tab_id=\u00bbtechical-data514d-f4dd\u00bb el_class=\u00bbtab1&#8243;][vc_column_text]<\/p>\n<ul>\n<li>\n<p align=\"JUSTIFY\"><span style=\"font-family: Arial, serif;\"><span style=\"font-size: small;\">Material de construcci\u00f3n: PP \/ PVDF<\/span><\/span><\/p>\n<\/li>\n<li>\n<p align=\"JUSTIFY\"><span style=\"font-family: Arial, serif;\"><span style=\"font-size: small;\"><span lang=\"es-ES\">Conector magn\u00e9tico de alto par de NeFeBo<\/span><\/span><\/span><\/p>\n<\/li>\n<li>\n<p align=\"JUSTIFY\"><span style=\"font-family: Arial, serif;\"><span style=\"font-size: small;\">Caudal hasta 130 m3 \/ h<\/span><\/span><\/p>\n<\/li>\n<li>\n<p align=\"JUSTIFY\"><span style=\"font-family: Arial, serif;\"><span style=\"font-size: small;\">Presi\u00f3n m\u00e1xima hasta 48 mlc<\/span><\/span><\/p>\n<\/li>\n<li>\n<p align=\"JUSTIFY\"><span style=\"font-family: Arial, serif;\"><span style=\"font-size: small;\"><span lang=\"es-ES\">Temperatura m\u00e1xima: PP 60 \u00b0 C &#8211; PVDF 90 \u00b0 C<\/span><\/span><\/span><\/p>\n<\/li>\n<li>\n<p align=\"JUSTIFY\"><span style=\"font-family: Arial, serif;\"><span style=\"font-size: small;\">Viscosidad m\u00e1xima: 200 cSt<\/span><\/span><\/p>\n<\/li>\n<li>\n<p align=\"JUSTIFY\"><span style=\"font-family: Arial, serif;\"><span style=\"font-size: small;\"><span lang=\"es-ES\">La bomba tambi\u00e9n est\u00e1 disponible con bridas<\/span><\/span><\/span><\/p>\n<\/li>\n<li>\n<p align=\"JUSTIFY\"><span style=\"font-family: Arial, serif;\"><span style=\"font-size: small;\"><span lang=\"es-ES\">La bomba tambi\u00e9n est\u00e1 disponible con bridas <\/span><\/span><\/span><\/p>\n<\/li>\n<li>Motores:\n<p align=\"JUSTIFY\"><span style=\"font-family: Arial, serif;\"><span style=\"font-size: small;\"><span lang=\"es-ES\">IP55 &#8211; Clase F &#8211; 2 polos &#8211; 50 Hz &#8211; trif\u00e1sico<\/span><\/span><\/span><\/p>\n<p align=\"JUSTIFY\"><span style=\"font-family: Arial, serif;\"><span style=\"font-size: small;\"><span lang=\"es-ES\">Monof\u00e1sico 0.55 kw &#8211; 2.2 kw &#8211; 50\/60 Hz<\/span><\/span><\/span><\/p>\n<\/li>\n<\/ul>\n<p>[\/vc_column_text][\/vc_tta_section][vc_tta_section title=\u00bbMateriales\u00bb tab_id=\u00bbmaterials514d-f4dd\u00bb el_class=\u00bbtab2&#8243;][vc_column_text]<\/p>\n<p align=\"JUSTIFY\"><span style=\"font-family: Times New Roman, serif;\"><span style=\"font-size: medium;\"><span style=\"color: #ff0000;\"><span style=\"font-family: Arial, serif;\"><span style=\"font-size: large;\"><span lang=\"es-ES\"><b>Disponibles en PP y PVDF<\/b><\/span><\/span><\/span><\/span><\/span><\/span><\/p>\n<p align=\"JUSTIFY\"><span style=\"font-family: Arial, serif;\"><span style=\"font-size: small;\"><span lang=\"es-ES\">Las bombas centr\u00edfugas de arrastre magn\u00e9tico ADM est\u00e1n hechas de materiales termopl\u00e1sticos (PP y PVDF) y son adecuadas para l\u00edquidos corrosivos.<\/span><\/span><\/span><\/p>\n<p align=\"JUSTIFY\"><span style=\"font-family: Arial, serif;\"><span style=\"font-size: small;\"><span lang=\"es-ES\">Gracias al inovador sistema de accionamiento magn\u00e9tico, el modelo de la bomba ADM PP \/ PVDF reduce los riesgos de p\u00e9rdidas y el coste de mantenimiento. La transmisi\u00f3n se realiza a trav\u00e9s de imanes contrapuestos sin el uso de una prensaestopa mec\u00e1nica. Esto garantiza la m\u00e1xima seguridad y eficiencia.<\/span><\/span><\/span><\/p>\n<p lang=\"el-GR\" align=\"JUSTIFY\"><span style=\"font-family: Courier New, serif;\"><span style=\"font-size: small;\"><span style=\"font-family: Arial, serif;\"><span lang=\"en-US\">Las bombas de arrastre magn\u00e9tico ADM tienen un dise\u00f1o especial sin una prensaestopa mec\u00e1nica que las hace adecuadas para bombear l\u00edquidos corrosivos y l\u00edquidos peligrosos debido a su alta resistencia qu\u00edmica y la ausencia de fugas. <\/span><\/span><\/span><\/span><\/p>\n<p lang=\"el-GR\" align=\"JUSTIFY\"><span style=\"font-family: Courier New, serif;\"><span style=\"font-size: small;\"><span style=\"font-family: Arial, serif;\"><span lang=\"en-US\">La estructura es muy sencilla, con el resultado de que la bomba requiere un mantenimiento muy bajo y, por lo tanto, ahorra costos de reparaci\u00f3n y reemplazo durante la vida \u00fatil de la bomba. El im\u00e1n externo montado en el eje de transmisi\u00f3n transmite movimiento al im\u00e1n interno conectado al impulsor, que gira y mueve el fluido a trav\u00e9s de la bomba.<\/span><\/span><\/span><\/span><\/p>\n<p>&nbsp;<\/p>\n<p align=\"JUSTIFY\"><span style=\"color: #ff0000;\"><span style=\"font-family: Arial, serif;\"><span style=\"font-size: medium;\">Ventajas<\/span><\/span><\/span><span style=\"color: #ed1c24;\">:<\/span><\/p>\n<ul>\n<li>\n<p align=\"JUSTIFY\"><span style=\"font-family: Arial, serif;\"><span style=\"font-size: small;\">Sin cierre mec\u00e1nico del eje<\/span><\/span><\/p>\n<\/li>\n<li>\n<p align=\"JUSTIFY\"><span style=\"font-family: Arial, serif;\"><span style=\"font-size: medium;\"><span lang=\"es-ES\">El motor y la bomba est\u00e1n separados mec\u00e1nicamente entre s\u00ed<\/span><\/span><\/span><\/p>\n<\/li>\n<li>\n<p align=\"JUSTIFY\"><span style=\"font-family: Arial, serif;\"><span style=\"font-size: small;\">Absoluta estanqueidad<\/span><\/span><\/p>\n<\/li>\n<li>\n<p align=\"JUSTIFY\"><span style=\"font-family: Arial, serif;\"><span style=\"font-size: small;\">Libre de mantenimiento<\/span><\/span><\/p>\n<\/li>\n<\/ul>\n<p>&nbsp;<\/p>\n<p><span style=\"color: #ff0000;\"><span style=\"font-family: Arial, serif;\"><span style=\"font-size: small;\"><span lang=\"es-ES\"><b>\u00c1reas de aplicaci\u00f3n<\/b><\/span><\/span><\/span><\/span><span style=\"color: #ff0000;\"><span style=\"font-family: Arial, serif;\"><span style=\"font-size: small;\"><span lang=\"es-ES\">:<\/span><\/span><\/span><\/span><\/p>\n<p><span style=\"font-family: Arial, serif;\"><span style=\"font-size: small;\"><span lang=\"es-ES\">Productos qu\u00edmicos, petroqu\u00edmicos, industrias farmac\u00e9uticas,<\/span><\/span><\/span><span style=\"font-family: Arial, serif;\"><span style=\"font-size: small;\"><span lang=\"es-ES\">industrias del papel, industrias textiles, procesamiento de alimentos, f\u00e1bricas de az\u00facar, lecher\u00edas, productos electr\u00f3nicos, plantas de tratamiento de agua, cualquier aplicaci\u00f3n qu\u00edmica peligrosa.<\/span><\/span><\/span>[\/vc_column_text][\/vc_tta_section][vc_tta_section title=\u00bbInstalaci\u00f3n\u00bb tab_id=\u00bbinstallation514d-f4dd\u00bb el_class=\u00bbtab3&#8243;][vc_column_text]<\/p>\n<p align=\"JUSTIFY\"><span style=\"font-family: Arial, serif;\"><span style=\"font-size: small;\"><span lang=\"es-ES\">Las bombas de arrastre magn\u00e9tico ADM deben colocarse de modo que se evite el funcionamiento en seco, la generaci\u00f3n de v\u00f3rtices y la posible aspiraci\u00f3n de aire. Las bombas centr\u00edfugas horizontales solo deben ser operadas con l\u00edquido.<\/span><\/span><\/span><\/p>\n<p>[\/vc_column_text][vc_single_image image=\u00bb16463&#8243; img_size=\u00bbfull\u00bb el_class=\u00bbdeksamenh\u00bb][\/vc_tta_section][\/vc_tta_tabs][\/vc_column][\/vc_row][vc_row el_id=\u00bbproducts2list\u00bb][vc_column][\/vc_column][\/vc_row]<\/p>\n","protected":false},"excerpt":{"rendered":"","protected":false},"author":4,"featured_media":0,"parent":56662,"menu_order":0,"comment_status":"closed","ping_status":"closed","template":"","meta":[],"acf":[],"_links":{"self":[{"href":"https:\/\/alphadynamic.eu\/es\/wp-json\/wp\/v2\/pages\/16459"}],"collection":[{"href":"https:\/\/alphadynamic.eu\/es\/wp-json\/wp\/v2\/pages"}],"about":[{"href":"https:\/\/alphadynamic.eu\/es\/wp-json\/wp\/v2\/types\/page"}],"author":[{"embeddable":true,"href":"https:\/\/alphadynamic.eu\/es\/wp-json\/wp\/v2\/users\/4"}],"replies":[{"embeddable":true,"href":"https:\/\/alphadynamic.eu\/es\/wp-json\/wp\/v2\/comments?post=16459"}],"version-history":[{"count":0,"href":"https:\/\/alphadynamic.eu\/es\/wp-json\/wp\/v2\/pages\/16459\/revisions"}],"up":[{"embeddable":true,"href":"https:\/\/alphadynamic.eu\/es\/wp-json\/wp\/v2\/pages\/56662"}],"wp:attachment":[{"href":"https:\/\/alphadynamic.eu\/es\/wp-json\/wp\/v2\/media?parent=16459"}],"curies":[{"name":"wp","href":"https:\/\/api.w.org\/{rel}","templated":true}]}}