{"id":16470,"date":"2018-10-07T23:03:31","date_gmt":"2018-10-07T20:03:31","guid":{"rendered":"https:\/\/alphadynamic.eu\/adh-horizontal-centrifigual-pump\/"},"modified":"2021-11-10T14:21:48","modified_gmt":"2021-11-10T11:21:48","slug":"adh-horizontal-centrifigual-pump","status":"publish","type":"page","link":"https:\/\/alphadynamic.eu\/es\/products\/adh-horizontal-centrifigual-pump\/","title":{"rendered":"ADH \u2013 Bomba Centr\u00edfuga Horizontal"},"content":{"rendered":"<p>[vc_row el_id=\u00bbpageTitle\u00bb el_class=\u00bbproductTitle\u00bb][vc_column][vc_custom_heading source=\u00bbpost_title\u00bb font_container=\u00bbtag:h1|font_size:24px|text_align:left|color:%23ed1c24|line_height:34px\u00bb use_theme_fonts=\u00bbyes\u00bb][\/vc_column][\/vc_row][vc_row el_id=\u00bbproductFinalTabs\u00bb][vc_column][vc_tta_tabs style=\u00bboutline\u00bb shape=\u00bbsquare\u00bb color=\u00bbwhite\u00bb spacing=\u00bb10&#8243; gap=\u00bb5&#8243; active_section=\u00bb1&#8243; no_fill_content_area=\u00bbtrue\u00bb][vc_tta_section title=\u00bbADH Products\u00bb tab_id=\u00bb1636543199513-7c40ab5f-b71e\u00bb][vc_basic_grid post_type=\u00bbpost\u00bb max_items=\u00bb-1&#8243; order=\u00bbASC\u00bb item=\u00bb339&#8243; grid_id=\u00bbvc_gid:1636543181677-fd355c24-df03-4&#8243; taxonomies=\u00bb28&#8243;][\/vc_tta_section][vc_tta_section title=\u00bbEspecificaciones T\u00e9cnicas\u00bb tab_id=\u00bbtechical-data8980-9125&#8243; el_class=\u00bbtab1&#8243;][vc_column_text]<\/p>\n<ul>\n<li>\n<p align=\"JUSTIFY\"><span style=\"font-family: Arial, serif;\"><span style=\"font-size: small;\"><span lang=\"es-ES\">Materiales en contacto con el l\u00edquido: Cuerpo e impulsor de PP \/ PVDF<\/span><\/span><\/span><\/p>\n<\/li>\n<li>\n<p align=\"JUSTIFY\"><span style=\"font-family: Arial, serif;\"><span style=\"font-size: small;\">Caudal hasta 75 m3 \/ h.<\/span><\/span><\/p>\n<\/li>\n<li>\n<p align=\"JUSTIFY\"><span style=\"font-family: Arial, serif;\"><span style=\"font-size: small;\">Presi\u00f3n m\u00e1xima hasta 38 mlc<\/span><\/span><\/p>\n<\/li>\n<li>\n<p align=\"JUSTIFY\"><span style=\"font-family: Arial, serif;\"><span style=\"font-size: small;\"><span lang=\"es-ES\">Temperatura m\u00e1xima: PP 60 \u00b0 C &#8211; PVDF 90 \u00b0 C<\/span><\/span><\/span><\/p>\n<\/li>\n<li>\n<p align=\"JUSTIFY\"><span style=\"font-family: Arial, serif;\"><span style=\"font-size: small;\">Viscosidad m\u00e1xima: 500 cSt<\/span><\/span><\/p>\n<\/li>\n<li>\n<p align=\"JUSTIFY\"><span style=\"font-family: Arial, serif;\"><span style=\"font-size: small;\"><span lang=\"es-ES\">Tiene 2 tipos de sellados para todos los tama\u00f1os: junta (Lip Seal) o prensaestopa mec\u00e1nica interna PTFE<\/span><\/span><\/span><\/p>\n<\/li>\n<li>\n<p align=\"JUSTIFY\"><span style=\"font-family: Arial, serif;\"><span style=\"font-size: small;\"><span lang=\"es-ES\">Previa solicitud, la bomba tambi\u00e9n est\u00e1 disponible con bridas<\/span><\/span><\/span><\/p>\n<\/li>\n<li>\n<p align=\"JUSTIFY\"><span style=\"font-family: Arial, serif;\"><span style=\"font-size: small;\">Motores:<\/span><\/span><\/p>\n<\/li>\n<\/ul>\n<p align=\"JUSTIFY\"><span style=\"font-family: Arial, serif;\"><span style=\"font-size: small;\"><span lang=\"es-ES\">\u00a0\u00a0\u00a0\u00a0\u00a0\u00a0\u00a0\u00a0\u00a0 IP55 &#8211; Clase F &#8211; 2 polos &#8211; 50 Hz &#8211; trif\u00e1sicos<\/span><\/span><\/span><\/p>\n<p align=\"JUSTIFY\"><span style=\"font-family: Arial, serif;\"><span style=\"font-size: small;\"><span lang=\"es-ES\">\u00a0\u00a0\u00a0\u00a0\u00a0\u00a0\u00a0\u00a0 Monof\u00e1sicos 0.55 kw &#8211; 2.2 kw &#8211; 50\/60 Hz<\/span><\/span><\/span><\/p>\n<p>[\/vc_column_text][vc_column_text][\/vc_column_text][\/vc_tta_section][vc_tta_section title=\u00bbMateriales\u00bb tab_id=\u00bbmaterials8980-9125&#8243; el_class=\u00bbtab2&#8243;][vc_column_text]<\/p>\n<p align=\"JUSTIFY\"><span style=\"font-family: Times New Roman, serif;\"><span style=\"font-size: medium;\"><span style=\"color: #c00000;\"><span style=\"font-family: Arial, serif;\"><span style=\"font-size: large;\"><span lang=\"es-ES\">Caracter\u00edsticas:<\/span><\/span><\/span><\/span><\/span><\/span><\/p>\n<p align=\"JUSTIFY\"><span style=\"font-family: Times New Roman, serif;\"><span style=\"font-size: medium;\"><span style=\"font-family: Arial, serif;\"><span style=\"font-size: small;\"><span lang=\"es-ES\">Bombas centr\u00edfugas no met\u00e1licas con una prensaestopa mec\u00e1nica e impulsor abierto.<\/span><\/span><\/span><\/span><\/span><\/p>\n<p align=\"JUSTIFY\"><span style=\"font-family: Times New Roman, serif;\"><span style=\"font-size: medium;\"><span style=\"font-family: Arial, serif;\"><span style=\"font-size: small;\"><span lang=\"es-ES\">Las bombas centr\u00edfugas ADH con prensaestopa mec\u00e1nica est\u00e1n hechas de materiales pl\u00e1sticos (polipropileno y PVDF) y son adecuadas para l\u00edquidos de alta corrosi\u00f3n que contienen suspensiones s\u00f3lidas. <\/span><\/span><\/span><\/span><\/span><\/p>\n<p align=\"JUSTIFY\"><span style=\"font-family: Times New Roman, serif;\"><span style=\"font-size: medium;\"><span style=\"font-family: Arial, serif;\"><span style=\"font-size: small;\"><span lang=\"es-ES\">Funcionan con un motor monobloque (m\u00e1ximo 3000 rpm). Su dise\u00f1o especial con impulsor abierto permite el bombeo incluso para l\u00edquidos muy sucios con una viscosidad de hasta 500 Cps (a 20 \u00b0 C) que contienen suspensiones s\u00f3lidas.<\/span><\/span><\/span><\/span><\/span><\/p>\n<p align=\"JUSTIFY\"><span style=\"font-family: Arial, serif;\"><span style=\"font-size: small;\"><span lang=\"es-ES\">Hay 2 versiones diferentes con diferentes sellados seg\u00fan el uso, A (junta) y B (prensaestopa mec\u00e1nica).<\/span><\/span><\/span><\/p>\n<p>&nbsp;<\/p>\n<p align=\"JUSTIFY\"><span style=\"font-family: Times New Roman, serif;\"><span style=\"font-size: medium;\"><span style=\"color: #c00000;\"><span style=\"font-family: Arial, serif;\"><span style=\"font-size: large;\"><span lang=\"es-ES\">Descripci\u00f3n de las bombas<\/span><\/span><\/span><\/span><\/span><\/span><\/p>\n<p align=\"JUSTIFY\"><span style=\"font-family: Arial, serif;\"><span style=\"font-size: small;\"><span lang=\"es-ES\">Las bombas centr\u00edfugas horizontales ADH tienen un cuerpo de bomba compacto y un conector de soporte para conectar el motor el\u00e9ctrico con la prensaestopa mec\u00e1nica.<\/span><\/span><\/span><\/p>\n<p align=\"JUSTIFY\"><span style=\"font-family: Arial, serif;\"><span style=\"font-size: small;\"><span lang=\"es-ES\">1= Motor el\u00e9ctrico<\/span><\/span><\/span><\/p>\n<p><img decoding=\"async\" loading=\"lazy\" class=\"wp-image-3922 alignright\" src=\"https:\/\/alphadynamic.eu\/wp-content\/uploads\/2019\/01\/kinitiras.jpg\" alt=\"\" width=\"448\" height=\"303\" srcset=\"https:\/\/alphadynamic.eu\/wp-content\/uploads\/2019\/01\/kinitiras.jpg 848w, https:\/\/alphadynamic.eu\/wp-content\/uploads\/2019\/01\/kinitiras-300x203.jpg 300w, https:\/\/alphadynamic.eu\/wp-content\/uploads\/2019\/01\/kinitiras-768x519.jpg 768w\" sizes=\"(max-width: 448px) 100vw, 448px\" \/><\/p>\n<p align=\"JUSTIFY\"><span style=\"font-family: Arial, serif;\"><span style=\"font-size: small;\"><span lang=\"es-ES\">2 = enlace de soporte<\/span><\/span><\/span><\/p>\n<p align=\"JUSTIFY\"><span style=\"font-family: Arial, serif;\"><span style=\"font-size: small;\"><span lang=\"es-ES\">3 = prensaestopa mec\u00e1nica<\/span><\/span><\/span><\/p>\n<p align=\"JUSTIFY\"><span style=\"font-family: Arial, serif;\"><span style=\"font-size: small;\"><span lang=\"es-ES\">4 = impulsor<\/span><\/span><\/span><\/p>\n<p align=\"JUSTIFY\"><span style=\"font-family: Arial, serif;\"><span style=\"font-size: small;\"><span lang=\"es-ES\">5 = descarga <\/span><\/span><\/span><\/p>\n<p align=\"JUSTIFY\"><span style=\"font-family: Arial, serif;\"><span style=\"font-size: small;\"><span lang=\"es-ES\">6 = succi\u00f3n<\/span><\/span><\/span><\/p>\n<p>[\/vc_column_text][\/vc_tta_section][vc_tta_section title=\u00bbInstalaci\u00f3n\u00bb tab_id=\u00bbinstallation8980-9125&#8243; el_class=\u00bbtab3&#8243;][vc_column_text]<\/p>\n<p align=\"JUSTIFY\"><span style=\"color: #000000;\"><span style=\"font-family: Arial, serif;\"><span lang=\"es-ES\">La bomba centr\u00edfuga horizontal ADH debe instalarse con el eje montado horizontalmente y garantizar una succi\u00f3n positiva. Deben instalarse dispositivos adecuados para evitar el funcionamiento en seco y la creaci\u00f3n de turbulencia y aspiraci\u00f3n de aire. La bomba centr\u00edfuga horizontal ADH siempre debe estar funcionando mientras est\u00e1 h\u00fameda, ya que la operaci\u00f3n en seco o la operaci\u00f3n con burbujas pueden estropear la prensaestopa mec\u00e1nica.<\/span><\/span><\/span><\/p>\n<p>[\/vc_column_text][vc_single_image image=\u00bb16463&#8243; img_size=\u00bbfull\u00bb css=\u00bb.vc_custom_1548154354121{margin-top: -32px !important;}\u00bb][\/vc_tta_section][\/vc_tta_tabs][\/vc_column][\/vc_row][vc_row disable_element=\u00bbyes\u00bb el_id=\u00bbproducts2list\u00bb][vc_column][\/vc_column][\/vc_row]<\/p>\n","protected":false},"excerpt":{"rendered":"","protected":false},"author":4,"featured_media":0,"parent":56662,"menu_order":0,"comment_status":"closed","ping_status":"closed","template":"","meta":[],"acf":[],"_links":{"self":[{"href":"https:\/\/alphadynamic.eu\/es\/wp-json\/wp\/v2\/pages\/16470"}],"collection":[{"href":"https:\/\/alphadynamic.eu\/es\/wp-json\/wp\/v2\/pages"}],"about":[{"href":"https:\/\/alphadynamic.eu\/es\/wp-json\/wp\/v2\/types\/page"}],"author":[{"embeddable":true,"href":"https:\/\/alphadynamic.eu\/es\/wp-json\/wp\/v2\/users\/4"}],"replies":[{"embeddable":true,"href":"https:\/\/alphadynamic.eu\/es\/wp-json\/wp\/v2\/comments?post=16470"}],"version-history":[{"count":0,"href":"https:\/\/alphadynamic.eu\/es\/wp-json\/wp\/v2\/pages\/16470\/revisions"}],"up":[{"embeddable":true,"href":"https:\/\/alphadynamic.eu\/es\/wp-json\/wp\/v2\/pages\/56662"}],"wp:attachment":[{"href":"https:\/\/alphadynamic.eu\/es\/wp-json\/wp\/v2\/media?parent=16470"}],"curies":[{"name":"wp","href":"https:\/\/api.w.org\/{rel}","templated":true}]}}