{"id":16482,"date":"2018-10-07T23:05:01","date_gmt":"2018-10-07T20:05:01","guid":{"rendered":"https:\/\/alphadynamic.eu\/adv-vertical-centrifugal-pump\/"},"modified":"2021-11-10T14:58:29","modified_gmt":"2021-11-10T11:58:29","slug":"adv-vertical-centrifugal-pump","status":"publish","type":"page","link":"https:\/\/alphadynamic.eu\/es\/products\/adv-vertical-centrifugal-pump\/","title":{"rendered":"ADV \u2013 Bomba Centr\u00edfuga Vertical"},"content":{"rendered":"<p>[vc_row el_id=\u00bbpageTitle\u00bb el_class=\u00bbproductTitle\u00bb][vc_column][vc_custom_heading source=\u00bbpost_title\u00bb font_container=\u00bbtag:h1|font_size:24px|text_align:left|color:%23ed1c24|line_height:34px\u00bb use_theme_fonts=\u00bbyes\u00bb][\/vc_column][\/vc_row][vc_row el_id=\u00bbproductFinalTabs\u00bb][vc_column][vc_tta_tabs style=\u00bboutline\u00bb shape=\u00bbsquare\u00bb color=\u00bbwhite\u00bb spacing=\u00bb10&#8243; gap=\u00bb5&#8243; active_section=\u00bb1&#8243; no_fill_content_area=\u00bbtrue\u00bb][vc_tta_section title=\u00bbADV PRODUCTOS\u00bb tab_id=\u00bb1636545452534-ba56865c-57db\u00bb][vc_basic_grid post_type=\u00bbpost\u00bb max_items=\u00bb-1&#8243; order=\u00bbASC\u00bb item=\u00bb339&#8243; grid_id=\u00bbvc_gid:1636545404585-aea2d7e8-acc4-9&#8243; taxonomies=\u00bb30&#8243;][\/vc_tta_section][vc_tta_section title=\u00bbEspecificaciones T\u00e9cnicas\u00bb tab_id=\u00bbtechical-data5eae-fcbc\u00bb el_class=\u00bbtab1&#8243;][vc_column_text]<\/p>\n<ul>\n<li><span style=\"color: #000000;\"><span style=\"font-family: Arial, serif;\"><span style=\"font-size: medium;\">Bomba centrifuga vertical con soporte<\/span><\/span><\/span><\/li>\n<li><span style=\"color: #000000;\"><span style=\"font-family: Arial, serif;\"><span style=\"font-size: medium;\">Materiales disponibles: PP\/PVDF<\/span><\/span><\/span><\/li>\n<li><span style=\"color: #000000;\"><span style=\"font-family: Arial, serif;\"><span style=\"font-size: medium;\">Flujo hasta 95m3\/h<\/span><\/span><\/span><\/li>\n<li><span style=\"font-family: Arial, serif;\"><span style=\"font-size: medium;\"><span lang=\"es-ES\">Temperatura m\u00e1xima: PP 60 \u00b0 C &#8211; PVDF 90 \u00b0 C<\/span><\/span><\/span><\/li>\n<li><span style=\"color: #000000;\"><span style=\"font-family: Arial, serif;\"><span style=\"font-size: medium;\">Presi\u03ccn hasta 36 \u039c\u03a3\u03a5<\/span><\/span><\/span><\/li>\n<li><span style=\"color: #000000;\"><span style=\"font-family: Arial, serif;\"><span style=\"font-size: medium;\">Viscoso maximo 500cst<\/span><\/span><\/span><\/li>\n<li><span style=\"color: #000000;\"><span style=\"font-family: Arial, serif;\"><span style=\"font-size: medium;\">Longitude de columna:500-2000 mm<\/span><\/span><\/span><\/li>\n<li>\n<p align=\"JUSTIFY\"><span style=\"color: #000000;\"><span style=\"font-family: Arial, serif;\"><span style=\"font-size: medium;\">Bomba sumergida en el tanque<\/span><\/span><\/span><\/p>\n<\/li>\n<li>\n<p align=\"JUSTIFY\"><span style=\"color: #000000;\"><span style=\"font-family: Arial, serif;\"><span style=\"font-size: medium;\"><span lang=\"es-ES\">El motor se retira incluso cuando la bomba est\u00e1 instalada<\/span><\/span><\/span><\/span><\/p>\n<\/li>\n<li><span style=\"color: #000000;\"><span style=\"font-family: Arial, serif;\"><span style=\"font-size: medium;\"><span lang=\"es-ES\">Previa solicitud, la bomba tambi\u00e9n est\u00e1 disponible con una brida en la salida<\/span><\/span><\/span><\/span><\/li>\n<li><span style=\"font-family: Arial, serif;\"><span style=\"font-size: medium;\">Motores:<\/span><\/span><\/li>\n<\/ul>\n<p align=\"JUSTIFY\"><span style=\"font-family: Arial, serif;\"><span style=\"font-size: medium;\"><span lang=\"es-ES\">\u00a0\u00a0\u00a0\u00a0\u00a0\u00a0\u00a0\u00a0\u00a0\u00a0\u00a0\u00a0\u00a0\u00a0\u00a0 IP55 &#8211; Clase F &#8211; 2 polos &#8211; 50 Hz &#8211; trif\u00e1sicos<\/span><\/span><\/span><\/p>\n<p align=\"JUSTIFY\"><span style=\"font-family: Arial, serif;\"><span style=\"font-size: medium;\"><span lang=\"es-ES\">\u00a0\u00a0\u00a0\u00a0\u00a0\u00a0\u00a0\u00a0\u00a0\u00a0\u00a0\u00a0\u00a0\u00a0\u00a0 Monof\u00e1sicos 0.55 kw &#8211; 2.2 kw &#8211; 50\/60 Hz<\/span><\/span><\/span><\/p>\n<p>[\/vc_column_text][\/vc_tta_section][vc_tta_section title=\u00bbMateriales\u00bb tab_id=\u00bbmaterials5eae-fcbc\u00bb el_class=\u00bbtab2&#8243;][vc_column_text]<span style=\"font-family: Times New Roman, serif;\"><span style=\"font-size: medium;\"><span style=\"color: #c00000;\"><span style=\"font-family: Arial, serif;\"><span style=\"font-size: large;\"><span lang=\"es-ES\"><b>Disponibles en PP y PVDF<\/b><\/span><\/span><\/span><\/span><\/span><\/span><\/p>\n<p>&nbsp;<\/p>\n<p><strong><span style=\"font-family: Times New Roman, serif; font-size: 12pt;\"><span style=\"color: #c00000;\"><span style=\"font-family: Arial, serif;\"><span lang=\"es-ES\">Caracter\u00edsticas<\/span><\/span><\/span><\/span><\/strong><\/p>\n<p align=\"JUSTIFY\"><span style=\"font-family: Arial, serif;\"><span style=\"font-size: small;\"><span lang=\"es-ES\">Las bombas centr\u00edfugas verticales de la serie ADV est\u00e1n hechas de materiales termopl\u00e1sticos (PP y PVDF) y son adecuadas para bombear l\u00edquidos peligrosos y corrosivos con peque\u00f1as suspensiones s\u00f3lidas.<\/span><\/span><\/span><\/p>\n<p align=\"JUSTIFY\"><span style=\"font-family: Arial, serif;\"><span style=\"font-size: small;\"><span lang=\"es-ES\">La serie ADV est\u00e1 disponible a una altitud de 250-2000 mm.<\/span><\/span><\/span><\/p>\n<p>&nbsp;<\/p>\n<p align=\"JUSTIFY\"><span style=\"color: #c00000;\"><span style=\"font-family: Arial, serif;\"><span style=\"font-size: medium;\"><span lang=\"es-ES\"><b>Descripci\u00f3n de la bomba<\/b><\/span><\/span><\/span><\/span><\/p>\n<p align=\"JUSTIFY\"><span style=\"font-family: Arial, serif;\"><span style=\"font-size: small;\"><span lang=\"es-ES\">El impulsor abierto permite el bombeo continuo incluso en l\u00edquidos muy sucios con una viscosidad de hasta 500 cps (a 20 \u00b0 C) y con peque\u00f1as suspensiones s\u00f3lidas.<\/span><\/span><\/span><\/p>\n<p align=\"JUSTIFY\"><span style=\"font-family: Arial, serif;\"><span style=\"font-size: small;\"><span lang=\"es-ES\">Las bombas centr\u00edfugas verticales ADV consisten en un cuerpo s\u00f3lido y una columna unida a la base y soportan un conector que a su vez soporta el motor. El motor est\u00e1 conectado mediante un im\u00e1n el\u00e1stico al eje de la bomba. El impulsor abierto est\u00e1 unido al otro lado del eje soportado por un cojinete radial.<\/span><\/span><\/span><\/p>\n<p align=\"JUSTIFY\"><span style=\"font-family: Arial, serif;\"><span style=\"font-size: small;\"><span lang=\"es-ES\">El dise\u00f1o especial de la bomba permite desarmar el motor sin tener que desconectar la bomba de la red.<\/span><\/span><\/span><\/p>\n<p>&nbsp;<\/p>\n<p>&nbsp;<\/p>\n<p><img decoding=\"async\" loading=\"lazy\" class=\"alignnone wp-image-4149 size-full\" src=\"http:\/\/alphadynamic.eu\/wp-content\/uploads\/2019\/01\/ADVdescripiNUMB-1.jpg\" alt=\"\" width=\"648\" height=\"437\" srcset=\"https:\/\/alphadynamic.eu\/wp-content\/uploads\/2019\/01\/ADVdescripiNUMB-1.jpg 648w, https:\/\/alphadynamic.eu\/wp-content\/uploads\/2019\/01\/ADVdescripiNUMB-1-300x202.jpg 300w\" sizes=\"(max-width: 648px) 100vw, 648px\" \/>[\/vc_column_text][\/vc_tta_section][vc_tta_section title=\u00bbInstalaci\u00f3n\u00bb tab_id=\u00bbinstallation5eae-fcbc\u00bb el_class=\u00bbtab3&#8243;][vc_column_text]<\/p>\n<p align=\"JUSTIFY\"><span style=\"font-family: Arial, serif;\"><span style=\"font-size: small;\"><span lang=\"es-ES\">Las bombas centr\u00edfugas verticales ADV deben instalarse solo con el eje montado verticalmente y que la bomba est\u00e9 sumergida en el tanque. <\/span><\/span><\/span><\/p>\n<p align=\"JUSTIFY\"><span style=\"font-family: Arial, serif;\"><span style=\"font-size: small;\"><span lang=\"es-ES\">Las bombas deben instalarse para evitar el funcionamiento en seco, as\u00ed como la formaci\u00f3n de drenajes y la posible aspiraci\u00f3n de aire.<\/span><\/span><\/span><\/p>\n<p align=\"JUSTIFY\"><span style=\"font-family: Arial, serif;\"><span style=\"font-size: small;\"><span lang=\"es-ES\">Estas bombas deben usarse solo cuando est\u00e1n llenas de l\u00edquido. La operaci\u00f3n en seco o con burbujas destruir\u00e1 el interior de la bomba.<\/span><\/span><\/span><\/p>\n<p>[\/vc_column_text][vc_single_image image=\u00bb16483&#8243; img_size=\u00bbfull\u00bb css=\u00bb.vc_custom_1547732131106{margin-top: -32px !important;}\u00bb][\/vc_tta_section][\/vc_tta_tabs][\/vc_column][\/vc_row][vc_row el_id=\u00bbproducts2list\u00bb][vc_column][\/vc_column][\/vc_row]<\/p>\n","protected":false},"excerpt":{"rendered":"","protected":false},"author":4,"featured_media":0,"parent":56662,"menu_order":0,"comment_status":"closed","ping_status":"closed","template":"","meta":[],"acf":[],"_links":{"self":[{"href":"https:\/\/alphadynamic.eu\/es\/wp-json\/wp\/v2\/pages\/16482"}],"collection":[{"href":"https:\/\/alphadynamic.eu\/es\/wp-json\/wp\/v2\/pages"}],"about":[{"href":"https:\/\/alphadynamic.eu\/es\/wp-json\/wp\/v2\/types\/page"}],"author":[{"embeddable":true,"href":"https:\/\/alphadynamic.eu\/es\/wp-json\/wp\/v2\/users\/4"}],"replies":[{"embeddable":true,"href":"https:\/\/alphadynamic.eu\/es\/wp-json\/wp\/v2\/comments?post=16482"}],"version-history":[{"count":0,"href":"https:\/\/alphadynamic.eu\/es\/wp-json\/wp\/v2\/pages\/16482\/revisions"}],"up":[{"embeddable":true,"href":"https:\/\/alphadynamic.eu\/es\/wp-json\/wp\/v2\/pages\/56662"}],"wp:attachment":[{"href":"https:\/\/alphadynamic.eu\/es\/wp-json\/wp\/v2\/media?parent=16482"}],"curies":[{"name":"wp","href":"https:\/\/api.w.org\/{rel}","templated":true}]}}