{"id":16495,"date":"2018-10-07T22:52:04","date_gmt":"2018-10-07T19:52:04","guid":{"rendered":"https:\/\/alphadynamic.eu\/ad-flexible-impeller-pump\/"},"modified":"2021-11-10T13:16:16","modified_gmt":"2021-11-10T10:16:16","slug":"ad-flexible-impeller-pump","status":"publish","type":"page","link":"https:\/\/alphadynamic.eu\/es\/products\/ad-flexible-impeller-pump\/","title":{"rendered":"AD \u2013 Bomba De Impulsor Flexible"},"content":{"rendered":"<p>[vc_row el_id=\u00bbpageTitle\u00bb el_class=\u00bbproductTitle\u00bb][vc_column][vc_custom_heading source=\u00bbpost_title\u00bb font_container=\u00bbtag:h1|font_size:24px|text_align:left|color:%23ed1c24|line_height:34px\u00bb use_theme_fonts=\u00bbyes\u00bb][\/vc_column][\/vc_row][vc_row el_id=\u00bbproductFinalTabs\u00bb][vc_column][vc_tta_tabs style=\u00bboutline\u00bb shape=\u00bbsquare\u00bb color=\u00bbwhite\u00bb spacing=\u00bb10&#8243; gap=\u00bb5&#8243; active_section=\u00bb1&#8243; no_fill_content_area=\u00bbtrue\u00bb][vc_tta_section title=\u00bbAD PRODUCTOS\u00bb tab_id=\u00bb1636539206557-ad62a941-e9b8&#8243;][vc_basic_grid post_type=\u00bbids\u00bb item=\u00bb23388&#8243; grid_id=\u00bbvc_gid:1636539301203-cc2f8753-a574-0&#8243; include=\u00bb19985, 19990, 19997, 511, 2799&#8243;][\/vc_tta_section][vc_tta_section title=\u00bbEspecificaciones T\u00e9cnicas\u00bb tab_id=\u00bbtechical-data95bb-4d84&#8243; el_class=\u00bbtab1&#8243;][vc_column_text]<\/p>\n<ul>\n<li><span style=\"font-family: Arial, serif;\">Material de construcci\u03c3n: AISI 304L<\/span><\/li>\n<li><span style=\"font-family: Arial, serif;\">Impulsores disponibles CR,NBR,EPDM<\/span><\/li>\n<li><span style=\"font-family: Arial, serif;\">Caudal maximo 56 m3\/h<\/span><\/li>\n<li><span style=\"font-family: Arial, serif;\">Altura de elevaci\u03c3n m\u03b1x. 30 m<\/span><\/li>\n<li><span style=\"font-family: Arial, serif;\">Viscosidad hasta<\/span> <span style=\"font-family: Arial, serif;\">: 75.000 cPs<\/span><\/li>\n<li><span style=\"font-family: Arial, serif;\">Temperatura m\u03b1xima: 100\u00b0C<\/span><\/li>\n<li><span style=\"font-family: Arial, serif;\">Bocas : BSP , DIN 11851 , Garolla<\/span><\/li>\n<li><span style=\"color: #000000;\"><span style=\"font-family: Arial, serif;\">Motores : 0.35 HP <\/span><\/span><span style=\"color: #000000;\"><span style=\"font-family: Arial, serif;\"><span lang=\"el-GR\">\u03c9\u03c2<\/span><\/span><\/span><span style=\"color: #000000;\"><span style=\"font-family: Arial, serif;\"> 6 HP &#8211; 700\/900\/1400 rpm<\/span><\/span><\/li>\n<li><span style=\"color: #000000;\"><span style=\"font-family: Arial, serif;\">Disponible con motorreductor mec\u00e1nico<\/span><\/span><\/li>\n<li><span style=\"color: #000000;\"><span style=\"font-family: Arial, serif;\">Disponible con <\/span><\/span><span style=\"color: #000000;\"><span style=\"font-family: Arial, serif;\">con inversor<\/span><\/span><\/li>\n<li><span style=\"color: #000000;\"><span style=\"font-family: Arial, serif;\">Disponible con eje libre<\/span><\/span><\/li>\n<\/ul>\n<p>[\/vc_column_text][\/vc_tta_section][vc_tta_section title=\u00bbMateriales\u00bb tab_id=\u00bbmaterials95bb-4d84&#8243; el_class=\u00bbtab2&#8243;][vc_column_text]<\/p>\n<p align=\"JUSTIFY\"><span style=\"font-family: Times New Roman, serif; font-size: medium;\"><span style=\"color: #c00000;\"><span style=\"font-family: Arial, serif;\"><span lang=\"es-ES\"><b>Disponible en acero inoxidable 304L.<\/b><\/span><\/span><\/span><\/span><\/p>\n<p>&nbsp;<\/p>\n<p align=\"JUSTIFY\"><strong><span style=\"font-family: Times New Roman, serif;\"><span style=\"font-size: medium;\"><span style=\"color: #c00000;\"><span style=\"font-family: Arial, serif;\"><span style=\"font-size: medium;\"><span lang=\"es-ES\">Caracter\u00edsticas<\/span><\/span><\/span><\/span><\/span><\/span><\/strong><\/p>\n<p align=\"JUSTIFY\"><span style=\"color: #2b2626;\"><span style=\"font-family: Arial, serif;\"><span style=\"font-size: small;\"><span lang=\"es-ES\">La serie de bombas AD tiene <\/span><\/span><\/span><\/span><span style=\"color: #2b2626;\"><span style=\"font-family: Arial, serif;\"><span style=\"font-size: small;\"><span lang=\"es-ES\"><b>bombas de impulsor flexible<\/b><\/span><\/span><\/span><\/span><span style=\"color: #2b2626;\"><span style=\"font-family: Arial, serif;\"><span style=\"font-size: small;\"><span lang=\"es-ES\">. <\/span><\/span><\/span><\/span><span style=\"font-family: Arial, serif;\"><span style=\"font-size: small;\"><span lang=\"es-ES\">Debido al dise\u00f1o, estas bombas tienen un flujo reversible, ofrecen succi\u00f3n autom\u00e1tica y pueden extraer desde una altura m\u00e1xima de 5 metros. Este tipo de bomba est\u00e1 dise\u00f1ada para bombear productos de baja y alta viscosidad, as\u00ed como productos que contienen part\u00edculas.<\/span><\/span><\/span><\/p>\n<p align=\"JUSTIFY\"><span style=\"color: #2b2626;\"><span style=\"font-family: Arial, serif;\"><span style=\"font-size: small;\">.<\/span><\/span><\/span><\/p>\n<p align=\"JUSTIFY\"><strong><span style=\"font-family: Times New Roman, serif;\"><span style=\"font-size: medium;\"><span style=\"color: #c00000;\"><span style=\"font-family: Arial, serif;\"><span style=\"font-size: medium;\">Ventajas<\/span><\/span><\/span><\/span><\/span><\/strong><\/p>\n<ul>\n<li>\n<p align=\"JUSTIFY\"><span style=\"color: #000000;\"><span style=\"font-family: Arial, serif;\"><span style=\"font-size: small;\"><span lang=\"es-ES\">Succi\u00f3n directa de hasta 5 metros de profundidad, incluso cuando funcionan en seco.<\/span><\/span><\/span><\/span><\/p>\n<\/li>\n<li>\n<p align=\"JUSTIFY\"><span style=\"color: #000000;\"><span style=\"font-family: Arial, serif;\"><span style=\"font-size: small;\">Inversi\u00f3n del flujo<\/span><\/span><\/span><\/p>\n<\/li>\n<li>\n<p align=\"JUSTIFY\"><span style=\"color: #000000;\"><span style=\"font-family: Arial, serif;\"><span style=\"font-size: small;\"><span lang=\"es-ES\">Motor de baja velocidad para bombear fluidos sensibles con normalidad<\/span><\/span><\/span><\/span><\/p>\n<\/li>\n<li>\n<p align=\"JUSTIFY\"><span style=\"color: #000000;\"><span style=\"font-family: Arial, serif;\"><span style=\"font-size: small;\">Bombeo continuo y constante<\/span><\/span><\/span><\/p>\n<\/li>\n<li>\n<p align=\"JUSTIFY\"><span style=\"color: #000000;\"><span style=\"font-family: Arial, serif;\"><span style=\"font-size: small;\"><span lang=\"es-ES\">Capacidad para bombear tambi\u00e9n l\u00edquidos viscosos, as\u00ed como l\u00edquidos con suspensiones s\u00f3lidas<\/span><\/span><\/span><\/span><\/p>\n<\/li>\n<li>\n<p align=\"JUSTIFY\"><span style=\"color: #000000;\"><span style=\"font-family: Arial, serif;\"><span style=\"font-size: small;\"><span lang=\"es-ES\">Acero de alta densidad (3-4 mm) que conduce a una alta resistencia mec\u00e1nica y resistencia a la corrosi\u00f3n y por lo tanto una vida \u00fatil m\u00e1s larga de la bomba.<\/span><\/span><\/span><\/span><\/p>\n<\/li>\n<li>\n<p align=\"JUSTIFY\"><span style=\"color: #000000;\"><span style=\"font-family: Arial, serif;\"><span style=\"font-size: small;\"><span lang=\"es-ES\">Dise\u00f1o monobloque para mayor durabilidad e impermeabilidad<\/span><\/span><\/span><\/span><\/p>\n<\/li>\n<li>\n<p align=\"JUSTIFY\"><span style=\"color: #000000;\"><span style=\"font-family: Arial, serif;\"><span style=\"font-size: small;\"><span lang=\"es-ES\">Muy f\u00e1cil limpieza y sustituci\u00f3n del impulsor y de la prensaestopa mec\u00e1nica<\/span><\/span><\/span><\/span><\/p>\n<\/li>\n<\/ul>\n<ul>\n<li>\n<p align=\"JUSTIFY\"><span style=\"color: #000000;\"><span style=\"font-family: Arial, serif;\"><span style=\"font-size: small;\"><span lang=\"es-ES\">El impulsor flexible est\u00e1 hecho completamente de materiales sint\u00e9ticos no t\u00f3xicos (neopreno, NBR, EPDM) y es resistente a varios \u00e1cidos<\/span><\/span><\/span><\/span><\/p>\n<\/li>\n<li>\n<p align=\"JUSTIFY\"><span style=\"color: #000000;\"><span style=\"font-family: Arial, serif;\"><span style=\"font-size: small;\"><span lang=\"es-ES\">Los impulsores de neopreno y EPDM est\u00e1n en l\u00ednea con la Administraci\u00f3n de Alimentos y Medicamentos de los Estados Unidos (FDA) para el manejo de fluidos relacionados con alimentos<\/span><\/span><\/span><\/span><\/p>\n<\/li>\n<li>\n<p align=\"JUSTIFY\"><span style=\"color: #000000;\"><span style=\"font-family: Arial, serif;\"><span style=\"font-size: small;\"><span lang=\"es-ES\">Prensaestopa mec\u00e1nica de INOX \/ GRAPHITE \/ NBR \/ EPDM o Tungsteno \/ Tungsteno \/ NBR \/ EPDM<\/span><\/span><\/span><\/span><\/p>\n<\/li>\n<\/ul>\n<p>&nbsp;<\/p>\n<p align=\"JUSTIFY\"><span style=\"color: #c00000;\"><span style=\"font-family: Arial, serif;\"><span style=\"font-size: large;\"><span lang=\"es-ES\"><b>Impulsores de elast\u00f3mero no t\u00f3xico<\/b><\/span><\/span><\/span><\/span><\/p>\n<p align=\"JUSTIFY\"><span style=\"font-family: Arial, serif;\"><span style=\"font-size: small;\"><span lang=\"es-ES\">Los impulsores est\u00e1n hechos de material sint\u00e9tico (neopreno, EPDM, NBR) y son completamente no t\u00f3xicos y resistentes a una amplia gama de \u00e1cidos y siguen las regulaciones de la Administraci\u00f3n de Estados Unidos FDA <\/span><\/span><\/span><span style=\"color: #000000;\"><span style=\"font-family: Arial, serif;\"><span style=\"font-size: small;\"><span lang=\"es-ES\">para el manejo de fluidos relacionados con alimentos<\/span><\/span><\/span><\/span><\/p>\n<p>&nbsp;<\/p>\n<p>&nbsp;<\/p>\n<p><img decoding=\"async\" loading=\"lazy\" class=\"alignnone wp-image-3959 \" src=\"https:\/\/alphadynamic.eu\/wp-content\/uploads\/2019\/01\/GRANAZIA-300x173.jpg\" alt=\"\" width=\"496\" height=\"286\" srcset=\"https:\/\/alphadynamic.eu\/wp-content\/uploads\/2019\/01\/GRANAZIA-300x173.jpg 300w, https:\/\/alphadynamic.eu\/wp-content\/uploads\/2019\/01\/GRANAZIA.jpg 400w\" sizes=\"(max-width: 496px) 100vw, 496px\" \/><\/p>\n<p align=\"JUSTIFY\"><span style=\"color: #c00000;\"><span style=\"font-family: Arial, serif;\"><span style=\"font-size: medium;\"><span lang=\"es-ES\"><b>Dise\u00f1o de cuerpo de bomba monobloque<\/b><\/span><\/span><\/span><\/span><\/p>\n<p align=\"JUSTIFY\"><span style=\"font-family: Arial, serif;\"><span style=\"font-size: small;\"><span lang=\"es-ES\">Todos los cuerpos est\u00e1n fabricados de acero inoxidable de alta densidad, ofreciendo alta calidad y larga vida \u00fatil. Los cuerpos de las bombas est\u00e1n sujetos a controles de soldadura continuos y est\u00e1n pulidos tanto a nivel interno como externo, lo que garantiza un alto nivel de higiene.<\/span><\/span><\/span><\/p>\n<p>&nbsp;<\/p>\n<p><img decoding=\"async\" loading=\"lazy\" class=\"wp-image-3961 alignleft\" src=\"https:\/\/alphadynamic.eu\/wp-content\/uploads\/2019\/01\/ASHMENIA.jpg\" alt=\"\" width=\"599\" height=\"343\" srcset=\"https:\/\/alphadynamic.eu\/wp-content\/uploads\/2019\/01\/ASHMENIA.jpg 400w, https:\/\/alphadynamic.eu\/wp-content\/uploads\/2019\/01\/ASHMENIA-300x172.jpg 300w\" sizes=\"(max-width: 599px) 100vw, 599px\" \/>[\/vc_column_text][\/vc_tta_section][vc_tta_section title=\u00bbInstalaci\u00f3n\u00bb tab_id=\u00bbinstallation95bb-4d84&#8243; el_class=\u00bbtab3&#8243;][vc_single_image image=\u00bb24771&#8243; img_size=\u00bbfull\u00bb][\/vc_tta_section][\/vc_tta_tabs][\/vc_column][\/vc_row][vc_row disable_element=\u00bbyes\u00bb el_id=\u00bbproducts2list\u00bb][vc_column][\/vc_column][\/vc_row]<\/p>\n","protected":false},"excerpt":{"rendered":"","protected":false},"author":4,"featured_media":94176,"parent":56662,"menu_order":0,"comment_status":"closed","ping_status":"closed","template":"","meta":[],"acf":[],"_links":{"self":[{"href":"https:\/\/alphadynamic.eu\/es\/wp-json\/wp\/v2\/pages\/16495"}],"collection":[{"href":"https:\/\/alphadynamic.eu\/es\/wp-json\/wp\/v2\/pages"}],"about":[{"href":"https:\/\/alphadynamic.eu\/es\/wp-json\/wp\/v2\/types\/page"}],"author":[{"embeddable":true,"href":"https:\/\/alphadynamic.eu\/es\/wp-json\/wp\/v2\/users\/4"}],"replies":[{"embeddable":true,"href":"https:\/\/alphadynamic.eu\/es\/wp-json\/wp\/v2\/comments?post=16495"}],"version-history":[{"count":0,"href":"https:\/\/alphadynamic.eu\/es\/wp-json\/wp\/v2\/pages\/16495\/revisions"}],"up":[{"embeddable":true,"href":"https:\/\/alphadynamic.eu\/es\/wp-json\/wp\/v2\/pages\/56662"}],"wp:featuredmedia":[{"embeddable":true,"href":"https:\/\/alphadynamic.eu\/es\/wp-json\/wp\/v2\/media\/94176"}],"wp:attachment":[{"href":"https:\/\/alphadynamic.eu\/es\/wp-json\/wp\/v2\/media?parent=16495"}],"curies":[{"name":"wp","href":"https:\/\/api.w.org\/{rel}","templated":true}]}}