{"id":16507,"date":"2018-10-07T23:05:52","date_gmt":"2018-10-07T20:05:52","guid":{"rendered":"https:\/\/alphadynamic.eu\/atlas-progressive-cavity-pump\/"},"modified":"2022-05-20T11:39:37","modified_gmt":"2022-05-20T08:39:37","slug":"atlas-progressive-cavity-pump","status":"publish","type":"page","link":"https:\/\/alphadynamic.eu\/es\/products\/atlas-progressive-cavity-pump\/","title":{"rendered":"ATLAS \u2013Bomba De Cavidad Progresiva"},"content":{"rendered":"<p>[vc_row el_id=\u00bbpageTitle\u00bb el_class=\u00bbproductTitle\u00bb][vc_column][vc_custom_heading source=\u00bbpost_title\u00bb font_container=\u00bbtag:h1|font_size:24px|text_align:left|color:%23ed1c24|line_height:34px\u00bb use_theme_fonts=\u00bbyes\u00bb][\/vc_column][\/vc_row][vc_row el_id=\u00bbproductFinalTabs\u00bb][vc_column][vc_tta_tabs style=\u00bboutline\u00bb shape=\u00bbsquare\u00bb color=\u00bbwhite\u00bb spacing=\u00bb10&#8243; gap=\u00bb5&#8243; active_section=\u00bb1&#8243; no_fill_content_area=\u00bbtrue\u00bb][vc_tta_section title=\u00bbATLAS PRODUCTOS\u00bb tab_id=\u00bb1636546274597-338c7af4-e710&#8243;][vc_basic_grid post_type=\u00bbids\u00bb item=\u00bb339&#8243; grid_id=\u00bbvc_gid:1653035941652-0368bb24-c009-10&#8243; include=\u00bb2829, 3108, 3423, 73086&#8243;][\/vc_tta_section][vc_tta_section title=\u00bbEspecificaciones T\u00e9cnicas\u00bb tab_id=\u00bbtechical-data5339-dbb9&#8243; el_class=\u00bbtab1&#8243;][vc_column_text]<span style=\"color: #ff0000;\"><span style=\"font-family: Arial, serif;\"><span style=\"font-size: medium;\"><b>Materiales de construcci\u00f3n<\/b><\/span><\/span><\/span><\/p>\n<ul>\n<li><span style=\"color: #000000;\"><span style=\"font-family: Arial, serif;\"><span style=\"font-size: medium;\">Piezas en contacto con el producto Acero inoxidable 316 , <\/span><\/span><\/span><span style=\"font-size: large;\">Hierro fundido GG25<\/span><\/li>\n<li><span style=\"color: #000000;\"><span style=\"font-family: Arial, serif;\"><span style=\"font-size: medium;\">Rotors disponibles: Acero inoxidable 316 , Acero inoxidable 304 ,Acero Cromado endurecido<\/span><\/span><\/span><\/li>\n<li><span style=\"color: #000000;\"><span style=\"font-family: Arial, serif;\"><span style=\"font-size: medium;\">Estatores disponibles: NBR, EPDM, HYPALON, FKM<\/span><\/span><\/span><\/li>\n<li><span style=\"color: #000000;\"><span style=\"font-family: Arial, serif;\"><span style=\"font-size: medium;\">Cierre mec\u00e1nico simple : Cer \/ Graph \/ FKM o Viton, Tungsteno \/ Tungsteno \/ EPDM o FKM Entrada \/ Salida: DIN 11851<\/span><\/span><\/span><\/li>\n<\/ul>\n<ul>\n<li><span style=\"color: #000000;\"><span style=\"font-size: large;\">Viscosidad maxima 500.000 cPs<\/span><\/span><\/li>\n<li><span style=\"color: #000000;\"><span style=\"font-size: large;\">Temperatura m\u00e1xima 100\u00b0C<\/span><\/span><\/li>\n<li><span style=\"color: #000000;\"><span style=\"font-size: large;\">Caudal maximo: 75 m3\/h<\/span><\/span><\/li>\n<li><span style=\"color: #000000;\"><span style=\"font-size: large;\">Presi\u00f3n Hasta 12 Bar<\/span><\/span><\/li>\n<\/ul>\n<p>[\/vc_column_text][\/vc_tta_section][vc_tta_section title=\u00bbMateriales\u00bb tab_id=\u00bbmaterials5339-dbb9&#8243; el_class=\u00bbtab2&#8243;][vc_column_text]<strong><span style=\"color: #c00000;\"><span style=\"font-family: Arial, serif;\"><span style=\"font-size: medium;\">ESPECIFICACIONES T\u00c9CNICAS<\/span><\/span><\/span><\/strong><\/p>\n<ul>\n<li><span style=\"color: #000000;\"><span style=\"font-size: large;\">Geometr\u00eda longitudinal<\/span><\/span><\/li>\n<li><span style=\"color: #000000;\"><span style=\"font-size: large;\">Mayor rendimiento que las bombas de geometr\u00eda cl\u00e1sica<\/span><\/span><\/li>\n<li><span style=\"color: #000000;\"><span style=\"font-size: large;\">Peque\u00f1os requisitos de mantenimiento<\/span><\/span><\/li>\n<li><span style=\"color: #000000;\"><span style=\"font-size: large;\">Estabilidad en presi\u00f3n y flujo<\/span><\/span><\/li>\n<li><span style=\"color: #000000;\"><span style=\"font-size: large;\">Caracter\u00edsticas de flujo mejoradas<\/span><\/span><\/li>\n<li><span style=\"color: #000000;\"><span style=\"font-size: large;\">Desplazamiento positivo de fluido<\/span><\/span><\/li>\n<li><span style=\"color: #000000;\"><span style=\"font-size: large;\">Montaje vertical u horizontal seg\u00fan la aplicaci\u00f3n. La bomba puede operarse hacia atr\u00e1s<\/span><\/span><\/li>\n<li><span style=\"color: #000000;\"><span style=\"font-size: large;\">Viscosidad maxima 500.000 cPs<\/span><\/span><\/li>\n<li><span style=\"color: #000000;\"><span style=\"font-size: large;\">Temperatura m\u00e1xima 100\u00b0C<\/span><\/span><\/li>\n<li><span style=\"color: #000000;\"><span style=\"font-size: large;\">Caudal maximo: 75 m3\/h<\/span><\/span><\/li>\n<\/ul>\n<p>&nbsp;<\/p>\n<p><span style=\"color: #ff0000;\"><span style=\"font-family: Arial, serif;\"><span style=\"font-size: medium;\"><b>Materiales de construcci\u00f3n<\/b><\/span><\/span><\/span><\/p>\n<p><span style=\"color: #000000;\"><span style=\"font-family: Arial, serif;\"><span style=\"font-size: medium;\">Piezas en contacto con el producto Acero inoxidable 316 , <\/span><\/span><\/span><span style=\"font-size: large;\">Hierro fundido GG25<\/span><\/p>\n<p><span style=\"color: #000000;\"><span style=\"font-family: Arial, serif;\"><span style=\"font-size: medium;\">Rotors disponibles: Acero inoxidable 316 , Acero inoxidable 304 ,Acero Cromado endurecido<\/span><\/span><\/span><\/p>\n<p><span style=\"color: #000000;\"><span style=\"font-family: Arial, serif;\"><span style=\"font-size: medium;\">Estatores disponibles: NBR, EPDM, HYPALON, FKM<\/span><\/span><\/span><\/p>\n<p><span style=\"color: #000000;\"><span style=\"font-family: Arial, serif;\"><span style=\"font-size: medium;\">Cierre mec\u00e1nico simple : Cer \/ Graph \/ FKM o Viton, Tungsteno \/ Tungsteno \/ EPDM<\/span><\/span><\/span><\/p>\n<p><span style=\"font-family: Times New Roman, serif;\"><span style=\"font-size: medium;\"><span style=\"color: #000000;\"><span style=\"font-family: Arial, serif;\">o FKM Entrada \/ Salida: DIN 11851<\/span><\/span><\/span><\/span><\/p>\n<p>&nbsp;<\/p>\n<p>1. Sello mec\u00e1nico 6<\/p>\n<p><img decoding=\"async\" loading=\"lazy\" class=\"alignright wp-image-16522 size-full\" src=\"http:\/\/alphadynamic.eu\/wp-content\/uploads\/2019\/01\/mak.jpg\" alt=\"\" width=\"648\" height=\"250\" srcset=\"https:\/\/alphadynamic.eu\/wp-content\/uploads\/2019\/01\/mak.jpg 648w, https:\/\/alphadynamic.eu\/wp-content\/uploads\/2019\/01\/mak-300x116.jpg 300w\" sizes=\"(max-width: 648px) 100vw, 648px\" \/>2. Arandela de conexi\u00f3n<\/p>\n<p>3. Boca de succi\u00f3n DIN 11851<\/p>\n<p>4. Estator<\/p>\n<p>5. Rotor<\/p>\n<p>6. Boca de descarga DIN 11851[\/vc_column_text][\/vc_tta_section][vc_tta_section title=\u00bbInstalaci\u00f3n\u00bb tab_id=\u00bbinstallation5339-dbb9&#8243; el_class=\u00bbtab3&#8243;][vc_row_inner][vc_column_inner width=\u00bb1\/2&#8243;][vc_column_text]<\/p>\n<h5><span style=\"font-size: 14pt; color: #ed1c24;\">Caracter\u00edstica b\u00e1sica de la bomba<\/span><\/h5>\n<p><strong><span style=\"font-size: 14pt; color: #ed1c24;\">Operaci\u00f3n de dos v\u00edas<\/span><\/strong><br \/>\n<span style=\"font-size: 14pt;\">La bomba puede operar en ambas direcciones intercambiando el flujo de l\u00edquido dentro de la red<\/span>[\/vc_column_text][\/vc_column_inner][vc_column_inner width=\u00bb1\/2&#8243;][vc_single_image image=\u00bb38958&#8243; img_size=\u00bbmedium\u00bb][vc_separator][\/vc_column_inner][\/vc_row_inner][vc_row_inner][vc_column_inner width=\u00bb1\/2&#8243;][vc_column_text]<strong><span style=\"color: #ed1c24; font-size: 14pt;\">Succi\u00f3n automatica<\/span><\/strong><br \/>\n<span style=\"font-size: 14pt;\">Succi\u00f3n autom\u00e1tica del producto hasta 4m, incluso desde un punto de inicio seco en unos pocos segundos.<\/span>[\/vc_column_text][\/vc_column_inner][vc_column_inner width=\u00bb1\/2&#8243;][vc_column_text]\u00a0[\/vc_column_text][vc_single_image image=\u00bb38971&#8243; img_size=\u00bbmedium\u00bb el_class=\u00bbeikona\u00bb][vc_separator][\/vc_column_inner][\/vc_row_inner][vc_row_inner][vc_column_inner width=\u00bb1\/2&#8243;][vc_column_text]<strong><span style=\"font-size: 14pt; color: #ed1c24;\">Adecuadas para el transporte de l\u00edquidos sensibles y viscosos<\/span><\/strong><br \/>\n<span style=\"font-size: 14pt;\">Hasta 500.000 cps, incluso con suspensiones s\u00f3lidas, sin ning\u00fan da\u00f1o.<\/span>[\/vc_column_text][\/vc_column_inner][vc_column_inner width=\u00bb1\/2&#8243;][vc_column_text]\u00a0[\/vc_column_text][vc_single_image image=\u00bb39001&#8243; img_size=\u00bbmedium\u00bb el_class=\u00bbeik\u00bb][vc_separator][\/vc_column_inner][\/vc_row_inner][vc_row_inner][vc_column_inner width=\u00bb1\/2&#8243;][vc_column_text]<span style=\"font-size: 14pt;\"><strong><span style=\"color: #ed1c24;\">Bombeo suave y constante del producto sin presi\u00f3n<\/span> <\/strong>(incluso el caudal es ideal para (llenado, dosificaci\u00f3n o filtrado)<\/span>[\/vc_column_text][\/vc_column_inner][vc_column_inner width=\u00bb1\/2&#8243;][vc_column_text]\u00a0[\/vc_column_text][vc_single_image image=\u00bb38991&#8243; img_size=\u00bbmedium\u00bb el_class=\u00bbeik\u00bb][vc_separator][\/vc_column_inner][\/vc_row_inner][vc_row_inner][vc_column_inner width=\u00bb1\/2&#8243;][vc_column_text]<strong><span style=\"font-size: 14pt; color: #ed1c24;\">Operaci\u00f3n vertical<\/span><\/strong>[\/vc_column_text][\/vc_column_inner][vc_column_inner width=\u00bb1\/2&#8243;][vc_column_text]\u00a0[\/vc_column_text][vc_single_image image=\u00bb38996&#8243; img_size=\u00bbmedium\u00bb el_class=\u00bbeik\u00bb][\/vc_column_inner][\/vc_row_inner][\/vc_tta_section][\/vc_tta_tabs][\/vc_column][\/vc_row][vc_row disable_element=\u00bbyes\u00bb el_id=\u00bbproducts2list\u00bb][vc_column][\/vc_column][\/vc_row]<\/p>\n","protected":false},"excerpt":{"rendered":"","protected":false},"author":4,"featured_media":0,"parent":56662,"menu_order":0,"comment_status":"closed","ping_status":"closed","template":"","meta":[],"acf":[],"_links":{"self":[{"href":"https:\/\/alphadynamic.eu\/es\/wp-json\/wp\/v2\/pages\/16507"}],"collection":[{"href":"https:\/\/alphadynamic.eu\/es\/wp-json\/wp\/v2\/pages"}],"about":[{"href":"https:\/\/alphadynamic.eu\/es\/wp-json\/wp\/v2\/types\/page"}],"author":[{"embeddable":true,"href":"https:\/\/alphadynamic.eu\/es\/wp-json\/wp\/v2\/users\/4"}],"replies":[{"embeddable":true,"href":"https:\/\/alphadynamic.eu\/es\/wp-json\/wp\/v2\/comments?post=16507"}],"version-history":[{"count":0,"href":"https:\/\/alphadynamic.eu\/es\/wp-json\/wp\/v2\/pages\/16507\/revisions"}],"up":[{"embeddable":true,"href":"https:\/\/alphadynamic.eu\/es\/wp-json\/wp\/v2\/pages\/56662"}],"wp:attachment":[{"href":"https:\/\/alphadynamic.eu\/es\/wp-json\/wp\/v2\/media?parent=16507"}],"curies":[{"name":"wp","href":"https:\/\/api.w.org\/{rel}","templated":true}]}}