{"id":16527,"date":"2018-11-26T23:05:44","date_gmt":"2018-11-26T20:05:44","guid":{"rendered":"https:\/\/alphadynamic.eu\/adpd-pulsation-dampener\/"},"modified":"2025-06-03T11:33:36","modified_gmt":"2025-06-03T08:33:36","slug":"adpd-pulsation-dampener","status":"publish","type":"page","link":"https:\/\/alphadynamic.eu\/es\/products\/adpd-pulsation-dampener\/","title":{"rendered":"ADPD -Amortiguador De Pulsaciones"},"content":{"rendered":"<p>[vc_row el_id=\u00bbpageTitle\u00bb el_class=\u00bbproductTitle\u00bb][vc_column][vc_custom_heading source=\u00bbpost_title\u00bb font_container=\u00bbtag:h1|font_size:24px|text_align:left|color:%23ed1c24|line_height:34px\u00bb use_theme_fonts=\u00bbyes\u00bb][\/vc_column][\/vc_row][vc_row el_id=\u00bbproductFinalTabs\u00bb][vc_column][vc_tta_tabs style=\u00bboutline\u00bb spacing=\u00bb10&#8243; gap=\u00bb3&#8243; active_section=\u00bb1&#8243; no_fill_content_area=\u00bbtrue\u00bb][vc_tta_section title=\u00bbADPD Products\u00bb tab_id=\u00bb1637678364240-ddbc50de-c8cd\u00bb][vc_basic_grid post_type=\u00bbpost\u00bb max_items=\u00bb-1&#8243; order=\u00bbASC\u00bb item=\u00bb339&#8243; grid_id=\u00bbvc_gid:1748939599855-5666ae2b-8013-5&#8243; taxonomies=\u00bb11596&#8243;][\/vc_tta_section][vc_tta_section title=\u00bbEspecificaciones T\u00e9cnicas\u00bb tab_id=\u00bbtechical-data5eae-fcbc\u00bb el_class=\u00bbtab1&#8243;][vc_column_text]<\/p>\n<ul>\n<li>\n<p align=\"JUSTIFY\"><span style=\"font-family: Arial, serif;\"><span style=\"font-size: small;\">Control autom\u00e1tico<\/span><\/span><\/p>\n<\/li>\n<li>\n<p align=\"JUSTIFY\"><span style=\"font-family: Arial, serif;\"><span style=\"font-size: small;\">Adecuados para aplicaciones exigentes<\/span><\/span><\/p>\n<\/li>\n<li>\n<p align=\"JUSTIFY\"><span style=\"font-family: Arial, serif;\"><span style=\"font-size: small;\"><span lang=\"es-ES\">Uso en atm\u00f3sferas potencialmente explosivas (Certificaciones ATEX)<\/span><\/span><\/span><\/p>\n<\/li>\n<li>\n<p align=\"JUSTIFY\"><span style=\"font-family: Arial, serif;\"><span style=\"font-size: small;\"><span lang=\"es-ES\">Uso en ambientes con alta humedad<\/span><\/span><\/span><\/p>\n<\/li>\n<li>\n<p align=\"JUSTIFY\"><span style=\"font-family: Arial, serif;\"><span style=\"font-size: small;\"><span lang=\"es-ES\">Funcionamiento con aire no lubricante 2 \u00f7 7 BAR<\/span><\/span><\/span><\/p>\n<\/li>\n<li>\n<p align=\"JUSTIFY\"><span style=\"font-family: Arial, serif;\"><span style=\"font-size: small;\"><span lang=\"es-ES\">Amplia gama de materiales de construcci\u00f3n para que sean qu\u00edmicamente compatibles con muchos l\u00edquidos<\/span><\/span><\/span><\/p>\n<\/li>\n<li>\n<p align=\"JUSTIFY\"><span style=\"font-family: Arial, serif;\"><span style=\"font-size: small;\">F\u00e1cil mantenimiento y reparaci\u00f3n<\/span><\/span><\/p>\n<\/li>\n<li>\n<p align=\"JUSTIFY\"><span style=\"font-family: Arial, serif;\"><span style=\"font-size: small;\">Excelente rendimiento<\/span><\/span><\/p>\n<\/li>\n<\/ul>\n<p>[\/vc_column_text][\/vc_tta_section][vc_tta_section title=\u00bbMateriales\u00bb tab_id=\u00bbmaterials5eae-fcbc\u00bb el_class=\u00bbtab2&#8243;][vc_column_text]<\/p>\n<p align=\"JUSTIFY\"><span style=\"font-family: Times New Roman, serif;\"><span style=\"font-size: medium;\"><span style=\"color: #c00000;\"><span style=\"font-family: Arial, serif;\"><span style=\"font-size: medium;\"><span lang=\"es-ES\"><b>Disponibles en PP, PVDF, aluminio, acero inoxidable 316 y PPS (ryton)<\/b><\/span><\/span><\/span><\/span><\/span><\/span><\/p>\n<p align=\"JUSTIFY\"><span style=\"font-family: Arial, serif;\"><span style=\"font-size: small;\"><span lang=\"es-ES\">Los amortiguadores de pulsaciones incluso pueden usarse para l\u00edquidos que contienen suspensiones s\u00f3lidas y no necesitan calibraci\u00f3n ni ajuste manual para funcionar.<\/span><\/span><\/span><\/p>\n<p align=\"JUSTIFY\"><span style=\"font-family: Arial, serif;\"><span style=\"font-size: small;\"><span lang=\"es-ES\">La capacidad de reducir los pulsos y las vibraciones proporciona un funcionamiento \u00f3ptimo y un flujo de fluido suave.<\/span><\/span><\/span><\/p>\n<p align=\"JUSTIFY\"><span style=\"font-family: Arial, serif;\"><span style=\"font-size: small;\"><span lang=\"es-ES\">La amplia gama de materiales de construcci\u00f3n permite que se utilicen para una amplia gama de l\u00edquidos con los que son qu\u00edmicamente compatibles y tambi\u00e9n pueden funcionar en atm\u00f3sferas potencialmente explosivas (CERTIFICACI\u00d3N ATEX)<\/span><\/span><\/span><\/p>\n<p align=\"JUSTIFY\"><span style=\"font-family: Arial, serif;\"><span style=\"font-size: small;\"><span lang=\"es-ES\">Los amortiguadores de pulsaciones tienen una v\u00e1lvula neum\u00e1tica conectada al diafragma.<\/span><\/span><\/span><\/p>\n<p align=\"JUSTIFY\"><span style=\"font-family: Arial, serif;\"><span style=\"font-size: small;\"><span lang=\"es-ES\">A = lado del liquido<\/span><\/span><\/span><\/p>\n<p align=\"JUSTIFY\"><span style=\"font-family: Arial, serif;\"><span style=\"font-size: small;\"><span lang=\"es-ES\">B = Diafragma<\/span><\/span><\/span><\/p>\n<p align=\"JUSTIFY\"><span style=\"font-family: Arial, serif;\"><span style=\"font-size: small;\"><span lang=\"es-ES\">C = v\u00e1lvula neum\u00e1tica autom\u00e1tica<\/span><\/span><\/span><\/p>\n<p align=\"JUSTIFY\"><span style=\"font-family: Arial, serif;\"><span style=\"font-size: small;\"><span lang=\"es-ES\">D = lado del aire<\/span><\/span><\/span><\/p>\n<p><img decoding=\"async\" loading=\"lazy\" class=\"size-medium wp-image-6609 alignright\" src=\"https:\/\/alphadynamic.eu\/wp-content\/uploads\/2019\/02\/DRAWING-264x300.jpg\" alt=\"\" width=\"264\" height=\"300\" srcset=\"https:\/\/alphadynamic.eu\/wp-content\/uploads\/2019\/02\/DRAWING-264x300.jpg 264w, https:\/\/alphadynamic.eu\/wp-content\/uploads\/2019\/02\/DRAWING.jpg 354w\" sizes=\"(max-width: 264px) 100vw, 264px\" \/><\/p>\n<p>[\/vc_column_text][\/vc_tta_section][vc_tta_section title=\u00bbInstalaci\u00f3n\u00bb tab_id=\u00bbinstallation5eae-fcbc\u00bb el_class=\u00bbtab3&#8243;][vc_column_text]<span style=\"font-size: large;\">Los amortiguadores de golpe ADPD deben colocarse en la descarga de la bomba o donde haya golpes de presi\u00f3n.<\/span>[\/vc_column_text][vc_single_image image=\u00bb16530&#8243; img_size=\u00bbfull\u00bb alignment=\u00bbcenter\u00bb][\/vc_tta_section][\/vc_tta_tabs][\/vc_column][\/vc_row][vc_row el_id=\u00bbproducts2list\u00bb][vc_column][\/vc_column][\/vc_row]<\/p>\n","protected":false},"excerpt":{"rendered":"","protected":false},"author":4,"featured_media":121004,"parent":56662,"menu_order":0,"comment_status":"closed","ping_status":"closed","template":"","meta":[],"acf":[],"_links":{"self":[{"href":"https:\/\/alphadynamic.eu\/es\/wp-json\/wp\/v2\/pages\/16527"}],"collection":[{"href":"https:\/\/alphadynamic.eu\/es\/wp-json\/wp\/v2\/pages"}],"about":[{"href":"https:\/\/alphadynamic.eu\/es\/wp-json\/wp\/v2\/types\/page"}],"author":[{"embeddable":true,"href":"https:\/\/alphadynamic.eu\/es\/wp-json\/wp\/v2\/users\/4"}],"replies":[{"embeddable":true,"href":"https:\/\/alphadynamic.eu\/es\/wp-json\/wp\/v2\/comments?post=16527"}],"version-history":[{"count":1,"href":"https:\/\/alphadynamic.eu\/es\/wp-json\/wp\/v2\/pages\/16527\/revisions"}],"predecessor-version":[{"id":176262,"href":"https:\/\/alphadynamic.eu\/es\/wp-json\/wp\/v2\/pages\/16527\/revisions\/176262"}],"up":[{"embeddable":true,"href":"https:\/\/alphadynamic.eu\/es\/wp-json\/wp\/v2\/pages\/56662"}],"wp:featuredmedia":[{"embeddable":true,"href":"https:\/\/alphadynamic.eu\/es\/wp-json\/wp\/v2\/media\/121004"}],"wp:attachment":[{"href":"https:\/\/alphadynamic.eu\/es\/wp-json\/wp\/v2\/media?parent=16527"}],"curies":[{"name":"wp","href":"https:\/\/api.w.org\/{rel}","templated":true}]}}