{"id":16536,"date":"2018-10-07T23:02:47","date_gmt":"2018-10-07T20:02:47","guid":{"rendered":"https:\/\/alphadynamic.eu\/adf-oval-gear-flowmeter\/"},"modified":"2021-11-10T14:01:15","modified_gmt":"2021-11-10T11:01:15","slug":"adf-oval-gear-flowmeter","status":"publish","type":"page","link":"https:\/\/alphadynamic.eu\/es\/products\/adf-oval-gear-flowmeter\/","title":{"rendered":"ADF \u2013 Medidor De Flujo De Engranajes Ovalados"},"content":{"rendered":"<p>[vc_row el_id=\u00bbpageTitle\u00bb el_class=\u00bbproductTitle\u00bb][vc_column][vc_custom_heading source=\u00bbpost_title\u00bb font_container=\u00bbtag:h1|font_size:24px|text_align:left|color:%23ed1c24|line_height:34px\u00bb use_theme_fonts=\u00bbyes\u00bb][\/vc_column][\/vc_row][vc_row el_id=\u00bbproductFinalTabs\u00bb][vc_column][vc_tta_tabs style=\u00bboutline\u00bb shape=\u00bbsquare\u00bb color=\u00bbwhite\u00bb spacing=\u00bb10&#8243; gap=\u00bb5&#8243; active_section=\u00bb1&#8243; no_fill_content_area=\u00bbtrue\u00bb][vc_tta_section title=\u00bbADF PRODUCTOS\u00bb tab_id=\u00bb1636541952909-5a7a04ff-c4a3&#8243;][vc_basic_grid post_type=\u00bbpost\u00bb max_items=\u00bb-1&#8243; order=\u00bbASC\u00bb item=\u00bb339&#8243; grid_id=\u00bbvc_gid:1636541884750-49bb67ad-5718-5&#8243; taxonomies=\u00bb27&#8243;][\/vc_tta_section][vc_tta_section title=\u00bbEspecificaciones T\u00e9cnicas\u00bb tab_id=\u00bbtechical-datacd09-281a\u00bb el_class=\u00bbtab1&#8243;][vc_column_text]<\/p>\n<ul>\n<li>Caudal de 0,01 &#8211; 1500 l \/ min.<\/li>\n<li>Temperatura hasta 120 \u00b0 C.\u00b0 C C<\/li>\n<li>Presi\u00f3n de trabajo hasta 55 bar.<\/li>\n<li>Material de construcci\u00f3n del cuerpo: acero inoxidable 316, aluminio, PPS (ryton)<\/li>\n<li>Engranajes de acero inoxidable y PPS<\/li>\n<li>Para l\u00edquidos finos y viscosos hasta 1.000.000 cPs.<\/li>\n<li>Precisi\u00f3n: 0.5%<\/li>\n<li>Repetibilidad: 0.03%<\/li>\n<li>Baja caida de presi\u00f3n<\/li>\n<li>Varias pantallas y monitores digitales para control de lotes, integrados o a distancia del medidor (AMR 100, F012, F110, F030, F130<\/li>\n<\/ul>\n<p>[\/vc_column_text][\/vc_tta_section][vc_tta_section title=\u00bbMateriales\u00bb tab_id=\u00bbmaterialscd09-281a\u00bb el_class=\u00bbtab2&#8243;][vc_column_text]<span style=\"color: #ed1c24;\"><strong>Disponible en acero inoxidable 316, aluminio y PPS (Ryton).<\/strong><\/span><\/p>\n<p><strong>Caracter\u00edsticas<\/strong><\/p>\n<p>La serie de medidores ADF es una serie completa de medidores de desplazamiento positivo que utiliza el principio de funcionamento de engranajes. Este tipo de medidor ofrece una alta precisi\u00f3n (mejor que +\/- 0.5%), no se ve afectado por la viscosidad (&lt;1 a&gt; 1,000,000) y presenta una baja p\u00e9rdida de presi\u00f3n.<\/p>\n<p>Con un caudal de 2 litros por hora hasta 1.500 litros por minuto, los medidores ADF est\u00e1n disponibles en una variedad de materiales de construcci\u00f3n y se ofrecen con el pulso o con una pantalla digital de varias capacidades<\/p>\n<p><img decoding=\"async\" loading=\"lazy\" class=\"alignnone wp-image-16541 aligncenter\" src=\"https:\/\/alphadynamic.eu\/wp-content\/uploads\/2019\/01\/adf-1-1-300x63.jpg\" alt=\"\" width=\"680\" height=\"143\" srcset=\"https:\/\/alphadynamic.eu\/wp-content\/uploads\/2019\/01\/adf-1-1-300x63.jpg 300w, https:\/\/alphadynamic.eu\/wp-content\/uploads\/2019\/01\/adf-1-1.jpg 761w\" sizes=\"(max-width: 680px) 100vw, 680px\" \/><\/p>\n<p><span style=\"color: #ed1c24;\"><strong>Inicio de funcionamiento<\/strong><\/span><\/p>\n<p>&nbsp;<\/p>\n<p>El inicio de funcionamiento se basa en los dos engranajes del medidor. Estos engranajes est\u00e1n conectados y movidos 90 \u00b0 al cuerpo del medidor. El fluido gira a medida que fluye. Debido a los engranajes, una cantidad de l\u00edquido se transfiere en lotes. Adem\u00e1s, los imanes encontrados en los rotores giran, mientras que los pulsos magn\u00e9ticos se registran con la ayuda de un contacto que se encuentra fuera de la c\u00e1mara de medici\u00f3n<\/p>\n<p>&nbsp;<\/p>\n<p><strong>ALPHA<\/strong><strong>DYNAMIC <\/strong>ofrece medidores de flujo que se utilizan en la energ\u00eda, transporte, alimentos, cosm\u00e9ticos, productos farmac\u00e9uticos, productos petroqu\u00edmicos, miner\u00eda y muchos m\u00e1s.<\/p>\n<p><img decoding=\"async\" loading=\"lazy\" class=\"alignnone wp-image-4108 \" src=\"https:\/\/alphadynamic.eu\/wp-content\/uploads\/2019\/01\/ploio.jpg\" alt=\"\" width=\"978\" height=\"489\" srcset=\"https:\/\/alphadynamic.eu\/wp-content\/uploads\/2019\/01\/ploio.jpg 1000w, https:\/\/alphadynamic.eu\/wp-content\/uploads\/2019\/01\/ploio-300x150.jpg 300w, https:\/\/alphadynamic.eu\/wp-content\/uploads\/2019\/01\/ploio-768x384.jpg 768w\" sizes=\"(max-width: 978px) 100vw, 978px\" \/>[\/vc_column_text][\/vc_tta_section][vc_tta_section title=\u00bbInstalaci\u00f3n\u00bb tab_id=\u00bbinstallationcd09-281a\u00bb el_class=\u00bbtab3&#8243;][vc_column_text]El medidor puede instalarse en cualquier posici\u00f3n siempre que los ejes queden en posici\u00f3n horizontal. El Display puede orientarse para adaptarse a cada instalaci\u00f3n.<\/p>\n<p>Nota: La instalaci\u00f3n incorrecta puede causar el desgaste prematuro de los componentes del medidor<br \/>\n<img decoding=\"async\" loading=\"lazy\" class=\"wp-image-4111 size-full aligncenter\" src=\"http:\/\/alphadynamic.eu\/wp-content\/uploads\/2019\/01\/installation.png\" alt=\"\" width=\"200\" height=\"481\" srcset=\"https:\/\/alphadynamic.eu\/wp-content\/uploads\/2019\/01\/installation.png 200w, https:\/\/alphadynamic.eu\/wp-content\/uploads\/2019\/01\/installation-125x300.png 125w\" sizes=\"(max-width: 200px) 100vw, 200px\" \/><\/p>\n<p>&nbsp;<\/p>\n<p>&nbsp;<\/p>\n<p>Se recomienda que al dise\u00f1ar la colocaci\u00f3n del contador en la tuber\u00eda, se incluya una l\u00ednea de derivaci\u00f3n (by pass). Esto proporciona la posibilidad de retirar el medidor para su mantenimiento sin interrumpir la producci\u00f3n.<\/p>\n<p>&nbsp;<\/p>\n<p><img decoding=\"async\" loading=\"lazy\" class=\"wp-image-4113 size-full alignnone\" src=\"http:\/\/alphadynamic.eu\/wp-content\/uploads\/2019\/01\/installation2.jpg\" alt=\"\" width=\"854\" height=\"499\" srcset=\"https:\/\/alphadynamic.eu\/wp-content\/uploads\/2019\/01\/installation2.jpg 854w, https:\/\/alphadynamic.eu\/wp-content\/uploads\/2019\/01\/installation2-300x175.jpg 300w, https:\/\/alphadynamic.eu\/wp-content\/uploads\/2019\/01\/installation2-768x449.jpg 768w\" sizes=\"(max-width: 854px) 100vw, 854px\" \/>[\/vc_column_text][\/vc_tta_section][\/vc_tta_tabs][\/vc_column][\/vc_row][vc_row disable_element=\u00bbyes\u00bb el_id=\u00bbproducts2list\u00bb][vc_column][\/vc_column][\/vc_row]<\/p>\n","protected":false},"excerpt":{"rendered":"","protected":false},"author":4,"featured_media":0,"parent":56662,"menu_order":0,"comment_status":"closed","ping_status":"closed","template":"","meta":[],"acf":[],"_links":{"self":[{"href":"https:\/\/alphadynamic.eu\/es\/wp-json\/wp\/v2\/pages\/16536"}],"collection":[{"href":"https:\/\/alphadynamic.eu\/es\/wp-json\/wp\/v2\/pages"}],"about":[{"href":"https:\/\/alphadynamic.eu\/es\/wp-json\/wp\/v2\/types\/page"}],"author":[{"embeddable":true,"href":"https:\/\/alphadynamic.eu\/es\/wp-json\/wp\/v2\/users\/4"}],"replies":[{"embeddable":true,"href":"https:\/\/alphadynamic.eu\/es\/wp-json\/wp\/v2\/comments?post=16536"}],"version-history":[{"count":0,"href":"https:\/\/alphadynamic.eu\/es\/wp-json\/wp\/v2\/pages\/16536\/revisions"}],"up":[{"embeddable":true,"href":"https:\/\/alphadynamic.eu\/es\/wp-json\/wp\/v2\/pages\/56662"}],"wp:attachment":[{"href":"https:\/\/alphadynamic.eu\/es\/wp-json\/wp\/v2\/media?parent=16536"}],"curies":[{"name":"wp","href":"https:\/\/api.w.org\/{rel}","templated":true}]}}