{"id":168045,"date":"2025-02-25T07:19:34","date_gmt":"2025-02-25T04:19:34","guid":{"rendered":"https:\/\/alphadynamic.eu\/?page_id=168045"},"modified":"2025-06-03T11:06:04","modified_gmt":"2025-06-03T08:06:04","slug":"ade-bomba-de-rodete-helicoidal","status":"publish","type":"page","link":"https:\/\/alphadynamic.eu\/es\/products\/ade-bomba-de-rodete-helicoidal\/","title":{"rendered":"ADE \u2013 Bomba de Rodete Helicoidal"},"content":{"rendered":"<p>[vc_row el_id=\u00bbpageTitle\u00bb el_class=\u00bbproductTitle\u00bb][vc_column][vc_custom_heading source=\u00bbpost_title\u00bb font_container=\u00bbtag:h1|font_size:24px|text_align:left|color:%23ed1c24|line_height:34px\u00bb use_theme_fonts=\u00bbyes\u00bb][\/vc_column][\/vc_row][vc_row el_id=\u00bbproductFinalTabs\u00bb][vc_column][vc_tta_tabs style=\u00bboutline\u00bb spacing=\u00bb10&#8243; gap=\u00bb3&#8243; active_section=\u00bb1&#8243; no_fill_content_area=\u00bbtrue\u00bb][vc_tta_section title=\u00bbADE &#8211; Bomba de Rodete Helicoidal\u00bb tab_id=\u00bb1637678364240-ddbc50de-c8cd\u00bb][vc_basic_grid post_type=\u00bbpost\u00bb max_items=\u00bb-1&#8243; order=\u00bbASC\u00bb item=\u00bb339&#8243; grid_id=\u00bbvc_gid:1748937808864-a7962e85-7a2a-7&#8243; taxonomies=\u00bb11596&#8243;][\/vc_tta_section][vc_tta_section title=\u00bbEspecificaciones T\u00e9cnicas\u00bb tab_id=\u00bbtechical-data5eae-fcbc\u00bb el_class=\u00bbtab1&#8243;][vc_column_text]<span class=\"selected\">Las bombas ADE son bombas de acero inoxidable con un dise\u00f1o especial de tornillo c\u00f3nico para la transferencia suave de s\u00f3lidos delicados en suspensi\u00f3n con un di\u00e1metro de hasta 75 mm y una concentraci\u00f3n de hasta el 45% en la soluci\u00f3n, sin causar da\u00f1os. Esto se debe al impulsor helicoidal de la bomba y a su carcasa especial, que evitan la obstrucci\u00f3n de la bomba y el da\u00f1o a los s\u00f3lidos suspendidos dentro del producto.<\/span><\/p>\n<p><strong><span class=\"selected\">Caracter\u00edsticas Principales:<\/span><\/strong><\/p>\n<ul>\n<li><span class=\"selected\">Cuerpo de acero inoxidable 316L<\/span><\/li>\n<li><span class=\"selected\">Tornillo\/Husillo de acero inoxidable 316L<\/span><\/li>\n<li><span class=\"selected\">Transferencia sin da\u00f1os<\/span><\/li>\n<li><span class=\"selected\">Bajo costo<\/span><\/li>\n<li><span class=\"selected\">Ideal para la transferencia de frutas, verduras, c\u00edtricos, mosto\/pulpa de uva, vino<\/span><\/li>\n<li><span class=\"selected\">Series especiales para hidrotransporte de aceitunas<\/span><\/li>\n<li><span class=\"selected\">Series especiales para transferencia de pescado<\/span><\/li>\n<li><span class=\"selected\">Adecuadas para su uso en bodegas.<\/span><\/li>\n<li><span class=\"selected\">Caudales de hasta 180 m\u00b3\/h<\/span><\/li>\n<li><span class=\"selected\">Presiones de hasta 2 bar<\/span><\/li>\n<li><span class=\"selected\">Temperatura de hasta 120\u00b0C<\/span><\/li>\n<li><span class=\"selected\">Viscosidad m\u00e1xima de hasta 1000 cPs<\/span><\/li>\n<li><span class=\"selected\">Conexiones: tipo alimentario DIN 11851 o brida PN 16<\/span><\/li>\n<\/ul>\n<p>[\/vc_column_text][\/vc_tta_section][vc_tta_section title=\u00bbMateriales\u00bb tab_id=\u00bbmaterials5eae-fcbc\u00bb el_class=\u00bbtab2&#8243;][vc_column_text]<strong><span class=\"selected\">Disponible en AISI316L<\/span><\/strong><\/p>\n<p><strong><span class=\"selected\">Caracter\u00edsticas<\/span><\/strong><\/p>\n<ul>\n<li><span class=\"selected\">Partes en contacto con el producto: AISI 316L<\/span><\/li>\n<li><span class=\"selected\">Linterna (Lantern): AISI 316L<\/span><\/li>\n<li><span class=\"selected\">Otras partes de acero inoxidable: AISI 304<\/span><\/li>\n<li><span class=\"selected\">Juntas: EPDM<\/span><\/li>\n<li><span class=\"selected\">Sello mec\u00e1nico: SiC\/SiC\/EPDM<\/span><\/li>\n<li><span class=\"selected\">Acabado de superficie interna: pulido brillante<\/span><\/li>\n<li><span class=\"selected\">Acabado de superficie externa: mate<\/span><\/li>\n<\/ul>\n<p>[\/vc_column_text][\/vc_tta_section][\/vc_tta_tabs][\/vc_column][\/vc_row][vc_row el_id=\u00bbproducts2list\u00bb][vc_column][\/vc_column][\/vc_row]<\/p>\n","protected":false},"excerpt":{"rendered":"","protected":false},"author":14,"featured_media":176064,"parent":56662,"menu_order":0,"comment_status":"closed","ping_status":"closed","template":"","meta":[],"acf":[],"_links":{"self":[{"href":"https:\/\/alphadynamic.eu\/es\/wp-json\/wp\/v2\/pages\/168045"}],"collection":[{"href":"https:\/\/alphadynamic.eu\/es\/wp-json\/wp\/v2\/pages"}],"about":[{"href":"https:\/\/alphadynamic.eu\/es\/wp-json\/wp\/v2\/types\/page"}],"author":[{"embeddable":true,"href":"https:\/\/alphadynamic.eu\/es\/wp-json\/wp\/v2\/users\/14"}],"replies":[{"embeddable":true,"href":"https:\/\/alphadynamic.eu\/es\/wp-json\/wp\/v2\/comments?post=168045"}],"version-history":[{"count":8,"href":"https:\/\/alphadynamic.eu\/es\/wp-json\/wp\/v2\/pages\/168045\/revisions"}],"predecessor-version":[{"id":176253,"href":"https:\/\/alphadynamic.eu\/es\/wp-json\/wp\/v2\/pages\/168045\/revisions\/176253"}],"up":[{"embeddable":true,"href":"https:\/\/alphadynamic.eu\/es\/wp-json\/wp\/v2\/pages\/56662"}],"wp:featuredmedia":[{"embeddable":true,"href":"https:\/\/alphadynamic.eu\/es\/wp-json\/wp\/v2\/media\/176064"}],"wp:attachment":[{"href":"https:\/\/alphadynamic.eu\/es\/wp-json\/wp\/v2\/media?parent=168045"}],"curies":[{"name":"wp","href":"https:\/\/api.w.org\/{rel}","templated":true}]}}