{"id":175395,"date":"2025-05-29T12:17:46","date_gmt":"2025-05-29T09:17:46","guid":{"rendered":"https:\/\/alphadynamic.eu\/?page_id=175395"},"modified":"2025-05-29T12:17:47","modified_gmt":"2025-05-29T09:17:47","slug":"rubypharma","status":"publish","type":"page","link":"https:\/\/alphadynamic.eu\/es\/products\/rubypharma\/","title":{"rendered":"RubyPharma"},"content":{"rendered":"<p>[vc_row el_id=\u00bbpageTitle\u00bb el_class=\u00bbproductTitle\u00bb][vc_column][vc_custom_heading source=\u00bbpost_title\u00bb font_container=\u00bbtag:h1|font_size:24px|text_align:left|color:%23ed1c24|line_height:34px\u00bb use_theme_fonts=\u00bbyes\u00bb][\/vc_column][\/vc_row][vc_row el_id=\u00bbproductFinalTabs\u00bb][vc_column][vc_tta_tabs style=\u00bboutline\u00bb shape=\u00bbsquare\u00bb spacing=\u00bb10&#8243; gap=\u00bb5&#8243; active_section=\u00bb1&#8243; no_fill_content_area=\u00bbtrue\u00bb][vc_tta_section title=\u00bbRuby FDA Products\u00bb tab_id=\u00bb1636382208247-d13d51ad-b460&#8243;][vc_basic_grid post_type=\u00bbpost\u00bb max_items=\u00bb10&#8243; item=\u00bb23388&#8243; grid_id=\u00bbvc_gid:1748510244568-68da07a6-7408-5&#8243; taxonomies=\u00bb11612&#8243;][\/vc_tta_section][vc_tta_section title=\u00bbEspecificaciones T\u00e9cnicas\u00bb tab_id=\u00bbtechical-data\u00bb el_class=\u00bbtab1&#8243;][vc_column_text]<\/p>\n<ul>\n<li><span style=\"color: #000000;\"><span style=\"font-family: Arial, serif;\"><span style=\"font-size: small;\"><span lang=\"es-ES\">Material de construcci\u00f3n: <\/span><\/span><\/span><\/span><span style=\"color: #000000;\"><span style=\"font-family: Arial, serif;\"><span style=\"font-size: small;\">Acero inoxidable 316 (electropulido)<\/span><\/span><\/span><\/li>\n<li><span style=\"color: #000000;\"><span style=\"font-family: Arial, serif;\"><span style=\"font-size: small;\">Caudal m\u00e1ximo: 900 l \/ min<\/span><\/span><\/span><\/li>\n<li><span style=\"color: #000000;\"><span style=\"font-family: Arial, serif;\"><span style=\"font-size: small;\">Presi\u00f3n m\u00e1xima de trabajo: 8.0 bar<\/span><\/span><\/span><\/li>\n<li><span style=\"color: #000000;\"><span style=\"font-family: Arial, serif;\"><span style=\"font-size: small;\">M\u00e1xima Succi\u00f3n Seca: 5 m<\/span><\/span><\/span><\/li>\n<li><span style=\"color: #000000;\"><span style=\"font-family: Arial, serif;\"><span style=\"font-size: small;\"><span lang=\"es-ES\">M\u00e1xima Succi\u00f3n con L\u00edquido: 9.0 m.<\/span><\/span><\/span><\/span><\/li>\n<li><span style=\"color: #000000;\"><span style=\"font-family: Arial, serif;\"><span style=\"font-size: small;\"><span lang=\"es-ES\">Tama\u00f1os disponibles: 1\/4 &#8216;, 3\/8&#8217;, 1\/2 &#8216;, 1&#8217; &#8216;, 1 1\/2&#8217; &#8216;, 2&#8217; &#8216;, 3&#8217; &#8216;<\/span><\/span><\/span><\/span><\/li>\n<li><span style=\"color: #000000;\"><span style=\"font-family: Arial, serif;\"><span style=\"font-size: small;\"><span lang=\"fr-CA\">Certificaciones: ATEX II 2 GD c IIB T4, CE, EAC.<\/span><\/span><\/span><\/span><\/li>\n<li><span style=\"color: #000000;\"><span style=\"font-family: Arial, serif;\"><span style=\"font-size: small;\">Temperatura de funcionamiento: m\u00e1x. 130<\/span><\/span><\/span><span style=\"color: #222222;\"><sup><span style=\"font-family: Arial, serif;\"><span style=\"font-size: small;\">o<\/span><\/span><\/sup><\/span><span style=\"color: #000000;\"><span style=\"font-family: Arial, serif;\"><span style=\"font-size: small;\">C<\/span><\/span><\/span><\/li>\n<\/ul>\n<p>&nbsp;<\/p>\n<p><span style=\"color: #ff0000;\"><span style=\"font-family: Arial, serif;\"><span style=\"font-size: medium;\"><b>Publicaciones disponibles de Ruby <\/b><\/span><\/span><\/span><\/p>\n<p><strong><span style=\"color: #ed1c24;\">\u00a0<\/span><\/strong><\/p>\n<p><img decoding=\"async\" loading=\"lazy\" class=\"alignleft wp-image-3991 size-full\" src=\"http:\/\/alphadynamic.eu\/wp-content\/uploads\/2019\/01\/pinakas-4.jpg\" alt=\"\" width=\"828\" height=\"186\" srcset=\"https:\/\/alphadynamic.eu\/wp-content\/uploads\/2019\/01\/pinakas-4.jpg 828w, https:\/\/alphadynamic.eu\/wp-content\/uploads\/2019\/01\/pinakas-4-300x67.jpg 300w, https:\/\/alphadynamic.eu\/wp-content\/uploads\/2019\/01\/pinakas-4-768x173.jpg 768w\" sizes=\"(max-width: 828px) 100vw, 828px\" \/>[\/vc_column_text][\/vc_tta_section][vc_tta_section title=\u00bbMateriales\u00bb tab_id=\u00bbmaterials\u00bb el_class=\u00bbtab2&#8243;][vc_column_text]<\/p>\n<p align=\"JUSTIFY\"><span style=\"font-family: Arial, serif;\"><span style=\"font-size: small;\"><span lang=\"es-ES\"><b>Las bombas neum\u00e1ticas de membrane Ruby <\/b><\/span><\/span><\/span><span style=\"font-family: Arial, serif;\"><span style=\"font-size: small;\"><span lang=\"es-ES\">se fabrican para cumplir los requisitos<\/span><\/span><\/span><b> <\/b><span style=\"font-family: Arial, serif;\"><span style=\"font-size: small;\"><span lang=\"es-ES\">de la FDA. La gama completa de estas bombas est\u00e1 hecha de acero inoxidable AISI 316 Electropulido seg\u00fan el Est\u00e1ndar Internacional ASTM A380, mientras que los diafragmas de PTFE y EPDM son una nueva tecnolog\u00eda con pist\u00f3n integrado. <\/span><\/span><\/span><span style=\"font-family: Arial, serif;\"><span style=\"font-size: small;\">(Compuesto).<\/span><\/span><\/p>\n<p align=\"JUSTIFY\"><span style=\"color: #ff0000;\"><span style=\"font-family: Arial, serif;\"><span style=\"font-size: large;\"><b>Caracter\u00edsticas<\/b><\/span><\/span><\/span><\/p>\n<ul>\n<li>\n<p align=\"JUSTIFY\"><span style=\"color: #000000;\"><span style=\"font-family: Arial, serif;\"><span style=\"font-size: small;\">Maximo rendimiento<\/span><\/span><\/span><\/p>\n<\/li>\n<li>\n<p align=\"JUSTIFY\"><span style=\"color: #000000;\"><span style=\"font-family: Arial, serif;\"><span style=\"font-size: small;\"><span lang=\"es-ES\">Dise\u00f1o ecol\u00f3gico, consumo de aire econ\u00f3mico.<\/span><\/span><\/span><\/span><\/p>\n<\/li>\n<li>\n<p align=\"JUSTIFY\"><span style=\"color: #000000;\"><span style=\"font-family: Arial, serif;\"><span style=\"font-size: small;\"><span lang=\"es-ES\">Alto rendimiento en presi\u00f3n y caudal<\/span><\/span><\/span><\/span><\/p>\n<\/li>\n<li>\n<p align=\"JUSTIFY\"><span style=\"color: #000000;\"><span style=\"font-family: Arial, serif;\"><span style=\"font-size: small;\">No requiere lubricaci\u00f3n<\/span><\/span><\/span><\/p>\n<\/li>\n<li>\n<p align=\"JUSTIFY\"><span style=\"color: #000000;\"><span style=\"font-family: Arial, serif;\"><span style=\"font-size: small;\"><span lang=\"es-ES\">Nuevo dise\u00f1o de v\u00e1lvula de aire con paso de aire totalmente controlado<\/span><\/span><\/span><\/span><\/p>\n<\/li>\n<li>\n<p align=\"JUSTIFY\"><span style=\"color: #000000;\"><span style=\"font-family: Arial, serif;\"><span style=\"font-size: small;\"><span lang=\"es-ES\">F\u00e1cil desmontaje y montaje de nuevo<\/span><\/span><\/span><\/span><\/p>\n<\/li>\n<\/ul>\n<ul>\n<li>\n<p align=\"JUSTIFY\"><span style=\"color: #000000;\"><span style=\"font-family: Arial, serif;\"><span style=\"font-size: small;\"><span lang=\"es-ES\">Diafragmas EPDM de nueva generaci\u00f3n con pistones internos y externos integrados, certificados por la FDA<\/span><\/span><\/span><\/span><\/p>\n<\/li>\n<li>\n<p align=\"JUSTIFY\"><span style=\"color: #000000;\"><span style=\"font-family: Arial, serif;\"><span style=\"font-size: small;\"><span lang=\"es-ES\">Diafragmas PTFE de nueva generaci\u00f3n y dise\u00f1o especial con pist\u00f3n integrado de larga duraci\u00f3n (compuesto) certificado por la FDA<\/span><\/span><\/span><\/span><\/p>\n<\/li>\n<li>\n<p align=\"JUSTIFY\"><span style=\"color: #000000;\"><span style=\"font-family: Arial, serif;\"><span style=\"font-size: small;\"><span lang=\"es-ES\">Diafragmas PTFE-A de calidad avanzada con el fin de ofrecer mayor caudal junto con la certificaci\u00f3n de la FDA<\/span><\/span><\/span><\/span><\/p>\n<\/li>\n<\/ul>\n<ul>\n<li>\n<p align=\"JUSTIFY\"><span style=\"color: #000000;\"><span style=\"font-family: Arial, serif;\"><span style=\"font-size: small;\">F\u00e1cil inversi\u00f3n del colector<\/span><\/span><\/span><\/p>\n<\/li>\n<\/ul>\n<ul>\n<li>\n<p align=\"JUSTIFY\"><span style=\"color: #000000;\"><span style=\"font-family: Arial, serif;\"><span style=\"font-size: small;\">Succi\u00f3n automatica<\/span><\/span><\/span><\/p>\n<\/li>\n<\/ul>\n<p>&nbsp;<\/p>\n<h5><span style=\"color: #ed1c24;\">\u00a0<\/span><\/h5>\n<p><img decoding=\"async\" loading=\"lazy\" class=\"alignright wp-image-878 size-medium\" src=\"https:\/\/alphadynamic.eu\/wp-content\/uploads\/2018\/11\/ruby-feautures-1-300x109.jpg\" alt=\"\" width=\"300\" height=\"109\" srcset=\"https:\/\/alphadynamic.eu\/wp-content\/uploads\/2018\/11\/ruby-feautures-1-300x109.jpg 300w, https:\/\/alphadynamic.eu\/wp-content\/uploads\/2018\/11\/ruby-feautures-1-768x279.jpg 768w, https:\/\/alphadynamic.eu\/wp-content\/uploads\/2018\/11\/ruby-feautures-1-1024x372.jpg 1024w, https:\/\/alphadynamic.eu\/wp-content\/uploads\/2018\/11\/ruby-feautures-1.jpg 1026w\" sizes=\"(max-width: 300px) 100vw, 300px\" \/><\/p>\n<p align=\"JUSTIFY\"><span style=\"color: #ff0000;\"><span style=\"font-family: Arial, serif;\"><span style=\"font-size: x-large;\"><span lang=\"es-ES\"><b>V\u00e1lvula de aire innovadora de las bombas de Ruby <\/b><\/span><\/span><\/span><\/span><\/p>\n<p align=\"JUSTIFY\"><span style=\"color: #000000;\"><span style=\"font-family: Arial, serif;\"><span style=\"font-size: small;\"><span lang=\"es-ES\">El coraz\u00f3n de las bombas Ruby es una v\u00e1lvula de aire inovadora, de dise\u00f1o nuevo.<\/span><\/span><\/span><\/span><\/p>\n<p align=\"JUSTIFY\"><span style=\"color: #000000;\"><span style=\"font-family: Arial, serif;\"><span style=\"font-size: small;\"><span lang=\"es-ES\">Respondiendo a las necesidades actuales de productos mejores y m\u00e1s confiables, respetando y protegiendo el medio ambiente, la v\u00e1lvula de aire de las bombas Ruby ha sido cuidadosamente dise\u00f1ada para ofrecer:<\/span><\/span><\/span><\/span><\/p>\n<ul>\n<li>\n<p align=\"JUSTIFY\"><span style=\"color: #000000;\"><span style=\"font-family: Arial, serif;\"><span style=\"font-size: small;\">Operaci\u00f3n sin lubricaci\u00f3n<\/span><\/span><\/span><\/p>\n<\/li>\n<li>\n<p align=\"JUSTIFY\"><span style=\"color: #000000;\"><span style=\"font-family: Arial, serif;\"><span style=\"font-size: small;\">Necesidad de mantenimiento limitada<\/span><\/span><\/span><\/p>\n<\/li>\n<li>\n<p align=\"JUSTIFY\"><span style=\"color: #000000;\"><span style=\"font-family: Arial, serif;\"><span style=\"font-size: small;\"><span lang=\"es-ES\">Resistencia a la contaminaci\u00f3n del aire comprimido<\/span><\/span><\/span><\/span><\/p>\n<\/li>\n<li>\n<p align=\"JUSTIFY\"><span style=\"color: #000000;\"><span style=\"font-family: Arial, serif;\"><span style=\"font-size: small;\">Ahorro de energ\u00eda<\/span><\/span><\/span><\/p>\n<\/li>\n<li><span style=\"color: #000000;\"><span style=\"font-family: Arial, serif;\"><span style=\"font-size: small;\">Operaci\u00f3n en ambiente externo <\/span><\/span><\/span><\/li>\n<li><span style=\"color: #000000;\"><span style=\"font-family: Arial, serif;\"><span style=\"font-size: small;\">Operaci\u00f3n sin parar<\/span><\/span><\/span><\/li>\n<li><span style=\"color: #000000;\"><span style=\"font-family: Arial, serif;\"><span style=\"font-size: small;\">Larga vida \u00fatil<\/span><\/span><\/span><\/li>\n<li><span style=\"color: #000000;\"><span style=\"font-family: Arial, serif;\"><span style=\"font-size: small;\">Fiabilidad<\/span><\/span><\/span><\/li>\n<\/ul>\n<h5><span style=\"color: #ed1c24;\">\u00a0<\/span><\/h5>\n<p><img decoding=\"async\" loading=\"lazy\" class=\"alignright wp-image-880 size-medium\" src=\"https:\/\/alphadynamic.eu\/wp-content\/uploads\/2018\/11\/ruby-feautures-2-300x210.jpg\" alt=\"\" width=\"300\" height=\"210\" srcset=\"https:\/\/alphadynamic.eu\/wp-content\/uploads\/2018\/11\/ruby-feautures-2-300x210.jpg 300w, https:\/\/alphadynamic.eu\/wp-content\/uploads\/2018\/11\/ruby-feautures-2.jpg 394w\" sizes=\"(max-width: 300px) 100vw, 300px\" \/><\/p>\n<p align=\"JUSTIFY\"><span style=\"color: #ff0000;\"><span style=\"font-family: Arial, serif;\"><span style=\"font-size: large;\"><span lang=\"es-ES\"><b>Diafragmas de nueva generaci\u00f3n con las siguientes caracter\u00edsticas:<\/b><\/span><\/span><\/span><\/span><\/p>\n<ul>\n<li>\n<p align=\"JUSTIFY\"><span style=\"color: #000000;\"><span style=\"font-family: Arial, serif;\"><span style=\"font-size: small;\">F\u00e1cil instalaci\u00f3n y mantenimiento.<\/span><\/span><\/span><\/p>\n<\/li>\n<li>\n<p align=\"JUSTIFY\"><span style=\"color: #000000;\"><span style=\"font-family: Arial, serif;\"><span style=\"font-size: small;\">Excelente duraci\u00f3n de vida<\/span><\/span><\/span><\/p>\n<\/li>\n<li>\n<p align=\"JUSTIFY\"><span style=\"color: #000000;\"><span style=\"font-family: Arial, serif;\"><span style=\"font-size: small;\"><span lang=\"es-ES\">Vida cinco veces mayor en comparaci\u00f3n con los diafragmas cl\u00e1sicos.<\/span><\/span><\/span><\/span><\/p>\n<\/li>\n<li>\n<p align=\"JUSTIFY\"><span style=\"color: #000000;\"><span style=\"font-family: Arial, serif;\"><span style=\"font-size: small;\">Costos m\u00ednimos de reparaci\u00f3n<\/span><\/span><\/span><\/p>\n<\/li>\n<li>\n<p align=\"JUSTIFY\"><span style=\"color: #000000;\"><span style=\"font-family: Arial, serif;\"><span style=\"font-size: small;\">Mejora de la eficiencia<\/span><\/span><\/span><\/p>\n<\/li>\n<li>\n<p align=\"JUSTIFY\"><span style=\"color: #000000;\"><span style=\"font-family: Arial, serif;\"><span style=\"font-size: small;\">Mayor desplazamiento por ciclo<\/span><\/span><\/span><\/p>\n<\/li>\n<li>\n<p align=\"JUSTIFY\"><span style=\"color: #000000;\"><span style=\"font-family: Arial, serif;\"><span style=\"font-size: small;\">Sin agujero interior evitando fugas<\/span><\/span><\/span><\/p>\n<\/li>\n<li>\n<p align=\"JUSTIFY\"><span style=\"color: #000000;\"><span style=\"font-family: Arial, serif;\"><span style=\"font-size: small;\"><span lang=\"es-ES\">El eje central no necesita estar bloqueado<\/span><\/span><\/span><\/span><\/p>\n<\/li>\n<li>\n<p align=\"JUSTIFY\"><span style=\"color: #000000;\"><span style=\"font-family: Arial, serif;\"><span style=\"font-size: small;\">Atornillado y desatornillado sin herramientas<\/span><\/span><\/span><\/p>\n<\/li>\n<\/ul>\n<p>[\/vc_column_text][vc_single_image image=\u00bb101073&#8243; img_size=\u00bbfull\u00bb image_hovers=\u00bbfalse\u00bb][\/vc_tta_section][vc_tta_section title=\u00bbInstalaci\u00f3n\u00bb tab_id=\u00bbinstallation\u00bb el_class=\u00bbtab3&#8243;][vc_single_image image=\u00bb96443&#8243; img_size=\u00bbfull\u00bb onclick=\u00bblink_image\u00bb image_hovers=\u00bbfalse\u00bb][\/vc_tta_section][\/vc_tta_tabs][\/vc_column][\/vc_row][vc_row disable_element=\u00bbyes\u00bb el_id=\u00bbproducts2list\u00bb][vc_column][\/vc_column][\/vc_row]<\/p>\n","protected":false},"excerpt":{"rendered":"","protected":false},"author":14,"featured_media":0,"parent":56662,"menu_order":0,"comment_status":"closed","ping_status":"closed","template":"","meta":[],"acf":[],"_links":{"self":[{"href":"https:\/\/alphadynamic.eu\/es\/wp-json\/wp\/v2\/pages\/175395"}],"collection":[{"href":"https:\/\/alphadynamic.eu\/es\/wp-json\/wp\/v2\/pages"}],"about":[{"href":"https:\/\/alphadynamic.eu\/es\/wp-json\/wp\/v2\/types\/page"}],"author":[{"embeddable":true,"href":"https:\/\/alphadynamic.eu\/es\/wp-json\/wp\/v2\/users\/14"}],"replies":[{"embeddable":true,"href":"https:\/\/alphadynamic.eu\/es\/wp-json\/wp\/v2\/comments?post=175395"}],"version-history":[{"count":2,"href":"https:\/\/alphadynamic.eu\/es\/wp-json\/wp\/v2\/pages\/175395\/revisions"}],"predecessor-version":[{"id":175410,"href":"https:\/\/alphadynamic.eu\/es\/wp-json\/wp\/v2\/pages\/175395\/revisions\/175410"}],"up":[{"embeddable":true,"href":"https:\/\/alphadynamic.eu\/es\/wp-json\/wp\/v2\/pages\/56662"}],"wp:attachment":[{"href":"https:\/\/alphadynamic.eu\/es\/wp-json\/wp\/v2\/media?parent=175395"}],"curies":[{"name":"wp","href":"https:\/\/api.w.org\/{rel}","templated":true}]}}