{"id":23385,"date":"2019-06-25T13:10:58","date_gmt":"2019-06-25T10:10:58","guid":{"rendered":"https:\/\/alphadynamic.eu\/privacy-policy\/"},"modified":"2022-01-23T13:18:24","modified_gmt":"2022-01-23T10:18:24","slug":"privacy-policy","status":"publish","type":"page","link":"https:\/\/alphadynamic.eu\/es\/privacy-policy\/","title":{"rendered":"Pol\u00edtica de privacidad"},"content":{"rendered":"<p>[vc_row el_id=\u00bbpageTitle\u00bb][vc_column][vc_custom_heading source=\u00bbpost_title\u00bb font_container=\u00bbtag:h1|font_size:48px|text_align:left|color:%23ed1c24|line_height:58px\u00bb use_theme_fonts=\u00bbyes\u00bb][\/vc_column][\/vc_row][vc_row][vc_column][vc_column_text]Pol\u00edtica de protecci\u00f3n de datos personales<\/p>\n<p>Esta Pol\u00edtica de protecci\u00f3n de datos personales (la \u00abPol\u00edtica de privacidad\u00bb) est\u00e1 disponible en el sitio web www.alphadynamic.eu de la empresa ALPHADYNAMIC PUMPS S.A<br \/>\nEl Compromiso de Nuestra Empresa ALPHADYNAMIC PUMPS S.A. para la protecci\u00f3n de datos personales.<\/p>\n<p>ALPHADYNAMIC PUMPS respeta el derecho a la privacidad de los individuos y valora la confianza que muestran los visitantes de nuestros sitios web, nuestros clientes, nuestros proveedores y aquellos que colaboran con nuestra empresa. Hacemos todo lo posible para cumplir con la legislaci\u00f3n sobre el procesamiento de datos de car\u00e1cter personal (seg\u00fan se define en m\u00e1s detalle a continuaci\u00f3n) en nuestro negocio. En la legislaci\u00f3n Europea est\u00e1 incluida desde el 25 de mayo de 2018 tambi\u00e9n el Reglamento General para la protecci\u00f3n de datos de car\u00e1cter personal (el \u00abReglamento\u00bb o \u00ab<strong>GDPR<\/strong>\u00ab)1.<\/p>\n<p>Cuando usted visita nuestro sitio, la empresa ALPHADYNAMIC PUMPS S.A. (en lo sucesivo \u00abALPHADYNAMIC PUMPS\u00bb o \u00abnosotros\u00bb) procesar\u00e1 datos personales relativos a usted (como se define en m\u00e1s detalle a continuaci\u00f3n). En este contexto, ALPHADYNAMIC PUMPS actuar\u00e1 como el responsable del procesamiento, es decir, la persona responsable del procesamiento de sus datos personales, ya que decide por qu\u00e9 y c\u00f3mo se someter\u00e1n a procesamiento sus datos de car\u00e1cter personal.<br \/>\nEl prop\u00f3sito de esta Pol\u00edtica de privacidad es informarle y explicarle en detalle:<\/p>\n<ul>\n<li>Por qu\u00e9 y c\u00f3mo ALPHADYNAMIC PUMPS procesa y almacena sus datos personales,<\/li>\n<li>qu\u00e9 es lo que incluye nuestro rol como \u00abresponsable de procesamiento\u00bb, y<\/li>\n<li>cu\u00e1les son sus derechos y nuestras obligaciones con respecto a dicho procesamiento.<\/li>\n<\/ul>\n<p><strong>Definiciones<\/strong><br \/>\nA los efectos de esta Pol\u00edtica, se aplican las siguientes definiciones:<br \/>\n\u00ab<strong>Datos personales<\/strong>\u00bb significar\u00e1 cualquier informaci\u00f3n relacionada con una persona f\u00edsica identificada o identificable [2].<br \/>\n\u00ab<strong>Procesamiento<\/strong>\u00bb significar\u00e1 cualquier operaci\u00f3n o conjunto de operaciones realizadas con o sin el uso de medios automatizados, en datos personales o en conjuntos de datos personales como la recopilaci\u00f3n, registro, organizaci\u00f3n, almacenamiento, adaptaci\u00f3n o alteraci\u00f3n, recuperaci\u00f3n, la b\u00fasqueda de informaci\u00f3n, uso, comunicaci\u00f3n por transmisi\u00f3n, difusi\u00f3n o cualquier otra forma de disponibilidad, asociaci\u00f3n o combinaci\u00f3n, restricci\u00f3n, eliminaci\u00f3n o destrucci\u00f3n y el verbo \u201c<strong>procesar<\/strong>\u201d ser\u00e1 interpretado en consecuencia, y<br \/>\n\u00ab<strong>El Procesador<\/strong>\u00bb \u201d se refiere a la persona f\u00edsica o jur\u00eddica que procesa los datos personales en nombre de la persona responsable de procesamiento. Los procesadores de ALPHADYNAMIC PUMPS pueden ser subsidiarias, filiales o proveedores externos o proveedores de servicios.En cualquier caso, ALPHADYNAMIC PUMPS concluir\u00e1 un contrato para procesamiento de datos con el procesador, con el fin de asegurar que sus datos personales se tramitar\u00e1n con arreglo al Reglamento.<\/p>\n<p><strong>Datos personales que recogemos<\/strong><br \/>\n<strong>Formas de recopilar datos personales.<\/strong><br \/>\nCuando usted navega por nuestro Sitio, algunos datos personales se recopilan como resultado de su navegaci\u00f3n. \u00a0Sin embargo, para algunas operaciones de nuestro Sitio, es posible que deba enviarse voluntariamente a ALPHADYNAMIC PUMPS tambi\u00e9n otros datos personales.<\/p>\n<p><strong>Categor\u00edas de datos personales recogidos.<\/strong><br \/>\nRecopilamos los siguientes datos de los visitantes del sitio web:<\/p>\n<ul>\n<li>su direcci\u00f3n IP,<\/li>\n<li>el dominio de su proveedor de servicios de internet,<\/li>\n<li>el tipo y la versi\u00f3n de su navegador, su sistema operativo y su plataforma,<\/li>\n<li>informaci\u00f3n sobre las p\u00e1ginas que ha visitado, la informaci\u00f3n que ha buscado, el tiempo dedicado al Sitio y otras estad\u00edsticas,<\/li>\n<li>Informaci\u00f3n sobre sus h\u00e1bitos y preferencias.<\/li>\n<\/ul>\n<p>Si desea acceder o aprovechar ciertas caracter\u00edsticas de nuestro Sitio, tambi\u00e9n podemos solicitarle la siguiente informaci\u00f3n adicional:<\/p>\n<ul>\n<li>informaci\u00f3n de identificaci\u00f3n b\u00e1sica (como su nombre, direcci\u00f3n postal \/ direcci\u00f3n de correo electr\u00f3nico y n\u00famero de tel\u00e9fono);<\/li>\n<li>el contenido de las formas de comunicaci\u00f3n que ha completado a trav\u00e9s del Sitio,<\/li>\n<li>otra informaci\u00f3n sobre cualquier consulta que podamos tener con respecto al uso del Sitio por parte de usted.<\/li>\n<\/ul>\n<p><strong>Consecuencias de negarse a presentar datos personales.<\/strong><br \/>\nNo existe ninguna obligaci\u00f3n legal de enviar sus datos personales a ALPHADYNAMIC PUMPS. Tenga en cuenta, sin embargo, que, en algunos casos, su negativa a enviar datos personales o a aceptar cookies o configuraci\u00f3n de su navegador puede afectar su experiencia de navegaci\u00f3n y no permitir el uso de ciertos funciones de nuestro sitio Web.<br \/>\nPor lo tanto, cuando se recogen datos de car\u00e1cter personal (por ejemplo, formularios), indicar\u00e1 si la provisi\u00f3n de dichos datos es obligatorio (por ejemplo con un asterisco) y las consecuencias de la negativa a proporcionar los datos requeridos.<\/p>\n<p>Cookies y otras tecnolog\u00edas similares.<br \/>\nNuestro sitio web puede utilizar \u00abcookies\u00bb o \u00abweb beacon\u00bb (alertas web). \u00abCookies\u00bb es un archivo de texto que se puede colocar en su computadora, dispositivo o sistema cuando visita nuestro sitio web. Las cookies dan a ALPHADYNAMIC PUMPS la capacidad de brindar un mejor servicio a los visitantes del sitio, ofreciendo una experiencia personalizada.Contienen informaci\u00f3n que se recoge desde el dispositivo y aparece en el sitio en cada visita posterior, para almacenar sus preferencias y acciones en el tiempo. La informaci\u00f3n recopilada no contiene su nombre, direcci\u00f3n, n\u00famero de tel\u00e9fono o direcci\u00f3n de correo electr\u00f3nico.<\/p>\n<p><strong>Seguridad <\/strong><br \/>\nTeniendo en cuenta las \u00faltimas novedades, los gastos de ejecuci\u00f3n y la naturaleza, alcance, contexto y fines de la tramitaci\u00f3n, as\u00ed como la probabilidad de riesgo y la gravedad de los derechos y libertades de las personas naturales, ALPHADYNAMIC PUMPS toma medidas de seguridad apropiadas para proteger datos personales en posesi\u00f3n de la p\u00e9rdida, mal uso y acceso no autorizado, divulgaci\u00f3n, alteraci\u00f3n y destrucci\u00f3n y a responder a los casos de mal uso, p\u00e9rdida o uso no autorizado de los datos personales.<br \/>\nLa informaci\u00f3n recopilada por ALPHADYNAMIC PUMPS puede almacenarse en sistemas de almacenamiento de terceros (consulte \u00abDestinatarios Terceros\u00bb a continuaci\u00f3n).En estos casos, ALPHADYNAMIC PUMPS tambi\u00e9n requiere que dichos terceros apliquen pr\u00e1cticas y sistemas de seguridad para no comprometer la seguridad de la informaci\u00f3n.<\/p>\n<p><strong>El prop\u00f3sito y el fundamento jur\u00eddico del procesamiento<br \/>\nEl prop\u00f3sito del procesamiento<\/strong><br \/>\nALPHADYNAMIC PUMPS y los procesadores que act\u00faan el procesamiento en nombre de ALPHADYNAMIC PUMPS utilizan los datos personales que se est\u00e1n dando a ALPHADYNAMIC PUMPS para los siguientes prop\u00f3sitos:<\/p>\n<ul>\n<li>\u00a0Registro y gesti\u00f3n de usuarios (como gestionar de cuentas y responder preguntas)<\/li>\n<li>Medici\u00f3n del uso de nuestro sitio (incluida la preparaci\u00f3n de estad\u00edsticas de uso)<\/li>\n<li>Enviar peri\u00f3dicamente correo electr\u00f3nico promocional sobre nuestros productos, ofertas especiales y la informaci\u00f3n que para usted o la empresa para la que trabaja puede resultar interesante utilizando la direcci\u00f3n de correo electr\u00f3nico que se haya enviado (si corresponde) y en caso de que espec\u00edficamente haya dado su consentimiento para ello.<\/li>\n<li>Measuring the usage of our Website (including preparation of usage statistics)<\/li>\n<li>Periodically sending promotional emails about our products, special offers and information which you or the company for which you work may find interesting, using the email address you provided (if any)<\/li>\n<li>Invitaciones para participar en encuestas online<\/li>\n<li>Solicitud de comentarios sobre productos y servicios<\/li>\n<li>Mejorar nuestro sitio<\/li>\n<li>Ponerse en contacto con usted en respuesta a su solicitud<\/li>\n<\/ul>\n<p>Base jur\u00eddica de procesamiento.<br \/>\nNo podemos procesar datos personales a menos que tengamos una base legal s\u00f3lida. Por lo tanto, procesaremos datos personales solo si se aplica lo siguiente:<\/p>\n<ul>\n<li>Hemos recibido su consentimiento previo,<\/li>\n<li>el procesamiento es necesario para realizar nuestras tareas convencionales o realizar acciones precontractuales a su solicitud,<\/li>\n<li>el procesamiento es necesario para cumplir con nuestras obligaciones legales o reglamentarias (por ejemplo, requisitos fiscales o contables) o<\/li>\n<li>el procesamiento es necesario para los intereses leg\u00edtimos de ALPHADYNAMIC PUMPS y no afecta excesivamente a sus intereses ni a sus derechos y libertades fundamentales.Tenga en cuenta que, durante el procesamiento de sus datos personales sobre esta base, siempre tratamos de mantener un equilibrio entre los intereses leg\u00edtimos y la protecci\u00f3n de su privacidad.<br \/>\nEjemplos de \u00abintereses leg\u00edtimos\u00bb son los siguientes:<\/li>\n<li>tomar ventaja de servicios asequibles (por ejemplo, nosotros podemos decidir usar algunas plataformas que ofrecen proveedores externos para el procesamiento de datos),<\/li>\n<li>ofrecer nuestros productos y servicios a nuestros clientes o potenciales clientes futuros,<\/li>\n<li>gestionar mejor nuestras relaciones con nuestros clientes y sus datos,<\/li>\n<li>mejorar la calidad de los servicios que ofrecemos a nuestros clientes, teniendo en cuenta sus preferencias en cuanto a v\u00edas de comunicaci\u00f3n (tel\u00e9fono, correo electr\u00f3nico, etc.), as\u00ed como la frecuencia de comunicaci\u00f3n,<\/li>\n<li>evaluar el inter\u00e9s de nuestros clientes para los productos de ALPHADYNAMIC PUMPS y para entender mejor el compromiso con el cliente con el correo electr\u00f3nico para fines de marketing, en aspectos tales como la realizaci\u00f3n de estudios estad\u00edsticos y otras investigaciones y el an\u00e1lisis de datos bas\u00e1ndose en el estado del correo electr\u00f3nico (no se ha entregado, se ha entregado, se ha abierto),<\/li>\n<li>facilitar el suministro de anuncios personalizados y ofertas a nuestros clientes, con el fin de promover mejor nuestros productos,<\/li>\n<li>transferir cualquier parte de nuestro negocio o partes de su activo o en caso de que todas las partes de nuestro activo se adquieren por un tercero, los datos de car\u00e1cter personal podr\u00edan ser uno de los activos que vamos a transferir,<\/li>\n<li>evitar fraude o acciones criminales, usos indebidos de nuestros productos o servicios, as\u00ed como la seguridad de nuestros sistemas IT, de la arquitectura y de nuestras redes y<\/li>\n<li>lograr nuestros objetivos corporativos y nuestros objetivos de responsabilidad social.<\/li>\n<\/ul>\n<p><strong>Terceros \u2013 Destinatarios de los datos <\/strong><br \/>\nPodemos transferir datos personales a los miembros de nuestro personal (en la medida en que es necesario llevar a cabo sus funciones) y en otras empresas del grupo ALPHADYNAMIC PUMPS. Dichas empresas del grupo actuar\u00e1n como un responsable del procesamiento (en cuyo caso se le informar\u00e1 por separado sobre este procesamiento) o procesar\u00e1n datos personales s\u00f3lo en nombre del responsable del procesamiento y a su petici\u00f3n (actuando de tal modo como procesador).<br \/>\nTambi\u00e9n podemos transferir sus datos personales a terceros procesadores fuera del grupo de ALPHADYNAMIC PUMPS, con el fin de cumplir con los objetivos mencionados, en la medida en que es necesario para que puedan llevar a cabo las tareas que asignamos a ellos.<br \/>\nEstos terceros involucrados en el procesamiento incluyen:<\/p>\n<ul>\n<li>los proveedores de servicios (IT), proveedores se servicios cloud y nuestros proveedores de bases de datos,<\/li>\n<li>los asesores, suministradores y proveedores de servicios, que ayudan la empresa ALPHADYNAMIC PUMPS en la promoci\u00f3n y comercializaci\u00f3n de sus productos y servicios, almacenan y analizan datos, realizan calificaciones, comentarios y encuestas de usuarios y consumidores, se ponen en contacto con usted en nombre de ALPHADYNAMIC PUMPS y procesan y completan transacciones como compras e instalaciones de neum\u00e1ticos y\/u otros servicios para veh\u00edculos, y proceden a cualquier otra acci\u00f3n necesaria para proporcionar versiones promocionales o servicios a sus usuarios y clientes del sitio Web.<br \/>\nSus datos personales tambi\u00e9n pueden ser compartidos a:<\/li>\n<li>cualquier tercero a quien transferimos cualquier de nuestros derechos u obligaciones en virtud de un contrato,<\/li>\n<li>cualquier \u00f3rgano regulador nacional o internacional, o tribunal, cuando as\u00ed lo exija la ley aplicable o el reglamento aplicable o cuando lo soliciten, y<\/li>\n<li>cualquier autoridad gubernamental central o local y otro organismo estatal o p\u00fablico.<br \/>\nRetenci\u00f3n de datos<br \/>\nALPHADYNAMIC PUMPS retendr\u00e1 sus datos personales solo por un per\u00edodo de 4 a\u00f1os despu\u00e9s de su \u00faltima visita a nuestro sitio web.<br \/>\nSin embargo, si alguien desea eliminar sus datos personales de nuestras bases de datos antes de que expire este per\u00edodo de tiempo, puede enviar una solicitud como se describe a continuaci\u00f3n.<br \/>\nSus derechos<br \/>\nUsted tiene derecho a acceder a sus datos personales procesados por ALPHADYNAMIC PUMPS de acuerdo con esta Pol\u00edtica de privacidad. Si cree que cualquier informaci\u00f3n que tengamos sobre usted es inexacta o completa, tambi\u00e9n puede solicitar que se corrija. ALPHADYNAMIC PUMPS corregir\u00e1 inmediatamente cualquier informaci\u00f3n de este tipo.<br \/>\nUsted tambi\u00e9n tiene el derecho:<\/li>\n<li>solicitar la eliminaci\u00f3n de sus datos personales,<\/li>\n<li>solicitar la limitaci\u00f3n del procesamiento de sus datos personales,<\/li>\n<li>retirar su consentimiento, en los casos donde ALPHADYNAMIC PUMPS ha recibido su consentimiento al procesamiento de datos personales (sin que tal retiro afecte la legitimidad del procesamiento previo al retiro),<\/li>\n<li>oponerse al procesamiento de sus datos personales para fines de marketing directo; u<\/li>\n<li>oponerse al procesamiento de sus datos personales para otros fines, en casos espec\u00edficos donde ALPHADYNAMIC PUMPS procesa sus datos personales para una base leg\u00edtima diferente a la de que ha dado su contesimiento,<br \/>\ny ALPHADYNAMIC PUMPS respetar\u00e1 las exigencias, el retiro o el contraste seg\u00fan lo requerido por las normas de protecci\u00f3n de datos aplicable.<br \/>\nPor lo tanto, tambi\u00e9n tiene derecho a la portabilidad de los datos. Es el derecho a mantener sus datos personales que ha suministrado a ALPHADYNAMIC PUMPS en formato estructurado, utilizado y legible por las m\u00e1quinas as\u00ed como el derecho a solicitar a transmitir tales datos a un tercero, sin objeci\u00f3n de ALPHADYNAMIC PUMPS y de conformidad con las obligaciones de confidencialidad que se aplican a usted.<br \/>\nPara ejercer los derechos antes mencionados, tiene que enviar correo electr\u00f3nico a la direcci\u00f3n info@alphadynamic.eu con escaneo\/copia de ambos lados de su c\u00e9dula de identidad o pasaporte, para prop\u00f3sitos de identificaci\u00f3n.<br \/>\nSi no desea recibir correos electr\u00f3nicos u otros mensajes de ALPHADYNAMIC PUMPS, ajuste sus preferencias de comunicaci\u00f3n enviando un correo electr\u00f3nico a info@alphadynamic.eu.\u00a0\u00a0ALPHADYNAMIC PUMPS responder\u00e1 a todas las solicitudes de eliminaci\u00f3n de nombres de listas de correo o correo electr\u00f3nico, de acuerdo con las leyes de protecci\u00f3n de datos aplicables.<br \/>\nSi tiene alguna pregunta o no est\u00e1 satisfecho con la forma en que ALPHADYNAMIC PUMPS procesa sus datos personales, env\u00edenos un correo electr\u00f3nico a info@alphadynamic.eu. Analizaremos su pregunta o queja y le responderemos lo antes posible.<br \/>\nTambi\u00e9n tiene derecho a presentar una queja ante la autoridad de protecci\u00f3n de datos personales correspondiente.<\/li>\n<\/ul>\n<p><strong>Otros sitios web <\/strong><br \/>\nEl sitio puede contener enlaces a otros sitios web que no es propiedad de ALPHADYNAMIC PUMPS y hacemos todo lo posible para vincular s\u00f3lo a sitios Web que mantienen los mismos altos est\u00e1ndares y respeto a la privacidad con nosotros. Sin embargo, ALPHADYNAMIC PUMPS no es responsable del contenido o las pr\u00e1cticas de privacidad aplicadas por los sitios web que no son de ALPHADYNAMIC PUMPS.<\/p>\n<p><strong>Actualizaciones a esta Pol\u00edtica de Privacidad<\/strong><br \/>\nCualquier actualizaci\u00f3n futura del procesamiento de sus datos personales como se describe en esta Pol\u00edtica de privacidad se le comunicar\u00e1 por adelantado a trav\u00e9s de nuestro sitio web (a trav\u00e9s de mensajes emergentes o de otro tipo), as\u00ed como a trav\u00e9s de otros canales de comunicaci\u00f3n (por ejemplo, por correo electr\u00f3nico, si est\u00e1 disponible).<\/p>\n<p>[1]\u00a0Reglamento 2016\/679 del Parlamento Europeo y del Consejo, de 27 de abril de 2016, sobre la protecci\u00f3n de las personas f\u00edsicas en lo que respecta al procesamiento de datos personales y sobre la libre circulaci\u00f3n de dichos datos y la derogaci\u00f3n de la Directiva 95\/46\/CE.<br \/>\n[2]\u00a0Una persona f\u00edsica identificable es aquella cuya identidad se puede determinar, directa o indirectamente, en particular por referencia a un identificador de identificaci\u00f3n, como el nombre, el n\u00famero de identidad, los datos de posici\u00f3n, el documento de identidad en l\u00ednea o uno o m\u00e1s factores que caracterizan la identidad fisiol\u00f3gica, gen\u00e9tica, psicol\u00f3gica, econ\u00f3mica, cultural o social de esa persona natural.[\/vc_column_text][\/vc_column][\/vc_row]<\/p>\n","protected":false},"excerpt":{"rendered":"","protected":false},"author":4,"featured_media":0,"parent":0,"menu_order":0,"comment_status":"closed","ping_status":"closed","template":"","meta":[],"acf":[],"_links":{"self":[{"href":"https:\/\/alphadynamic.eu\/es\/wp-json\/wp\/v2\/pages\/23385"}],"collection":[{"href":"https:\/\/alphadynamic.eu\/es\/wp-json\/wp\/v2\/pages"}],"about":[{"href":"https:\/\/alphadynamic.eu\/es\/wp-json\/wp\/v2\/types\/page"}],"author":[{"embeddable":true,"href":"https:\/\/alphadynamic.eu\/es\/wp-json\/wp\/v2\/users\/4"}],"replies":[{"embeddable":true,"href":"https:\/\/alphadynamic.eu\/es\/wp-json\/wp\/v2\/comments?post=23385"}],"version-history":[{"count":0,"href":"https:\/\/alphadynamic.eu\/es\/wp-json\/wp\/v2\/pages\/23385\/revisions"}],"wp:attachment":[{"href":"https:\/\/alphadynamic.eu\/es\/wp-json\/wp\/v2\/media?parent=23385"}],"curies":[{"name":"wp","href":"https:\/\/api.w.org\/{rel}","templated":true}]}}