{"id":23396,"date":"2019-06-25T13:47:52","date_gmt":"2019-06-25T10:47:52","guid":{"rendered":"https:\/\/alphadynamic.eu\/terms-of-use\/"},"modified":"2019-06-25T13:51:37","modified_gmt":"2019-06-25T10:51:37","slug":"terms-of-use","status":"publish","type":"page","link":"https:\/\/alphadynamic.eu\/es\/terms-of-use\/","title":{"rendered":"Condiciones de uso"},"content":{"rendered":"<p>[vc_row el_id=\u00bbpageTitle\u00bb][vc_column][vc_custom_heading source=\u00bbpost_title\u00bb font_container=\u00bbtag:h1|font_size:48px|text_align:left|color:%23ed1c24|line_height:58px\u00bb use_theme_fonts=\u00bbyes\u00bb][\/vc_column][\/vc_row][vc_row][vc_column][vc_column_text]\u2022\u00a0<strong>\u2022\u00a0Declaraci\u00f3n de exenci\u00f3n de responsabilidad<\/strong><br \/>\nEl uso del sitio web de ALPHADYNAMC PUMPS S.C. (la Empresa) y los derechos y obligaciones relacionados se rigen por los t\u00e9rminos de este aviso.<br \/>\nAl utilizar el sitio web de la Empresa, el usuario acepta estos T\u00e9rminos de uso sin reservas.<br \/>\nLa Empresa puede, por cualquier motivo y sin previo aviso, modificar estos T\u00e9rminos de uso. En este caso, la Empresa publicar\u00e1 la versi\u00f3n actual de los T\u00e9rminos de uso, mientras que continuar utilizando el Sitio se considerar\u00e1 como aceptaci\u00f3n de los nuevos T\u00e9rminos de uso.<br \/>\nLa Empresa hace el mayor esfuerzo para garantizar que el contenido del sitio web y la informaci\u00f3n proporcionada a trav\u00e9s de \u00e9l sean precisos, correctos, claros y completos, pero no garantiza y no es responsable de la falta de obtener dicha informaci\u00f3n.<br \/>\nPor este motivo, el contenido del sitio web se proporciona al usuario, tal como est\u00e1 y como est\u00e1 disponible.<br \/>\nEl usuario asume cualquier riesgo que pueda surgir al acceder y utilizar el sitio web de la Empresa.<br \/>\nLa Empresa no asume ninguna responsabilidad por cualquier da\u00f1o directo, indirecto, positivo o consecuente de cualquier tipo que se pueda causar al usuario del sitio en relaci\u00f3n con dicho uso.<\/p>\n<p>\u2022\u00a0<strong>Derechos de propiedad intelectual<\/strong><br \/>\nEl contenido de este sitio web (por ejemplo material de informaci\u00f3n de cualquier tipo, datos, im\u00e1genes, gr\u00e1ficos, marcas comerciales, nombres de marcas, logotipos) es propiedad intelectual e industrial de la Empresa.<br \/>\nEl contenido del sitio web de la Empresa se pone a disposici\u00f3n del usuario para uso personal y la Empresa otorga un derecho no exclusivo e intransferible al usuario para utilizar la informaci\u00f3n disponible en el sitio web de la Empresa en la medida acordada con estos t\u00e9rminos.<br \/>\nCon la excepci\u00f3n del derecho de uso mencionado anteriormente, est\u00e1 prohibida cualquier modificaci\u00f3n, publicaci\u00f3n, transmisi\u00f3n, reproducci\u00f3n, distribuci\u00f3n, presentaci\u00f3n, descarga o explotaci\u00f3n, total o parcialmente, por cualquier manera o medio, del contenido del sitio web para fines comerciales o de otro tipo, sin el consentimiento previo por escrito de la Empresa.<\/p>\n<p>\u2022\u00a0<strong>Enlaces (links)<\/strong><br \/>\nEl sitio web de la Empresa puede contener enlaces que gu\u00edan a sitios web de terceros (links). Estos enlaces se proporcionan \u00fanicamente para facilitar al usuario del sitio web de la Empresa. La Empresa no ejerce ning\u00fan control sobre los sitios web de terceros y no es responsable de su contenido y de los da\u00f1os al usuario por acceder y utilizar los sitios web de terceros.<\/p>\n<p>\u2022<strong>Protecci\u00f3n de la privacidad<\/strong><br \/>\nLos datos recopilados durante el uso del sitio web de la Empresa se relacionan con el registro autom\u00e1tico de informaci\u00f3n t\u00e9cnica, como el n\u00famero de visitantes, el tipo de navegador de Internet, el tipo de sistema operativo de computadora utilizado por el usuario del sitio web de la Empresa. Esta informaci\u00f3n se utiliza para controlar el uso y mejorar el sitio web. Bajo este uso, la Empresa no recopila ni almacena informaci\u00f3n personal identificable del usuario.<br \/>\nLa Empresa no recopilar\u00e1 ninguna informaci\u00f3n personal identificable del usuario mediante el uso del sitio web (por ejemplo, nombre, direcci\u00f3n, direcci\u00f3n de correo electr\u00f3nico) a menos que el usuario proporcione voluntariamente informaci\u00f3n personal para suscribirse a la lista de destinatarios de su bolet\u00edn de la empresa o realizar cualquier solicitud (por ejemplo, por comunicaci\u00f3n electr\u00f3nica).<br \/>\nEn este caso, la Empresa puede recopilar y almacenar datos personales, que se utilizar\u00e1n exclusivamente para los fines de uso mencionados anteriormente.<br \/>\nLa Empresa se reserva el derecho de registrar estos datos en archivos para la producci\u00f3n de registros estad\u00edsticos agregados y para mejorar el contenido de su sitio web.<br \/>\nAl enviar los datos, el usuario da su consentimiento para la recopilaci\u00f3n, el uso y el procesamiento de su informaci\u00f3n personal seg\u00fan los t\u00e9rminos de esta Pol\u00edtica de privacidad.<br \/>\nEl usuario del sitio web conservar\u00e1 en cualquier momento el derecho a actualizar, acceder u objetar el procesamiento posterior de sus datos personales de conformidad con los Art\u00edculos 11, 12 y 13 de la Ley 2472\/97 en vigencia.<br \/>\nPara el ejercicio de estos derechos, cualquier usuario puede enviar un formulario de solicitud a la siguiente direcci\u00f3n de correo electr\u00f3nico: info@alphadynamic.eu. La gesti\u00f3n y protecci\u00f3n de los datos personales del usuario de este sitio web se rigen por estos t\u00e9rminos y por la Ley 2472\/1997 en vigencia.<br \/>\nLa Empresa no proceder\u00e1 a la notificaci\u00f3n, revelaci\u00f3n, transmisi\u00f3n, difusi\u00f3n o cualquier otra disposici\u00f3n de los datos personales del usuario de la p\u00e1gina web sin tal consentimiento, a menos que as\u00ed lo exijan espec\u00edficamente la ley y las autoridades competentes.<\/p>\n<p>\u2022\u00a0<strong>Ley aplicable<\/strong><br \/>\nEstos t\u00e9rminos, cualquier modificaci\u00f3n y uso del sitio se rigen por la ley griega. Para cualquier disputa que surja del uso del sitio, los tribunales de Atenas son los \u00fanicos competentes.[\/vc_column_text][\/vc_column][\/vc_row]<\/p>\n","protected":false},"excerpt":{"rendered":"","protected":false},"author":4,"featured_media":0,"parent":0,"menu_order":0,"comment_status":"closed","ping_status":"closed","template":"","meta":[],"acf":[],"_links":{"self":[{"href":"https:\/\/alphadynamic.eu\/es\/wp-json\/wp\/v2\/pages\/23396"}],"collection":[{"href":"https:\/\/alphadynamic.eu\/es\/wp-json\/wp\/v2\/pages"}],"about":[{"href":"https:\/\/alphadynamic.eu\/es\/wp-json\/wp\/v2\/types\/page"}],"author":[{"embeddable":true,"href":"https:\/\/alphadynamic.eu\/es\/wp-json\/wp\/v2\/users\/4"}],"replies":[{"embeddable":true,"href":"https:\/\/alphadynamic.eu\/es\/wp-json\/wp\/v2\/comments?post=23396"}],"version-history":[{"count":0,"href":"https:\/\/alphadynamic.eu\/es\/wp-json\/wp\/v2\/pages\/23396\/revisions"}],"wp:attachment":[{"href":"https:\/\/alphadynamic.eu\/es\/wp-json\/wp\/v2\/media?parent=23396"}],"curies":[{"name":"wp","href":"https:\/\/api.w.org\/{rel}","templated":true}]}}