{"id":41620,"date":"2021-01-15T10:26:21","date_gmt":"2021-01-15T07:26:21","guid":{"rendered":"https:\/\/www.alphadynamic.eu\/products\/ruby-bombas-de-aire-de-diafragma\/"},"modified":"2024-10-06T10:15:32","modified_gmt":"2024-10-06T07:15:32","slug":"ruby-bombas-de-aire-de-diafragma","status":"publish","type":"page","link":"https:\/\/alphadynamic.eu\/es\/products\/ruby-bombas-de-aire-de-diafragma\/","title":{"rendered":"Ruby \u2013 Bombas De Aire De Diafragma"},"content":{"rendered":"<p>[vc_row el_id=\u00bbpageTitle\u00bb el_class=\u00bbproductTitle\u00bb][vc_column][vc_custom_heading source=\u00bbpost_title\u00bb font_container=\u00bbtag:h1|font_size:24px|text_align:left|color:%23ed1c24|line_height:34px\u00bb use_theme_fonts=\u00bbyes\u00bb][\/vc_column][\/vc_row][vc_row el_id=\u00bbproductFinalTabs\u00bb][vc_column][vc_tta_tabs style=\u00bboutline\u00bb shape=\u00bbsquare\u00bb color=\u00bbwhite\u00bb spacing=\u00bb10&#8243; gap=\u00bb5&#8243; active_section=\u00bb1&#8243; no_fill_content_area=\u00bbtrue\u00bb][vc_tta_section title=\u00bbRuby PRODUCTOS\u00bb tab_id=\u00bb1636551548168-7aeb1486-514b\u00bb][vc_basic_grid post_type=\u00bbpost\u00bb max_items=\u00bb-1&#8243; item=\u00bb7201&#8243; grid_id=\u00bbvc_gid:1728198912613-0377e722-3f29-2&#8243; taxonomies=\u00bb3&#8243;][\/vc_tta_section][vc_tta_section title=\u00bbCARACTER\u00cdSTICAS T\u00c9CNICAS\u00bb tab_id=\u00bbtechical-datae7de-54a7b385-a1ed\u00bb el_class=\u00bbtab1&#8243;][vc_column_text]<\/p>\n<ul>\n<li>Caudal m\u00e1ximo: 900 L\/min<\/li>\n<li>Presi\u00f3n m\u00e1xima de trabajo: 8,0 bar<\/li>\n<li>M\u00e1xima Succi\u00f3n Seca: 5 m<\/li>\n<li>M\u00e1xima Succi\u00f3n con L\u00edquido: 9.0 m<\/li>\n<li>Material de construcci\u00f3n: PP, PVDF + CF, PP + CF, aluminio, acero inoxidable AISI316<\/li>\n<li>Tama\u00f1os disponibles: 1\/4\u2032 , 3\/8\u2032 , 1\/2\u2032 , 3\/4\u2033 , 1\u00bb , 1 1\/2\u00bb , 2\u00bb , 3\u00bb<\/li>\n<li>Certificaciones: ATEX II 2 GD c IIB T4 , CE , EAC .<\/li>\n<li>Temperatura de funcionamiento: m\u00e1x. 130\u00b0C<\/li>\n<\/ul>\n<p><img decoding=\"async\" src=\"https:\/\/alphadynamic.eu\/wp-content\/uploads\/2020\/10\/composition-codes.jpg\" \/><\/p>\n<p>&nbsp;<\/p>\n<p>&nbsp;<\/p>\n<p>[\/vc_column_text][vc_row_inner gap=\u00bb4&#8243; el_id=\u00bbpics\u00bb][vc_column_inner width=\u00bb1\/4&#8243;][\/vc_column_inner][vc_column_inner width=\u00bb1\/4&#8243;][\/vc_column_inner][vc_column_inner width=\u00bb1\/4&#8243;][\/vc_column_inner][vc_column_inner width=\u00bb1\/4&#8243;][\/vc_column_inner][\/vc_row_inner][\/vc_tta_section][vc_tta_section title=\u00bbVENTAJAS\u00bb tab_id=\u00bbmaterialse7de-54a7b385-a1ed\u00bb el_class=\u00bbtab2&#8243;][vc_column_text]<span style=\"color: #ed1c24;\"><strong>Disponibles en PP, PP + CF, PVDF, aluminio y acero inoxidable AISI 316<\/strong><\/span><\/p>\n<h5>Caracter\u00edsticas<\/h5>\n<p>\u2981 Maximo rendimiento<br \/>\n\u2981 Dise\u00f1o ecol\u00f3gico, consumo de aire econ\u00f3mico.<br \/>\n\u2981 Alto rendimiento en presi\u00f3n y caudal<br \/>\n\u2981 No requiere lubricaci\u00f3n<br \/>\n\u2981 Nuevo dise\u00f1o de v\u00e1lvula de aire con paso de aire totalmente controlado<br \/>\n\u2981 F\u00e1cil desmontaje y montaje de nuevo<br \/>\n\u2981 Diafragmas de nueva generaci\u00f3n con pist\u00f3n integrado<br \/>\n\u2981 Diafragmas PTFE de nueva generaci\u00f3n y dise\u00f1o especial con pist\u00f3n integrado de larga duraci\u00f3n (compuesto)<br \/>\n\u2981 Diafragmas de PTFE-A de alta calidad que ofrecen un caudal a\u00fan mayor, adecuados para productos qu\u00edmicos muy exigentes y aplicaciones dif\u00edciles con carga mec\u00e1nica<br \/>\n\u2981 Posibilidad de inmersi\u00f3n (bajo petici\u00f3n)<br \/>\n\u2981 F\u00e1cil inversi\u00f3n del colector<br \/>\n\u2981 Succi\u00f3n automatica<br \/>\n\u2981 Tambi\u00e9n est\u00e1n disponibles con doble entrada y salida<\/p>\n<div class=\"wpb_text_column wpb_content_element \">\n<div class=\"wpb_wrapper\">\n<h5>V\u00e1lvula de aire innovadora de las bombas de Ruby<\/h5>\n<p><img decoding=\"async\" loading=\"lazy\" class=\"alignright wp-image-878 size-medium\" src=\"https:\/\/alphadynamic.eu\/wp-content\/uploads\/2018\/11\/ruby-feautures-1-300x109.jpg\" sizes=\"(max-width: 300px) 100vw, 300px\" srcset=\"https:\/\/alphadynamic.eu\/wp-content\/uploads\/2018\/11\/ruby-feautures-1-300x109.jpg 300w, https:\/\/www.alphadynamic.eu\/wp-content\/uploads\/2018\/11\/ruby-feautures-1-768x279.jpg 768w, https:\/\/www.alphadynamic.eu\/wp-content\/uploads\/2018\/11\/ruby-feautures-1-1024x372.jpg 1024w, https:\/\/www.alphadynamic.eu\/wp-content\/uploads\/2018\/11\/ruby-feautures-1.jpg 1026w\" alt=\"\" width=\"300\" height=\"109\" \/>El coraz\u00f3n de las bombas Ruby es una v\u00e1lvula de aire inovadora, de dise\u00f1o nuevo.<br \/>\nRespondiendo a las necesidades actuales de productos mejores y m\u00e1s confiables, respetando y protegiendo el medio ambiente, la v\u00e1lvula de aire de las bombas Ruby ha sido cuidadosamente dise\u00f1ada para ofrecer:<\/p>\n<ul>\n<li>Operaci\u00f3n sin lubricaci\u00f3n<\/li>\n<li>Necesidad de mantenimiento limitada<\/li>\n<li>Resistencia a la contaminaci\u00f3n del aire comprimido<\/li>\n<li>Ahorro de energ\u00eda<\/li>\n<li>Operaci\u00f3n en ambiente externo<\/li>\n<li>Operaci\u00f3n sin parar<\/li>\n<li>Larga vida \u00fatil<\/li>\n<li>Fiabilidad<\/li>\n<\/ul>\n<h5>Diafragmas de nueva generaci\u00f3n con las siguientes caracter\u00edsticas:<\/h5>\n<p><img decoding=\"async\" loading=\"lazy\" class=\"alignright wp-image-880 size-medium\" src=\"https:\/\/alphadynamic.eu\/wp-content\/uploads\/2018\/11\/ruby-feautures-2-300x210.jpg\" sizes=\"(max-width: 300px) 100vw, 300px\" srcset=\"https:\/\/alphadynamic.eu\/wp-content\/uploads\/2018\/11\/ruby-feautures-2-300x210.jpg 300w, https:\/\/www.alphadynamic.eu\/wp-content\/uploads\/2018\/11\/ruby-feautures-2.jpg 394w\" alt=\"\" width=\"300\" height=\"210\" \/><\/p>\n<ul>\n<li>F\u00e1cil instalaci\u00f3n y mantenimiento.<\/li>\n<li>Excelente duraci\u00f3n de vida<\/li>\n<li>Vida cinco veces mayor en comparaci\u00f3n con los diafragmas cl\u00e1sicos.<\/li>\n<li>Costos m\u00ednimos de reparaci\u00f3n<\/li>\n<li>Mejora de la eficiencia<\/li>\n<li>Mayor desplazamiento por ciclo<\/li>\n<li>Sin agujero interior evitando fugas<\/li>\n<li>El eje central no necesita estar bloqueado<\/li>\n<li>Atornillado y desatornillado sin herramientas<\/li>\n<\/ul>\n<\/div>\n<\/div>\n<div class=\"wpb_single_image wpb_content_element vc_align_left\">\n<figure class=\"wpb_wrapper vc_figure\">\n<div class=\"vc_single_image-wrapper vc_box_border_grey\"><\/div>\n<\/figure>\n<\/div>\n<p>[\/vc_column_text][vc_single_image image=\u00bb63320&#8243; img_size=\u00bblarge\u00bb image_hovers=\u00bbfalse\u00bb][\/vc_tta_section][vc_tta_section title=\u00bbINSTALACI\u00d3N\u00bb tab_id=\u00bbinstallatione7de-54a7b385-a1ed\u00bb el_class=\u00bbtab3&#8243;][vc_single_image image=\u00bb96443&#8243; img_size=\u00bbfull\u00bb onclick=\u00bblink_image\u00bb image_hovers=\u00bbfalse\u00bb][\/vc_tta_section][\/vc_tta_tabs][\/vc_column][\/vc_row][vc_row disable_element=\u00bbyes\u00bb el_id=\u00bbproducts2list\u00bb][vc_column][\/vc_column][\/vc_row]<\/p>\n","protected":false},"excerpt":{"rendered":"","protected":false},"author":4,"featured_media":69755,"parent":56662,"menu_order":0,"comment_status":"closed","ping_status":"closed","template":"","meta":[],"acf":[],"_links":{"self":[{"href":"https:\/\/alphadynamic.eu\/es\/wp-json\/wp\/v2\/pages\/41620"}],"collection":[{"href":"https:\/\/alphadynamic.eu\/es\/wp-json\/wp\/v2\/pages"}],"about":[{"href":"https:\/\/alphadynamic.eu\/es\/wp-json\/wp\/v2\/types\/page"}],"author":[{"embeddable":true,"href":"https:\/\/alphadynamic.eu\/es\/wp-json\/wp\/v2\/users\/4"}],"replies":[{"embeddable":true,"href":"https:\/\/alphadynamic.eu\/es\/wp-json\/wp\/v2\/comments?post=41620"}],"version-history":[{"count":1,"href":"https:\/\/alphadynamic.eu\/es\/wp-json\/wp\/v2\/pages\/41620\/revisions"}],"predecessor-version":[{"id":165785,"href":"https:\/\/alphadynamic.eu\/es\/wp-json\/wp\/v2\/pages\/41620\/revisions\/165785"}],"up":[{"embeddable":true,"href":"https:\/\/alphadynamic.eu\/es\/wp-json\/wp\/v2\/pages\/56662"}],"wp:featuredmedia":[{"embeddable":true,"href":"https:\/\/alphadynamic.eu\/es\/wp-json\/wp\/v2\/media\/69755"}],"wp:attachment":[{"href":"https:\/\/alphadynamic.eu\/es\/wp-json\/wp\/v2\/media?parent=41620"}],"curies":[{"name":"wp","href":"https:\/\/api.w.org\/{rel}","templated":true}]}}