{"id":56662,"date":"2021-10-06T15:58:04","date_gmt":"2021-10-06T12:58:04","guid":{"rendered":"https:\/\/alphadynamic.eu\/?page_id=56662"},"modified":"2025-07-06T11:13:12","modified_gmt":"2025-07-06T08:13:12","slug":"products","status":"publish","type":"page","link":"https:\/\/alphadynamic.eu\/es\/products\/","title":{"rendered":"PRODUCTOS"},"content":{"rendered":"<p>[vc_section full_width=\u00bbstretch_row_content\u00bb el_class=\u00bbmain-cats\u00bb][vc_row gap=\u00bb30&#8243; equal_height=\u00bbyes\u00bb css=\u00bb.vc_custom_1633072930807{margin-top: 15px !important;margin-bottom: 15px !important;}\u00bb][vc_column css_animation=\u00bbfadeInUp\u00bb width=\u00bb1\/3&#8243; css=\u00bb.vc_custom_1633076760100{padding-top: 0px !important;background-color: #ffffff !important;}\u00bb][vc_row_inner equal_height=\u00bbyes\u00bb][vc_column_inner el_class=\u00bbcat-img\u00bb width=\u00bb1\/2&#8243; css=\u00bb.vc_custom_1751789588625{background-image: url(https:\/\/alphadynamic.eu\/wp-content\/uploads\/2025\/07\/ruby-140-aisi-316.jpg?id=180690) !important;background-position: center !important;background-repeat: no-repeat !important;background-size: cover !important;}\u00bb][\/vc_column_inner][vc_column_inner width=\u00bb1\/2&#8243; css=\u00bb.vc_custom_1633076102661{margin-top: 22px !important;padding-right: 25px !important;padding-left: 25px !important;}\u00bb][vc_single_image image=\u00bb66166&#8243; img_size=\u00bbfull\u00bb][vc_custom_heading text=\u00bbRuby<br \/>\nBombas De Aire De Diafragma\u00bb font_container=\u00bbtag:h6|font_size:14px|text_align:left|color:%23000000|line_height:29px\u00bb use_theme_fonts=\u00bbyes\u00bb css=\u00bb.vc_custom_1636468059950{margin-bottom: 20px !important;}\u00bb][vc_single_image image=\u00bb55794&#8243; img_size=\u00bbfull\u00bb css=\u00bb.vc_custom_1632988663316{margin-bottom: 7px !important;}\u00bb][vc_column_text]La nueva serie de bombas de diafragma de Ruby con un dise\u00f1o completamente nuevo, que ofrece capacidades de bombeo mejoradas.[\/vc_column_text][vc_btn title=\u00bbLee mas\u00bb style=\u00bbcustom\u00bb custom_background=\u00bb#ffffff\u00bb custom_text=\u00bb#e41000&#8243; shape=\u00bbsquare\u00bb align=\u00bbleft\u00bb i_align=\u00bbright\u00bb i_type=\u00bbtypicons\u00bb i_icon_typicons=\u00bbtypcn typcn-arrow-right-thick\u00bb add_icon=\u00bbtrue\u00bb el_class=\u00bbbutton-readmore2&#8243; link=\u00bburl:https%3A%2F%2Falphadynamic.eu%2Fes%2Fproducts%2Fruby-air-operated-diaphragm-pump-new%2F|title:Ruby%20%E2%80%93%20Air%20Operated%20Diaphragm%20Pump||\u00bb][\/vc_column_inner][\/vc_row_inner][\/vc_column][vc_column css_animation=\u00bbfadeInUp\u00bb width=\u00bb1\/3&#8243; css=\u00bb.vc_custom_1633076517435{padding-top: 0px !important;background-color: #ffffff !important;}\u00bb][vc_row_inner equal_height=\u00bbyes\u00bb][vc_column_inner el_class=\u00bbcat-img\u00bb width=\u00bb1\/2&#8243; css=\u00bb.vc_custom_1638354319173{background-image: url(https:\/\/alphadynamic.eu\/wp-content\/uploads\/2021\/11\/\u03a0\u03c1\u03bf\u03c3\u03b1\u03c1\u03bc\u03bf\u03c3\u03bc\u03b5\u0301\u03bd\u03b5\u03c2-\u03b4\u03b9\u03b1\u03c3\u03c4\u03b1\u0301\u03c3\u03b5\u03b9\u03c2-749&#215;459-px-11-min.jpeg?id=61703) !important;background-position: center !important;background-repeat: no-repeat !important;background-size: cover !important;}\u00bb][\/vc_column_inner][vc_column_inner width=\u00bb1\/2&#8243; css=\u00bb.vc_custom_1633076148165{margin-top: 22px !important;padding-right: 25px !important;padding-left: 25px !important;}\u00bb][vc_single_image image=\u00bb94871&#8243; img_size=\u00bbfull\u00bb][vc_custom_heading text=\u00bbRubyShine FDA<br \/>\nBombas De Aire De Diafragma\u00bb font_container=\u00bbtag:h6|font_size:14px|text_align:left|color:%23000000|line_height:29px\u00bb use_theme_fonts=\u00bbyes\u00bb css=\u00bb.vc_custom_1705738902473{margin-bottom: 20px !important;}\u00bb][vc_single_image image=\u00bb55794&#8243; img_size=\u00bbfull\u00bb css=\u00bb.vc_custom_1632988663316{margin-bottom: 7px !important;}\u00bb][vc_column_text]La nueva serie de bombas de diafragma de Ruby con un dise\u00f1o completamente nuevo, ofrece capacidades de bombeo mejoradas.[\/vc_column_text][vc_btn title=\u00bbLee mas\u00bb style=\u00bbcustom\u00bb custom_background=\u00bb#ffffff\u00bb custom_text=\u00bb#e41000&#8243; shape=\u00bbsquare\u00bb align=\u00bbleft\u00bb i_align=\u00bbright\u00bb i_type=\u00bbtypicons\u00bb i_icon_typicons=\u00bbtypcn typcn-arrow-right-thick\u00bb add_icon=\u00bbtrue\u00bb el_class=\u00bbbutton-readmore2&#8243; link=\u00bburl:https%3A%2F%2Falphadynamic.eu%2Fes%2Fproducts%2Fruby-fda-air-operated-diaphragm-pump%2F|title:Ruby%20FDA%20%E2%80%93%20Air%20Operated%20Diaphragm%20Pump||\u00bb][\/vc_column_inner][\/vc_row_inner][\/vc_column][vc_column css_animation=\u00bbfadeInUp\u00bb width=\u00bb1\/3&#8243; css=\u00bb.vc_custom_1633076530357{padding-top: 0px !important;background-color: #ffffff !important;}\u00bb][vc_row_inner equal_height=\u00bbyes\u00bb][vc_column_inner el_class=\u00bbcat-img\u00bb width=\u00bb1\/2&#8243; css=\u00bb.vc_custom_1749923965957{background-image: url(https:\/\/alphadynamic.eu\/wp-content\/uploads\/2025\/06\/PERISTALTIC-APPLICATION.jpg?id=177571) !important;background-position: center !important;background-repeat: no-repeat !important;background-size: cover !important;}\u00bb][\/vc_column_inner][vc_column_inner width=\u00bb1\/2&#8243; css=\u00bb.vc_custom_1633076102661{margin-top: 22px !important;padding-right: 25px !important;padding-left: 25px !important;}\u00bb][vc_single_image image=\u00bb177582&#8243; img_size=\u00bbfull\u00bb][vc_custom_heading text=\u00bbNAYARA<br \/>\nBombas Perist\u00e1lticas\u00bb font_container=\u00bbtag:h6|font_size:14px|text_align:left|color:%23000000|line_height:29px\u00bb use_theme_fonts=\u00bbyes\u00bb css=\u00bb.vc_custom_1750957284381{margin-bottom: 20px !important;}\u00bb][vc_single_image image=\u00bb55794&#8243; img_size=\u00bbfull\u00bb css=\u00bb.vc_custom_1632988663316{margin-bottom: 7px !important;}\u00bb][vc_column_text]Las bombas Peist\u00e1lticas NAYARA son bombas extremadamente robustas, ideales para operaciones de servicio pesado en ciclos de trabajo intermitentes o continuos.[\/vc_column_text][vc_btn title=\u00bbLee mas\u00bb style=\u00bbcustom\u00bb custom_background=\u00bb#ffffff\u00bb custom_text=\u00bb#e41000&#8243; shape=\u00bbsquare\u00bb align=\u00bbleft\u00bb i_align=\u00bbright\u00bb i_type=\u00bbtypicons\u00bb i_icon_typicons=\u00bbtypcn typcn-arrow-right-thick\u00bb add_icon=\u00bbtrue\u00bb el_class=\u00bbbutton-readmore2&#8243; link=\u00bburl:https%3A%2F%2Falphadynamic.eu%2Fes%2Fproducts%2Fperistaltic-pump%2F|title:Ruby%20%E2%80%93%20Air%20Operated%20Diaphragm%20Pump\u00bb][\/vc_column_inner][\/vc_row_inner][\/vc_column][\/vc_row][vc_row gap=\u00bb30&#8243; equal_height=\u00bbyes\u00bb css=\u00bb.vc_custom_1633072930807{margin-top: 15px !important;margin-bottom: 15px !important;}\u00bb][vc_column css_animation=\u00bbfadeInUp\u00bb width=\u00bb1\/3&#8243; css=\u00bb.vc_custom_1633076517435{padding-top: 0px !important;background-color: #ffffff !important;}\u00bb][vc_row_inner equal_height=\u00bbyes\u00bb][vc_column_inner el_class=\u00bbcat-img\u00bb width=\u00bb1\/2&#8243; css=\u00bb.vc_custom_1749924018003{background-image: url(https:\/\/alphadynamic.eu\/wp-content\/uploads\/2025\/06\/rrubypharma-applications-honey.png?id=177590) !important;background-position: center !important;background-repeat: no-repeat !important;background-size: cover !important;}\u00bb][\/vc_column_inner][vc_column_inner width=\u00bb1\/2&#8243; css=\u00bb.vc_custom_1633076148165{margin-top: 22px !important;padding-right: 25px !important;padding-left: 25px !important;}\u00bb][vc_single_image image=\u00bb177610&#8243; img_size=\u00bbfull\u00bb][vc_custom_heading text=\u00bbRubyPharma\u00bb font_container=\u00bbtag:h6|font_size:14px|text_align:left|color:%23000000|line_height:29px\u00bb use_theme_fonts=\u00bbyes\u00bb css=\u00bb.vc_custom_1748534719053{margin-bottom: 20px !important;}\u00bb][vc_single_image image=\u00bb55794&#8243; img_size=\u00bbfull\u00bb css=\u00bb.vc_custom_1632988663316{margin-bottom: 7px !important;}\u00bb][vc_column_text]La nueva serie de bombas de diafragma de Ruby con un dise\u00f1o completamente nuevo, ofrece capacidades de bombeo mejoradas.[\/vc_column_text][vc_btn title=\u00bbLee mas\u00bb style=\u00bbcustom\u00bb custom_background=\u00bb#ffffff\u00bb custom_text=\u00bb#e41000&#8243; shape=\u00bbsquare\u00bb align=\u00bbleft\u00bb i_align=\u00bbright\u00bb i_type=\u00bbtypicons\u00bb i_icon_typicons=\u00bbtypcn typcn-arrow-right-thick\u00bb add_icon=\u00bbtrue\u00bb el_class=\u00bbbutton-readmore2&#8243; link=\u00bburl:https%3A%2F%2Falphadynamic.eu%2Fes%2Fproducts%2Frubypharma%2F|title:Ruby%20FDA%20%E2%80%93%20Air%20Operated%20Diaphragm%20Pump\u00bb][\/vc_column_inner][\/vc_row_inner][\/vc_column][vc_column css_animation=\u00bbfadeInUp\u00bb width=\u00bb1\/3&#8243; css=\u00bb.vc_custom_1633076760100{padding-top: 0px !important;background-color: #ffffff !important;}\u00bb][vc_row_inner equal_height=\u00bbyes\u00bb][vc_column_inner el_class=\u00bbcat-img\u00bb width=\u00bb1\/2&#8243; css=\u00bb.vc_custom_1638354444686{background-image: url(https:\/\/alphadynamic.eu\/wp-content\/uploads\/2021\/11\/\u03a0\u03c1\u03bf\u03c3\u03b1\u03c1\u03bc\u03bf\u03c3\u03bc\u03b5\u0301\u03bd\u03b5\u03c2-\u03b4\u03b9\u03b1\u03c3\u03c4\u03b1\u0301\u03c3\u03b5\u03b9\u03c2-749&#215;459-px-19-min.jpeg?id=61984) !important;background-position: center !important;background-repeat: no-repeat !important;background-size: cover !important;}\u00bb][\/vc_column_inner][vc_column_inner width=\u00bb1\/2&#8243; css=\u00bb.vc_custom_1633076161044{margin-top: 22px !important;padding-right: 25px !important;padding-left: 25px !important;}\u00bb][vc_single_image image=\u00bb69903&#8243; img_size=\u00bbfull\u00bb][vc_custom_heading text=\u00bbADM<br \/>\nBombas de acionamento magn\u00e9tico\u00bb font_container=\u00bbtag:h6|font_size:14px|text_align:left|color:%23000000|line_height:29px\u00bb use_theme_fonts=\u00bbyes\u00bb css=\u00bb.vc_custom_1643136847336{margin-bottom: 20px !important;}\u00bb][vc_single_image image=\u00bb55794&#8243; img_size=\u00bbfull\u00bb css=\u00bb.vc_custom_1632988663316{margin-bottom: 7px !important;}\u00bb][vc_column_text]El dise\u00f1o moderno de las bombas centr\u00edfugas de acoplamiento magn\u00e9tico ADM ofrece seguridad garantizada y fiabilidad absoluta.[\/vc_column_text][vc_btn title=\u00bbLee mas\u00bb style=\u00bbcustom\u00bb custom_background=\u00bb#ffffff\u00bb custom_text=\u00bb#e41000&#8243; shape=\u00bbsquare\u00bb align=\u00bbleft\u00bb i_align=\u00bbright\u00bb i_type=\u00bbtypicons\u00bb i_icon_typicons=\u00bbtypcn typcn-arrow-right-thick\u00bb add_icon=\u00bbtrue\u00bb el_class=\u00bbbutton-readmore2&#8243; link=\u00bburl:https%3A%2F%2Falphadynamic.eu%2Fes%2Fproducts%2Fadm-magnetic-drive-centrifugal-pump%2F|title:ADM%20%E2%80%93%20Magnetic%20Drive%20Centrifugal%20Pump||\u00bb][\/vc_column_inner][\/vc_row_inner][\/vc_column][vc_column css_animation=\u00bbfadeInUp\u00bb width=\u00bb1\/3&#8243; css=\u00bb.vc_custom_1633076530357{padding-top: 0px !important;background-color: #ffffff !important;}\u00bb][vc_row_inner equal_height=\u00bbyes\u00bb][vc_column_inner el_class=\u00bbcat-img\u00bb width=\u00bb1\/2&#8243; css=\u00bb.vc_custom_1638354517955{background-image: url(https:\/\/alphadynamic.eu\/wp-content\/uploads\/2021\/11\/\u03a0\u03c1\u03bf\u03c3\u03b1\u03c1\u03bc\u03bf\u03c3\u03bc\u03b5\u0301\u03bd\u03b5\u03c2-\u03b4\u03b9\u03b1\u03c3\u03c4\u03b1\u0301\u03c3\u03b5\u03b9\u03c2-749&#215;459-px-15-min.jpeg?id=61903) !important;background-position: center !important;background-repeat: no-repeat !important;background-size: cover !important;}\u00bb][\/vc_column_inner][vc_column_inner width=\u00bb1\/2&#8243; css=\u00bb.vc_custom_1633076915640{margin-top: 22px !important;padding-right: 25px !important;padding-left: 25px !important;}\u00bb][vc_single_image image=\u00bb69911&#8243; img_size=\u00bbfull\u00bb][vc_custom_heading text=\u00bbADH<br \/>\nBomba Centr\u00edfuga Horizontal\u00bb font_container=\u00bbtag:h6|font_size:14px|text_align:left|color:%23000000|line_height:29px\u00bb use_theme_fonts=\u00bbyes\u00bb css=\u00bb.vc_custom_1636468127726{margin-bottom: 20px !important;}\u00bb][vc_single_image image=\u00bb55794&#8243; img_size=\u00bbfull\u00bb css=\u00bb.vc_custom_1632988663316{margin-bottom: 7px !important;}\u00bb][vc_column_text]Bombas de impulsor al aire libre de alta calidad, ideales para transportar los l\u00edquidos corrosivos m\u00e1s fuertes.\u00a0 \u00a0 \u00a0 \u00a0 \u00a0 \u00a0 \u00a0 \u00a0 \u00a0 \u00a0 \u00a0 \u00a0 \u00a0 \u00a0 \u00a0 \u00a0 \u00a0 \u00a0 \u00a0 \u00a0 \u00a0<span style=\"color: #ffffff;\"> \u00a0 \u00a0.<\/span>[\/vc_column_text][vc_btn title=\u00bbLee mas\u00bb style=\u00bbcustom\u00bb custom_background=\u00bb#ffffff\u00bb custom_text=\u00bb#e41000&#8243; shape=\u00bbsquare\u00bb align=\u00bbleft\u00bb i_align=\u00bbright\u00bb i_type=\u00bbtypicons\u00bb i_icon_typicons=\u00bbtypcn typcn-arrow-right-thick\u00bb add_icon=\u00bbtrue\u00bb el_class=\u00bbbutton-readmore2&#8243; link=\u00bburl:https%3A%2F%2Falphadynamic.eu%2Fes%2Fproducts%2Fadh-horizontal-centrifigual-pump%2F|title:ADH%20%E2%80%93%20Horizontal%20Centrifugal%20Pump||\u00bb][\/vc_column_inner][\/vc_row_inner][\/vc_column][\/vc_row][vc_row gap=\u00bb30&#8243; equal_height=\u00bbyes\u00bb css=\u00bb.vc_custom_1633072970943{margin-top: 15px !important;margin-bottom: 15px !important;}\u00bb][vc_column css_animation=\u00bbfadeInUp\u00bb width=\u00bb1\/3&#8243; css=\u00bb.vc_custom_1633076587877{padding-top: 0px !important;background-color: #ffffff !important;}\u00bb][vc_row_inner equal_height=\u00bbyes\u00bb][vc_column_inner el_class=\u00bbcat-img\u00bb width=\u00bb1\/2&#8243; css=\u00bb.vc_custom_1638354591828{background-image: url(https:\/\/alphadynamic.eu\/wp-content\/uploads\/2021\/11\/\u03a0\u03c1\u03bf\u03c3\u03b1\u03c1\u03bc\u03bf\u03c3\u03bc\u03b5\u0301\u03bd\u03b5\u03c2-\u03b4\u03b9\u03b1\u03c3\u03c4\u03b1\u0301\u03c3\u03b5\u03b9\u03c2-749&#215;459-px-16-min.jpeg?id=61910) !important;background-position: center !important;background-repeat: no-repeat !important;background-size: cover !important;}\u00bb][\/vc_column_inner][vc_column_inner width=\u00bb1\/2&#8243; css=\u00bb.vc_custom_1633076186852{margin-top: 22px !important;padding-right: 25px !important;padding-left: 25px !important;}\u00bb][vc_single_image image=\u00bb69918&#8243; img_size=\u00bbfull\u00bb][vc_custom_heading text=\u00bbADV<br \/>\nBomba Centr\u00edfuga Vertical\u00bb font_container=\u00bbtag:h6|font_size:14px|text_align:left|color:%23000000|line_height:29px\u00bb use_theme_fonts=\u00bbyes\u00bb css=\u00bb.vc_custom_1636468143398{margin-bottom: 20px !important;}\u00bb][vc_single_image image=\u00bb55794&#8243; img_size=\u00bbfull\u00bb css=\u00bb.vc_custom_1632988663316{margin-bottom: 7px !important;}\u00bb][vc_column_text]Las bombas verticales ADV est\u00e1n construidas de tal manera que son adecuadas para la suspensi\u00f3n vertical en tanques.[\/vc_column_text][vc_btn title=\u00bbLee mas\u00bb style=\u00bbcustom\u00bb custom_background=\u00bb#ffffff\u00bb custom_text=\u00bb#e41000&#8243; shape=\u00bbsquare\u00bb align=\u00bbleft\u00bb i_align=\u00bbright\u00bb i_type=\u00bbtypicons\u00bb i_icon_typicons=\u00bbtypcn typcn-arrow-right-thick\u00bb add_icon=\u00bbtrue\u00bb el_class=\u00bbbutton-readmore2&#8243; link=\u00bburl:https%3A%2F%2Falphadynamic.eu%2Fes%2Fproducts%2Fadv-vertical-centrifugal-pump%2F|title:ADV%20%E2%80%93%20Vertical%20Centrifugal%20Pump||\u00bb][\/vc_column_inner][\/vc_row_inner][\/vc_column][vc_column css_animation=\u00bbfadeInUp\u00bb width=\u00bb1\/3&#8243; css=\u00bb.vc_custom_1633076601426{padding-top: 0px !important;background-color: #ffffff !important;}\u00bb][vc_row_inner equal_height=\u00bbyes\u00bb][vc_column_inner el_class=\u00bbcat-img\u00bb width=\u00bb1\/2&#8243; css=\u00bb.vc_custom_1638354688089{background-image: url(https:\/\/alphadynamic.eu\/wp-content\/uploads\/2021\/11\/\u03a0\u03c1\u03bf\u03c3\u03b1\u03c1\u03bc\u03bf\u03c3\u03bc\u03b5\u0301\u03bd\u03b5\u03c2-\u03b4\u03b9\u03b1\u03c3\u03c4\u03b1\u0301\u03c3\u03b5\u03b9\u03c2-749&#215;459-px-23.jpeg?id=62076) !important;background-position: center !important;background-repeat: no-repeat !important;background-size: cover !important;}\u00bb][\/vc_column_inner][vc_column_inner width=\u00bb1\/2&#8243; css=\u00bb.vc_custom_1633076221101{margin-top: 22px !important;padding-right: 25px !important;padding-left: 25px !important;}\u00bb][vc_single_image image=\u00bb69925&#8243; img_size=\u00bbfull\u00bb][vc_custom_heading text=\u00bbAD<br \/>\nBomba De Impulsor Flexible\u00bb font_container=\u00bbtag:h6|font_size:14px|text_align:left|color:%23000000|line_height:29px\u00bb use_theme_fonts=\u00bbyes\u00bb css=\u00bb.vc_custom_1636468168178{margin-bottom: 20px !important;}\u00bb][vc_single_image image=\u00bb55794&#8243; img_size=\u00bbfull\u00bb css=\u00bb.vc_custom_1632988663316{margin-bottom: 7px !important;}\u00bb][vc_column_text]<\/p>\n<p style=\"text-align: left;\">Ideal para el transporte de l\u00edquidos sensibles, viscosos y viscosos.\u00a0 \u00a0 \u00a0 \u00a0 \u00a0 \u00a0 \u00a0 \u00a0 \u00a0 \u00a0 \u00a0 \u00a0 \u00a0 \u00a0 \u00a0 \u00a0 \u00a0 \u00a0 \u00a0 \u00a0 \u00a0 \u00a0 \u00a0 \u00a0 \u00a0 \u00a0 \u00a0 \u00a0 \u00a0 \u00a0 \u00a0 \u00a0 \u00a0 \u00a0 \u00a0 \u00a0 \u00a0 \u00a0 \u00a0 \u00a0 \u00a0 \u00a0 \u00a0 \u00a0 \u00a0 \u00a0 \u00a0 \u00a0 \u00a0\u00a0<span style=\"color: #ffffff;\"> \u00a0.<\/span><\/p>\n<p>[\/vc_column_text][vc_btn title=\u00bbLee mas\u00bb style=\u00bbcustom\u00bb custom_background=\u00bb#ffffff\u00bb custom_text=\u00bb#e41000&#8243; shape=\u00bbsquare\u00bb align=\u00bbleft\u00bb i_align=\u00bbright\u00bb i_type=\u00bbtypicons\u00bb i_icon_typicons=\u00bbtypcn typcn-arrow-right-thick\u00bb add_icon=\u00bbtrue\u00bb el_class=\u00bbbutton-readmore2&#8243; link=\u00bburl:https%3A%2F%2Falphadynamic.eu%2Fes%2Fproducts%2Fad-flexible-impeller-pump%2F|title:AD%20%E2%80%93%20Flexible%20Impeller%20Pump||\u00bb][\/vc_column_inner][\/vc_row_inner][\/vc_column][vc_column css_animation=\u00bbfadeInUp\u00bb width=\u00bb1\/3&#8243; css=\u00bb.vc_custom_1633076610637{padding-top: 0px !important;background-color: #ffffff !important;}\u00bb][vc_row_inner equal_height=\u00bbyes\u00bb][vc_column_inner el_class=\u00bbcat-img\u00bb width=\u00bb1\/2&#8243; css=\u00bb.vc_custom_1691094271369{background-image: url(https:\/\/alphadynamic.eu\/wp-content\/uploads\/2023\/08\/1.jpg?id=92449) !important;background-position: center !important;background-repeat: no-repeat !important;background-size: cover !important;}\u00bb][\/vc_column_inner][vc_column_inner width=\u00bb1\/2&#8243; css=\u00bb.vc_custom_1633076232677{margin-top: 22px !important;padding-right: 25px !important;padding-left: 25px !important;}\u00bb][vc_single_image image=\u00bb60519&#8243; img_size=\u00bbfull\u00bb][vc_custom_heading text=\u00bbATLAS<br \/>\nBomba De Cavidad Progresiva\u00bb font_container=\u00bbtag:h6|font_size:14px|text_align:left|color:%23000000|line_height:29px\u00bb use_theme_fonts=\u00bbyes\u00bb css=\u00bb.vc_custom_1636468184079{margin-bottom: 20px !important;}\u00bb][vc_single_image image=\u00bb55794&#8243; img_size=\u00bbfull\u00bb css=\u00bb.vc_custom_1632988663316{margin-bottom: 7px !important;}\u00bb][vc_column_text]Las bombas de cavidad progresiva (tipo Mono) ATLAS son adecuadas para l\u00edquidos viscosos.[\/vc_column_text][vc_btn title=\u00bbLee mas\u00bb style=\u00bbcustom\u00bb custom_background=\u00bb#ffffff\u00bb custom_text=\u00bb#e41000&#8243; shape=\u00bbsquare\u00bb align=\u00bbleft\u00bb i_align=\u00bbright\u00bb i_type=\u00bbtypicons\u00bb i_icon_typicons=\u00bbtypcn typcn-arrow-right-thick\u00bb add_icon=\u00bbtrue\u00bb el_class=\u00bbbutton-readmore2&#8243; link=\u00bburl:https%3A%2F%2Falphadynamic.eu%2Fes%2Fproducts%2Fatlas-progressive-cavity-pump%2F|title:ATLAS%20%E2%80%93%20Progressive%20cavity%20pump||\u00bb][\/vc_column_inner][\/vc_row_inner][\/vc_column][\/vc_row][vc_row gap=\u00bb30&#8243; equal_height=\u00bbyes\u00bb css=\u00bb.vc_custom_1633073054398{margin-top: 15px !important;margin-bottom: 15px !important;}\u00bb][vc_column css_animation=\u00bbfadeInUp\u00bb width=\u00bb1\/3&#8243; css=\u00bb.vc_custom_1633076619924{padding-top: 0px !important;background-color: #ffffff !important;}\u00bb][vc_row_inner equal_height=\u00bbyes\u00bb][vc_column_inner el_class=\u00bbcat-img\u00bb width=\u00bb1\/2&#8243; css=\u00bb.vc_custom_1638354942976{background-image: url(https:\/\/alphadynamic.eu\/wp-content\/uploads\/2021\/11\/\u03a0\u03c1\u03bf\u03c3\u03b1\u03c1\u03bc\u03bf\u03c3\u03bc\u03b5\u0301\u03bd\u03b5\u03c2-\u03b4\u03b9\u03b1\u03c3\u03c4\u03b1\u0301\u03c3\u03b5\u03b9\u03c2-749&#215;459-px-14-min.jpeg?id=61746) !important;background-position: center !important;background-repeat: no-repeat !important;background-size: cover !important;}\u00bb][\/vc_column_inner][vc_column_inner width=\u00bb1\/2&#8243; css=\u00bb.vc_custom_1633076244221{margin-top: 22px !important;padding-right: 25px !important;padding-left: 25px !important;}\u00bb][vc_single_image image=\u00bb60485&#8243; img_size=\u00bbfull\u00bb][vc_custom_heading text=\u00bbADPD<br \/>\nAmortiguador De Pulsaciones\u00bb font_container=\u00bbtag:h6|font_size:14px|text_align:left|color:%23000000|line_height:29px\u00bb use_theme_fonts=\u00bbyes\u00bb css=\u00bb.vc_custom_1636468206974{margin-bottom: 20px !important;}\u00bb][vc_single_image image=\u00bb55794&#8243; img_size=\u00bbfull\u00bb css=\u00bb.vc_custom_1632988663316{margin-bottom: 7px !important;}\u00bb][vc_column_text]La aplicaci\u00f3n de amortiguadores ADPD logra la reducci\u00f3n de pulsos y vibraciones.[\/vc_column_text][vc_btn title=\u00bbLee mas\u00bb style=\u00bbcustom\u00bb custom_background=\u00bb#ffffff\u00bb custom_text=\u00bb#e41000&#8243; shape=\u00bbsquare\u00bb align=\u00bbleft\u00bb i_align=\u00bbright\u00bb i_type=\u00bbtypicons\u00bb i_icon_typicons=\u00bbtypcn typcn-arrow-right-thick\u00bb add_icon=\u00bbtrue\u00bb el_class=\u00bbbutton-readmore2&#8243; link=\u00bburl:https%3A%2F%2Falphadynamic.eu%2Fes%2Fproducts%2Fadpd-pulsation-dampener%2F|title:ADPD%20%E2%80%93%20Pulsation%20dampener||\u00bb][\/vc_column_inner][\/vc_row_inner][\/vc_column][vc_column css_animation=\u00bbfadeInUp\u00bb width=\u00bb1\/3&#8243; css=\u00bb.vc_custom_1633076638197{padding-top: 0px !important;background-color: #ffffff !important;}\u00bb][vc_row_inner equal_height=\u00bbyes\u00bb][vc_column_inner el_class=\u00bbcat-img\u00bb width=\u00bb1\/2&#8243; css=\u00bb.vc_custom_1748938093652{background-image: url(https:\/\/alphadynamic.eu\/wp-content\/uploads\/2025\/06\/CLNAS2BMPBB6PLABCE7MMELIUA.jpg?id=176098) !important;background-position: center !important;background-repeat: no-repeat !important;background-size: cover !important;}\u00bb][\/vc_column_inner][vc_column_inner width=\u00bb1\/2&#8243; css=\u00bb.vc_custom_1633076244221{margin-top: 22px !important;padding-right: 25px !important;padding-left: 25px !important;}\u00bb][vc_single_image image=\u00bb176052&#8243; img_size=\u00bbfull\u00bb][vc_custom_heading text=\u00bbADE<br \/>\nBomba de Rodete Helicoidal\u00bb font_container=\u00bbtag:h6|font_size:14px|text_align:left|color:%23000000|line_height:29px\u00bb use_theme_fonts=\u00bbyes\u00bb css=\u00bb.vc_custom_1748933979998{margin-bottom: 20px !important;}\u00bb][vc_single_image image=\u00bb55794&#8243; img_size=\u00bbfull\u00bb css=\u00bb.vc_custom_1632988663316{margin-bottom: 7px !important;}\u00bb][vc_column_text]La\u00a0<strong>bomba<\/strong> ADE <strong>de rodete helicoidal<\/strong>\u00a0es una bomba de altas prestaciones. \u00a0Es la soluci\u00f3n ideal para el\u00a0<strong>bombeo de producto mezcla de l\u00edquido y s\u00f3lido<\/strong>\u00a0o productos de viscosidad media, imposibles de bombear con una bomba centr\u00edfuga tradicional[\/vc_column_text][vc_btn title=\u00bbLee mas\u00bb style=\u00bbcustom\u00bb custom_background=\u00bb#ffffff\u00bb custom_text=\u00bb#e41000&#8243; shape=\u00bbsquare\u00bb align=\u00bbleft\u00bb i_align=\u00bbright\u00bb i_type=\u00bbtypicons\u00bb i_icon_typicons=\u00bbtypcn typcn-arrow-right-thick\u00bb add_icon=\u00bbtrue\u00bb el_class=\u00bbbutton-readmore2&#8243; link=\u00bburl:https%3A%2F%2Falphadynamic.eu%2Fes%2Fproducts%2Fade-helicoidal-pump%2F|title:ADPD%20%E2%80%93%20Pulsation%20dampener\u00bb][\/vc_column_inner][\/vc_row_inner][\/vc_column][vc_column css_animation=\u00bbfadeInUp\u00bb width=\u00bb1\/3&#8243; css=\u00bb.vc_custom_1633076630285{padding-top: 0px !important;background-color: #ffffff !important;}\u00bb][vc_row_inner equal_height=\u00bbyes\u00bb][vc_column_inner el_class=\u00bbcat-img\u00bb width=\u00bb1\/2&#8243; css=\u00bb.vc_custom_1638355054010{background-image: url(https:\/\/alphadynamic.eu\/wp-content\/uploads\/2021\/11\/\u03a0\u03c1\u03bf\u03c3\u03b1\u03c1\u03bc\u03bf\u03c3\u03bc\u03b5\u0301\u03bd\u03b5\u03c2-\u03b4\u03b9\u03b1\u03c3\u03c4\u03b1\u0301\u03c3\u03b5\u03b9\u03c2-749&#215;459-px-31-min.jpeg?id=62146) !important;background-position: center !important;background-repeat: no-repeat !important;background-size: cover !important;}\u00bb][\/vc_column_inner][vc_column_inner width=\u00bb1\/2&#8243; css=\u00bb.vc_custom_1633076256709{margin-top: 22px !important;padding-right: 25px !important;padding-left: 25px !important;}\u00bb][vc_single_image image=\u00bb60492&#8243; img_size=\u00bbfull\u00bb][vc_custom_heading text=\u00bbADF<br \/>\nMedidor De Flujo De Engranajes\u00bb font_container=\u00bbtag:h6|font_size:14px|text_align:left|color:%23000000|line_height:29px\u00bb use_theme_fonts=\u00bbyes\u00bb css=\u00bb.vc_custom_1643136910133{margin-bottom: 20px !important;}\u00bb][vc_single_image image=\u00bb55794&#8243; img_size=\u00bbfull\u00bb css=\u00bb.vc_custom_1632988663316{margin-bottom: 7px !important;}\u00bb][vc_column_text]Medidores de flujo calibrados de alta precisi\u00f3n Ideales para alta viscosidad.[\/vc_column_text][vc_btn title=\u00bbLee mas\u00bb style=\u00bbcustom\u00bb custom_background=\u00bb#ffffff\u00bb custom_text=\u00bb#e41000&#8243; shape=\u00bbsquare\u00bb align=\u00bbleft\u00bb i_align=\u00bbright\u00bb i_type=\u00bbtypicons\u00bb i_icon_typicons=\u00bbtypcn typcn-arrow-right-thick\u00bb add_icon=\u00bbtrue\u00bb el_class=\u00bbbutton-readmore2&#8243; link=\u00bburl:https%3A%2F%2Falphadynamic.eu%2Fes%2Fproducts%2Fadf-oval-gear-flowmeter%2F|title:ADF%20%E2%80%93%20Oval%20Gear%20Flowmeter||\u00bb][\/vc_column_inner][\/vc_row_inner][\/vc_column][\/vc_row][vc_row gap=\u00bb30&#8243; equal_height=\u00bbyes\u00bb][vc_column width=\u00bb1\/3&#8243;][\/vc_column][\/vc_row][\/vc_section][vc_row][vc_column][vc_column_text][\/vc_column_text][\/vc_column][\/vc_row]<\/p>\n","protected":false},"excerpt":{"rendered":"","protected":false},"author":4,"featured_media":0,"parent":0,"menu_order":0,"comment_status":"closed","ping_status":"closed","template":"","meta":[],"acf":[],"_links":{"self":[{"href":"https:\/\/alphadynamic.eu\/es\/wp-json\/wp\/v2\/pages\/56662"}],"collection":[{"href":"https:\/\/alphadynamic.eu\/es\/wp-json\/wp\/v2\/pages"}],"about":[{"href":"https:\/\/alphadynamic.eu\/es\/wp-json\/wp\/v2\/types\/page"}],"author":[{"embeddable":true,"href":"https:\/\/alphadynamic.eu\/es\/wp-json\/wp\/v2\/users\/4"}],"replies":[{"embeddable":true,"href":"https:\/\/alphadynamic.eu\/es\/wp-json\/wp\/v2\/comments?post=56662"}],"version-history":[{"count":12,"href":"https:\/\/alphadynamic.eu\/es\/wp-json\/wp\/v2\/pages\/56662\/revisions"}],"predecessor-version":[{"id":180707,"href":"https:\/\/alphadynamic.eu\/es\/wp-json\/wp\/v2\/pages\/56662\/revisions\/180707"}],"wp:attachment":[{"href":"https:\/\/alphadynamic.eu\/es\/wp-json\/wp\/v2\/media?parent=56662"}],"curies":[{"name":"wp","href":"https:\/\/api.w.org\/{rel}","templated":true}]}}