{"id":168047,"date":"2025-02-25T07:17:57","date_gmt":"2025-02-25T04:17:57","guid":{"rendered":"https:\/\/alphadynamic.eu\/?page_id=168047"},"modified":"2025-02-25T07:22:16","modified_gmt":"2025-02-25T04:22:16","slug":"ade-helicoidal-pump","status":"publish","type":"page","link":"https:\/\/alphadynamic.eu\/fr\/produits\/ade-helicoidal-pump\/","title":{"rendered":"ADE-Helicoidal pump"},"content":{"rendered":"<p>[vc_row el_id=\u00a0\u00bbpageTitle\u00a0\u00bb el_class=\u00a0\u00bbproductTitle\u00a0\u00bb][vc_column][vc_custom_heading source=\u00a0\u00bbpost_title\u00a0\u00bb font_container=\u00a0\u00bbtag:h1|font_size:24px|text_align:left|color:%23ed1c24|line_height:34px\u00a0\u00bb use_theme_fonts=\u00a0\u00bbyes\u00a0\u00bb][\/vc_column][\/vc_row][vc_row el_id=\u00a0\u00bbproductFinalTabs\u00a0\u00bb][vc_column][vc_tta_tabs style=\u00a0\u00bboutline\u00a0\u00bb shape=\u00a0\u00bbsquare\u00a0\u00bb color=\u00a0\u00bbwhite\u00a0\u00bb spacing=\u00a0\u00bb10&Prime; gap=\u00a0\u00bb5&Prime; active_section=\u00a0\u00bb1&Prime; no_fill_content_area=\u00a0\u00bbtrue\u00a0\u00bb][vc_tta_section title=\u00a0\u00bbADE-Helicoidal pump\u00a0\u00bb tab_id=\u00a0\u00bb1636543729970-c1b7d2ae-b6cd\u00a0\u00bb][vc_basic_grid post_type=\u00a0\u00bbpost\u00a0\u00bb max_items=\u00a0\u00bb-1&Prime; order=\u00a0\u00bbASC\u00a0\u00bb item=\u00a0\u00bb15218&Prime; grid_id=\u00a0\u00bbvc_gid:1740457318930-ccdc7d9b-19f3-7&Prime; taxonomies=\u00a0\u00bb11593&Prime;][\/vc_tta_section][vc_tta_section title=\u00a0\u00bbSPECIFICATIONS TECHNIQUES\u00a0\u00bb tab_id=\u00a0\u00bbtechical-data5eae-fcbc\u00a0\u00bb el_class=\u00a0\u00bbtab1&Prime;][vc_column_text]<\/p>\n<ul>\n<li>Contr\u00f4le automatique<\/li>\n<li>Appropri\u00e9s pour applications exigeantes<\/li>\n<li>Utilisation aux atmosph\u00e8res explosibles (ATEX Certifications)<\/li>\n<li>Utilisation aux environnements avec humidit\u00e9 \u00e9lev\u00e9e<\/li>\n<li>Op\u00e9ration utilisant air non lubrifiee2 \u00f7 7 BAR<\/li>\n<li>Large gamme des mat\u00e9riaux de fabrication, pour \u00eatre compatibles avec beaucoup de liquides<\/li>\n<li>Maintenance et r\u00e9paration simples<\/li>\n<li>Performance excellente<\/li>\n<\/ul>\n<p>[\/vc_column_text][\/vc_tta_section][vc_tta_section title=\u00a0\u00bbAVANTAGES\u00a0\u00bb tab_id=\u00a0\u00bbmaterials5eae-fcbc\u00a0\u00bb el_class=\u00a0\u00bbtab2&Prime;][vc_column_text]<span style=\"font-family: arial, helvetica, sans-serif; font-size: 12pt;\"><span style=\"color: #c00000;\"><b>Disponibles en PP, PVDF, Aluminium, Acier Inoxydable 316 et PPS (ryton)<\/b><\/span><\/span><\/p>\n<p>Les amortisseurs de pulsations peuvent \u00eatre utilis\u00e9s m\u00eame pour liquides qui contiennent parties solides en suspension et n\u2019ont pas besoin d\u2019\u00e9talonnage ou r\u00e9glage manuel pour fonctionner.<br \/>\nLeur capacit\u00e9 de r\u00e9duire les pulsations et les vibrations offre une excellente op\u00e9ration et un bon d\u00e9roulement du liquide.<br \/>\nLeur large gamme des mat\u00e9riaux de fabrication leur permet d\u2019\u00eatre utilis\u00e9s pour une large gamme des liquides avec qui ils ont une compatibilit\u00e9 chimique, tandis qu\u2019ils peuvent fonctionner aux atmosph\u00e8res possiblement explosives (CERTIFICATION ATEX). Les amortisseurs de pulsations disposent d\u2019une vanne pneumatique qui est li\u00e9e avec le diaphragme.<\/p>\n<p align=\"JUSTIFY\">A = C\u00f4t\u00e9\u00a0 du liquide<br \/>\nB = Diaphragme <img decoding=\"async\" loading=\"lazy\" class=\"size-medium wp-image-6609 alignright\" src=\"https:\/\/alphadynamic.eu\/wp-content\/uploads\/2019\/02\/DRAWING-264x300.jpg\" alt=\"\" width=\"264\" height=\"300\" srcset=\"https:\/\/alphadynamic.eu\/wp-content\/uploads\/2019\/02\/DRAWING-264x300.jpg 264w, https:\/\/alphadynamic.eu\/wp-content\/uploads\/2019\/02\/DRAWING.jpg 354w\" sizes=\"(max-width: 264px) 100vw, 264px\" \/><br \/>\nC = Vanne pneumatique automatique<br \/>\nD = C\u00f4t\u00e9 d\u2019air<\/p>\n<p>[\/vc_column_text][\/vc_tta_section][vc_tta_section title=\u00a0\u00bbINSTALLATION\u00a0\u00bb tab_id=\u00a0\u00bbinstallation5eae-fcbc\u00a0\u00bb el_class=\u00a0\u00bbtab3&Prime;][vc_column_text]Les amortisseurs de pulsations ADPD doivent \u00eatre plac\u00e9s \u00e0 la d\u00e9pression de la pompe ou l\u00e0 o\u00f9 il y a des pulsations de pression[\/vc_column_text][vc_single_image image=\u00a0\u00bb50943&Prime; img_size=\u00a0\u00bbfull\u00a0\u00bb alignment=\u00a0\u00bbcenter\u00a0\u00bb][\/vc_tta_section][\/vc_tta_tabs][\/vc_column][\/vc_row][vc_row disable_element=\u00a0\u00bbyes\u00a0\u00bb el_id=\u00a0\u00bbproducts2list\u00a0\u00bb][vc_column][\/vc_column][\/vc_row]<\/p>\n","protected":false},"excerpt":{"rendered":"","protected":false},"author":14,"featured_media":176060,"parent":56632,"menu_order":0,"comment_status":"closed","ping_status":"closed","template":"","meta":[],"acf":[],"_links":{"self":[{"href":"https:\/\/alphadynamic.eu\/fr\/wp-json\/wp\/v2\/pages\/168047"}],"collection":[{"href":"https:\/\/alphadynamic.eu\/fr\/wp-json\/wp\/v2\/pages"}],"about":[{"href":"https:\/\/alphadynamic.eu\/fr\/wp-json\/wp\/v2\/types\/page"}],"author":[{"embeddable":true,"href":"https:\/\/alphadynamic.eu\/fr\/wp-json\/wp\/v2\/users\/14"}],"replies":[{"embeddable":true,"href":"https:\/\/alphadynamic.eu\/fr\/wp-json\/wp\/v2\/comments?post=168047"}],"version-history":[{"count":3,"href":"https:\/\/alphadynamic.eu\/fr\/wp-json\/wp\/v2\/pages\/168047\/revisions"}],"predecessor-version":[{"id":168065,"href":"https:\/\/alphadynamic.eu\/fr\/wp-json\/wp\/v2\/pages\/168047\/revisions\/168065"}],"up":[{"embeddable":true,"href":"https:\/\/alphadynamic.eu\/fr\/wp-json\/wp\/v2\/pages\/56632"}],"wp:featuredmedia":[{"embeddable":true,"href":"https:\/\/alphadynamic.eu\/fr\/wp-json\/wp\/v2\/media\/176060"}],"wp:attachment":[{"href":"https:\/\/alphadynamic.eu\/fr\/wp-json\/wp\/v2\/media?parent=168047"}],"curies":[{"name":"wp","href":"https:\/\/api.w.org\/{rel}","templated":true}]}}