{"id":175466,"date":"2025-05-29T13:07:21","date_gmt":"2025-05-29T10:07:21","guid":{"rendered":"https:\/\/alphadynamic.eu\/?page_id=175466"},"modified":"2025-07-06T18:38:15","modified_gmt":"2025-07-06T15:38:15","slug":"nayara-pompes-peristaltiques","status":"publish","type":"page","link":"https:\/\/alphadynamic.eu\/fr\/produits\/nayara-pompes-peristaltiques\/","title":{"rendered":"NAYARA Pompes P\u00e9ristaltiques"},"content":{"rendered":"<p>[vc_row el_id=\u00a0\u00bbpageTitle\u00a0\u00bb el_class=\u00a0\u00bbproductTitle\u00a0\u00bb][vc_column][vc_custom_heading source=\u00a0\u00bbpost_title\u00a0\u00bb font_container=\u00a0\u00bbtag:h1|font_size:24px|text_align:left|color:%23ed1c24|line_height:34px\u00a0\u00bb use_theme_fonts=\u00a0\u00bbyes\u00a0\u00bb][\/vc_column][\/vc_row][vc_row el_id=\u00a0\u00bbproductFinalTabs\u00a0\u00bb][vc_column][vc_tta_tabs style=\u00a0\u00bboutline\u00a0\u00bb shape=\u00a0\u00bbsquare\u00a0\u00bb color=\u00a0\u00bbwhite\u00a0\u00bb spacing=\u00a0\u00bb10&Prime; gap=\u00a0\u00bb5&Prime; active_section=\u00a0\u00bb1&Prime; no_fill_content_area=\u00a0\u00bbtrue\u00a0\u00bb][vc_tta_section title=\u00a0\u00bbPRODUITS NAYARA\u00a0\u00bb tab_id=\u00a0\u00bb1636545761239-2ec5e7dd-3249&Prime;][vc_basic_grid post_type=\u00a0\u00bbids\u00a0\u00bb item=\u00a0\u00bb339&Prime; grid_id=\u00a0\u00bbvc_gid:1751816173708-25a2754f-a84c-0&Prime; include=\u00a0\u00bb175479, 175491&Prime;][\/vc_tta_section][vc_tta_section title=\u00a0\u00bbDONN\u00c9ES TECHNIQUES\u00a0\u00bb tab_id=\u00a0\u00bbtechical-data5339-dbb9&Prime; el_class=\u00a0\u00bbtab1&Prime;][vc_column_text]<\/p>\n<div class=\"wpb_text_column wpb_content_element \">\n<div class=\"wpb_wrapper\">\n<p><strong><span class=\"selected\" style=\"font-size: 14pt;\">TECHNOLOGIE DE CHAUSSURE ADPV<\/span><\/strong><\/p>\n<table style=\"width: 40.7169%;\" width=\"325\">\n<tbody>\n<tr>\n<td style=\"width: 51.0903%;\" width=\"170\">Corps de Pompe<\/td>\n<td style=\"width: 75.3894%;\" width=\"155\">: <span class=\"selected\">Fonte ductile<\/span><\/td>\n<\/tr>\n<tr>\n<td style=\"width: 51.0903%;\">Pression Maximale<\/td>\n<td style=\"width: 75.3894%;\">: 15 bar<\/td>\n<\/tr>\n<tr>\n<td style=\"width: 51.0903%;\">Capacit\u00e9 Maximale<\/td>\n<td style=\"width: 75.3894%;\">: 80 m3\/h<\/td>\n<\/tr>\n<tr>\n<td style=\"width: 51.0903%;\">Temp\u00e9rature Maximale<\/td>\n<td style=\"width: 75.3894%;\">: 80<sup>o<\/sup>C<\/td>\n<\/tr>\n<tr>\n<td style=\"width: 51.0903%;\">Aspiration R\u00e9alisable<\/td>\n<td style=\"width: 75.3894%;\">: <span class=\"selected\"> Jusqu&rsquo;\u00e0 0,9 Bar<\/span><\/td>\n<\/tr>\n<tr>\n<td style=\"width: 51.0903%;\">Tubes Disponibles<\/td>\n<td style=\"width: 75.3894%;\">: NR, NBR, EPDM, VITON<\/td>\n<\/tr>\n<tr>\n<td style=\"width: 51.0903%;\">Convient pour<\/td>\n<td style=\"width: 75.3894%;\">: <span class=\"selected\">Fonctionnement Continu<\/span><\/td>\n<\/tr>\n<\/tbody>\n<\/table>\n<\/div>\n<\/div>\n<div class=\"vc_separator wpb_content_element vc_separator_align_center vc_sep_width_100 vc_sep_border_width_4 vc_sep_pos_align_center vc_separator_no_text vc_sep_color_grey\"><\/div>\n<div class=\"wpb_text_column wpb_content_element \">\n<div class=\"wpb_wrapper\">\n<p><span style=\"font-size: 14pt;\"><strong>TECHNOLOGIE DE ROULEAU ADPN<\/strong><\/span><\/p>\n<table style=\"width: 40.9287%;\" width=\"325\">\n<tbody>\n<tr>\n<td style=\"width: 51.0903%;\" width=\"170\">Corps de Pompe<\/td>\n<td style=\"width: 75.4183%;\" width=\"155\">:\u00a0 <span class=\"selected\">Aluminium<\/span><\/td>\n<\/tr>\n<tr>\n<td style=\"width: 51.0903%;\">Pression Maximale<\/td>\n<td style=\"width: 75.4183%;\">: 7 bar<\/td>\n<\/tr>\n<tr>\n<td style=\"width: 51.0903%;\">Capacit\u00e9 Maximale<\/td>\n<td style=\"width: 75.4183%;\">: 9 m3\/h<\/td>\n<\/tr>\n<tr>\n<td style=\"width: 51.0903%;\">Temp\u00e9rature Maximale<\/td>\n<td style=\"width: 75.4183%;\">: 80<sup>o<\/sup>C<\/td>\n<\/tr>\n<tr>\n<td style=\"width: 51.0903%;\">Aspiration R\u00e9alisable<\/td>\n<td style=\"width: 75.4183%;\">: <span class=\"selected\">Jusqu&rsquo;\u00e0 0,9 Bar<\/span><\/td>\n<\/tr>\n<tr>\n<td style=\"width: 51.0903%;\">Tubes Disponibles<\/td>\n<td style=\"width: 75.4183%;\">: NR, NBR, EPDM<\/td>\n<\/tr>\n<tr>\n<td style=\"width: 51.0903%;\">Convient pour<\/td>\n<td style=\"width: 75.4183%;\">: <span class=\"selected\">Fonctionnement Intermittent<\/span><\/td>\n<\/tr>\n<\/tbody>\n<\/table>\n<\/div>\n<\/div>\n<p>[\/vc_column_text][\/vc_tta_section][vc_tta_section title=\u00a0\u00bbAVANTAGES\u00a0\u00bb tab_id=\u00a0\u00bbmaterials5339-dbb9&Prime; el_class=\u00a0\u00bbtab2&Prime;][vc_column_text]<span style=\"font-size: 14pt; color: #ed1c24;\"><strong><span class=\"selected\">Avantages<\/span><\/strong><\/span><\/p>\n<ul>\n<li><span class=\"selected\">Excellentes performances avec les liquides abrasifs et corrosifs<\/span><\/li>\n<li><span class=\"selected\">Capable de pomper de grands solides<\/span><\/li>\n<li><span class=\"selected\">Capacit\u00e9s d&rsquo;aspiration extr\u00eamement \u00e9lev\u00e9es<\/span><\/li>\n<li><span class=\"selected\">Fonctionnement \u00e0 sec illimit\u00e9<\/span><\/li>\n<li><span class=\"selected\">Contr\u00f4le total du dosage<\/span><\/li>\n<li><span class=\"selected\">Construction robuste<\/span><\/li>\n<li><span class=\"selected\">Faible cisaillement et fonctionnement r\u00e9versible<\/span><\/li>\n<li><span class=\"selected\">Tuyaux FDA sur demande<\/span><\/li>\n<\/ul>\n<p>[\/vc_column_text][\/vc_tta_section][\/vc_tta_tabs][\/vc_column][\/vc_row][vc_row disable_element=\u00a0\u00bbyes\u00a0\u00bb el_id=\u00a0\u00bbproducts2list\u00a0\u00bb][vc_column][\/vc_column][\/vc_row]<\/p>\n","protected":false},"excerpt":{"rendered":"","protected":false},"author":14,"featured_media":178761,"parent":56632,"menu_order":0,"comment_status":"closed","ping_status":"closed","template":"","meta":[],"acf":[],"_links":{"self":[{"href":"https:\/\/alphadynamic.eu\/fr\/wp-json\/wp\/v2\/pages\/175466"}],"collection":[{"href":"https:\/\/alphadynamic.eu\/fr\/wp-json\/wp\/v2\/pages"}],"about":[{"href":"https:\/\/alphadynamic.eu\/fr\/wp-json\/wp\/v2\/types\/page"}],"author":[{"embeddable":true,"href":"https:\/\/alphadynamic.eu\/fr\/wp-json\/wp\/v2\/users\/14"}],"replies":[{"embeddable":true,"href":"https:\/\/alphadynamic.eu\/fr\/wp-json\/wp\/v2\/comments?post=175466"}],"version-history":[{"count":11,"href":"https:\/\/alphadynamic.eu\/fr\/wp-json\/wp\/v2\/pages\/175466\/revisions"}],"predecessor-version":[{"id":180865,"href":"https:\/\/alphadynamic.eu\/fr\/wp-json\/wp\/v2\/pages\/175466\/revisions\/180865"}],"up":[{"embeddable":true,"href":"https:\/\/alphadynamic.eu\/fr\/wp-json\/wp\/v2\/pages\/56632"}],"wp:featuredmedia":[{"embeddable":true,"href":"https:\/\/alphadynamic.eu\/fr\/wp-json\/wp\/v2\/media\/178761"}],"wp:attachment":[{"href":"https:\/\/alphadynamic.eu\/fr\/wp-json\/wp\/v2\/media?parent=175466"}],"curies":[{"name":"wp","href":"https:\/\/api.w.org\/{rel}","templated":true}]}}