{"id":47155,"date":"2021-06-07T13:00:29","date_gmt":"2021-06-07T10:00:29","guid":{"rendered":"https:\/\/www.alphadynamic.eu\/?page_id=47155"},"modified":"2022-01-23T13:10:26","modified_gmt":"2022-01-23T10:10:26","slug":"conditions-d-utilisations","status":"publish","type":"page","link":"https:\/\/alphadynamic.eu\/fr\/conditions-d-utilisations\/","title":{"rendered":"Conditions d&rsquo;Utilisations"},"content":{"rendered":"<p>[vc_row el_id=\u00a0\u00bbpageTitle\u00a0\u00bb][vc_column][vc_custom_heading source=\u00a0\u00bbpost_title\u00a0\u00bb font_container=\u00a0\u00bbtag:h1|font_size:48px|text_align:left|color:%23ed1c24|line_height:58px\u00a0\u00bb use_theme_fonts=\u00a0\u00bbyes\u00a0\u00bb][\/vc_column][\/vc_row][vc_row][vc_column][vc_column_text]<\/p>\n<ul>\n<li><strong>D\u00e9claration d\u2019Exclusion de Responsabilit\u00e9<\/strong><\/li>\n<\/ul>\n<p>L\u2019utilisation de la page Web de ALPHADYNAMC PUMPS SA (l\u2019Entreprise) et les droits et obligations relatifs sont r\u00e9gis par les conditions de la pr\u00e9sente communication.<br \/>\nEn utilisant la page Web de l\u2019Entreprise, l\u2019utilisateur accepte inconditionnellement les pr\u00e9sentes conditions d\u2019utilisation.<br \/>\n\u0397 L\u2019Entreprise peut pour une raison quelconque et sans avertissement, modifier les pr\u00e9sentes conditions d\u2019utilisation. Dans ce cas, l\u2019Entreprise affichera l\u2019\u00e9dition applicable chaque fois, des conditions d\u2019utilisation, tandis que la continuation de l\u2019utilisation de la page Web va \u00eatre consid\u00e9r\u00e9e comme acceptation de nouvelles conditions d\u2019utilisation.<br \/>\nL\u2019Entreprise fait le maximum effort pour que le contenu de la page Web et les informations fournies d\u2019 elle sont r\u00e9gies par pr\u00e9cision, exactitude, clart\u00e9 et exhaustivit\u00e9 mais ne peut quand m\u00eame garantit et n\u2019est pas responsable pour la non-r\u00e9alisation de l\u2019existence de ces donn\u00e9es.<br \/>\nPour cette raison, le contenu de la page Web est offert \u00e0 l\u2019utilisateur comme il est et comme il est disponible.<br \/>\nL\u2019utilisateur entretient chaque danger qui est possible d\u2019\u00e9merger par l\u2019acc\u00e8s et utilisation de la page Web de l\u2019Entreprise.<\/p>\n<p>L\u2019Entreprise n\u2019est pas responsable pour aucun direct, indirect, mat\u00e9riel ou indirect dommage de toute nature qui peut \u00eatre caus\u00e9 \u00e0 l\u2019utilisateur de la page Web \u00e0 cause de son utilisation.<\/p>\n<ul>\n<li><strong>Droits de propri\u00e9t\u00e9 intellectuelle<\/strong><\/li>\n<\/ul>\n<p><span style=\"color: #000000;\">Le contenu de la pr\u00e9sente page Web (\u00e0 titre indicatif chaque forme d\u2019informations, donn\u00e9es, images, graphismes, marques commerciales, noms commerciaux, logos) constituent propri\u00e9t\u00e9 intellectuelle et industrielle de l\u2019Entreprise.<\/span><br \/>\nLe contenu de la page Web de l\u2019Entreprise est disponible \u00e0 l\u2019utilisateur pour utilisation personnelle et l\u2019Entreprise accorde un droit non-exclusif et non-transf\u00e9rable \u00e0 l\u2019utilisateur d\u2019utiliser les informations disponibles sur la page Web de l\u2019Entreprise dans la mesure qui est convenu sous les conditions pr\u00e9sentes.<\/p>\n<p>A l\u2019exception du droit d\u2019utilisation qui est mentionn\u00e9 ci-dessous, toute modification, publication, transmission, \u00e9change, reproduction, distribution, pr\u00e9sentation, t\u00e9l\u00e9chargement<\/p>\n<p>ou exploitation d\u2019un part ou de l\u2019entier, de quelque fa\u00e7on ou moyen, du contenu de la page Web pour buts commerciaux ou autres sans le pr\u00e9c\u00e8dent accord de l\u2019Entreprise est interdit.<\/p>\n<ul>\n<li><strong>Links<\/strong><\/li>\n<\/ul>\n<p>La page Web de l\u2019Entreprise peut inclure des links qui conduisent aux pages Web des parties tiers. Ces links sont exclusivement fournis pour faciliter l\u2019utilisateur de la page Web de l\u2019Entreprise. L\u2019Entreprise n\u2019exerce aucun contr\u00f4le sur les pages Web des parties tiers et n\u2019est pas responsable pour leur contenu ainsi que pour tout dommage \u00e9ventuel de l\u2019utilisateur par l\u2019acc\u00e8s et utilisation des pages Web des parties tiers.<\/p>\n<ul>\n<li><strong>Protection des donn\u00e9es personnelles<\/strong><\/li>\n<\/ul>\n<p>Les donn\u00e9es pendant l\u2019utilisation de la page Web de l\u2019Entreprise concernent l\u2019enregistrement automatique d\u2019informations techniques, comme le num\u00e9ro des visiteurs, le type d\u2019internet browser, le type du syst\u00e8me op\u00e9rationnel de l\u2019ordinateur utilis\u00e9 par l\u2019utilisateur de la page Web de l\u2019Entreprise. Ces informations sont utilis\u00e9es pour le contr\u00f4le de l\u2019utilisation et l\u2019am\u00e9lioration de la page Web. Dans le contexte de cette utilisation, l\u2019Entreprise ne recueille pas ou enregistre reconnaissables donn\u00e9es personnelles de l\u2019utilisateur.<br \/>\nL\u2019Entreprise ne va pas recueillir aucune donn\u00e9e personnelle reconnaissable de l\u2019utilisateur par l\u2019utilisation de la page Web (par exemple nom, adresse, email), sauf si l\u2019utilisateur donne volontairement des donn\u00e9es personnelles pour s\u2019inscrire \u00e0 la liste des destinataires du bulletin \u00e9lectronique de l\u2019Entreprise ou pour soumettre des demandes (par exemple par contact \u00e9lectronique).<br \/>\nDans ce cas, l\u2019Entreprise peut recueillir et enregistrer donn\u00e9es personnelles qui vont \u00eatre utilis\u00e9es exclusivement pour le but de l\u2019utilisation mentionn\u00e9 ci-dessus.<br \/>\nL\u2019Entreprise conserve le droit d\u2019enregistrer ces donn\u00e9es en pour la production des statistiques collectives d\u2019enregistrements ainsi que pour l\u2019am\u00e9lioration du contenu de sa page Web.<br \/>\nSur soumission de ces donn\u00e9es, l\u2019utilisateur donne sa permission pour le recueil, utilisation et traitement des donn\u00e9es personnelles d\u2019apr\u00e8s les conditions de la pr\u00e9sente politique de la confidentialit\u00e9 des donn\u00e9es personnelles[\/vc_column_text][\/vc_column][\/vc_row]<\/p>\n","protected":false},"excerpt":{"rendered":"","protected":false},"author":4,"featured_media":0,"parent":0,"menu_order":0,"comment_status":"closed","ping_status":"closed","template":"","meta":[],"acf":[],"_links":{"self":[{"href":"https:\/\/alphadynamic.eu\/fr\/wp-json\/wp\/v2\/pages\/47155"}],"collection":[{"href":"https:\/\/alphadynamic.eu\/fr\/wp-json\/wp\/v2\/pages"}],"about":[{"href":"https:\/\/alphadynamic.eu\/fr\/wp-json\/wp\/v2\/types\/page"}],"author":[{"embeddable":true,"href":"https:\/\/alphadynamic.eu\/fr\/wp-json\/wp\/v2\/users\/4"}],"replies":[{"embeddable":true,"href":"https:\/\/alphadynamic.eu\/fr\/wp-json\/wp\/v2\/comments?post=47155"}],"version-history":[{"count":0,"href":"https:\/\/alphadynamic.eu\/fr\/wp-json\/wp\/v2\/pages\/47155\/revisions"}],"wp:attachment":[{"href":"https:\/\/alphadynamic.eu\/fr\/wp-json\/wp\/v2\/media?parent=47155"}],"curies":[{"name":"wp","href":"https:\/\/api.w.org\/{rel}","templated":true}]}}