{"id":48640,"date":"2018-10-07T23:06:37","date_gmt":"2018-10-07T20:06:37","guid":{"rendered":"https:\/\/www.alphadynamic.eu\/produits\/ruby-fda-air-operated-diaphragm-pump\/"},"modified":"2024-10-06T10:21:23","modified_gmt":"2024-10-06T07:21:23","slug":"ruby-fda-pompes-a-membranes","status":"publish","type":"page","link":"https:\/\/alphadynamic.eu\/fr\/produits\/ruby-fda-pompes-a-membranes\/","title":{"rendered":"Ruby FDA Pompes \u00e0 membranes"},"content":{"rendered":"<p>[vc_row el_id=\u00a0\u00bbpageTitle\u00a0\u00bb el_class=\u00a0\u00bbproductTitle\u00a0\u00bb][vc_column][vc_custom_heading source=\u00a0\u00bbpost_title\u00a0\u00bb font_container=\u00a0\u00bbtag:h1|font_size:24px|text_align:left|color:%23ed1c24|line_height:34px\u00a0\u00bb use_theme_fonts=\u00a0\u00bbyes\u00a0\u00bb][\/vc_column][\/vc_row][vc_row el_id=\u00a0\u00bbproductFinalTabs\u00a0\u00bb][vc_column][vc_tta_tabs style=\u00a0\u00bboutline\u00a0\u00bb shape=\u00a0\u00bbsquare\u00a0\u00bb color=\u00a0\u00bbwhite\u00a0\u00bb spacing=\u00a0\u00bb10&Prime; gap=\u00a0\u00bb5&Prime; active_section=\u00a0\u00bb1&Prime; no_fill_content_area=\u00a0\u00bbtrue\u00a0\u00bb][vc_tta_section title=\u00a0\u00bbRuby FDA Produits\u00a0\u00bb tab_id=\u00a0\u00bb1636382541258-24a311bd-fa77&Prime;][vc_basic_grid post_type=\u00a0\u00bbpost\u00a0\u00bb max_items=\u00a0\u00bb10&Prime; item=\u00a0\u00bb15218&Prime; grid_id=\u00a0\u00bbvc_gid:1728199261533-b8708cd9-4185-8&Prime; taxonomies=\u00a0\u00bb33&Prime;][\/vc_tta_section][vc_tta_section title=\u00a0\u00bbSPECIFICATIONS TECHNIQUES\u00a0\u00bb tab_id=\u00a0\u00bbtechical-data\u00a0\u00bb el_class=\u00a0\u00bbtab1&Prime;][vc_column_text]\u2022 D\u00e9bit Maximal: 900 l\/min<\/p>\n<p>\u2022 Pression de Service Maximale: 8,0 bars<\/p>\n<p>\u2022 Aspiration S\u00e8che Maximale: 5 m<\/p>\n<p>\u2022 Aspiration maximale avec liquide: 9,0 m<\/p>\n<p>\u2022 Mat\u00e9riau de fabrication: AISI316 Acier Inoxydable ( Electro polished)<\/p>\n<p>\u2022 Tailles disponibles: 1\/4\u2032 &#8211; 3&prime;<\/p>\n<p>\u2022 Certifications: ATEX II 2 GD c IIB T4, CE, EAC.<\/p>\n<p>\u2022 Temp\u00e9rature de Fonctionnement Maximale 130C<\/p>\n<p><strong><span style=\"color: #ed1c24;\">Types Ruby Disponibles<\/span><\/strong><\/p>\n<p><img decoding=\"async\" loading=\"lazy\" class=\"alignnone size-full wp-image-48657\" src=\"https:\/\/alphadynamic.eu\/wp-content\/uploads\/2021\/06\/CODES.png\" alt=\"\" width=\"1543\" height=\"249\" srcset=\"https:\/\/alphadynamic.eu\/wp-content\/uploads\/2021\/06\/CODES.png 1543w, https:\/\/alphadynamic.eu\/wp-content\/uploads\/2021\/06\/CODES-300x48.png 300w, https:\/\/alphadynamic.eu\/wp-content\/uploads\/2021\/06\/CODES-768x124.png 768w, https:\/\/alphadynamic.eu\/wp-content\/uploads\/2021\/06\/CODES-1024x165.png 1024w\" sizes=\"(max-width: 1543px) 100vw, 1543px\" \/>[\/vc_column_text][\/vc_tta_section][vc_tta_section title=\u00a0\u00bbAVANTAGES\u00a0\u00bb tab_id=\u00a0\u00bbmaterials\u00a0\u00bb el_class=\u00a0\u00bbtab2&Prime;][vc_column_text]<strong><span style=\"color: #ed1c24;\">Disponibles en \u0391ISI 316 Acier Inoxydable (\u0395lectro polished)<\/span><\/strong><\/p>\n<p>Les pompes\u00a0 \u00e0 double diaphragme <strong>Ruby<\/strong> sont fabriqu\u00e9es conform\u00e9ment aux prescriptions FDA. Toute la gamme de ces pompes est fabriqu\u00e9e d\u2019Acier Inoxydable AISI 316 Electro polished conform\u00e9ment au R\u00e8glement International ASTM A380, tandis que les diaphragmes\u00a0 PTFE et\u00a0 EPDM sont de nouvelle technologie avec piston int\u00e9gr\u00e9 (Compound).<\/p>\n<h5><span style=\"color: #ed1c24;\">Caract\u00e9ristiques<\/span><\/h5>\n<ul>\n<li>Performance Maximale<\/li>\n<li>Conception Ecologique, consommation \u00e9conomique de l\u2019air<\/li>\n<li>Haute Performance en pression et d\u00e9bit<\/li>\n<li>Lubrification n\u2019est pas n\u00e9cessaire<\/li>\n<li>Packs de Glace ne se forment pas<\/li>\n<li>Nouvelle conception de la vanne d\u2019air avec totalement contr\u00f4l\u00e9 passage d\u2019air<\/li>\n<li>D\u00e9sassemblage et remontage simples<\/li>\n<li>Nouvelle g\u00e9n\u00e9ration diaphragmes avec piston int\u00e9gr\u00e9<\/li>\n<li>EPDM nouvelle g\u00e9n\u00e9ration diaphragmes avec piston int\u00e9gr\u00e9 et certification FDA<\/li>\n<li>Diaphragmes PTFE de nouvelle g\u00e9n\u00e9ration avec piston int\u00e9gr\u00e9 pour longue dur\u00e9e de vie (compound) avec certification FDA<\/li>\n<li>Diaphragmes PTFE de haute qualit\u00e9 qui offrent\u00a0\u00a0 encore plus grand d\u00e9bit\u00a0 avec certification FDA<\/li>\n<li>Aspiration automatique<\/li>\n<\/ul>\n<h5><span style=\"color: #ed1c24;\">Innovante vanne d\u2019air des pompes Ruby <\/span><\/h5>\n<p><img decoding=\"async\" loading=\"lazy\" class=\"alignright wp-image-878 size-medium\" src=\"https:\/\/alphadynamic.eu\/wp-content\/uploads\/2018\/11\/ruby-feautures-1-300x109.jpg\" alt=\"\" width=\"300\" height=\"109\" srcset=\"https:\/\/alphadynamic.eu\/wp-content\/uploads\/2018\/11\/ruby-feautures-1-300x109.jpg 300w, https:\/\/alphadynamic.eu\/wp-content\/uploads\/2018\/11\/ruby-feautures-1-768x279.jpg 768w, https:\/\/alphadynamic.eu\/wp-content\/uploads\/2018\/11\/ruby-feautures-1-1024x372.jpg 1024w, https:\/\/alphadynamic.eu\/wp-content\/uploads\/2018\/11\/ruby-feautures-1.jpg 1026w\" sizes=\"(max-width: 300px) 100vw, 300px\" \/><br \/>\nLe c\u0153ur des pompes Ruby est une innovante vanne d\u2019air, de conception moderne.<br \/>\nEn r\u00e9ponse aux besoins contemporains pour produits meilleurs et plus fiables, qui respectent et prot\u00e8gent l\u2019environnement, la vanne d\u2019air Ruby \u00e9tait con\u00e7ue soigneusement pour offrir :<br \/>\n<strong>\u00a0<\/strong><\/p>\n<ul>\n<li>Op\u00e9ration sans lubrification<\/li>\n<li>Besoin limit\u00e9 de maintenance<\/li>\n<li>R\u00e9sistance \u00e0 la contamination de l\u2019air compress\u00e9<\/li>\n<li>Economie d\u2019\u00e9nergie<\/li>\n<li>Pas de packs de glace<\/li>\n<li>Op\u00e9ration en environnement ext\u00e9rieur<\/li>\n<li>Op\u00e9ration ininterrompue<\/li>\n<li>Longue dur\u00e9e de vie<\/li>\n<li>Fiabilit\u00e9<\/li>\n<\/ul>\n<h5><span style=\"color: #ed1c24;\">Diaphragmes de nouvelle g\u00e9n\u00e9ration avec les caract\u00e9ristiques suivants:<\/span><\/h5>\n<p><img decoding=\"async\" loading=\"lazy\" class=\"alignright wp-image-880 size-medium\" src=\"https:\/\/alphadynamic.eu\/wp-content\/uploads\/2018\/11\/ruby-feautures-2-300x210.jpg\" alt=\"\" width=\"300\" height=\"210\" srcset=\"https:\/\/alphadynamic.eu\/wp-content\/uploads\/2018\/11\/ruby-feautures-2-300x210.jpg 300w, https:\/\/alphadynamic.eu\/wp-content\/uploads\/2018\/11\/ruby-feautures-2.jpg 394w\" sizes=\"(max-width: 300px) 100vw, 300px\" \/><\/p>\n<ul>\n<li>Simple installation et maintenance<\/li>\n<li>Excellente dur\u00e9e de vie<\/li>\n<li>Cinque fois plus longue dur\u00e9e de vie en comparaison avec les diaphragmes classiques<\/li>\n<li>Co\u00fbts de r\u00e9paration minimale<\/li>\n<li>Performance am\u00e9lior\u00e9e<\/li>\n<li>Plus large d\u00e9calage par cycle<\/li>\n<li>Sans trou \u00e0 l\u2019int\u00e9rieur \u00e9vitant les fuites<\/li>\n<li>Il n\u2019a pas besoin de verrouiller l\u2019axe central<\/li>\n<li>Ils peuvent \u00eatre visser et d\u00e9visser sans outils<\/li>\n<\/ul>\n<p>[\/vc_column_text][vc_single_image image=\u00a0\u00bb48722&Prime; img_size=\u00a0\u00bbfull\u00a0\u00bb image_hovers=\u00a0\u00bbfalse\u00a0\u00bb][\/vc_tta_section][vc_tta_section title=\u00a0\u00bbINSTALLATION\u00a0\u00bb tab_id=\u00a0\u00bbinstallation\u00a0\u00bb el_class=\u00a0\u00bbtab3&Prime;][vc_single_image image=\u00a0\u00bb96439&Prime; img_size=\u00a0\u00bbfull\u00a0\u00bb onclick=\u00a0\u00bblink_image\u00a0\u00bb image_hovers=\u00a0\u00bbfalse\u00a0\u00bb][\/vc_tta_section][\/vc_tta_tabs][\/vc_column][\/vc_row][vc_row disable_element=\u00a0\u00bbyes\u00a0\u00bb el_id=\u00a0\u00bbproducts2list\u00a0\u00bb][vc_column][\/vc_column][\/vc_row]<\/p>\n","protected":false},"excerpt":{"rendered":"","protected":false},"author":4,"featured_media":0,"parent":56632,"menu_order":0,"comment_status":"closed","ping_status":"closed","template":"","meta":[],"acf":[],"_links":{"self":[{"href":"https:\/\/alphadynamic.eu\/fr\/wp-json\/wp\/v2\/pages\/48640"}],"collection":[{"href":"https:\/\/alphadynamic.eu\/fr\/wp-json\/wp\/v2\/pages"}],"about":[{"href":"https:\/\/alphadynamic.eu\/fr\/wp-json\/wp\/v2\/types\/page"}],"author":[{"embeddable":true,"href":"https:\/\/alphadynamic.eu\/fr\/wp-json\/wp\/v2\/users\/4"}],"replies":[{"embeddable":true,"href":"https:\/\/alphadynamic.eu\/fr\/wp-json\/wp\/v2\/comments?post=48640"}],"version-history":[{"count":1,"href":"https:\/\/alphadynamic.eu\/fr\/wp-json\/wp\/v2\/pages\/48640\/revisions"}],"predecessor-version":[{"id":165787,"href":"https:\/\/alphadynamic.eu\/fr\/wp-json\/wp\/v2\/pages\/48640\/revisions\/165787"}],"up":[{"embeddable":true,"href":"https:\/\/alphadynamic.eu\/fr\/wp-json\/wp\/v2\/pages\/56632"}],"wp:attachment":[{"href":"https:\/\/alphadynamic.eu\/fr\/wp-json\/wp\/v2\/media?parent=48640"}],"curies":[{"name":"wp","href":"https:\/\/api.w.org\/{rel}","templated":true}]}}