{"id":50378,"date":"2018-10-07T23:04:13","date_gmt":"2018-10-07T20:04:13","guid":{"rendered":"https:\/\/www.alphadynamic.eu\/produits\/adm-magnetic-drive-centrifugal-pump\/"},"modified":"2022-02-02T21:23:57","modified_gmt":"2022-02-02T18:23:57","slug":"adm-pompe-a-entrainement-magnetique","status":"publish","type":"page","link":"https:\/\/alphadynamic.eu\/fr\/produits\/adm-pompe-a-entrainement-magnetique\/","title":{"rendered":"ADM  Pompe \u00e0 Entrainement Magn\u00e9tique"},"content":{"rendered":"<p>[vc_row el_id=\u00a0\u00bbpageTitle\u00a0\u00bb el_class=\u00a0\u00bbproductTitle\u00a0\u00bb][vc_column][vc_custom_heading source=\u00a0\u00bbpost_title\u00a0\u00bb font_container=\u00a0\u00bbtag:h1|font_size:24px|text_align:left|color:%23ed1c24|line_height:34px\u00a0\u00bb use_theme_fonts=\u00a0\u00bbyes\u00a0\u00bb][\/vc_column][\/vc_row][vc_row el_id=\u00a0\u00bbproductFinalTabs\u00a0\u00bb][vc_column][vc_tta_tabs style=\u00a0\u00bboutline\u00a0\u00bb shape=\u00a0\u00bbsquare\u00a0\u00bb color=\u00a0\u00bbwhite\u00a0\u00bb spacing=\u00a0\u00bb10&Prime; gap=\u00a0\u00bb5&Prime; active_section=\u00a0\u00bb1&Prime; no_fill_content_area=\u00a0\u00bbtrue\u00a0\u00bb][vc_tta_section title=\u00a0\u00bbADM Products\u00a0\u00bb tab_id=\u00a0\u00bb1636383310335-292bc9af-0c7c\u00a0\u00bb][vc_basic_grid post_type=\u00a0\u00bbpost\u00a0\u00bb max_items=\u00a0\u00bb-1&Prime; item=\u00a0\u00bb15218&Prime; grid_id=\u00a0\u00bbvc_gid:1636543381684-c0e18149-dd6e-6&Prime; taxonomies=\u00a0\u00bb29&Prime;][\/vc_tta_section][vc_tta_section title=\u00a0\u00bbSPECIFICATIONS TECHNIQUES\u00a0\u00bb tab_id=\u00a0\u00bbtechical-data514d-f4dd\u00a0\u00bb el_class=\u00a0\u00bbtab1&Prime;][vc_column_text]<\/p>\n<ul>\n<li>Mat\u00e9riau de fabrication: PP \/ PVDF<\/li>\n<li>Lien magn\u00e9tique de couple \u00e9lev\u00e9 NeFeBo<\/li>\n<li>Viscosit\u00e9 maximale: 200 cSt<\/li>\n<li>D\u00e9bit Maximal: 130 m<sup>3<\/sup>\/h<\/li>\n<li>Temp\u00e9rature de Fonctionnement Maximale PP : 60 <sup>o<\/sup>C , PVDF : 90<sup>o<\/sup>C<\/li>\n<li>Hauteur manom\u00e9trique max : 48 m<\/li>\n<li>La pompe est offerte avec brides<\/li>\n<li>Moteurs:<br \/>\nIP55 \u2013 F Class \u2013 de 2 p\u00f4les \u2013 50 Hz \u2013triphas\u00e9<br \/>\nMonophas\u00e9 0,55 kW \u2013 2,2 kW \u2013 50\/60 Hz<\/li>\n<\/ul>\n<p>[\/vc_column_text][\/vc_tta_section][vc_tta_section title=\u00a0\u00bbAVANTAGES\u00a0\u00bb tab_id=\u00a0\u00bbmaterials514d-f4dd\u00a0\u00bb el_class=\u00a0\u00bbtab2&Prime;][vc_column_text]<strong><span style=\"color: #ed1c24;\">Disponibles en PP &amp; PVDF<\/span><\/strong><\/p>\n<p><span style=\"color: #ed1c24;\">Caract\u00e9ristiques<\/span><\/p>\n<p>Les pompes centrifuges de couplage magn\u00e9tique s\u00e9rie ADM sont fabriqu\u00e9es de mat\u00e9riaux thermoplastiques\u00a0 (PP et\u00a0 PVDF) et sont appropri\u00e9es pour liquides corrosifs.<br \/>\nGr\u00e2ce au syst\u00e8me innovant magn\u00e9tique\u00a0 de mouvement, le mod\u00e8le\u00a0 de pompe ADM PP \/ PVDF r\u00e9duit les dangers de perte et le co\u00fbt de maintenance. La transmission du mouvement est faite par liens magn\u00e9tiques sans l\u2019utilisation de presse-\u00e9toupe\u00a0 m\u00e9canique. Il garantit s\u00e9curit\u00e9 maximale et efficacit\u00e9.<\/p>\n<p>Les pompes de couplage magn\u00e9tique ADM sont con\u00e7ues d\u2019une fa\u00e7on sp\u00e9ciale\u00a0 sans presse-\u00e9toupe m\u00e9canique qui les rend appropri\u00e9es pour le pompage\u00a0 des liquides corrosifs et dangereux gr\u00e2ce \u00e0 leur haute r\u00e9sistance chimique et l\u2019absence des\u00a0 fuites.<br \/>\nLa structure est tr\u00e8s simple, et comme r\u00e9sultat la pompe a besoin de maintenance tr\u00e8s\u00a0 r\u00e9duite et par cons\u00e9quence\u00a0\u00a0 co\u00fbts\u00a0 de r\u00e9paration et de pi\u00e8ces d\u00e9tach\u00e9es\u00a0 r\u00e9duits\u00a0 pendant la dur\u00e9e de la vie de la pompe. L\u2019aimant ext\u00e9rieur qui est plac\u00e9 sur\u00a0 l\u2019arbre de transmission transfert le mouvement \u00e0 l\u2019aimant int\u00e9rieur qui est li\u00e9 avec l\u2019impulseur\u00a0 qui tourne et d\u00e9place le liquide par\u00a0 la pompe.<\/p>\n<p><span style=\"color: #ed1c24;\">Avantages:<\/span><\/p>\n<ul>\n<li>Sans \u00e9tanch\u00e9it\u00e9 m\u00e9caniques\u00a0 de l\u2019axe<\/li>\n<li>Le moteur et la pompe sont m\u00e9caniquement s\u00e9par\u00e9s l\u2019un de l\u2019autre<\/li>\n<li>Etanch\u00e9it\u00e9 absolue<\/li>\n<li>Sans besoin de maintenance<\/li>\n<\/ul>\n<p>&nbsp;<\/p>\n<p><span style=\"color: #ed1c24;\">Description de pompe<\/span><\/p>\n<p><span style=\"color: #ed1c24;\"><img decoding=\"async\" loading=\"lazy\" class=\"alignnone wp-image-50387 \" src=\"https:\/\/alphadynamic.eu\/wp-content\/uploads\/2020\/10\/adm-sxedio.jpg\" alt=\"\" width=\"358\" height=\"280\" \/> <img decoding=\"async\" loading=\"lazy\" class=\"alignnone wp-image-50386\" src=\"https:\/\/alphadynamic.eu\/wp-content\/uploads\/2020\/10\/adm-sxedio2-300x199.jpg\" alt=\"\" width=\"419\" height=\"278\" srcset=\"https:\/\/alphadynamic.eu\/wp-content\/uploads\/2020\/10\/adm-sxedio2-300x199.jpg 300w, https:\/\/alphadynamic.eu\/wp-content\/uploads\/2020\/10\/adm-sxedio2.jpg 618w\" sizes=\"(max-width: 419px) 100vw, 419px\" \/><\/span><\/p>\n<p>[\/vc_column_text][\/vc_tta_section][vc_tta_section title=\u00a0\u00bbINSTALLATION\u00a0\u00bb tab_id=\u00a0\u00bbinstallation514d-f4dd\u00a0\u00bb el_class=\u00a0\u00bbtab3&Prime;][vc_column_text]Les pompes ADM de couplage magn\u00e9tique doivent \u00eatre plac\u00e9es de fa\u00e7on \u00e0 \u00e9viter l\u2019op\u00e9ration s\u00e8che, la cr\u00e9ation d\u2019un tourbillon et la possible aspiration d\u2019air.[\/vc_column_text][vc_single_image image=\u00a0\u00bb50382&Prime; img_size=\u00a0\u00bbfull\u00a0\u00bb el_class=\u00a0\u00bbdeksamenh\u00a0\u00bb][\/vc_tta_section][\/vc_tta_tabs][\/vc_column][\/vc_row][vc_row disable_element=\u00a0\u00bbyes\u00a0\u00bb el_id=\u00a0\u00bbproducts2list\u00a0\u00bb][vc_column][\/vc_column][\/vc_row]<\/p>\n","protected":false},"excerpt":{"rendered":"","protected":false},"author":4,"featured_media":0,"parent":56632,"menu_order":0,"comment_status":"closed","ping_status":"closed","template":"","meta":[],"acf":[],"_links":{"self":[{"href":"https:\/\/alphadynamic.eu\/fr\/wp-json\/wp\/v2\/pages\/50378"}],"collection":[{"href":"https:\/\/alphadynamic.eu\/fr\/wp-json\/wp\/v2\/pages"}],"about":[{"href":"https:\/\/alphadynamic.eu\/fr\/wp-json\/wp\/v2\/types\/page"}],"author":[{"embeddable":true,"href":"https:\/\/alphadynamic.eu\/fr\/wp-json\/wp\/v2\/users\/4"}],"replies":[{"embeddable":true,"href":"https:\/\/alphadynamic.eu\/fr\/wp-json\/wp\/v2\/comments?post=50378"}],"version-history":[{"count":0,"href":"https:\/\/alphadynamic.eu\/fr\/wp-json\/wp\/v2\/pages\/50378\/revisions"}],"up":[{"embeddable":true,"href":"https:\/\/alphadynamic.eu\/fr\/wp-json\/wp\/v2\/pages\/56632"}],"wp:attachment":[{"href":"https:\/\/alphadynamic.eu\/fr\/wp-json\/wp\/v2\/media?parent=50378"}],"curies":[{"name":"wp","href":"https:\/\/api.w.org\/{rel}","templated":true}]}}