{"id":50480,"date":"2018-10-07T23:03:31","date_gmt":"2018-10-07T20:03:31","guid":{"rendered":"https:\/\/www.alphadynamic.eu\/produits\/adh-horizontal-centrifigual-pump\/"},"modified":"2022-01-06T11:37:41","modified_gmt":"2022-01-06T08:37:41","slug":"adh-pompe-centrifuge-horizontale","status":"publish","type":"page","link":"https:\/\/alphadynamic.eu\/fr\/produits\/adh-pompe-centrifuge-horizontale\/","title":{"rendered":"ADH Pompe Centrifuge Horizontale"},"content":{"rendered":"<p>[vc_row el_id=\u00a0\u00bbpageTitle\u00a0\u00bb el_class=\u00a0\u00bbproductTitle\u00a0\u00bb][vc_column][vc_custom_heading source=\u00a0\u00bbpost_title\u00a0\u00bb font_container=\u00a0\u00bbtag:h1|font_size:24px|text_align:left|color:%23ed1c24|line_height:34px\u00a0\u00bb use_theme_fonts=\u00a0\u00bbyes\u00a0\u00bb][\/vc_column][\/vc_row][vc_row el_id=\u00a0\u00bbproductFinalTabs\u00a0\u00bb][vc_column][vc_tta_tabs style=\u00a0\u00bboutline\u00a0\u00bb shape=\u00a0\u00bbsquare\u00a0\u00bb color=\u00a0\u00bbwhite\u00a0\u00bb spacing=\u00a0\u00bb10&Prime; gap=\u00a0\u00bb5&Prime; active_section=\u00a0\u00bb1&Prime; no_fill_content_area=\u00a0\u00bbtrue\u00a0\u00bb][vc_tta_section title=\u00a0\u00bbADH Produits\u00a0\u00bb tab_id=\u00a0\u00bb1636542240463-704f564a-8abc\u00a0\u00bb][vc_basic_grid post_type=\u00a0\u00bbpost\u00a0\u00bb max_items=\u00a0\u00bb-1&Prime; order=\u00a0\u00bbASC\u00a0\u00bb item=\u00a0\u00bb15218&Prime; grid_id=\u00a0\u00bbvc_gid:1641458231103-39bb10bd-ca1d-10&Prime; taxonomies=\u00a0\u00bb28&Prime;][\/vc_tta_section][vc_tta_section title=\u00a0\u00bbSPECIFICATIONS TECHNIQUES\u00a0\u00bb tab_id=\u00a0\u00bbtechical-data8980-9125&Prime; el_class=\u00a0\u00bbtab1&Prime;][vc_column_text]<\/p>\n<ul>\n<li>Mat\u00e9riau de fabrication: PP \/ PVDF<\/li>\n<li>D\u00e9bit Maximal: 75 m<sup>3<\/sup>\/h<\/li>\n<li>Hauteur manom\u00e9trique max : 38 m<\/li>\n<li>Viscosit\u00e9 maximale: 200 cSt<\/li>\n<li>Elle dispose de 2 sortes d\u2019imperm\u00e9abilisation pour toutes les tailles: ou joint ou interne\u00a0 presse-\u00e9toupe\u00a0 m\u00e9canique PTFE<\/li>\n<li>Temp\u00e9rature de Fonctionnement Maximale PP : 60 <sup>o<\/sup>C , PVDF : 90<sup>o<\/sup>C<\/li>\n<li>La pompe est offerte avec brides<\/li>\n<li>Moteurs:<br \/>\nIP55 \u2013 F Class \u2013 de 2 p\u00f4les \u2013 50 Hz \u2013triphas\u00e9<br \/>\nMonophas\u00e9 0,55 kW \u2013 2,2 kW \u2013 50\/60 Hz<\/li>\n<\/ul>\n<p>[\/vc_column_text][vc_column_text][\/vc_column_text][\/vc_tta_section][vc_tta_section title=\u00a0\u00bbAVANTAGES\u00a0\u00bb tab_id=\u00a0\u00bbmaterials8980-9125&Prime; el_class=\u00a0\u00bbtab2&Prime;][vc_column_text]<strong><span style=\"color: #ed272f;\">Disponibles en PP \u03ba\u03b1\u03b9 PVDF<\/span><\/strong><\/p>\n<p><span style=\"color: #ed272f;\">Caract\u00e9ristiques<\/span><\/p>\n<p>Non-m\u00e9talliques pompes centrifuges avec presse-\u00e9toupe m\u00e9canique et impulseur ouvert.<br \/>\nLes pompes centrifuges ADH avec presse-\u00e9toupe m\u00e9canique sont fabriqu\u00e9es de mat\u00e9riaux plastiques (Polypropyl\u00e8ne\u00a0 et PVDF) et elles sont appropri\u00e9es pour liquides hautement corrosifs contenant des parties solides.<br \/>\nElles fonctionnent avec un moteur\u00a0 monobloc\u00a0 (max 3000 rpm). Leur conception sp\u00e9ciale avec impulseur ouvert, permit \u00e9galement le pompage\u00a0 des plus sales liquides avec visqueux jusqu\u2019\u00e0 500 Cps (au 20o C) qui contiennent aussi des parties solides en suspension.<br \/>\nIl y a deux types diff\u00e9rents avec diff\u00e9rente imperm\u00e9abilisation selon l\u2019utilisation, A (joint) et B (presse-\u00e9toupe m\u00e9canique).<\/p>\n<p><strong><span style=\"color: #ed272f;\">Description de pompe<\/span><\/strong><\/p>\n<p>Les pompes centrifuges horizontales ADH ont un corps solide de pompe et un liaison-support pour joindre le moteur \u00e9lectrique avec le presse-\u00e9toupe m\u00e9canique<br \/>\n<img decoding=\"async\" loading=\"lazy\" class=\"alignnone wp-image-39653 \" src=\"https:\/\/alphadynamic.eu\/wp-content\/uploads\/2020\/10\/ADH-SXEDIO.jpg\" alt=\"\" width=\"308\" height=\"261\" \/> <img decoding=\"async\" loading=\"lazy\" class=\"alignnone wp-image-39643 \" src=\"https:\/\/alphadynamic.eu\/wp-content\/uploads\/2020\/10\/adh-sxedio2.jpg\" alt=\"\" width=\"527\" height=\"266\" srcset=\"https:\/\/alphadynamic.eu\/wp-content\/uploads\/2020\/10\/adh-sxedio2.jpg 622w, https:\/\/alphadynamic.eu\/wp-content\/uploads\/2020\/10\/adh-sxedio2-300x151.jpg 300w\" sizes=\"(max-width: 527px) 100vw, 527px\" \/>[\/vc_column_text][\/vc_tta_section][vc_tta_section title=\u00a0\u00bbINSTALLATION\u00a0\u00bb tab_id=\u00a0\u00bbinstallation8980-9125&Prime; el_class=\u00a0\u00bbtab3&Prime;][vc_column_text]Les pompes ADH Pompe Centrifuge Horizontale doivent \u00eatre plac\u00e9es de\u00a0\u00a0\u00a0 fa\u00e7on \u00e0 \u00e9viter l\u2019op\u00e9ration s\u00e8che, la cr\u00e9ation d\u2019un tourbillon\u00a0 et la possible aspiration d\u2019air.[\/vc_column_text][vc_single_image image=\u00a0\u00bb50382&Prime; img_size=\u00a0\u00bbfull\u00a0\u00bb css=\u00a0\u00bb.vc_custom_1548154354121{margin-top: -32px !important;}\u00a0\u00bb][\/vc_tta_section][\/vc_tta_tabs][\/vc_column][\/vc_row][vc_row disable_element=\u00a0\u00bbyes\u00a0\u00bb el_id=\u00a0\u00bbproducts2list\u00a0\u00bb][vc_column][\/vc_column][\/vc_row]<\/p>\n","protected":false},"excerpt":{"rendered":"","protected":false},"author":4,"featured_media":0,"parent":56632,"menu_order":0,"comment_status":"closed","ping_status":"closed","template":"","meta":[],"acf":[],"_links":{"self":[{"href":"https:\/\/alphadynamic.eu\/fr\/wp-json\/wp\/v2\/pages\/50480"}],"collection":[{"href":"https:\/\/alphadynamic.eu\/fr\/wp-json\/wp\/v2\/pages"}],"about":[{"href":"https:\/\/alphadynamic.eu\/fr\/wp-json\/wp\/v2\/types\/page"}],"author":[{"embeddable":true,"href":"https:\/\/alphadynamic.eu\/fr\/wp-json\/wp\/v2\/users\/4"}],"replies":[{"embeddable":true,"href":"https:\/\/alphadynamic.eu\/fr\/wp-json\/wp\/v2\/comments?post=50480"}],"version-history":[{"count":0,"href":"https:\/\/alphadynamic.eu\/fr\/wp-json\/wp\/v2\/pages\/50480\/revisions"}],"up":[{"embeddable":true,"href":"https:\/\/alphadynamic.eu\/fr\/wp-json\/wp\/v2\/pages\/56632"}],"wp:attachment":[{"href":"https:\/\/alphadynamic.eu\/fr\/wp-json\/wp\/v2\/media?parent=50480"}],"curies":[{"name":"wp","href":"https:\/\/api.w.org\/{rel}","templated":true}]}}