{"id":50869,"date":"2018-10-07T23:05:01","date_gmt":"2018-10-07T20:05:01","guid":{"rendered":"https:\/\/www.alphadynamic.eu\/produits\/adv-vertical-centrifugal-pump\/"},"modified":"2021-11-10T14:47:08","modified_gmt":"2021-11-10T11:47:08","slug":"adv-pompe-centrifuge-verticale","status":"publish","type":"page","link":"https:\/\/alphadynamic.eu\/fr\/produits\/adv-pompe-centrifuge-verticale\/","title":{"rendered":"ADV Pompe Centrifuge Verticale"},"content":{"rendered":"<p>[vc_row el_id=\u00a0\u00bbpageTitle\u00a0\u00bb el_class=\u00a0\u00bbproductTitle\u00a0\u00bb][vc_column][vc_custom_heading source=\u00a0\u00bbpost_title\u00a0\u00bb font_container=\u00a0\u00bbtag:h1|font_size:24px|text_align:left|color:%23ed1c24|line_height:34px\u00a0\u00bb use_theme_fonts=\u00a0\u00bbyes\u00a0\u00bb][\/vc_column][\/vc_row][vc_row el_id=\u00a0\u00bbproductFinalTabs\u00a0\u00bb][vc_column][vc_tta_tabs style=\u00a0\u00bboutline\u00a0\u00bb shape=\u00a0\u00bbsquare\u00a0\u00bb color=\u00a0\u00bbwhite\u00a0\u00bb spacing=\u00a0\u00bb10&Prime; gap=\u00a0\u00bb5&Prime; active_section=\u00a0\u00bb1&Prime; no_fill_content_area=\u00a0\u00bbtrue\u00a0\u00bb][vc_tta_section title=\u00a0\u00bbADV PRODUITS\u00a0\u00bb tab_id=\u00a0\u00bb1636544753981-2a22f4ae-73df\u00a0\u00bb][vc_basic_grid post_type=\u00a0\u00bbpost\u00a0\u00bb max_items=\u00a0\u00bb-1&Prime; order=\u00a0\u00bbASC\u00a0\u00bb item=\u00a0\u00bb15218&Prime; grid_id=\u00a0\u00bbvc_gid:1636544701444-14e949fa-2215-4&Prime; taxonomies=\u00a0\u00bb30&Prime;][\/vc_tta_section][vc_tta_section title=\u00a0\u00bbSPECIFICATIONS TECHNIQUES\u00a0\u00bb tab_id=\u00a0\u00bbtechical-data5eae-fcbc\u00a0\u00bb el_class=\u00a0\u00bbtab1&Prime;][vc_column_text]<\/p>\n<ul>\n<li>Mat\u00e9riau de fabrication: PP \/ PVDF<\/li>\n<li>D\u00e9bit Maximal: 75 m<sup>3<\/sup>\/h<\/li>\n<li>Hauteur manom\u00e9trique max : 38 m<\/li>\n<li>Viscosit\u00e9 maximale: 500 cSt<\/li>\n<li>Longueur de la colonne : 250 \u2013 2000 mm<\/li>\n<li>Temp\u00e9rature de Fonctionnement Maximale PP : 60 <sup>o<\/sup>C , PVDF : 90<sup>o<\/sup>C<\/li>\n<li>La pompe est offerte avec brides<\/li>\n<li>Moteurs:<br \/>\nIP55 \u2013 F Class \u2013 de 2 p\u00f4les \u2013 50 Hz \u2013triphas\u00e9<br \/>\nMonophas\u00e9 0,55 kW \u2013 2,2 kW \u2013 50\/60 Hz<\/li>\n<li>Le moteur peut \u00eatre enlev\u00e9 m\u00eame quand la pompe est install\u00e9e<\/li>\n<li>Sur demande, la pompe est offerte aussi avec bride \u00e0 la sortie<\/li>\n<li>Id\u00e9ales pour liquides dangereux et toxiques avec des parties solides en suspension<\/li>\n<\/ul>\n<p>[\/vc_column_text][\/vc_tta_section][vc_tta_section title=\u00a0\u00bbAVANTAGES\u00a0\u00bb tab_id=\u00a0\u00bbmaterials5eae-fcbc\u00a0\u00bb el_class=\u00a0\u00bbtab2&Prime;][vc_column_text]<strong><span style=\"color: #ed1c24;\">Disponibles en PP \u03ba\u03b1\u03b9 PVDF<\/span><\/strong><\/p>\n<p><strong><span style=\"color: #ed1c24;\">Caract\u00e9ristiques<\/span><\/strong><\/p>\n<p>Les pompes centrifuges verticales de la s\u00e9rie ADV sont fabriqu\u00e9es de mat\u00e9riaux thermoplastiques (PP et PVDF) et sont appropri\u00e9es pour le pompage de\u00a0 liquides dangereux et corrosifs avec des parties solides en suspension.\u00a0 La s\u00e9rie ADV est disponible en hauteurs 250-2000 mm.<\/p>\n<p><span style=\"color: #ed1c24;\">Description de la pompe<\/span><\/p>\n<p>L\u2019 impulseur ouvert permit le pompage continu\u00a0 m\u00eame de tr\u00e8s sales liquides avec viscosit\u00e9 jusqu\u2019aux\u00a0 500 cps (aux 20o C) et avec\u00a0 des petites parties solides en suspension.<\/p>\n<p>Les pompes centrifuges verticales ADV se composent d\u2019un corps solide et d\u2019une colonne coupl\u00e9e \u00e0 la base et supportant une lampe qui supporte \u00e0 son tour le moteur. Le moteur est reli\u00e9 par un accouplement en caoutchouc \u00e0 l&rsquo;arbre de la pompe. La roue ouverte est fix\u00e9e \u00e0 l\u2019autre c\u00f4t\u00e9 de l\u2019arbre et est support\u00e9e par une bague radiale. La conception sp\u00e9ciale de la pompe permet de d\u00e9monter le moteur sans devoir d\u00e9connecter la pompe de la grille.<\/p>\n<p>&nbsp;<\/p>\n<p><img decoding=\"async\" loading=\"lazy\" class=\"alignnone wp-image-39729\" src=\"https:\/\/alphadynamic.eu\/wp-content\/uploads\/2020\/10\/description400\u03c7400-300x300.jpg\" alt=\"\" width=\"310\" height=\"310\" srcset=\"https:\/\/alphadynamic.eu\/wp-content\/uploads\/2020\/10\/description400\u03c7400-300x300.jpg 300w, https:\/\/alphadynamic.eu\/wp-content\/uploads\/2020\/10\/description400\u03c7400-150x150.jpg 150w, https:\/\/alphadynamic.eu\/wp-content\/uploads\/2020\/10\/description400\u03c7400.jpg 400w\" sizes=\"(max-width: 310px) 100vw, 310px\" \/> <img decoding=\"async\" loading=\"lazy\" class=\"alignnone wp-image-39734\" src=\"https:\/\/alphadynamic.eu\/wp-content\/uploads\/2020\/10\/adv-sxedio-300x196.jpg\" alt=\"\" width=\"462\" height=\"302\" srcset=\"https:\/\/alphadynamic.eu\/wp-content\/uploads\/2020\/10\/adv-sxedio-300x196.jpg 300w, https:\/\/alphadynamic.eu\/wp-content\/uploads\/2020\/10\/adv-sxedio.jpg 635w\" sizes=\"(max-width: 462px) 100vw, 462px\" \/>[\/vc_column_text][\/vc_tta_section][vc_tta_section title=\u00a0\u00bbINSTALLATION\u00a0\u00bb tab_id=\u00a0\u00bbinstallation5eae-fcbc\u00a0\u00bb el_class=\u00a0\u00bbtab3&Prime;][vc_column_text]Les pompes centrifuges verticales doivent \u00eatre install\u00e9es seulement avec l\u2019axe plac\u00e9 verticalement\u00a0 et la pompe doit \u00eatre immerg\u00e9e dans le r\u00e9servoir. Les pompes doivent \u00eatre plac\u00e9es de fa\u00e7on \u00e0 \u00e9viter l\u2019op\u00e9ration s\u00e8che ainsi que la cr\u00e9ation d\u2019un tourbillon\u00a0 et la possible aspiration d\u2019air. Ces pompes doivent \u00eatre utilis\u00e9es seulement quand elles sont remplies de liquide. L\u2019op\u00e9ration s\u00e8che et l\u2019op\u00e9ration avec bulles d\u2019air\u00a0 peut d\u00e9truire l\u2019int\u00e9rieur de la pompe.[\/vc_column_text][vc_single_image image=\u00a0\u00bb50870&Prime; img_size=\u00a0\u00bbfull\u00a0\u00bb css=\u00a0\u00bb.vc_custom_1547732131106{margin-top: -32px !important;}\u00a0\u00bb][\/vc_tta_section][\/vc_tta_tabs][\/vc_column][\/vc_row][vc_row disable_element=\u00a0\u00bbyes\u00a0\u00bb el_id=\u00a0\u00bbproducts2list\u00a0\u00bb][vc_column][\/vc_column][\/vc_row]<\/p>\n","protected":false},"excerpt":{"rendered":"","protected":false},"author":4,"featured_media":0,"parent":56632,"menu_order":0,"comment_status":"closed","ping_status":"closed","template":"","meta":[],"acf":[],"_links":{"self":[{"href":"https:\/\/alphadynamic.eu\/fr\/wp-json\/wp\/v2\/pages\/50869"}],"collection":[{"href":"https:\/\/alphadynamic.eu\/fr\/wp-json\/wp\/v2\/pages"}],"about":[{"href":"https:\/\/alphadynamic.eu\/fr\/wp-json\/wp\/v2\/types\/page"}],"author":[{"embeddable":true,"href":"https:\/\/alphadynamic.eu\/fr\/wp-json\/wp\/v2\/users\/4"}],"replies":[{"embeddable":true,"href":"https:\/\/alphadynamic.eu\/fr\/wp-json\/wp\/v2\/comments?post=50869"}],"version-history":[{"count":0,"href":"https:\/\/alphadynamic.eu\/fr\/wp-json\/wp\/v2\/pages\/50869\/revisions"}],"up":[{"embeddable":true,"href":"https:\/\/alphadynamic.eu\/fr\/wp-json\/wp\/v2\/pages\/56632"}],"wp:attachment":[{"href":"https:\/\/alphadynamic.eu\/fr\/wp-json\/wp\/v2\/media?parent=50869"}],"curies":[{"name":"wp","href":"https:\/\/api.w.org\/{rel}","templated":true}]}}