{"id":50889,"date":"2018-10-07T22:52:04","date_gmt":"2018-10-07T19:52:04","guid":{"rendered":"https:\/\/www.alphadynamic.eu\/produits\/ad-flexible-impeller-pump\/"},"modified":"2022-01-06T11:38:47","modified_gmt":"2022-01-06T08:38:47","slug":"ad-pompe-a-impulseur-flexible","status":"publish","type":"page","link":"https:\/\/alphadynamic.eu\/fr\/produits\/ad-pompe-a-impulseur-flexible\/","title":{"rendered":"AD  Pompe \u00e0 impulseur flexible"},"content":{"rendered":"<p>[vc_row el_id=\u00a0\u00bbpageTitle\u00a0\u00bb el_class=\u00a0\u00bbproductTitle\u00a0\u00bb][vc_column][vc_custom_heading source=\u00a0\u00bbpost_title\u00a0\u00bb font_container=\u00a0\u00bbtag:h1|font_size:24px|text_align:left|color:%23ed1c24|line_height:34px\u00a0\u00bb use_theme_fonts=\u00a0\u00bbyes\u00a0\u00bb][\/vc_column][\/vc_row][vc_row el_id=\u00a0\u00bbproductFinalTabs\u00a0\u00bb][vc_column][vc_tta_tabs style=\u00a0\u00bboutline\u00a0\u00bb shape=\u00a0\u00bbsquare\u00a0\u00bb color=\u00a0\u00bbwhite\u00a0\u00bb spacing=\u00a0\u00bb10&Prime; gap=\u00a0\u00bb5&Prime; active_section=\u00a0\u00bb1&Prime; no_fill_content_area=\u00a0\u00bbtrue\u00a0\u00bb][vc_tta_section title=\u00a0\u00bbAD Produits\u00a0\u00bb tab_id=\u00a0\u00bb1636538409469-70860eb7-5b60&Prime;][vc_basic_grid post_type=\u00a0\u00bbids\u00a0\u00bb item=\u00a0\u00bb15218&Prime; grid_id=\u00a0\u00bbvc_gid:1641458303932-f45742eb-b475-1&Prime; include=\u00a0\u00bb2457, 2571, 2661, 511, 2799&Prime;][\/vc_tta_section][vc_tta_section title=\u00a0\u00bbSPECIFICATIONS TECHNIQUES\u00a0\u00bb tab_id=\u00a0\u00bbtechical-data95bb-4d84&Prime; el_class=\u00a0\u00bbtab1&Prime;][vc_column_text]<\/p>\n<ul>\n<li>Mat\u00e9riau de fabrication: AISI 304 \/ AISI 316<\/li>\n<li>D\u00e9bit Maximal: 56 m<sup>3<\/sup>\/h<\/li>\n<li>Hauteur manom\u00e9trique max : 35 m<\/li>\n<li>Viscosit\u00e9 maximale: 75.000 cPs<\/li>\n<li>Impulseurs disponibles: CR, NBR, EPDM<\/li>\n<li>Impulseurs des aliments N\u00e9opr\u00e8ne et EPDM<\/li>\n<li>Orifices : BSP (M) , DIN 11851 , GAROLLA<\/li>\n<li>Temp\u00e9rature de Fonctionnement Maximale : 100 <sup>o<\/sup>C<\/li>\n<li>Moteurs:<br \/>\nIP55 \u2013 F Class \u2013 de 2-4-6-8 p\u00f4les \u2013 50 Hz \u2013triphas\u00e9<br \/>\nMonophas\u00e9 0,55 kW \u2013 1.5 kW \u2013 50\/60 Hz<\/li>\n<\/ul>\n<p>[\/vc_column_text][\/vc_tta_section][vc_tta_section title=\u00a0\u00bbAVANTAGES\u00a0\u00bb tab_id=\u00a0\u00bbmaterials95bb-4d84&Prime; el_class=\u00a0\u00bbtab2&Prime;][vc_column_text]<strong><span style=\"color: #ed272f;\">Disponibles en Acier Inoxydable 304\/316<\/span><\/strong><\/p>\n<p><span style=\"color: #ed272f;\">Caract\u00e9ristiques<\/span><\/p>\n<p>Les pompes de la s\u00e9rie\u00a0 AD <strong>ont un impulseur flexible. <\/strong>Grace \u00e0 leur conception, ces pompes ont un flux r\u00e9versible, offrent aspiration automatique et peuvent pomper d\u2019une hauteur maximale de 5 m. ce type de pompe est con\u00e7ue pour pomper des produits de haute et basse viscosit\u00e9 ainsi que des produits qui contiennent particules.<\/p>\n<p><span style=\"color: #ed272f;\">Avantages<\/span><\/p>\n<ul>\n<li>Directe aspiration d\u2019une profondeur\u00a0 jusqu\u2019aux 5 m, m\u00eame quand elles fonctionnent s\u00e8ches<\/li>\n<li>R\u00e9versibilit\u00e9 du flux<\/li>\n<li>Moteur de faible vitesse pour le pompage r\u00e9gulier des liquides sensibles<\/li>\n<li>Pompage continue et stable<\/li>\n<li>Capacit\u00e9 de pomper m\u00eame liquides visqueux\u00a0 ainsi que liquides avec des solides en suspension<\/li>\n<li>Acier d\u2019haute densit\u00e9 (3\/4 mm) qui conduit \u00e0 une haute r\u00e9sistance m\u00e9canique et r\u00e9sistance\u00a0 \u00e0 la corrosion et par cons\u00e9quent\u00a0 \u00e0 une plus longue dur\u00e9e de\u00a0 vie de la pompe<\/li>\n<li>Conception monobloc pour meilleur r\u00e9sistance et \u00e9tanch\u00e9it\u00e9<\/li>\n<li>Tr\u00e8s facile nettoyage et remplacement de l\u2019impulseur et du presse-\u00e9toupe\u00a0 m\u00e9canique<\/li>\n<li>L\u2019impulseur flexible est fabriqu\u00e9 enti\u00e8rement des mat\u00e9riaux synth\u00e9tiques non toxiques (N\u00e9opr\u00e8ne, NBR, EPDM) et il est r\u00e9sistant aux plusieurs acides<\/li>\n<li>Les impulseurs de\u00a0 CR &amp; EPDM sont conformes aux r\u00e8glements de l\u2019organisme am\u00e9ricain FDA pour le traitement des liquides associ\u00e9s\u00a0 aux\u00a0 aliments<\/li>\n<li>Presse-\u00e9toupe m\u00e9canique d\u2019INOX \/ GRAPHITE \/ NBR \/ EPDM ou Tungsten \/ Tungsten \/ NBR \/ EPDM<\/li>\n<\/ul>\n<p><strong><span style=\"color: #ed272f;\">Impulseurs de non toxique \u00e9lastom\u00e8re<\/span><\/strong><\/p>\n<p>Les impulseurs sont fabriqu\u00e9s\u00a0 de mat\u00e9riau synth\u00e9tique (CR, EPDM, NBR) et sont enti\u00e8rement non toxiques et r\u00e9sistants \u00e0 une large gamme des acides et sont conformes aux r\u00e8glements de l\u2019organisation\u00a0 am\u00e9ricaine\u00a0 FDA pour le traitement des liquides associ\u00e9s\u00a0 aux aliments<\/p>\n<p>&nbsp;<\/p>\n<p><img decoding=\"async\" loading=\"lazy\" class=\"alignnone wp-image-3959 \" src=\"https:\/\/alphadynamic.eu\/wp-content\/uploads\/2019\/01\/GRANAZIA-300x173.jpg\" alt=\"\" width=\"496\" height=\"286\" srcset=\"https:\/\/alphadynamic.eu\/wp-content\/uploads\/2019\/01\/GRANAZIA-300x173.jpg 300w, https:\/\/alphadynamic.eu\/wp-content\/uploads\/2019\/01\/GRANAZIA.jpg 400w\" sizes=\"(max-width: 496px) 100vw, 496px\" \/><\/p>\n<p><strong><span style=\"color: #ed272f;\">Conception monobloc du corps de la pompe<\/span><\/strong><\/p>\n<p>Tous les corps sont fabriques d\u2019acier inoxydable d\u2019haute densit\u00e9, offrant qualit\u00e9 sup\u00e9rieure et longue dur\u00e9e de vie. Les corps de la pompe sont soumis aux contr\u00f4les continus et sont ext\u00e9rieurement et int\u00e9rieurement\u00a0 polis, assurant un tr\u00e8s haut degr\u00e9 d\u2019hygi\u00e8ne.<\/p>\n<p><img decoding=\"async\" loading=\"lazy\" class=\"wp-image-3961 alignleft\" src=\"https:\/\/alphadynamic.eu\/wp-content\/uploads\/2019\/01\/ASHMENIA.jpg\" alt=\"\" width=\"599\" height=\"343\" srcset=\"https:\/\/alphadynamic.eu\/wp-content\/uploads\/2019\/01\/ASHMENIA.jpg 400w, https:\/\/alphadynamic.eu\/wp-content\/uploads\/2019\/01\/ASHMENIA-300x172.jpg 300w\" sizes=\"(max-width: 599px) 100vw, 599px\" \/>[\/vc_column_text][\/vc_tta_section][vc_tta_section title=\u00a0\u00bbINSTALLATION\u00a0\u00bb tab_id=\u00a0\u00bbinstallation95bb-4d84&Prime; el_class=\u00a0\u00bbtab3&Prime;][vc_single_image image=\u00a0\u00bb50893&Prime; img_size=\u00a0\u00bbfull\u00a0\u00bb][\/vc_tta_section][\/vc_tta_tabs][\/vc_column][\/vc_row][vc_row disable_element=\u00a0\u00bbyes\u00a0\u00bb el_id=\u00a0\u00bbproducts2list\u00a0\u00bb][vc_column][\/vc_column][\/vc_row]<\/p>\n","protected":false},"excerpt":{"rendered":"","protected":false},"author":4,"featured_media":94172,"parent":56632,"menu_order":0,"comment_status":"closed","ping_status":"closed","template":"","meta":[],"acf":[],"_links":{"self":[{"href":"https:\/\/alphadynamic.eu\/fr\/wp-json\/wp\/v2\/pages\/50889"}],"collection":[{"href":"https:\/\/alphadynamic.eu\/fr\/wp-json\/wp\/v2\/pages"}],"about":[{"href":"https:\/\/alphadynamic.eu\/fr\/wp-json\/wp\/v2\/types\/page"}],"author":[{"embeddable":true,"href":"https:\/\/alphadynamic.eu\/fr\/wp-json\/wp\/v2\/users\/4"}],"replies":[{"embeddable":true,"href":"https:\/\/alphadynamic.eu\/fr\/wp-json\/wp\/v2\/comments?post=50889"}],"version-history":[{"count":0,"href":"https:\/\/alphadynamic.eu\/fr\/wp-json\/wp\/v2\/pages\/50889\/revisions"}],"up":[{"embeddable":true,"href":"https:\/\/alphadynamic.eu\/fr\/wp-json\/wp\/v2\/pages\/56632"}],"wp:featuredmedia":[{"embeddable":true,"href":"https:\/\/alphadynamic.eu\/fr\/wp-json\/wp\/v2\/media\/94172"}],"wp:attachment":[{"href":"https:\/\/alphadynamic.eu\/fr\/wp-json\/wp\/v2\/media?parent=50889"}],"curies":[{"name":"wp","href":"https:\/\/api.w.org\/{rel}","templated":true}]}}