{"id":50906,"date":"2018-10-07T23:05:52","date_gmt":"2018-10-07T20:05:52","guid":{"rendered":"https:\/\/www.alphadynamic.eu\/produits\/atlas-progressive-cavity-pump\/"},"modified":"2022-05-20T12:40:11","modified_gmt":"2022-05-20T09:40:11","slug":"atlas-pompe-a-cavite-progressive","status":"publish","type":"page","link":"https:\/\/alphadynamic.eu\/fr\/produits\/atlas-pompe-a-cavite-progressive\/","title":{"rendered":"ATLAS Pompe \u00e0 Cavit\u00e9 Progressive"},"content":{"rendered":"<p>[vc_row el_id=\u00a0\u00bbpageTitle\u00a0\u00bb el_class=\u00a0\u00bbproductTitle\u00a0\u00bb][vc_column][vc_custom_heading source=\u00a0\u00bbpost_title\u00a0\u00bb font_container=\u00a0\u00bbtag:h1|font_size:24px|text_align:left|color:%23ed1c24|line_height:34px\u00a0\u00bb use_theme_fonts=\u00a0\u00bbyes\u00a0\u00bb][\/vc_column][\/vc_row][vc_row el_id=\u00a0\u00bbproductFinalTabs\u00a0\u00bb][vc_column][vc_tta_tabs style=\u00a0\u00bboutline\u00a0\u00bb shape=\u00a0\u00bbsquare\u00a0\u00bb color=\u00a0\u00bbwhite\u00a0\u00bb spacing=\u00a0\u00bb10&Prime; gap=\u00a0\u00bb5&Prime; active_section=\u00a0\u00bb1&Prime; no_fill_content_area=\u00a0\u00bbtrue\u00a0\u00bb][vc_tta_section title=\u00a0\u00bbATLAS PRODUITS\u00a0\u00bb tab_id=\u00a0\u00bb1636545623430-62a58487-d42b\u00a0\u00bb][vc_basic_grid post_type=\u00a0\u00bbids\u00a0\u00bb item=\u00a0\u00bb15218&Prime; grid_id=\u00a0\u00bbvc_gid:1653039578973-6a333f93-fd22-1&Prime; include=\u00a0\u00bb2829, 3108, 3423, 73084&Prime;][\/vc_tta_section][vc_tta_section title=\u00a0\u00bbSPECIFICATIONS TECHNIQUES\u00a0\u00bb tab_id=\u00a0\u00bbtechical-data5339-dbb9&Prime; el_class=\u00a0\u00bbtab1&Prime;][vc_column_text]<\/p>\n<ul>\n<li>Mat\u00e9riau de fabrication: AISI316 Fonte\u00a0 GG25<\/li>\n<li>Stators disponibles: NBR, EPDM, HYPALON, FKM<\/li>\n<li>D\u00e9bit Maximal: 75 m<sup>3<\/sup>\/h<\/li>\n<li>Hauteur manom\u00e9trique max : 120 m<\/li>\n<li>Viscosit\u00e9 maximale: 500.000 cSt<\/li>\n<li>Temp\u00e9rature de Fonctionnement Maximale 100\u00b0C<\/li>\n<\/ul>\n<p>[\/vc_column_text][\/vc_tta_section][vc_tta_section title=\u00a0\u00bbAVANTAGES\u00a0\u00bb tab_id=\u00a0\u00bbmaterials5339-dbb9&Prime; el_class=\u00a0\u00bbtab2&Prime;][vc_column_text]<span style=\"font-family: Times New Roman, serif;\"><span style=\"font-size: medium;\"><span style=\"color: #c00000;\"><span style=\"font-family: Verdana, serif;\"><span style=\"font-size: large;\">Avantages<\/span><\/span><\/span><\/span><\/span><\/p>\n<ul>\n<li>Rotors de g\u00e9om\u00e9trie allong\u00e9e<\/li>\n<li>Rendements plus \u00e9lev\u00e9s en comparaison avec la g\u00e9om\u00e9trie classique<\/li>\n<li>Exigences de r\u00e9paration limit\u00e9es<\/li>\n<li>Am\u00e9lior\u00e9s caract\u00e9ristiques de fourniture<\/li>\n<li>Vibrations, turbulences et cisaillements r\u00e9duits<\/li>\n<li>Bon fonctionnement<\/li>\n<li>Construction brideuse qui minimalise les dimensions totales conduisant \u00e0 une longueur de la pompe\u00a0 plus courte.<\/li>\n<li>Elle est plac\u00e9e\u00a0 verticalement ou horizontalement,\u00a0 selon l\u2019application,\u00a0 et travaille vers les deux directions.<\/li>\n<\/ul>\n<p>Elles sont utilis\u00e9es pour les applications suivantes :<\/p>\n<ul>\n<li>Boues Primaires et secondaires<\/li>\n<li>Boues visqueux<\/li>\n<li>Boues avant le filtre presse<\/li>\n<\/ul>\n<p>Autres applications sont:<\/p>\n<ul>\n<li>A l\u2019industrie de papier et pour applications comme la colle<\/li>\n<li>A l\u2019industrie de la construction et pour applications comme teintures, goudron, bentonite<\/li>\n<li>Au transport maritime pour huiles et lisier<\/li>\n<li>Au secteur de la c\u00e9ramique et pour applications comme argile, chaux etc.<\/li>\n<\/ul>\n<p>&nbsp;<\/p>\n<p>1. Mechanical seal<img decoding=\"async\" loading=\"lazy\" class=\"alignright wp-image-50921 size-full\" src=\"http:\/\/alphadynamic.eu\/wp-content\/uploads\/2019\/01\/mak.jpg\" alt=\"\" width=\"648\" height=\"250\" srcset=\"https:\/\/alphadynamic.eu\/wp-content\/uploads\/2019\/01\/mak.jpg 648w, https:\/\/alphadynamic.eu\/wp-content\/uploads\/2019\/01\/mak-300x116.jpg 300w\" sizes=\"(max-width: 648px) 100vw, 648px\" \/><br \/>\n2. Connnection rod<br \/>\n3. Discharge hhousin DIN 11851<br \/>\n4. Stator<br \/>\n5. Rotor<br \/>\n6. Suction Housing DIN 11851[\/vc_column_text][\/vc_tta_section][vc_tta_section title=\u00a0\u00bbINSTALLATION\u00a0\u00bb tab_id=\u00a0\u00bbinstallation5339-dbb9&Prime; el_class=\u00a0\u00bbtab3&Prime;][vc_row_inner][vc_column_inner width=\u00a0\u00bb1\/2&Prime;][vc_column_text]<\/p>\n<h5><span style=\"color: #ed1c24; font-size: 14pt;\">Double direction de rotation<\/span><\/h5>\n<p><span style=\"font-size: 14pt;\">La pompe peut op\u00e9rer vers les deux directions avec inversion du flux du liquide, id\u00e9ale pour transport des liquides visqueux<\/span>[\/vc_column_text][\/vc_column_inner][vc_column_inner width=\u00a0\u00bb1\/2&Prime;][vc_single_image image=\u00a0\u00bb38954&Prime; img_size=\u00a0\u00bbmedium\u00a0\u00bb][vc_separator][\/vc_column_inner][\/vc_row_inner][vc_row_inner][vc_column_inner width=\u00a0\u00bb1\/2&Prime;][vc_column_text]<span style=\"font-size: 14pt;\"><strong><span style=\"color: #ed1c24;\">Aspiration automatique<\/span><\/strong><\/span><br \/>\n<span style=\"font-size: 14pt;\">Aspiration automatique jusqu\u2019\u00e0 4 m\u00e8tres<\/span>[\/vc_column_text][\/vc_column_inner][vc_column_inner width=\u00a0\u00bb1\/2&Prime;][vc_column_text]\u00a0[\/vc_column_text][vc_single_image image=\u00a0\u00bb38967&Prime; img_size=\u00a0\u00bbmedium\u00a0\u00bb el_class=\u00a0\u00bbeikona\u00a0\u00bb][vc_separator][\/vc_column_inner][\/vc_row_inner][vc_row_inner][vc_column_inner width=\u00a0\u00bb1\/2&Prime;][vc_column_text]<span style=\"font-size: 14pt;\"><strong><span style=\"color: #ed1c24;\">Lisse et stable transport des liquides sans fatigue <\/span><\/strong><\/span><br \/>\n<span style=\"font-size: 14pt;\"> Appropri\u00e9e pour transfusion en \u00e9quipement de remplissage et pour dosage <\/span>[\/vc_column_text][\/vc_column_inner][vc_column_inner width=\u00a0\u00bb1\/2&Prime;][vc_column_text]\u00a0[\/vc_column_text][vc_single_image image=\u00a0\u00bb38987&Prime; img_size=\u00a0\u00bbmedium\u00a0\u00bb el_class=\u00a0\u00bbeik\u00a0\u00bb][vc_separator][\/vc_column_inner][\/vc_row_inner][vc_row_inner][vc_column_inner width=\u00a0\u00bb1\/2&Prime;][vc_column_text]<span style=\"font-size: 14pt;\"><strong><span style=\"color: #ed1c24;\">Appropri\u00e9e pour le transport des liquides visqueux m\u00eame avec des solides en suspension<\/span><\/strong><\/span>[\/vc_column_text][\/vc_column_inner][vc_column_inner width=\u00a0\u00bb1\/2&Prime;][vc_column_text]\u00a0[\/vc_column_text][vc_single_image image=\u00a0\u00bb38997&Prime; img_size=\u00a0\u00bbmedium\u00a0\u00bb el_class=\u00a0\u00bbeik\u00a0\u00bb][vc_separator][\/vc_column_inner][\/vc_row_inner][vc_row_inner][vc_column_inner width=\u00a0\u00bb1\/2&Prime;][vc_column_text]<span style=\"font-size: 14pt;\"><strong><span style=\"color: #ed1c24;\">Op\u00e9ration Verical<\/span><\/strong><\/span>[\/vc_column_text][\/vc_column_inner][vc_column_inner width=\u00a0\u00bb1\/2&Prime;][vc_single_image image=\u00a0\u00bb38992&Prime; img_size=\u00a0\u00bbmedium\u00a0\u00bb][\/vc_column_inner][\/vc_row_inner][\/vc_tta_section][\/vc_tta_tabs][\/vc_column][\/vc_row][vc_row disable_element=\u00a0\u00bbyes\u00a0\u00bb el_id=\u00a0\u00bbproducts2list\u00a0\u00bb][vc_column][\/vc_column][\/vc_row]<\/p>\n","protected":false},"excerpt":{"rendered":"","protected":false},"author":4,"featured_media":0,"parent":56632,"menu_order":0,"comment_status":"closed","ping_status":"closed","template":"","meta":[],"acf":[],"_links":{"self":[{"href":"https:\/\/alphadynamic.eu\/fr\/wp-json\/wp\/v2\/pages\/50906"}],"collection":[{"href":"https:\/\/alphadynamic.eu\/fr\/wp-json\/wp\/v2\/pages"}],"about":[{"href":"https:\/\/alphadynamic.eu\/fr\/wp-json\/wp\/v2\/types\/page"}],"author":[{"embeddable":true,"href":"https:\/\/alphadynamic.eu\/fr\/wp-json\/wp\/v2\/users\/4"}],"replies":[{"embeddable":true,"href":"https:\/\/alphadynamic.eu\/fr\/wp-json\/wp\/v2\/comments?post=50906"}],"version-history":[{"count":0,"href":"https:\/\/alphadynamic.eu\/fr\/wp-json\/wp\/v2\/pages\/50906\/revisions"}],"up":[{"embeddable":true,"href":"https:\/\/alphadynamic.eu\/fr\/wp-json\/wp\/v2\/pages\/56632"}],"wp:attachment":[{"href":"https:\/\/alphadynamic.eu\/fr\/wp-json\/wp\/v2\/media?parent=50906"}],"curies":[{"name":"wp","href":"https:\/\/api.w.org\/{rel}","templated":true}]}}