{"id":50931,"date":"2018-10-07T23:02:47","date_gmt":"2018-10-07T20:02:47","guid":{"rendered":"https:\/\/www.alphadynamic.eu\/produits\/adf-oval-gear-flowmeter\/"},"modified":"2021-11-10T13:29:28","modified_gmt":"2021-11-10T10:29:28","slug":"adf-debitmetre-a-roues-ovales","status":"publish","type":"page","link":"https:\/\/alphadynamic.eu\/fr\/produits\/adf-debitmetre-a-roues-ovales\/","title":{"rendered":"ADF  D\u00e9bitm\u00e8tre \u00e0 roues ovales"},"content":{"rendered":"<p>[vc_row el_id=\u00a0\u00bbpageTitle\u00a0\u00bb el_class=\u00a0\u00bbproductTitle\u00a0\u00bb][vc_column][vc_custom_heading source=\u00a0\u00bbpost_title\u00a0\u00bb font_container=\u00a0\u00bbtag:h1|font_size:24px|text_align:left|color:%23ed1c24|line_height:34px\u00a0\u00bb use_theme_fonts=\u00a0\u00bbyes\u00a0\u00bb][\/vc_column][\/vc_row][vc_row el_id=\u00a0\u00bbproductFinalTabs\u00a0\u00bb][vc_column][vc_tta_tabs style=\u00a0\u00bboutline\u00a0\u00bb shape=\u00a0\u00bbsquare\u00a0\u00bb color=\u00a0\u00bbwhite\u00a0\u00bb spacing=\u00a0\u00bb10&Prime; gap=\u00a0\u00bb5&Prime; active_section=\u00a0\u00bb1&Prime; no_fill_content_area=\u00a0\u00bbtrue\u00a0\u00bb][vc_tta_section title=\u00a0\u00bbADF PRODUITS\u00a0\u00bb tab_id=\u00a0\u00bb1636540041609-d0885375-b4d6&Prime;][vc_basic_grid post_type=\u00a0\u00bbpost\u00a0\u00bb max_items=\u00a0\u00bb-1&Prime; order=\u00a0\u00bbASC\u00a0\u00bb item=\u00a0\u00bb15218&Prime; grid_id=\u00a0\u00bbvc_gid:1636540022927-ebe2a972-0c54-3&Prime; taxonomies=\u00a0\u00bb27&Prime;][\/vc_tta_section][vc_tta_section title=\u00a0\u00bbSPECIFICATIONS TECHNIQUES\u00a0\u00bb tab_id=\u00a0\u00bbtechical-datacd09-281a\u00a0\u00bb el_class=\u00a0\u00bbtab1&Prime;][vc_column_text]<\/p>\n<ul>\n<li>D\u00e9bit 0,01 &#8211; 1500 l \/ min<\/li>\n<li>Temp\u00e9rature jusqu\u2019aux 120 \u00b0 C<\/li>\n<li>Pression de fonctionnement jusqu\u2019aux 55 bars<\/li>\n<li>Mat\u00e9riau de fabrication du corps: Acier Inoxydable 316, Aluminium, PPS (ryton)<\/li>\n<li>Rou\u00e9s dent\u00e9es d\u2019Acier Inoxydable et PPS<\/li>\n<li>Pour liquides d\u2019\u00e9coulement libre et visqueux jusqu\u2019aux 000.000 cPs<\/li>\n<li>Pr\u00e9cision : 0,5 %<\/li>\n<li>R\u00e9p\u00e9tabilit\u00e9 : 0,03 %<\/li>\n<li>Basse chute de tension<\/li>\n<li>Plusieurs \u00e9crans num\u00e9riques et \u00e9crans pour le contr\u00f4le de la portion, incorpor\u00e9s ou \u00e0 distance du d\u00e9bitm\u00e8tre (AMR 100, F012, F110, F030, F130)<\/li>\n<\/ul>\n<p>[\/vc_column_text][\/vc_tta_section][vc_tta_section title=\u00a0\u00bbAVANTAGES\u00a0\u00bb tab_id=\u00a0\u00bbmaterialscd09-281a\u00a0\u00bb el_class=\u00a0\u00bbtab2&Prime;][vc_column_text]<strong><span style=\"color: #e4122d;\">Disponibles en Acier Inoxydable 316, Aluminium et PPS (ryton)<\/span><\/strong><\/p>\n<p><span style=\"color: #e4122d;\">Caract\u00e9ristiques<\/span><\/p>\n<p>La s\u00e9rie de d\u00e9bitm\u00e8tres ADF et une s\u00e9rie compl\u00e8te de d\u00e9bitm\u00e8tres du d\u00e9placement positif qui utilise le principe d\u2019op\u00e9ration des roues dent\u00e9es. Ce type de d\u00e9bitm\u00e8tre offre haute pr\u00e9cision (meilleur de +\/-0.5%), n\u2019est pas influenc\u00e9 par la viscosit\u00e9 (&lt;1 \u00e0&gt;1, 000,000) et pr\u00e9sente basse perte de pression.<br \/>\nAvec une gamme de d\u00e9bit de 2 litres par heure jusqu\u2019aux 1,500 litres par minute, les d\u00e9bitm\u00e8tres ADF sont disponibles en plusieurs mat\u00e9riaux de fabrication et sont offerts soit seulement le pulser ou en combinaison avec un \u00e9cran num\u00e9rique de capacit\u00e9s variables.<br \/>\nIls sont offerts avec 1 an de garantie, et une feuille de tests qui d\u00e9montre leur pr\u00e9cision. En plus, ces d\u00e9bitm\u00e8tres ont un co\u00fbt r\u00e9duit de maintenance et peuvent \u00eatre r\u00e9par\u00e9 sur place.<\/p>\n<p><img decoding=\"async\" loading=\"lazy\" class=\"alignnone wp-image-4106 size-full\" src=\"http:\/\/alphadynamic.eu\/wp-content\/uploads\/2019\/01\/adf-1-1.jpg\" alt=\"\" width=\"761\" height=\"161\" srcset=\"https:\/\/alphadynamic.eu\/wp-content\/uploads\/2019\/01\/adf-1-1.jpg 761w, https:\/\/alphadynamic.eu\/wp-content\/uploads\/2019\/01\/adf-1-1-300x63.jpg 300w\" sizes=\"(max-width: 761px) 100vw, 761px\" \/><\/p>\n<p><strong><span style=\"color: #ed1c24;\">Principe d\u2019op\u00e9ration<\/span><\/strong><\/p>\n<p>Le principe d\u2019op\u00e9ration est fond\u00e9 sur les deux roues dent\u00e9es du d\u00e9bitm\u00e8tre. Ces roues dent\u00e9es sont li\u00e9es et se d\u00e9placent par 90o sur le corps du d\u00e9bitm\u00e8tre. Le liquide tourne comme il coule. A cause des roues dent\u00e9es, une quantit\u00e9 du liquide est transport\u00e9e en portions. Aussi, les aimants qui se trouvent sur les rotors, tournent, pendant que les pulsations sont enregistr\u00e9es avec l\u2019aide d\u2019un contact qui se trouve \u00e0 l\u2019ext\u00e9rieur de la chambre de mesure.<\/p>\n<p><strong><span style=\"color: #0000ff;\">ALPHA<\/span><span style=\"color: #ed1c24;\">DYNAMIC Pumps<\/span> SA<\/strong> offre des d\u00e9bitm\u00e8tres qui s\u2019utilisent au secteur de l\u2019\u00e9nergie, de transports maritimes, d\u2019aliments, de produits cosm\u00e9tiques, de m\u00e9dicaments, de p\u00e9trochimiques, de mines et aux beaucoup d\u2019autres.<\/p>\n<p><img decoding=\"async\" loading=\"lazy\" class=\"alignnone wp-image-4108 size-full\" src=\"http:\/\/alphadynamic.eu\/wp-content\/uploads\/2019\/01\/ploio.jpg\" alt=\"\" width=\"1000\" height=\"500\" srcset=\"https:\/\/alphadynamic.eu\/wp-content\/uploads\/2019\/01\/ploio.jpg 1000w, https:\/\/alphadynamic.eu\/wp-content\/uploads\/2019\/01\/ploio-300x150.jpg 300w, https:\/\/alphadynamic.eu\/wp-content\/uploads\/2019\/01\/ploio-768x384.jpg 768w\" sizes=\"(max-width: 1000px) 100vw, 1000px\" \/>[\/vc_column_text][\/vc_tta_section][vc_tta_section title=\u00a0\u00bbINSTALLATION\u00a0\u00bb tab_id=\u00a0\u00bbinstallationcd09-281a\u00a0\u00bb el_class=\u00a0\u00bbtab3&Prime;][vc_column_text]Le d\u00e9bitm\u00e8tre peut \u00eatre utilis\u00e9 en toutes les positions \u00e0 condition que son axe est en position horizontale. La position de l\u2019\u00e9cran doit \u00eatre telle qu\u2019il pourra coop\u00e9rer avec le d\u00e9bitm\u00e8tre.<br \/>\nNote: L\u2019installation inappropri\u00e9e du d\u00e9bitm\u00e8tre peut conduire \u00e0 une usure pr\u00e9matur\u00e9e des parties individuelles du d\u00e9bitm\u00e8tre.<\/p>\n<p><img decoding=\"async\" loading=\"lazy\" class=\"wp-image-4111 size-full aligncenter\" src=\"http:\/\/alphadynamic.eu\/wp-content\/uploads\/2019\/01\/installation.png\" alt=\"\" width=\"200\" height=\"481\" srcset=\"https:\/\/alphadynamic.eu\/wp-content\/uploads\/2019\/01\/installation.png 200w, https:\/\/alphadynamic.eu\/wp-content\/uploads\/2019\/01\/installation-125x300.png 125w\" sizes=\"(max-width: 200px) 100vw, 200px\" \/><\/p>\n<p>&nbsp;<\/p>\n<p>Il est recommand\u00e9, quand le r\u00e9seau de tuyauterie est mont\u00e9 pour l\u2019installation du d\u00e9bitm\u00e8tre, de cr\u00e9er une ligne by-pass \u00e0 la conception. Ainsi, il n\u2019aura pas besoin d\u2019arr\u00eater la production quand il faut retirer le d\u00e9bitm\u00e8tre pour maintenance.<\/p>\n<p>&nbsp;<\/p>\n<p><img decoding=\"async\" loading=\"lazy\" class=\"wp-image-4113 size-full alignnone\" src=\"http:\/\/alphadynamic.eu\/wp-content\/uploads\/2019\/01\/installation2.jpg\" alt=\"\" width=\"854\" height=\"499\" srcset=\"https:\/\/alphadynamic.eu\/wp-content\/uploads\/2019\/01\/installation2.jpg 854w, https:\/\/alphadynamic.eu\/wp-content\/uploads\/2019\/01\/installation2-300x175.jpg 300w, https:\/\/alphadynamic.eu\/wp-content\/uploads\/2019\/01\/installation2-768x449.jpg 768w\" sizes=\"(max-width: 854px) 100vw, 854px\" \/>[\/vc_column_text][\/vc_tta_section][\/vc_tta_tabs][\/vc_column][\/vc_row][vc_row disable_element=\u00a0\u00bbyes\u00a0\u00bb el_id=\u00a0\u00bbproducts2list\u00a0\u00bb][vc_column][\/vc_column][\/vc_row]<\/p>\n","protected":false},"excerpt":{"rendered":"","protected":false},"author":4,"featured_media":0,"parent":56632,"menu_order":0,"comment_status":"closed","ping_status":"closed","template":"","meta":[],"acf":[],"_links":{"self":[{"href":"https:\/\/alphadynamic.eu\/fr\/wp-json\/wp\/v2\/pages\/50931"}],"collection":[{"href":"https:\/\/alphadynamic.eu\/fr\/wp-json\/wp\/v2\/pages"}],"about":[{"href":"https:\/\/alphadynamic.eu\/fr\/wp-json\/wp\/v2\/types\/page"}],"author":[{"embeddable":true,"href":"https:\/\/alphadynamic.eu\/fr\/wp-json\/wp\/v2\/users\/4"}],"replies":[{"embeddable":true,"href":"https:\/\/alphadynamic.eu\/fr\/wp-json\/wp\/v2\/comments?post=50931"}],"version-history":[{"count":0,"href":"https:\/\/alphadynamic.eu\/fr\/wp-json\/wp\/v2\/pages\/50931\/revisions"}],"up":[{"embeddable":true,"href":"https:\/\/alphadynamic.eu\/fr\/wp-json\/wp\/v2\/pages\/56632"}],"wp:attachment":[{"href":"https:\/\/alphadynamic.eu\/fr\/wp-json\/wp\/v2\/media?parent=50931"}],"curies":[{"name":"wp","href":"https:\/\/api.w.org\/{rel}","templated":true}]}}