{"id":51135,"date":"2019-02-13T13:29:34","date_gmt":"2019-02-13T10:29:34","guid":{"rendered":"https:\/\/www.alphadynamic.eu\/privacy-policy\/"},"modified":"2021-06-09T11:30:04","modified_gmt":"2021-06-09T08:30:04","slug":"politique-de-confidentialite","status":"publish","type":"page","link":"https:\/\/alphadynamic.eu\/fr\/politique-de-confidentialite\/","title":{"rendered":"Politique de Confidentialit\u00e9"},"content":{"rendered":"<p>[vc_row el_id=\u00a0\u00bbpageTitle\u00a0\u00bb][vc_column][vc_custom_heading source=\u00a0\u00bbpost_title\u00a0\u00bb font_container=\u00a0\u00bbtag:h1|font_size:48px|text_align:left|color:%23ed1c24|line_height:58px\u00a0\u00bb use_theme_fonts=\u00a0\u00bbyes\u00a0\u00bb][\/vc_column][\/vc_row][vc_row][vc_column][vc_column_text]Politique de protection des donn\u00e9es personnelles<\/p>\n<p>La pr\u00e9sente Politique de protection des Donn\u00e9es personnelles (la \u201cPolitique de Confidentialit\u00e9\u201d) est appliqu\u00e9e au site www.alphadynamic.eu \u00a0de ALPHADYNAMIC PUMPS SA<\/p>\n<p>L\u2019engagement de l\u2019entreprise ALPHADYNAMIC PUMPS SA respecte le droit de protection des donn\u00e9es personnelles des personnes et appr\u00e9cie la confiance qui lui montrent les visiteurs de nos sites, nos clients, nos fournisseurs et tous qu\u2019ils collaborent professionnellement avec nous. Nous faisons tous les efforts pour nous conformer \u00e0 la l\u00e9gislation sur le traitement des donn\u00e9es personnelles (tels qu\u2019ils sont d\u00e9finis ci-dessus) pendant notre ligne d\u2019activit\u00e9. Depuis le 25 Mai 2018, le R\u00e8glement General pour la protection des Donn\u00e9es personnelles est inclus \u00e0 la l\u00e9gislation Europ\u00e9enne (le R\u00e8glement\u00a0\u00bb ou \u00ab\u00a0<strong>GDPR\u00a0<\/strong>\u00bb)[1].<\/p>\n<p>Chaque fois que vous visitez notre site, ALPHADYNAMIC PUMPS SA (dor\u00e9navant \u00abALPHADYNAMIC PUMPS\u00bb ou \u201cnous\u201d) traitera les donn\u00e9es personnelles qui vous concernent (tels qu\u2019ils sont d\u00e9finis en d\u00e9taille ci-dessus). Dans ce cadre, ALPHADYNAMIC PUMPS agira comme responsable du traitement de vos donn\u00e9es personnelles, c\u2019est-\u00e0- dire comme la personne responsable pour le traitement de vos donn\u00e9es personnelles, comme elle d\u00e9cide pourquoi et comment vos donn\u00e9es personnelles vont \u00eatre trait\u00e9es.<br \/>\nLe but de la pr\u00e9sente politique de Confidentialit\u00e9 est de vous informer et de vous expliquer en d\u00e9tails:<\/p>\n<ul>\n<li>pourquoi et comment ALPHADYNAMIC PUMPS traite et enregistre vos donn\u00e9es personnelles,<\/li>\n<li>ce qui implique notre r\u00f4le comme \u201cresponsable du traitement\u201d et<\/li>\n<li>Quels sont vos droits et vos obligations concernant ce traitement.<\/li>\n<\/ul>\n<p>D\u00e9finitions<br \/>\nPour le but de la pr\u00e9sente Politique, les d\u00e9finitions suivantes seront appliqu\u00e9es:<br \/>\n\u00ab\u00a0<strong>Donn\u00e9es personnelles<\/strong>\u00a0\u00bb est chaque information qui concerne une personne identifi\u00e9e ou identifiable [2].<br \/>\n\u00ab\u00a0<strong>Traitement<\/strong>\u00a0\u00bb est chaque action ou s\u00e9rie des actions qui sont r\u00e9alis\u00e9es avec ou sans l\u2019utilisation des moyens automatis\u00e9s, sur donn\u00e9es personnelles, ou sur un groupe des donn\u00e9es personnelles, comme la collection, l\u2019enregistrement, l\u2019organisation, le stockage, l\u2019adaptation ou change, la r\u00e9cup\u00e9ration, recherche des informations, l\u2019utilisation, la notification avec transmission, la diss\u00e9mination ou toute autre forme de disponibilit\u00e9 ou association ou combinaison, limitation, suppression ou destruction et le verbe \u201c<strong>traiter<\/strong>\u201d doit \u00eatre interpr\u00e9ter de la m\u00eame fa\u00e7on, et<br \/>\n\u00ab\u00a0<strong>Sous-traitant<\/strong>\u00a0\u00bb est la personne physique ou morale qui traite les donn\u00e9es personnelles pour le responsable du traitement. Les sous-traitants de ALPHADYNAMIC PUMPS peuvent \u00eatre succursales ou entreprises li\u00e9es ou parties tiers fournisseurs et prestataires de services. En tout cas, ALPHADYNAMIC PUMPS conclura un contrat de traitement des donn\u00e9es avec le sous-traitant pour assurer vos donn\u00e9es personnelles qui vont \u00eatre traiter conform\u00e9ment au R\u00e8glement.<\/p>\n<p>Les donn\u00e9es personnelles que nous recueillons<br \/>\nMani\u00e8res de recueillir des donn\u00e9es personnelles<br \/>\nQuand vous naviguez sur notre site, quelques donn\u00e9es personnelles sont collectionn\u00e9es comme r\u00e9sultat de votre navigation. Pour quelques op\u00e9rations cependant, il est possible de vous demander de soumettre volontairement a ALPHADYNAMIC PUMPS des donn\u00e9es personnelles suppl\u00e9mentaires.<\/p>\n<p><strong>Cat\u00e9gories des donn\u00e9es personnelles qui sont collectionnes<\/strong><br \/>\nNous collectionnons les donn\u00e9es ci-dessus par les visiteurs de notre site:<\/p>\n<ul>\n<li>votre adresse IP<\/li>\n<li>le secteur de votre fournisseur de services internet,<\/li>\n<li>le type et l\u2019\u00e9dition de votre programme de navigation, votre syst\u00e8me d\u2019exploitation et votre plateforme<\/li>\n<li>informations concernant les pages que vous avez visit\u00e9s, les informations que vous avez cherch\u00e9es, le temps que vous avez d\u00e9di\u00e9 \u00e0 la page et autres donn\u00e9es statistiques,<\/li>\n<li>Informations concernant vos habitudes et vos pr\u00e9f\u00e9rences<\/li>\n<\/ul>\n<p>Si vous voulez acc\u00e9der ou b\u00e9n\u00e9ficier de certaines op\u00e9rations de notre site, il est possible de vous demander de fournir les informations suppl\u00e9mentaires suivantes:<\/p>\n<ul>\n<li>informations essentielles d\u2019identification (comme votre nom, adresse\/adresse e-mail et votre num\u00e9ro de t\u00e9l\u00e9phone),<\/li>\n<li>le contenu des formulaires de contact que vous avez rempli sur le site,<\/li>\n<li>Autres informations concernant recherches qui en relation avec l\u2019utilisation du site<\/li>\n<\/ul>\n<p>Cons\u00e9quences de n\u00e9gation de soumission des donn\u00e9es personnelles<\/p>\n<p>Il n\u2019y a pas aucune obligation l\u00e9gale pour la pr\u00e9sentation des donn\u00e9es personnelles \u00e0 ALPHADYNAMIC PUMPS. Il faut noter quand m\u00eame que en certains cas, votre n\u00e9gation de soumettre des donn\u00e9es personnelles ou d\u2019accepter cookies ou r\u00e9glages du programme de navigation peut affecter l\u2019exp\u00e9rience de votre navigation et ne pas permettre l\u2019utilisation de certaines op\u00e9rations de notre site.<br \/>\nChaque fois donc que donn\u00e9es personnelles sont collectionn\u00e9es (par exemple sur formulaires) on va signaler si la pr\u00e9sentation de ces donn\u00e9es est obligatoire (par exemple avec un ast\u00e9risque) et les cons\u00e9quences de la n\u00e9gation de fournir les donn\u00e9es exig\u00e9es.<\/p>\n<p>Cookies et autres technologies pareilles<br \/>\nNotre site peut utiliser \u201ccookies\u201d ou \u201cweb beacon\u201d (des signaux d\u2019alerte web).<br \/>\n\u00ab\u00a0Cookies\u00a0\u00bb\u00a0\u00bb est un fichier texte qui peut \u00eatre mis \u00e0 votre ordinateur, appareil ou syst\u00e8me quand vous visitez notre site. Les cookies donnent \u00e0 ALPHADYNAMIC PUMPS la possibilit\u00e9 de servir mieux les visiteurs du site, en offrant une exp\u00e9rience individualis\u00e9e.<\/p>\n<p>S\u00e9curit\u00e9<br \/>\nConsid\u00e9rant les plus r\u00e9cents d\u00e9veloppements , le co\u00fbt d\u2019application et la nature, le domaine d\u2019application, le cadre et les buts du traitement ainsi que la possibilit\u00e9 d\u2019occurrence d\u2019un danger et l\u2019importance pour les droits et les libert\u00e9s des personnes physiques, ALPHADYNAMIC PUMPS prend les mesures de s\u00e9curit\u00e9 ad\u00e9quates pour la protection des donn\u00e9es personnelles qui a \u00e0 sa possession contre perte, m\u00e9susage et acc\u00e8s pas autoris\u00e9, publication, change et destruction ainsi que r\u00e9agir en cas de m\u00e9susage, perte ou acc\u00e8s pas autoris\u00e9 de ces donn\u00e9es personnelles.<br \/>\nLes informations recueillies par ALPHADYNAMIC PUMPS est probable d\u2019\u00eatre stocker en syst\u00e8mes de stockage des parties tiers (voir l\u2019unit\u00e9 \u00ab\u00a0Destinataires Tiers\u00a0\u00bb ci-dessous). Dans ces cas, ALPHADYNAMIC PUMPS demande de ces parties tiers d\u2019appliquer aussi pratiques et syst\u00e8mes de s\u00e9curit\u00e9 pour ne pas compromettre la s\u00e9curit\u00e9 des informations.<\/p>\n<p>But et base l\u00e9gitime du traitement<br \/>\nBut du traitement<br \/>\nALPHADYNAMIC PUMPS et les personnes qui r\u00e9alisent le traitement qui agissent au nom d\u2019 ALPHADYNAMIC PUMPS utilisent les donn\u00e9es personnelles que vous donnez \u00e0 ALPHADYNAMIC PUMPS pour les raisons suivantes\u00a0:<\/p>\n<ul>\n<li>Enregistrement des utilisateurs et gestion (comme gestion des comptes et r\u00e9ponses aux questions)<\/li>\n<li>Mesure de l\u2019utilisation de notre site (y compris la pr\u00e9paration des donn\u00e9es statistiques d\u2019utilisation)<\/li>\n<li>Envoi p\u00e9riodique de emails promoteurs avec nos produits, offres sp\u00e9ciales et informations, que vous ou la compagnie pour laquelle vous travaillez peuvent trouver int\u00e9ressants, en utilisant l\u2019adresse email que vous nous avez soumis (s\u2019il y a) et pourvu que vous ayez donn\u00e9 votre consentement sp\u00e9cial \u00e0 cette fin.<\/li>\n<li>Invitations pour participation aux requ\u00eates en ligne<\/li>\n<li>Demandes pour commentaires sur produits et services<\/li>\n<li>Am\u00e9lioration de notre site<\/li>\n<li>Communication avec vous en r\u00e9ponse \u00e0 votre demande<\/li>\n<\/ul>\n<p>Base l\u00e9gitime du traitement<br \/>\nIl n\u2019est pas permis de traiter donn\u00e9es personnelles si on n\u2019a pas une bien fond\u00e9e base juridique. D\u00e8s lors nous traiterons les donn\u00e9es personnelles seulement si les ci-dessus sont applicables:<\/p>\n<ul>\n<li>nous avons re\u00e7u votre permission pr\u00e9c\u00e9dente,<\/li>\n<li>le traitement est n\u00e9cessaire pour l\u2019ex\u00e9cution de nos obligations conventionnelles envers vous ou pour proc\u00e9der aux actions pr\u00e9conventionnelles selon votre demande,<\/li>\n<li>Le traitement est n\u00e9cessaire pour les int\u00e9r\u00eats l\u00e9gaux d\u2019 ALPHADYNAMIC PUMPS et n\u2019influe pas sans raison vos int\u00e9r\u00eats ou vos droits fondamentaux et libertes.il faut noter ici que pendant le traitement de vos donn\u00e9es personnelles sur cette base, nous faisons un effort de maintenir un \u00e9quilibre entre nos int\u00e9r\u00eats l\u00e9gaux et la protection de votre confidentialit\u00e9.<\/li>\n<\/ul>\n<p>Exemples des \u201cint\u00e9r\u00eats l\u00e9gaux\u201d sont les ci-dessus:<\/p>\n<ul>\n<li>de profiter des services financi\u00e8rement attrayants (par exemple d\u00e9cider d\u2019utiliser certaines plateformes offertes par fournisseurs ext\u00e9rieurs pour le traitement des donn\u00e9es),<\/li>\n<li>d\u2019offrir nos produits et services \u00e0 nos clients ou possible futurs clients<\/li>\n<li>de g\u00e9rer d\u2019une fa\u00e7on meilleure nos relations avec nos clients et leurs donn\u00e9es,<\/li>\n<li>d\u2019am\u00e9liorer la qualit\u00e9 des services que nous offrons \u00e0 nos clients, compte tenu de leurs pr\u00e9f\u00e9rences en ce qui concerne les mani\u00e8res de contact (par t\u00e9l\u00e9phone, email etc.) ainsi que la fr\u00e9quence du contact.<\/li>\n<li>\u00e9valuer l\u2019int\u00e9r\u00eat de nos clients pour les produits ALPHADYNAMIC PUMPS et mieux comprendre l\u2019interaction des clients avec les emails pour raisons de marketing, avec des moyens comme la r\u00e9alisation de statistiques et d\u2019autres enqu\u00eates et l\u2019analyse des donn\u00e9es sur la base de l\u2019\u00e9tat des emails (il n\u2019\u00e9tait pas livr\u00e9, il \u00e9tait livr\u00e9, il \u00e9tait ouvert),<\/li>\n<li>de faciliter l\u2019offre des r\u00e9clames individualis\u00e9s et offres \u00e0 nos clients, pour promouvoir meilleur nos produits,<\/li>\n<li>de transmettre une partie de notre entreprise ou \u00e9l\u00e9ments de son actif ou en cas ou tous les \u00e9l\u00e9ments de notre actif seront rachet\u00e9s par une partie tiers, les donn\u00e9es personnelles pouvaient constituer un des \u00e9l\u00e9ments de notre actif que nous transmettrons,<\/li>\n<li>d\u2019emp\u00eacher fraude, crimes, abus de nos produits ou de nos services ainsi que de la s\u00e9curit\u00e9 de nos syst\u00e8mes IT, de l\u2019architecture de nos r\u00e9seaux et<\/li>\n<li>d\u2019attendre les objectifs de notre entreprise et nos buts concernant notre responsabilit\u00e9 sociale.<\/li>\n<\/ul>\n<p>Parties Tiers-R\u00e9cepteurs de Donn\u00e9es<br \/>\nIl est probable de transmettre de donn\u00e9es personnelles aux membres de notre personnel au degr\u00e9 ou il est n\u00e9cessaire pour l\u2019ex\u00e9cution de leurs devoirs) et aux autres entreprises du groupe ALPHADYNAMIC PUMPS. Ces autres entreprises du groupe r\u00e9agiront ou comme encore un autre responsable du traitement (dans ce cas vous serez mis \u00e0 jour s\u00e9par\u00e9ment concernant ce traitement) ou ils vont traiter les donn\u00e9es personnelles seul pour le compte du responsable du traitement et apr\u00e8s sa demande (en agissant ainsi comme ex\u00e9cuteur du traitement).<br \/>\nLes ci-dessus sont inclus \u00e0 parties tierce qui ex\u00e9cutent le traitement:<\/p>\n<ul>\n<li>les fournisseurs de services IT, les fournisseurs de services Cloud et les fournisseurs des bases de donn\u00e9es de notre entreprise,<\/li>\n<li>Les consultants, fournisseurs et fournisseurs de services de notre entreprise, qui aident ALPHADYNAMIC PUMPS \u00e0 la promotion et marketing de ces produits et services, stockent et analysent les donn\u00e9es personnelles, font des \u00e9valuations, critiques et enqu\u00eates d\u2019utilisateurs et consommateurs, communiquent avec vous de la part de ALPHADYNAMIC PUMPS et traitent et compl\u00e8tent des transactions comme achats et installations de pneus et\/ou autres services pour v\u00e9hicules et ex\u00e9cutent toute action n\u00e9cessaire pour offrir de notifications propulsives ou services aux utilisateurs et aux clients de notre Page Web.<br \/>\nVos donn\u00e9es personnelles peuvent aussi \u00eatre divulgu\u00e9es \u00e0:<\/li>\n<li>toute partie tiers \u00e0 laquelle nous transf\u00e9rons un de nos droits ou obligations, conformant au contrat relatif,<\/li>\n<li>tout organisme r\u00e8glementaire national ou international ou tribunal, en cas o\u00f9 il est requis conformant \u00e0 la l\u00e9gislation applicable ou au r\u00e8glement applicable ou apr\u00e8s leur demande, et<\/li>\n<li>Toute autorit\u00e9 gouvernementale centrale ou locale et tout autre organisme public ou \u00e9tatique.<\/li>\n<\/ul>\n<p>Conservation des donn\u00e9es<br \/>\nALPHADYNAMIC PUMPS conservera vos donn\u00e9es personnelles seulement pour une p\u00e9riode de 4 ans, apr\u00e8s votre derni\u00e8re visite \u00e0 notre page Web.<br \/>\nPourtant, si quelqu\u2019un veut que nous supprimions ses donn\u00e9es personnelles de nos bases des donn\u00e9es avant l\u2019expiration des d\u00e9lais ci-dessous, ils peuvent soumettre une demande relative \u00e0 la mani\u00e8re d\u00e9crite ci-dessus.<\/p>\n<p>Vos droits<br \/>\nVous avez le droit d\u2019acc\u00e9der vos donn\u00e9es personnelles trait\u00e9es par ALPHADYNAMIC PUMPS conformant \u00e0 la pr\u00e9sente Politique de Confidentialit\u00e9. Si vous pensez qu\u2019une donn\u00e9e que nous avons sur vous n\u2019est pas juste ou compl\u00e8te, vous pouvez demander sa correction. ALPHADYNAMIC PUMPS va corriger imm\u00e9diatement une donn\u00e9e pareille.<br \/>\nVous avez aussi le droit\u00a0:<\/p>\n<ul>\n<li>de demander la suppression de vos donn\u00e9es personnelles<\/li>\n<li>de demander la limitation du traitement de vos donn\u00e9es personnelles,<\/li>\n<li>de retirer votre consentement en cas ou ALPHADYNAMIC PUMPS avait re\u00e7u votre consentement de traiter vos donn\u00e9es personnelles (sans que le retrait en question influence la l\u00e9galit\u00e9 du traitement avant le retrait)<\/li>\n<li>de s\u2019opposer au traitement de vos donn\u00e9es personnelles pour buts de marketing direct ou<\/li>\n<li>de s\u2019opposer au traitement de vos donn\u00e9es personnelles pour buts diff\u00e9rents, en cas concrets ou ALPHADYNAMIC PUMPS traite vos donn\u00e9es personnelles pour une base l\u00e9gale diff\u00e9rente de celle \u00e0 laquelle vous a donn\u00e9 votre consentement, et ALPHADYNAMIC PUMPS va respecter vos demandes, retrait ou opposition, conform\u00e9ment aux r\u00e8gles applicables de protection de vos donn\u00e9es personnelles.<br \/>\nEn plus, vous avez le droit de portabilit\u00e9 des donn\u00e9es. C\u2019est le droit de recevoir les donn\u00e9es personnelles que vous avez fournis \u00e0 ALPHADYNAMIC PUMPS en un format structure, commun\u00e9ment utilis\u00e9s et lisible par les machines aussi que le droit de demander que les donn\u00e9es en question seraient transmis \u00e0 une partie tiers, sans objection de la part de ALPHADYNAMIC PUMPS et conform\u00e9ment aux obligations de confidentialit\u00e9 applicables pour vous.<br \/>\nPour exercer les droits ci-dessous, il faut envoyer un email \u00e0 l\u2019adresse info@alphadynamic.eu avec scanner \/copie des deux vues de votre carte d\u2019identit\u00e9 ou de votre passeport pour raisons d\u2019identification.<br \/>\nSi vous ne voulez pas recevoir des emails ou autres messages de la part d\u2019 ALPHADYNAMIC PUMPS, adaptez vos pr\u00e9f\u00e9rences de communication en envoyant un email \u00e0 l\u2019adresse info@alphadynamic.eu.\u00a0\u00a0ALPHADYNAMIC PUMPS va r\u00e9pondre \u00e0 toutes les demandes d\u2019enlever des noms des listes de lettres postales ou emails, conform\u00e9ment \u00e0 la l\u00e9gislature applicable sur la protection des donn\u00e9es personnelles.<br \/>\nSi vous avez des questions ou vous n\u2019\u00eates pas satisfaits de la fa\u00e7on que ALPHADYNAMIC PUMPS traite vos donn\u00e9es personnelles, informez-nous en envoyant un email \u00e0 l\u2019adresse info@alphadynamic.eu. Nous venons examiner votre question ou plainte et r\u00e9pondre le plus t\u00f4t possible.<br \/>\nEn plus, vous avez toujours le droit de soumettre une r\u00e9clamation \u00e0 l\u2019autorit\u00e9 comp\u00e9tente pour la protection des donn\u00e9es personnelles.<\/li>\n<\/ul>\n<p>Autres sites internet<br \/>\nLa page Web peut inclure links pour autres sites qui n\u2019appartiennent pas \u00e0 ALPHADYNAMIC PUMPS et nous faisons tout effort possible de nous connecter seulement avec sites qui conservent les m\u00eames normes \u00e9lev\u00e9es et respect pour la confidentialit\u00e9 que nous. Cependant, ALPHADYNAMIC PUMPS n\u2019a aucune responsabilit\u00e9 pour le contenu ou les pratiques de protection de la confidentialit\u00e9 appliqu\u00e9s par les sites qui n\u2019appartiennent pas \u00e0 ALPHADYNAMIC PUMPS.<\/p>\n<p>Mis \u00e0 jour de la pr\u00e9sente Politique de Confidentialit\u00e9<br \/>\nPossibles futurs mis \u00e0 jour du traitement de vos donn\u00e9es personnelles comme il est d\u00e9crit \u00e0 la pr\u00e9sente Politique de Confidentialit\u00e9 vont vous \u00eatre communiqu\u00e9s en avance \u00e0 notre page Web (par \u00e9mergents\/pop-up messages ou d\u2019une autre fa\u00e7on), ainsi que par autres voies de communication<\/p>\n<p>[1] R\u00e8glement 2016\/679 du Parlement Europ\u00e9en et du Conseil, du 27 avril 2016 pour la protection des personnes physiques du traitement des donn\u00e9es personnelles et pour la circulation libre de ces donn\u00e9es et l\u2019abrogation de la Directive 95\/46\/UE.<\/p>\n<p>[2] identifiable personne physique est celle l\u2019identit\u00e9 peut \u00eatre v\u00e9rifier, directement ou indirectement, sp\u00e9cialement par r\u00e9f\u00e9rence \u00e0 un \u00e9l\u00e9ment d\u2019identit\u00e9 identificateur , comme nom, num\u00e9ro de carte d\u2019identit\u00e9, donn\u00e9es de position, identificateur d\u2019identit\u00e9 en ligne ou un ou plusieurs facteurs sp\u00e9cifiques \u00e0 la corporelle, physiologique, g\u00e9n\u00e9tique, psychologique, \u00e9conomique, culturelle ou sociale identit\u00e9 de la personne physique en question[\/vc_column_text][\/vc_column][\/vc_row]<\/p>\n","protected":false},"excerpt":{"rendered":"","protected":false},"author":4,"featured_media":0,"parent":0,"menu_order":0,"comment_status":"closed","ping_status":"closed","template":"","meta":[],"acf":[],"_links":{"self":[{"href":"https:\/\/alphadynamic.eu\/fr\/wp-json\/wp\/v2\/pages\/51135"}],"collection":[{"href":"https:\/\/alphadynamic.eu\/fr\/wp-json\/wp\/v2\/pages"}],"about":[{"href":"https:\/\/alphadynamic.eu\/fr\/wp-json\/wp\/v2\/types\/page"}],"author":[{"embeddable":true,"href":"https:\/\/alphadynamic.eu\/fr\/wp-json\/wp\/v2\/users\/4"}],"replies":[{"embeddable":true,"href":"https:\/\/alphadynamic.eu\/fr\/wp-json\/wp\/v2\/comments?post=51135"}],"version-history":[{"count":0,"href":"https:\/\/alphadynamic.eu\/fr\/wp-json\/wp\/v2\/pages\/51135\/revisions"}],"wp:attachment":[{"href":"https:\/\/alphadynamic.eu\/fr\/wp-json\/wp\/v2\/media?parent=51135"}],"curies":[{"name":"wp","href":"https:\/\/api.w.org\/{rel}","templated":true}]}}