{"id":168046,"date":"2025-02-25T07:18:26","date_gmt":"2025-02-25T04:18:26","guid":{"rendered":"https:\/\/alphadynamic.eu\/?page_id=168046"},"modified":"2025-06-03T11:52:43","modified_gmt":"2025-06-03T08:52:43","slug":"ade-helicoidal-pump","status":"publish","type":"page","link":"https:\/\/alphadynamic.eu\/pt-pt\/produtos\/ade-helicoidal-pump\/","title":{"rendered":"ADE &#8211; Pompe \u00e0 H\u00e9lico\u00efdale"},"content":{"rendered":"<p>[vc_row el_id=&#8221;pageTitle&#8221; el_class=&#8221;productTitle&#8221;][vc_column][vc_custom_heading source=&#8221;post_title&#8221; font_container=&#8221;tag:h1|font_size:24px|text_align:left|color:%23ed1c24|line_height:34px&#8221; use_theme_fonts=&#8221;yes&#8221;][\/vc_column][\/vc_row][vc_row el_id=&#8221;productFinalTabs&#8221;][vc_column][vc_tta_tabs style=&#8221;outline&#8221; spacing=&#8221;10&#8243; gap=&#8221;3&#8243; active_section=&#8221;1&#8243; no_fill_content_area=&#8221;true&#8221;][vc_tta_section title=&#8221;ADE-Pompe \u00e0 H\u00e9lico\u00efdale&#8221; tab_id=&#8221;1637678545623-f964bf92-4616&#8243;][vc_basic_grid post_type=&#8221;post&#8221; max_items=&#8221;-1&#8243; order=&#8221;ASC&#8221; item=&#8221;31977&#8243; grid_id=&#8221;vc_gid:1748940723547-47e786ba-4d40-5&#8243; taxonomies=&#8221;11594&#8243;][\/vc_tta_section][vc_tta_section title=&#8221;Informa\u00e7\u00e3o T\u00e9cnica&#8221; tab_id=&#8221;techical-data5eae-fcbc&#8221; el_class=&#8221;tab1&#8243;][vc_column_text]<\/p>\n<p data-sourcepos=\"3:1-3:388\">&#8220;As bombas ADE s\u00e3o bombas de a\u00e7o inoxid\u00e1vel com um design especial de parafuso c\u00f3nico para a transfer\u00eancia suave de s\u00f3lidos delicados em suspens\u00e3o com um di\u00e2metro de at\u00e9 75mm e uma concentra\u00e7\u00e3o de at\u00e9 45% na solu\u00e7\u00e3o, sem causar danos. Isto deve-se ao impulsor helicoidal da bomba e \u00e0 sua carca\u00e7a especial, que evitam o entupimento da bomba e danos aos s\u00f3lidos suspensos dentro do produto.<\/p>\n<p data-sourcepos=\"5:1-6:28\"><strong>Caracter\u00edsticas Principais:<\/strong> <strong>Materiais de Constru\u00e7\u00e3o:<\/strong><\/p>\n<ul data-sourcepos=\"7:1-19:58\">\n<li data-sourcepos=\"7:1-7:36\">Corpo feito de A\u00e7o Inoxid\u00e1vel 316L<\/li>\n<li data-sourcepos=\"8:1-8:45\">Parafuso\/Rosca feito de A\u00e7o Inoxid\u00e1vel 316L<\/li>\n<li data-sourcepos=\"9:1-9:25\">Transfer\u00eancia sem danos<\/li>\n<li data-sourcepos=\"10:1-10:13\">Baixo custo<\/li>\n<li data-sourcepos=\"11:1-11:85\">Ideal para a transfer\u00eancia de frutas, vegetais, citrinos, mosto\/polpa de uva, vinho<\/li>\n<li data-sourcepos=\"12:1-12:52\">S\u00e9ries especiais para hidrotransporte de azeitonas<\/li>\n<li data-sourcepos=\"13:1-13:46\">S\u00e9ries especiais para transfer\u00eancia de peixe<\/li>\n<li data-sourcepos=\"14:1-14:33\">Adequado para uso em vin\u00edcolas.<\/li>\n<li data-sourcepos=\"15:1-15:22\">Caudais at\u00e9 180 m\u00b3\/h<\/li>\n<li data-sourcepos=\"16:1-16:20\">Press\u00f5es at\u00e9 2 bar<\/li>\n<li data-sourcepos=\"17:1-17:23\">Temperatura at\u00e9 120\u00b0C<\/li>\n<li data-sourcepos=\"19:1-19:58\">Conex\u00f5es: ou grau aliment\u00edcio DIN 11851 ou flange PN 16<\/li>\n<\/ul>\n<p>[\/vc_column_text][\/vc_tta_section][vc_tta_section title=&#8221;Benef\u00edcios&#8221; tab_id=&#8221;materials5eae-fcbc&#8221; el_class=&#8221;tab2&#8243;][vc_column_text]<strong><span class=\"selected\">Disponible en AISI316L<\/span><\/strong><\/p>\n<p><strong><span class=\"selected\">Caracter\u00edsticas<\/span><\/strong><\/p>\n<ul>\n<li><span class=\"selected\">Partes en contacto con el producto: AISI 316L<\/span><\/li>\n<li><span class=\"selected\">Linterna (Lantern): AISI 316L<\/span><\/li>\n<li><span class=\"selected\">Otras partes de acero inoxidable: AISI 304<\/span><\/li>\n<li><span class=\"selected\">Juntas: EPDM<\/span><\/li>\n<li><span class=\"selected\">Sello mec\u00e1nico: SiC\/SiC\/EPDM<\/span><\/li>\n<li><span class=\"selected\">Acabado de superficie interna: pulido brillante<\/span><\/li>\n<li><span class=\"selected\">Acabado de superficie externa: mate<\/span><\/li>\n<\/ul>\n<p>[\/vc_column_text][\/vc_tta_section][\/vc_tta_tabs][\/vc_column][\/vc_row][vc_row el_id=&#8221;products2list&#8221;][vc_column][\/vc_column][\/vc_row]<\/p>\n","protected":false},"excerpt":{"rendered":"","protected":false},"author":14,"featured_media":176062,"parent":56657,"menu_order":0,"comment_status":"closed","ping_status":"closed","template":"","meta":[],"acf":[],"_links":{"self":[{"href":"https:\/\/alphadynamic.eu\/pt-pt\/wp-json\/wp\/v2\/pages\/168046"}],"collection":[{"href":"https:\/\/alphadynamic.eu\/pt-pt\/wp-json\/wp\/v2\/pages"}],"about":[{"href":"https:\/\/alphadynamic.eu\/pt-pt\/wp-json\/wp\/v2\/types\/page"}],"author":[{"embeddable":true,"href":"https:\/\/alphadynamic.eu\/pt-pt\/wp-json\/wp\/v2\/users\/14"}],"replies":[{"embeddable":true,"href":"https:\/\/alphadynamic.eu\/pt-pt\/wp-json\/wp\/v2\/comments?post=168046"}],"version-history":[{"count":8,"href":"https:\/\/alphadynamic.eu\/pt-pt\/wp-json\/wp\/v2\/pages\/168046\/revisions"}],"predecessor-version":[{"id":176273,"href":"https:\/\/alphadynamic.eu\/pt-pt\/wp-json\/wp\/v2\/pages\/168046\/revisions\/176273"}],"up":[{"embeddable":true,"href":"https:\/\/alphadynamic.eu\/pt-pt\/wp-json\/wp\/v2\/pages\/56657"}],"wp:featuredmedia":[{"embeddable":true,"href":"https:\/\/alphadynamic.eu\/pt-pt\/wp-json\/wp\/v2\/media\/176062"}],"wp:attachment":[{"href":"https:\/\/alphadynamic.eu\/pt-pt\/wp-json\/wp\/v2\/media?parent=168046"}],"curies":[{"name":"wp","href":"https:\/\/api.w.org\/{rel}","templated":true}]}}