{"id":175465,"date":"2025-05-29T13:09:16","date_gmt":"2025-05-29T10:09:16","guid":{"rendered":"https:\/\/alphadynamic.eu\/?page_id=175465"},"modified":"2025-07-06T14:34:08","modified_gmt":"2025-07-06T11:34:08","slug":"peristaltic-pump","status":"publish","type":"page","link":"https:\/\/alphadynamic.eu\/pt-pt\/produtos\/peristaltic-pump\/","title":{"rendered":"BOMBAS PERIST\u00c1LTICAS NAYARA"},"content":{"rendered":"<p>[vc_row el_id=&#8221;pageTitle&#8221; el_class=&#8221;productTitle&#8221;][vc_column][vc_custom_heading source=&#8221;post_title&#8221; font_container=&#8221;tag:h1|font_size:24px|text_align:left|color:%23ed1c24|line_height:34px&#8221; use_theme_fonts=&#8221;yes&#8221;][\/vc_column][\/vc_row][vc_row el_id=&#8221;productFinalTabs&#8221;][vc_column][vc_tta_tabs style=&#8221;outline&#8221; shape=&#8221;square&#8221; color=&#8221;white&#8221; spacing=&#8221;10&#8243; gap=&#8221;5&#8243; active_section=&#8221;1&#8243; no_fill_content_area=&#8221;true&#8221;][vc_tta_section title=&#8221;PRODUTOS NAYARA&#8221; tab_id=&#8221;1636545761239-2ec5e7dd-3249&#8243;][vc_basic_grid post_type=&#8221;ids&#8221; item=&#8221;339&#8243; grid_id=&#8221;vc_gid:1751801596425-15e94583-1eac-9&#8243; include=&#8221;175479, 175491&#8243;][\/vc_tta_section][vc_tta_section title=&#8221;DADOS T\u00c9CNICOS&#8221; tab_id=&#8221;techical-data5339-dbb9&#8243; el_class=&#8221;tab1&#8243;][vc_column_text]<\/p>\n<div class=\"wpb_text_column wpb_content_element \">\n<div class=\"wpb_wrapper\">\n<p><strong>TECNOLOGIA\u00a0 ADPV SHOE<\/strong><\/p>\n<table style=\"width: 47.4133%;\" width=\"325\">\n<tbody>\n<tr>\n<td style=\"width: 62.7908%;\" width=\"170\">Corpo da Bomba<\/td>\n<td style=\"width: 77.6557%;\" width=\"155\">: <span class=\"selected\">Ferro Fundido D\u00factil<\/span><\/td>\n<\/tr>\n<tr>\n<td style=\"width: 62.7908%;\">Press\u00e3o M\u00e1xima de Descarga<\/td>\n<td style=\"width: 77.6557%;\">: 15 bar<\/td>\n<\/tr>\n<tr>\n<td style=\"width: 62.7908%;\">Vaz\u00e3o M\u00e1xima<\/td>\n<td style=\"width: 77.6557%;\">: 80 m3\/h<\/td>\n<\/tr>\n<tr>\n<td style=\"width: 62.7908%;\">Temperatura M\u00e1xima<\/td>\n<td style=\"width: 77.6557%;\">: 80<sup>o<\/sup>C<\/td>\n<\/tr>\n<tr>\n<td style=\"width: 62.7908%;\">Suc\u00e7\u00e3o Alcan\u00e7\u00e1vel<\/td>\n<td style=\"width: 77.6557%;\">: <span class=\"selected\">At\u00e9 0,9 Bar<\/span><\/td>\n<\/tr>\n<tr>\n<td style=\"width: 62.7908%;\">Tubos Dispon\u00edveis<\/td>\n<td style=\"width: 77.6557%;\">: NR, NBR, EPDM, VITON<\/td>\n<\/tr>\n<tr>\n<td style=\"width: 62.7908%;\">Adequado para<\/td>\n<td style=\"width: 77.6557%;\">:\u00a0<span class=\"selected\">Opera\u00e7\u00e3o Cont\u00ednua<\/span><\/td>\n<\/tr>\n<\/tbody>\n<\/table>\n<\/div>\n<\/div>\n<div class=\"wpb_text_column wpb_content_element \">\n<div class=\"wpb_wrapper\">\n<p><strong>TECNOLOGIA\u00a0 ADPN ROLLER<\/strong><\/p>\n<table style=\"width: 48.1554%;\" width=\"325\">\n<tbody>\n<tr>\n<td style=\"width: 62.7908%;\" width=\"170\">Corpo da Bomba<\/td>\n<td style=\"width: 89.9477%;\" width=\"155\">: Aluminio<\/td>\n<\/tr>\n<tr>\n<td style=\"width: 62.7908%;\">Press\u00e3o M\u00e1xima de Descarga<\/td>\n<td style=\"width: 89.9477%;\">: 7 bar<\/td>\n<\/tr>\n<tr>\n<td style=\"width: 62.7908%;\">Vaz\u00e3o M\u00e1xima<\/td>\n<td style=\"width: 89.9477%;\">: 9 m3\/h<\/td>\n<\/tr>\n<tr>\n<td style=\"width: 62.7908%;\">Temperatura M\u00e1xima<\/td>\n<td style=\"width: 89.9477%;\">: 80<sup>o<\/sup>C<\/td>\n<\/tr>\n<tr>\n<td style=\"width: 62.7908%;\">Suc\u00e7\u00e3o Alcan\u00e7\u00e1vel<\/td>\n<td style=\"width: 89.9477%;\">: <span class=\"selected\">At\u00e9<\/span> 0,8 Bar<\/td>\n<\/tr>\n<tr>\n<td style=\"width: 62.7908%;\">Tubos Dispon\u00edveis<\/td>\n<td style=\"width: 89.9477%;\">: NR, NBR, EPDM<\/td>\n<\/tr>\n<tr>\n<td style=\"width: 62.7908%;\">Adequado para<\/td>\n<td style=\"width: 89.9477%;\">:\u00a0<span class=\"selected\">Opera\u00e7\u00e3o Intermitente<\/span><\/td>\n<\/tr>\n<\/tbody>\n<\/table>\n<\/div>\n<\/div>\n<p>[\/vc_column_text][\/vc_tta_section][vc_tta_section title=&#8221;VANTAGENS&#8221; tab_id=&#8221;materials5339-dbb9&#8243; el_class=&#8221;tab2&#8243;][vc_column_text]<span style=\"color: #ed1c24; font-size: 14pt;\"><strong><span class=\"selected\">Vantagens<\/span><\/strong><\/span><\/p>\n<ul>\n<li><span class=\"selected\">Excelente desempenho com l\u00edquidos abrasivos e corrosivos<\/span><\/li>\n<li><span class=\"selected\">Capaz de bombear grandes s\u00f3lidos<\/span><\/li>\n<li><span class=\"selected\">Capacidades de suc\u00e7\u00e3o extremamente altas<\/span><\/li>\n<li><span class=\"selected\">Funcionamento a seco ilimitado<\/span><\/li>\n<li><span class=\"selected\">Controle total de dosagem<\/span><\/li>\n<li><span class=\"selected\">Constru\u00e7\u00e3o robusta<\/span><\/li>\n<li><span class=\"selected\">Baixo cisalhamento e opera\u00e7\u00e3o revers\u00edvel<\/span><\/li>\n<li><span class=\"selected\">Mangueiras FDA mediante solicita\u00e7\u00e3o<\/span><\/li>\n<\/ul>\n<p>[\/vc_column_text][\/vc_tta_section][\/vc_tta_tabs][\/vc_column][\/vc_row][vc_row disable_element=&#8221;yes&#8221; el_id=&#8221;products2list&#8221;][vc_column][\/vc_column][\/vc_row]<\/p>\n","protected":false},"excerpt":{"rendered":"","protected":false},"author":14,"featured_media":178762,"parent":56657,"menu_order":0,"comment_status":"closed","ping_status":"closed","template":"","meta":[],"acf":[],"_links":{"self":[{"href":"https:\/\/alphadynamic.eu\/pt-pt\/wp-json\/wp\/v2\/pages\/175465"}],"collection":[{"href":"https:\/\/alphadynamic.eu\/pt-pt\/wp-json\/wp\/v2\/pages"}],"about":[{"href":"https:\/\/alphadynamic.eu\/pt-pt\/wp-json\/wp\/v2\/types\/page"}],"author":[{"embeddable":true,"href":"https:\/\/alphadynamic.eu\/pt-pt\/wp-json\/wp\/v2\/users\/14"}],"replies":[{"embeddable":true,"href":"https:\/\/alphadynamic.eu\/pt-pt\/wp-json\/wp\/v2\/comments?post=175465"}],"version-history":[{"count":15,"href":"https:\/\/alphadynamic.eu\/pt-pt\/wp-json\/wp\/v2\/pages\/175465\/revisions"}],"predecessor-version":[{"id":180790,"href":"https:\/\/alphadynamic.eu\/pt-pt\/wp-json\/wp\/v2\/pages\/175465\/revisions\/180790"}],"up":[{"embeddable":true,"href":"https:\/\/alphadynamic.eu\/pt-pt\/wp-json\/wp\/v2\/pages\/56657"}],"wp:featuredmedia":[{"embeddable":true,"href":"https:\/\/alphadynamic.eu\/pt-pt\/wp-json\/wp\/v2\/media\/178762"}],"wp:attachment":[{"href":"https:\/\/alphadynamic.eu\/pt-pt\/wp-json\/wp\/v2\/media?parent=175465"}],"curies":[{"name":"wp","href":"https:\/\/api.w.org\/{rel}","templated":true}]}}