{"id":25205,"date":"2018-10-07T00:28:14","date_gmt":"2018-10-06T21:28:14","guid":{"rendered":"https:\/\/alphadynamic.eu\/products\/ruby-diafragmatikes-antlies-aeros\/"},"modified":"2024-10-06T10:15:00","modified_gmt":"2024-10-06T07:15:00","slug":"ruby-bomba-de-diafragma-pneumatica","status":"publish","type":"page","link":"https:\/\/alphadynamic.eu\/pt-pt\/produtos\/ruby-bomba-de-diafragma-pneumatica\/","title":{"rendered":"Ruby &#8211; Bomba de Diafragma Pneum\u00e1tica"},"content":{"rendered":"<p>[vc_row el_id=&#8221;pageTitle&#8221; el_class=&#8221;productTitle&#8221;][vc_column][vc_custom_heading source=&#8221;post_title&#8221; font_container=&#8221;tag:h1|font_size:24px|text_align:left|color:%23ed1c24|line_height:34px&#8221; use_theme_fonts=&#8221;yes&#8221;][\/vc_column][\/vc_row][vc_row el_id=&#8221;productFinalTabs&#8221;][vc_column][vc_tta_tabs style=&#8221;outline&#8221; shape=&#8221;square&#8221; color=&#8221;white&#8221; spacing=&#8221;10&#8243; gap=&#8221;5&#8243; active_section=&#8221;1&#8243; no_fill_content_area=&#8221;true&#8221;][vc_tta_section title=&#8221;Ruby PRODUTOS&#8221; tab_id=&#8221;1636551183360-8779ac97-4e93&#8243;][vc_basic_grid post_type=&#8221;post&#8221; max_items=&#8221;-1&#8243; item=&#8221;31977&#8243; grid_id=&#8221;vc_gid:1728198879805-d4088516-9787-7&#8243; taxonomies=&#8221;3&#8243;][\/vc_tta_section][vc_tta_section title=&#8221;Informa\u00e7\u00e3o T\u00e9cnica&#8221; tab_id=&#8221;techical-datae7de-54a7b385-a1ed&#8221; el_class=&#8221;tab1&#8243;][vc_column_text]<\/p>\n<ul>\n<li style=\"list-style-type: none;\">\n<ul>\n<li>Informa\u00e7\u00e3o T\u00e9cnicaCertificados dispon\u00edveis ATEX : II 2 GD c IIB T4<\/li>\n<li>Materiais de Constru\u00e7\u00e3o : PP, PVDF+CF, PP+CF, Alum\u00ednio, A\u00e7o Inoxid\u00e1vel AISI316<\/li>\n<li>Capacidade M\u00e1xima : 900 L\/min<\/li>\n<li>Altura M\u00e1xima : 80 m<\/li>\n<li>Press\u00e3o de funcionamento : 2-8 Ba<\/li>\n<li>Tamanhos dispon\u00edveis : : \u00bc\u201d , 3\/8\u201d , 1\/2\u201d , \u00be\u201d , 1\u2019\u2019 , 1 \u00bd\u2019\u2019 , 2\u2019\u2019 , 3\u2019\u2019<\/li>\n<li>Temperatura de funcionamiento: m\u00e1x. 130\u00b0C<\/li>\n<\/ul>\n<p>&nbsp;<\/p>\n<h5><span style=\"color: #ed1c24;\">C\u00f3digos de composi\u00e7\u00e3o da Ruby 040 <\/span><\/h5>\n<p><img decoding=\"async\" loading=\"lazy\" class=\"alignnone wp-image-39556 size-full\" src=\"https:\/\/alphadynamic.eu\/wp-content\/uploads\/2020\/10\/table-pt.jpg\" alt=\"\" width=\"1175\" height=\"441\" srcset=\"https:\/\/alphadynamic.eu\/wp-content\/uploads\/2020\/10\/table-pt.jpg 1175w, https:\/\/alphadynamic.eu\/wp-content\/uploads\/2020\/10\/table-pt-300x113.jpg 300w, https:\/\/alphadynamic.eu\/wp-content\/uploads\/2020\/10\/table-pt-768x288.jpg 768w, https:\/\/alphadynamic.eu\/wp-content\/uploads\/2020\/10\/table-pt-1024x384.jpg 1024w\" sizes=\"(max-width: 1175px) 100vw, 1175px\" \/><\/li>\n<\/ul>\n<p>[\/vc_column_text][vc_row_inner gap=&#8221;4&#8243; el_id=&#8221;pics&#8221;][vc_column_inner width=&#8221;1\/4&#8243;][\/vc_column_inner][vc_column_inner width=&#8221;1\/4&#8243;][\/vc_column_inner][vc_column_inner width=&#8221;1\/4&#8243;][\/vc_column_inner][vc_column_inner width=&#8221;1\/4&#8243;][\/vc_column_inner][\/vc_row_inner][\/vc_tta_section][vc_tta_section title=&#8221;Benef\u00edcios&#8221; tab_id=&#8221;materialse7de-54a7b385-a1ed&#8221; el_class=&#8221;tab2&#8243;][vc_column_text]<strong><span style=\"color: #ed1c24;\">Dispon\u00edvel em PP, PP+CF, PVDF, Alum\u00ednio e A\u00e7o Inoxid\u00e1vel AISI 316<\/span><\/strong><\/p>\n<h5><span style=\"color: #ed1c24;\">Caracter\u00edsticas<\/span><\/h5>\n<ul>\n<li>Desempenho ideal<\/li>\n<li>Consumo de ar econ\u00f3mico, concep\u00e7\u00e3o ecol\u00f3gica<\/li>\n<li>Alta efici\u00eancia para a press\u00e3o \/ capacidade<\/li>\n<li>Funcionamento sem \u00f3leo<\/li>\n<li>Sem congelamento<\/li>\n<li>Nova concep\u00e7\u00e3o de v\u00e1lvula de ar, passagem de ar completamente controlada<\/li>\n<li>Desmontagem e remontagem f\u00e1ceis<\/li>\n<li>Diafragmas de nova gera\u00e7\u00e3o com pist\u00e3o interior-exterior incorporado<\/li>\n<li>Diafragmas de PTFE de nova gera\u00e7\u00e3o de tipo incorporado para uma vida \u00fatil de longa dura\u00e7\u00e3o (composto)<\/li>\n<li>Diafragmas de PTFE-A de Capacidade total e Qualidade avan\u00e7ada para aplica\u00e7\u00f5es altamente qu\u00edmicas e mec\u00e2nicas<\/li>\n<li>Potencial para ser submers\u00edvel (a pedido)<\/li>\n<li>Revers\u00e3o f\u00e1cil do distribuidor<\/li>\n<li>Suc\u00e7\u00e3o autom\u00e1tica<\/li>\n<\/ul>\n<h5><span style=\"color: #ed1c24;\">V\u00e1lvula de ar sem \u00f3leo inovadora Ruby<\/span><\/h5>\n<p><img decoding=\"async\" loading=\"lazy\" class=\"alignright wp-image-878 size-medium\" src=\"https:\/\/alphadynamic.eu\/wp-content\/uploads\/2018\/11\/ruby-feautures-1-300x109.jpg\" alt=\"\" width=\"300\" height=\"109\" srcset=\"https:\/\/alphadynamic.eu\/wp-content\/uploads\/2018\/11\/ruby-feautures-1-300x109.jpg 300w, https:\/\/alphadynamic.eu\/wp-content\/uploads\/2018\/11\/ruby-feautures-1-768x279.jpg 768w, https:\/\/alphadynamic.eu\/wp-content\/uploads\/2018\/11\/ruby-feautures-1-1024x372.jpg 1024w, https:\/\/alphadynamic.eu\/wp-content\/uploads\/2018\/11\/ruby-feautures-1.jpg 1026w\" sizes=\"(max-width: 300px) 100vw, 300px\" \/><br \/>\nO cora\u00e7\u00e3o da bomba Ruby \u00e9 a nossa v\u00e1lvula de ar inovadora com uma concep\u00e7\u00e3o nova.<br \/>\nRespeitando as exig\u00eancias da Nova era, para criar e oferecer um produto de Alta Qualidade, com grande interesse para o ambiente e a sua prote\u00e7\u00e3o, a V\u00e1lvula de ar das Bombas de Diafragma Ruby foi criada para fornecer o seguinte:<\/p>\n<ul>\n<li>Funcionamento sem \u00f3leo<\/li>\n<li>Pouca necessidade de manuten\u00e7\u00e3o<\/li>\n<li>N\u00e3o \u00e9 afetada por pequenas contamina\u00e7\u00f5es de ar comprimido<\/li>\n<li>Poupan\u00e7a de energia significativa<\/li>\n<li>Funcionamento sem congelar<\/li>\n<li>Funcionamento num ambiente externo<\/li>\n<li>Sem ponto morto<\/li>\n<li>Longa vida \u00fatil\u03c2<\/li>\n<li>Fiabilidade:<\/li>\n<\/ul>\n<h5><span style=\"color: #ed1c24;\">FiabilidadeDiafragmas unificados avan\u00e7ados, apresentando:<\/span><\/h5>\n<p><img decoding=\"async\" loading=\"lazy\" class=\"alignright wp-image-880 size-medium\" src=\"https:\/\/alphadynamic.eu\/wp-content\/uploads\/2018\/11\/ruby-feautures-2-300x210.jpg\" alt=\"\" width=\"300\" height=\"210\" srcset=\"https:\/\/alphadynamic.eu\/wp-content\/uploads\/2018\/11\/ruby-feautures-2-300x210.jpg 300w, https:\/\/alphadynamic.eu\/wp-content\/uploads\/2018\/11\/ruby-feautures-2.jpg 394w\" sizes=\"(max-width: 300px) 100vw, 300px\" \/><\/p>\n<ul>\n<li>Instala\u00e7\u00e3o e manuten\u00e7\u00e3o f\u00e1ceis<\/li>\n<li>Excelente vida \u00fatil<\/li>\n<li>Vida \u00fatil cinco vezes mais longa em compara\u00e7\u00e3o com diafragmas cl\u00e1ssicos.<\/li>\n<li>Redu\u00e7\u00e3o do custo do invent\u00e1rio<\/li>\n<li>Desempenho melhorado<\/li>\n<li>Maior deslocamento em cada ciclo<\/li>\n<li>N\u00e3o tem buraco central, eliminando a possibilidade de fugas.<\/li>\n<li>O eixo principal n\u00e3o precisa de estar segurado<\/li>\n<li>Pode ser enroscado e desenroscado sem necessidade de ferramentas<\/li>\n<\/ul>\n<p>&nbsp;<\/p>\n<p>[\/vc_column_text][vc_single_image image=&#8221;31965&#8243; img_size=&#8221;large&#8221; image_hovers=&#8221;false&#8221;][\/vc_tta_section][vc_tta_section title=&#8221;Instala\u00e7\u00e3o&#8221; tab_id=&#8221;installatione7de-54a7b385-a1ed&#8221; el_class=&#8221;tab3&#8243;][vc_single_image image=&#8221;96441&#8243; img_size=&#8221;full&#8221; onclick=&#8221;link_image&#8221; image_hovers=&#8221;false&#8221;][\/vc_tta_section][\/vc_tta_tabs][\/vc_column][\/vc_row][vc_row disable_element=&#8221;yes&#8221; el_id=&#8221;products2list&#8221;][vc_column][\/vc_column][\/vc_row]<\/p>\n","protected":false},"excerpt":{"rendered":"","protected":false},"author":4,"featured_media":69753,"parent":56657,"menu_order":0,"comment_status":"closed","ping_status":"closed","template":"","meta":[],"acf":[],"_links":{"self":[{"href":"https:\/\/alphadynamic.eu\/pt-pt\/wp-json\/wp\/v2\/pages\/25205"}],"collection":[{"href":"https:\/\/alphadynamic.eu\/pt-pt\/wp-json\/wp\/v2\/pages"}],"about":[{"href":"https:\/\/alphadynamic.eu\/pt-pt\/wp-json\/wp\/v2\/types\/page"}],"author":[{"embeddable":true,"href":"https:\/\/alphadynamic.eu\/pt-pt\/wp-json\/wp\/v2\/users\/4"}],"replies":[{"embeddable":true,"href":"https:\/\/alphadynamic.eu\/pt-pt\/wp-json\/wp\/v2\/comments?post=25205"}],"version-history":[{"count":1,"href":"https:\/\/alphadynamic.eu\/pt-pt\/wp-json\/wp\/v2\/pages\/25205\/revisions"}],"predecessor-version":[{"id":165784,"href":"https:\/\/alphadynamic.eu\/pt-pt\/wp-json\/wp\/v2\/pages\/25205\/revisions\/165784"}],"up":[{"embeddable":true,"href":"https:\/\/alphadynamic.eu\/pt-pt\/wp-json\/wp\/v2\/pages\/56657"}],"wp:featuredmedia":[{"embeddable":true,"href":"https:\/\/alphadynamic.eu\/pt-pt\/wp-json\/wp\/v2\/media\/69753"}],"wp:attachment":[{"href":"https:\/\/alphadynamic.eu\/pt-pt\/wp-json\/wp\/v2\/media?parent=25205"}],"curies":[{"name":"wp","href":"https:\/\/api.w.org\/{rel}","templated":true}]}}