{"id":25210,"date":"2018-10-07T23:06:37","date_gmt":"2018-10-07T20:06:37","guid":{"rendered":"https:\/\/alphadynamic.eu\/products\/ruby-fda-air-operated-diaphragm-pump\/"},"modified":"2024-10-06T10:21:56","modified_gmt":"2024-10-06T07:21:56","slug":"ruby-fda-bomba-de-diafragma-pneumatica","status":"publish","type":"page","link":"https:\/\/alphadynamic.eu\/pt-pt\/produtos\/ruby-fda-bomba-de-diafragma-pneumatica\/","title":{"rendered":"Ruby FDA \u2013 Bomba de Diafragma Pneum\u00e1tica"},"content":{"rendered":"<p>[vc_row el_id=&#8221;pageTitle&#8221; el_class=&#8221;productTitle&#8221;][vc_column][vc_custom_heading source=&#8221;post_title&#8221; font_container=&#8221;tag:h1|font_size:24px|text_align:left|color:%23ed1c24|line_height:34px&#8221; use_theme_fonts=&#8221;yes&#8221;][\/vc_column][\/vc_row][vc_row el_id=&#8221;productFinalTabs&#8221;][vc_column][vc_tta_tabs style=&#8221;outline&#8221; shape=&#8221;square&#8221; color=&#8221;white&#8221; spacing=&#8221;10&#8243; gap=&#8221;5&#8243; active_section=&#8221;1&#8243; no_fill_content_area=&#8221;true&#8221;][vc_tta_section title=&#8221;Ruby FDA Products&#8221; tab_id=&#8221;1636382390668-28ea504c-05f4&#8243;][vc_basic_grid post_type=&#8221;post&#8221; max_items=&#8221;10&#8243; item=&#8221;31977&#8243; grid_id=&#8221;vc_gid:1728199295250-500f75ea-25f7-2&#8243; taxonomies=&#8221;33&#8243;][\/vc_tta_section][vc_tta_section title=&#8221;Informa\u00e7\u00e3o T\u00e9cnica&#8221; tab_id=&#8221;techical-data&#8221; el_class=&#8221;tab1&#8243;][vc_column_text]\u2022 Certificados dispon\u00edveis ATEX : II 2 GD c IIB T4<\/p>\n<p>\u2022 Materiais de Constru\u00e7\u00e3o :A\u00e7o Inoxid\u00e1vel AISI316<\/p>\n<p>\u2022 Capacidade M\u00e1xima : 900 L\/min<\/p>\n<p>\u2022 Altura M\u00e1xima : 80 m<\/p>\n<p>\u2022 Press\u00e3o de funcionamento : 2-8 Bar<\/p>\n<p>\u2022 Tamanhos dispon\u00edveis : 1\/2\u201d , 1\u2019\u2019 , 1 \u00bd\u2019\u2019 , 2\u2019\u2019 , 3\u2019<\/p>\n<p>\u2022 Temperatura de funcionamiento: m\u00e1x. 130\u00b0C<\/p>\n<p><strong><span style=\"color: #ed1c24;\">C\u00f3digos de composi\u00e7\u00e3o da Ruby<\/span><\/strong><\/p>\n<p><img decoding=\"async\" loading=\"lazy\" class=\"alignnone wp-image-31981 size-full\" src=\"https:\/\/alphadynamic.eu\/wp-content\/uploads\/2019\/10\/rubyfda.jpg\" alt=\"\" width=\"828\" height=\"131\" srcset=\"https:\/\/alphadynamic.eu\/wp-content\/uploads\/2019\/10\/rubyfda.jpg 828w, https:\/\/alphadynamic.eu\/wp-content\/uploads\/2019\/10\/rubyfda-300x47.jpg 300w, https:\/\/alphadynamic.eu\/wp-content\/uploads\/2019\/10\/rubyfda-768x122.jpg 768w\" sizes=\"(max-width: 828px) 100vw, 828px\" \/>[\/vc_column_text][\/vc_tta_section][vc_tta_section title=&#8221;Benef\u00edcios&#8221; tab_id=&#8221;materials&#8221; el_class=&#8221;tab2&#8243;][vc_column_text]<strong><span style=\"color: #ed1c24;\">Dispon\u00edvel em PP, PP+CF, PVDF, Alum\u00ednio e A\u00e7o Inoxid\u00e1vel AISI 316<\/span><\/strong><\/p>\n<p><strong>Ruby<\/strong> Air operated diaphragm pneumatic pumps are manufactured fulfilling FDA requirements. All materials in contact with the liquid are realized according to FDA requirements. The whole range is in AISI 316 electropolished according to the International Provision ASTM A380 and PTFE and EPDM diaphragms are of new technology with integrated piston (Compound).<\/p>\n<h5><span style=\"color: #ed1c24;\">Features<\/span><\/h5>\n<ul>\n<li>Desempenho ideal<\/li>\n<li>Consumo de ar econ\u00f3mico, concep\u00e7\u00e3o ecol\u00f3gica<\/li>\n<li>Alta efici\u00eancia para a press\u00e3o \/ capacidade<\/li>\n<li>Funcionamento sem \u00f3leo<\/li>\n<li>Sem congelamento<\/li>\n<li>Nova concep\u00e7\u00e3o de v\u00e1lvula de ar, passagem de ar completamente controlada<\/li>\n<li>Desmontagem e remontagem f\u00e1ceis<\/li>\n<li>Diafragmas de nova gera\u00e7\u00e3o com pist\u00e3o interior-exterior incorporado<\/li>\n<li>Diafragmas de EPDM de nova gera\u00e7\u00e3o com pist\u00e3o interior-exterior incorporado e certifica\u00e7\u00e3o da FDA<\/li>\n<li>Diafragmas de PTFE de nova gera\u00e7\u00e3o de tipo incorporado para uma vida \u00fatil de longa dura\u00e7\u00e3o (composto) com certifica\u00e7\u00e3o da FDA<\/li>\n<li>Diafragmas de PTFE-A de Capacidade total e Qualidade avan\u00e7ada para aplica\u00e7\u00f5es altamente com<\/li>\n<li>Revers\u00e3o f\u00e1cil do distribuidor<\/li>\n<li>Suc\u00e7\u00e3o autom\u00e1tica<\/li>\n<\/ul>\n<h5><span style=\"color: #ed1c24;\">V\u00e1lvula de ar sem \u00f3leo inovadora Ruby<\/span><\/h5>\n<p><img decoding=\"async\" loading=\"lazy\" class=\"alignright wp-image-878 size-medium\" src=\"https:\/\/alphadynamic.eu\/wp-content\/uploads\/2018\/11\/ruby-feautures-1-300x109.jpg\" alt=\"\" width=\"300\" height=\"109\" srcset=\"https:\/\/alphadynamic.eu\/wp-content\/uploads\/2018\/11\/ruby-feautures-1-300x109.jpg 300w, https:\/\/alphadynamic.eu\/wp-content\/uploads\/2018\/11\/ruby-feautures-1-768x279.jpg 768w, https:\/\/alphadynamic.eu\/wp-content\/uploads\/2018\/11\/ruby-feautures-1-1024x372.jpg 1024w, https:\/\/alphadynamic.eu\/wp-content\/uploads\/2018\/11\/ruby-feautures-1.jpg 1026w\" sizes=\"(max-width: 300px) 100vw, 300px\" \/><br \/>\nO cora\u00e7\u00e3o da bomba Ruby \u00e9 a nossa v\u00e1lvula de ar inovadora com uma concep\u00e7\u00e3o nova.Respeitando as exig\u00eancias da Nova era, para criar e oferecer um produto de Alta Qualidade, com grande interesse para o ambiente e a sua prote\u00e7\u00e3o, a V\u00e1lvula de ar das Bombas de Diafragma Ruby foi criada para fornecer o seguinte:<\/p>\n<ul>\n<li>Funcionamento sem \u00f3leo<\/li>\n<li>Pouca necessidade de manuten\u00e7\u00e3o<\/li>\n<li>N\u00e3o \u00e9 afetada por pequenas contamina\u00e7\u00f5es de ar comprimido<\/li>\n<li>Poupan\u00e7a de energia significativa<\/li>\n<li>Funcionamento sem congelar<\/li>\n<li>Funcionamento num ambiente externo<\/li>\n<li>Sem ponto morto<\/li>\n<li>Longa vida \u00fatil<\/li>\n<li>Fiabilidade<\/li>\n<\/ul>\n<h5><span style=\"color: #ed1c24;\">Diafragmas unificados avan\u00e7ados, apresentando:<\/span><\/h5>\n<p><img decoding=\"async\" loading=\"lazy\" class=\"alignright wp-image-880 size-medium\" src=\"https:\/\/alphadynamic.eu\/wp-content\/uploads\/2018\/11\/ruby-feautures-2-300x210.jpg\" alt=\"\" width=\"300\" height=\"210\" srcset=\"https:\/\/alphadynamic.eu\/wp-content\/uploads\/2018\/11\/ruby-feautures-2-300x210.jpg 300w, https:\/\/alphadynamic.eu\/wp-content\/uploads\/2018\/11\/ruby-feautures-2.jpg 394w\" sizes=\"(max-width: 300px) 100vw, 300px\" \/><\/p>\n<ul>\n<li>Instala\u00e7\u00e3o e manuten\u00e7\u00e3o f\u00e1ceis<\/li>\n<li>Excelente vida \u00fatil<\/li>\n<li>Vida \u00fatil cinco vezes mais longa em compara\u00e7\u00e3o com diafragmas cl\u00e1ssicos<\/li>\n<li>Redu\u00e7\u00e3o do custo do invent\u00e1rio<\/li>\n<li>Desempenho melhorado<\/li>\n<li>Maior deslocamento em cada ciclo<\/li>\n<li>N\u00e3o tem buraco central, eliminando a possibilidade de fugas.<\/li>\n<li>O eixo principal n\u00e3o precisa de estar segurado<\/li>\n<li>Pode ser enroscado e desenroscado sem necessidade de ferramentas<\/li>\n<\/ul>\n<h5><span style=\"color: #ed1c24;\">O Diafragma Unificado Avan\u00e7ado oferece:<\/span><\/h5>\n<p>[\/vc_column_text][vc_single_image image=&#8221;31986&#8243; img_size=&#8221;full&#8221; image_hovers=&#8221;false&#8221;][\/vc_tta_section][vc_tta_section title=&#8221;Instala\u00e7\u00e3o&#8221; tab_id=&#8221;installation&#8221; el_class=&#8221;tab3&#8243;][vc_single_image image=&#8221;96441&#8243; img_size=&#8221;full&#8221; onclick=&#8221;link_image&#8221; image_hovers=&#8221;false&#8221;][\/vc_tta_section][\/vc_tta_tabs][\/vc_column][\/vc_row][vc_row disable_element=&#8221;yes&#8221; el_id=&#8221;products2list&#8221;][vc_column][\/vc_column][\/vc_row]<\/p>\n","protected":false},"excerpt":{"rendered":"","protected":false},"author":4,"featured_media":0,"parent":56657,"menu_order":0,"comment_status":"closed","ping_status":"closed","template":"","meta":[],"acf":[],"_links":{"self":[{"href":"https:\/\/alphadynamic.eu\/pt-pt\/wp-json\/wp\/v2\/pages\/25210"}],"collection":[{"href":"https:\/\/alphadynamic.eu\/pt-pt\/wp-json\/wp\/v2\/pages"}],"about":[{"href":"https:\/\/alphadynamic.eu\/pt-pt\/wp-json\/wp\/v2\/types\/page"}],"author":[{"embeddable":true,"href":"https:\/\/alphadynamic.eu\/pt-pt\/wp-json\/wp\/v2\/users\/4"}],"replies":[{"embeddable":true,"href":"https:\/\/alphadynamic.eu\/pt-pt\/wp-json\/wp\/v2\/comments?post=25210"}],"version-history":[{"count":1,"href":"https:\/\/alphadynamic.eu\/pt-pt\/wp-json\/wp\/v2\/pages\/25210\/revisions"}],"predecessor-version":[{"id":165788,"href":"https:\/\/alphadynamic.eu\/pt-pt\/wp-json\/wp\/v2\/pages\/25210\/revisions\/165788"}],"up":[{"embeddable":true,"href":"https:\/\/alphadynamic.eu\/pt-pt\/wp-json\/wp\/v2\/pages\/56657"}],"wp:attachment":[{"href":"https:\/\/alphadynamic.eu\/pt-pt\/wp-json\/wp\/v2\/media?parent=25210"}],"curies":[{"name":"wp","href":"https:\/\/api.w.org\/{rel}","templated":true}]}}