{"id":25226,"date":"2018-10-07T23:04:13","date_gmt":"2018-10-07T20:04:13","guid":{"rendered":"https:\/\/alphadynamic.eu\/products\/adm-magnetic-drive-centrifugal-pump\/"},"modified":"2022-04-28T11:23:54","modified_gmt":"2022-04-28T08:23:54","slug":"adm-bomba-de-acionamento-magnetico","status":"publish","type":"page","link":"https:\/\/alphadynamic.eu\/pt-pt\/produtos\/adm-bomba-de-acionamento-magnetico\/","title":{"rendered":"ADM \u2013 Bomba de Acionamento Magn\u00e9tico"},"content":{"rendered":"<p>[vc_row el_id=&#8221;pageTitle&#8221; el_class=&#8221;productTitle&#8221;][vc_column][vc_custom_heading source=&#8221;post_title&#8221; font_container=&#8221;tag:h1|font_size:24px|text_align:left|color:%23ed1c24|line_height:34px&#8221; use_theme_fonts=&#8221;yes&#8221;][\/vc_column][\/vc_row][vc_row el_id=&#8221;productFinalTabs&#8221;][vc_column][vc_tta_tabs style=&#8221;outline&#8221; shape=&#8221;square&#8221; color=&#8221;white&#8221; spacing=&#8221;10&#8243; gap=&#8221;5&#8243; active_section=&#8221;1&#8243; no_fill_content_area=&#8221;true&#8221;][vc_tta_section title=&#8221;ADM Products&#8221; tab_id=&#8221;1636383164972-cf7fec12-2423&#8243;][vc_basic_grid post_type=&#8221;post&#8221; max_items=&#8221;-1&#8243; order=&#8221;ASC&#8221; item=&#8221;31977&#8243; grid_id=&#8221;vc_gid:1651134146463-4a95534e-4f52-0&#8243; taxonomies=&#8221;29&#8243;][\/vc_tta_section][vc_tta_section title=&#8221;Informa\u00e7\u00e3o T\u00e9cnica&#8221; tab_id=&#8221;techical-data514d-f4dd&#8221; el_class=&#8221;tab1&#8243;][vc_column_text]<\/p>\n<ul>\n<li style=\"list-style-type: none;\">\n<ul>\n<li style=\"list-style-type: none;\">\n<ul>\n<li>Materiais de Constru\u00e7\u00e3o PP \u2013 PVDF<\/li>\n<li>Capacidade M\u00e1xima 130 m3\/h<\/li>\n<li>Press\u00e3o m\u00e1xima de at\u00e9 48 mlc<\/li>\n<li>Temperatura de funcionamento PP: Max 60 \u00b0C, PVDF: Max 90 \u00b0C<\/li>\n<li>Viscosidade m\u00e1xima 200 cSt<\/li>\n<li>Motores:<br \/>\nIP55 &#8211; Classe F &#8211; 2 polos &#8211; 50 Hz &#8211; trif\u00e1sico<br \/>\nFase monof\u00e1sica 0,55 kw &#8211; 2,2 kw &#8211; 50\/60 Hz<\/li>\n<\/ul>\n<\/li>\n<\/ul>\n<\/li>\n<\/ul>\n<p>[\/vc_column_text][\/vc_tta_section][vc_tta_section title=&#8221;Benef\u00edcios&#8221; tab_id=&#8221;materials514d-f4dd&#8221; el_class=&#8221;tab2&#8243;][vc_column_text]<strong><span style=\"color: #ed1c24;\">Dispon\u00edvel em PP e PVDF<\/span><\/strong><\/p>\n<p><span style=\"color: #ed1c24;\">Caracter\u00edsticas<\/span><\/p>\n<p>Bombas centr\u00edfugas de acionamento magn\u00e9tico ADM s\u00e9rie ADM s\u00e3o feitas de materiais termopl\u00e1sticos (PP e PVDF) e s\u00e3o apropriadas para l\u00edquidos altamente corrosivos.<br \/>\nGra\u00e7as ao sistema de acionamento magn\u00e9tico inovador, o modelo de bomba ADM PP\/PVDF reduz os riscos de perdas e os custos de manuten\u00e7\u00e3o. A transmiss\u00e3o de movimentos ocorre por meio de articula\u00e7\u00f5es magn\u00e9ticas sem utilizar selos mec\u00e2nicos. Isto assegura uma seguran\u00e7a e efici\u00eancia m\u00e1ximas.<br \/>\nAs bombas de acionamento magn\u00e9tico ADM t\u00eam um desenho sem selos que \u00e9 apropriado para bombear l\u00edquidos perigosos e corrosivos gra\u00e7as \u00e0 elevada resist\u00eancia qu\u00edmica e aus\u00eancia de fugas e emiss\u00f5es. A estrutura e muito simples, de modo a que a bomba requer uma manuten\u00e7\u00e3o muito reduzida e, como tal, oferece poupan\u00e7a em termos de custos de repara\u00e7\u00f5es e de pe\u00e7as sobresselentes durante a vida da bomba. O \u00edman externo colocado no eixo acionador transmite o movimento para o \u00edman interno ligado ao impulsor, que roda e desloca o fluido atrav\u00e9s da bomba.<\/p>\n<p><span style=\"color: #ed1c24;\">As vantagens:<\/span><\/p>\n<ul>\n<li>N\u00e3o h\u00e1 veda\u00e7\u00e3o mec\u00e2nica no eixo.<\/li>\n<li>O motor e a bomba est\u00e3o mecanicamente separados um do outro.<\/li>\n<li>Completamente \u00e0 prova de fugas.<\/li>\n<li>N\u00e3o requer manuten\u00e7\u00e3o.<\/li>\n<\/ul>\n<p><strong><span style=\"color: #ed1c24;\">Disponibles en PP y PVDF<\/span><\/strong><\/p>\n<p>Las bombas centr\u00edfugas de arrastre magn\u00e9tico ADM est\u00e1n hechas de materiales termopl\u00e1sticos (PP y PVDF) y son adecuadas para l\u00edquidos corrosivos.<br \/>\nGracias al inovador sistema de accionamiento magn\u00e9tico, el modelo de la bomba ADM PP \/ PVDF reduce los riesgos de p\u00e9rdidas y el coste de mantenimiento. La transmisi\u00f3n se realiza a trav\u00e9s de imanes contrapuestos sin el uso de una prensaestopa mec\u00e1nica. Esto garantiza la m\u00e1xima seguridad y eficiencia.<\/p>\n<p>Las bombas de arrastre magn\u00e9tico ADM tienen un dise\u00f1o especial sin una prensaestopa mec\u00e1nica que las hace adecuadas para bombear l\u00edquidos corrosivos y l\u00edquidos peligrosos debido a su alta resistencia qu\u00edmica y la ausencia de fugas.<br \/>\nLa estructura es muy sencilla, con el resultado de que la bomba requiere un mantenimiento muy bajo y, por lo tanto, ahorra costos de reparaci\u00f3n y reemplazo durante la vida \u00fatil de la bomba. El im\u00e1n externo montado en el eje de transmisi\u00f3n transmite movimiento al im\u00e1n interno conectado al impulsor, que gira y mueve el fluido a trav\u00e9s de la bomba.<\/p>\n<p><span style=\"color: #ed1c24;\">Ventajas:<\/span><\/p>\n<ul>\n<li>Sin cierre mec\u00e1nico del eje<\/li>\n<li>El motor y la bomba est\u00e1n separados mec\u00e1nicamente entre s\u00ed<\/li>\n<li>Absoluta estanqueidad<\/li>\n<li>Libre de mantenimiento<\/li>\n<\/ul>\n<p><strong><span style=\"color: #ed1c24;\">\u00c1reas de aplicaci\u00f3n:<\/span><\/strong>Productos qu\u00edmicos, petroqu\u00edmicos, industrias farmac\u00e9uticas,industrias del papel,industrias textiles, procesamiento de alimentos, f\u00e1bricas de az\u00facar, lecher\u00edas, productos electr\u00f3nicos,plantas de tratamiento de agua, cualquier aplicaci\u00f3n qu\u00edmica peligrosa.[\/vc_column_text][\/vc_tta_section][vc_tta_section title=&#8221;Instala\u00e7\u00e3o&#8221; tab_id=&#8221;installation514d-f4dd&#8221; el_class=&#8221;tab3&#8243;][vc_column_text]Dispositivos apropriados dever\u00e3o ser instalados para impedir o funcionamento a seco e a forma\u00e7\u00e3o de um v\u00f3rtice e poss\u00edvel suc\u00e7\u00e3o de ar. Bombas centr\u00edfugas horizontais s\u00f3 devem ser operadas enquanto estiverem cheias.[\/vc_column_text][vc_single_image image=&#8221;31998&#8243; img_size=&#8221;full&#8221; el_class=&#8221;deksamenh&#8221;][\/vc_tta_section][\/vc_tta_tabs][\/vc_column][\/vc_row][vc_row disable_element=&#8221;yes&#8221; el_id=&#8221;products2list&#8221;][vc_column][\/vc_column][\/vc_row]<\/p>\n","protected":false},"excerpt":{"rendered":"","protected":false},"author":4,"featured_media":0,"parent":56657,"menu_order":0,"comment_status":"closed","ping_status":"closed","template":"","meta":[],"acf":[],"_links":{"self":[{"href":"https:\/\/alphadynamic.eu\/pt-pt\/wp-json\/wp\/v2\/pages\/25226"}],"collection":[{"href":"https:\/\/alphadynamic.eu\/pt-pt\/wp-json\/wp\/v2\/pages"}],"about":[{"href":"https:\/\/alphadynamic.eu\/pt-pt\/wp-json\/wp\/v2\/types\/page"}],"author":[{"embeddable":true,"href":"https:\/\/alphadynamic.eu\/pt-pt\/wp-json\/wp\/v2\/users\/4"}],"replies":[{"embeddable":true,"href":"https:\/\/alphadynamic.eu\/pt-pt\/wp-json\/wp\/v2\/comments?post=25226"}],"version-history":[{"count":0,"href":"https:\/\/alphadynamic.eu\/pt-pt\/wp-json\/wp\/v2\/pages\/25226\/revisions"}],"up":[{"embeddable":true,"href":"https:\/\/alphadynamic.eu\/pt-pt\/wp-json\/wp\/v2\/pages\/56657"}],"wp:attachment":[{"href":"https:\/\/alphadynamic.eu\/pt-pt\/wp-json\/wp\/v2\/media?parent=25226"}],"curies":[{"name":"wp","href":"https:\/\/api.w.org\/{rel}","templated":true}]}}