{"id":25236,"date":"2018-10-07T23:03:31","date_gmt":"2018-10-07T20:03:31","guid":{"rendered":"https:\/\/alphadynamic.eu\/products\/adh-horizontal-centrifigual-pump\/"},"modified":"2021-11-10T14:13:55","modified_gmt":"2021-11-10T11:13:55","slug":"adh-bomba-centrifuga-horizontal","status":"publish","type":"page","link":"https:\/\/alphadynamic.eu\/pt-pt\/produtos\/adh-bomba-centrifuga-horizontal\/","title":{"rendered":"ADH \u2013 Bomba Centr\u00edfuga Horizontal"},"content":{"rendered":"<p>[vc_row el_id=&#8221;pageTitle&#8221; el_class=&#8221;productTitle&#8221;][vc_column][vc_custom_heading source=&#8221;post_title&#8221; font_container=&#8221;tag:h1|font_size:24px|text_align:left|color:%23ed1c24|line_height:34px&#8221; use_theme_fonts=&#8221;yes&#8221;][\/vc_column][\/vc_row][vc_row el_id=&#8221;productFinalTabs&#8221;][vc_column][vc_tta_tabs style=&#8221;outline&#8221; shape=&#8221;square&#8221; color=&#8221;white&#8221; spacing=&#8221;10&#8243; gap=&#8221;5&#8243; active_section=&#8221;1&#8243; no_fill_content_area=&#8221;true&#8221;][vc_tta_section title=&#8221;ADH Products&#8221; tab_id=&#8221;1636542696263-b8999dde-9980&#8243;][vc_basic_grid post_type=&#8221;post&#8221; max_items=&#8221;-1&#8243; order=&#8221;ASC&#8221; item=&#8221;31977&#8243; grid_id=&#8221;vc_gid:1636542678434-f1878061-fbe2-6&#8243; taxonomies=&#8221;28&#8243;][\/vc_tta_section][vc_tta_section title=&#8221;Informa\u00e7\u00e3o T\u00e9cnica&#8221; tab_id=&#8221;techical-data8980-9125&#8243; el_class=&#8221;tab1&#8243;][vc_column_text]<\/p>\n<ul>\n<li style=\"list-style-type: none;\">\n<ul>\n<li>Materiais em contacto com o l\u00edquido: a caixa e o impulsor PP\/PVDF<\/li>\n<li>Dois tipos diferentes de selos mec\u00e2nicos dispon\u00edveis: l\u00e1bio de veda\u00e7\u00e3o e selo mec\u00e2nico tipo fole de PTFE interno para todos os tamanhos<\/li>\n<li>Viscosidade: at\u00e9 500 cps<\/li>\n<li>A pedido, a bomba pode ser fornecida com flanges<\/li>\n<li>Motores:<br \/>\nIP55 &#8211; Classe &#8211; 2 polos &#8211; 50 Hz &#8211; trif\u00e1sico<br \/>\nMonof\u00e1sico de 0.55 kw a 2.2 kw &#8211; 50\/60 Hz<\/li>\n<\/ul>\n<\/li>\n<\/ul>\n<p>[\/vc_column_text][vc_column_text][\/vc_column_text][\/vc_tta_section][vc_tta_section title=&#8221;Benef\u00edcios&#8221; tab_id=&#8221;materials8980-9125&#8243; el_class=&#8221;tab2&#8243;][vc_column_text]<strong><span style=\"color: #ed272f;\">Dispon\u00edvel em PP e PVDF<\/span><\/strong><\/p>\n<p><span style=\"color: #ed272f;\">caracter\u00edsticas<\/span><\/p>\n<p>Bombas centr\u00edfugas de selo mec\u00e2nico n\u00e3o met\u00e1lico com impulsor aberto.<br \/>\nBombas centr\u00edfugas s\u00e9rie ADH com selo mec\u00e2nico s\u00e3o feitas de materiais pl\u00e1stico (Polipropileno e PVDF) e s\u00e3o apropriadas para l\u00edquidos altamente corrosivos que cont\u00eam s\u00f3lidos em suspens\u00e3o.<br \/>\nS\u00e3o operadas por meio de um motor de acionamento directo (max 3000 rpm). O seu desenho especial de impulsor aberto permite o bombeamento mesmo com l\u00edquidos muito sujos, com viscosidade aparente at\u00e9 aos 500 Cps (a 20\u00b0C) e pequenos s\u00f3lidos em suspens\u00e3o.<br \/>\nEst\u00e3o dispon\u00edveis 2 vers\u00f5es com selos mec\u00e2nicos internos diferentes, dependendo do uso, A (l\u00e1bio de veda\u00e7\u00e3o) e B (selo tipo fole).<\/p>\n<p><strong><span style=\"color: #ed272f;\">Descri\u00e7\u00e3o da Bomba<\/span><\/strong><\/p>\n<p>As bombas centr\u00edfugas horizontais ADH apresentam uma caixa de bomba s\u00f3lida e uma lanterna para conectar o motor el\u00e9trico e inspe\u00e7\u00e3o do selo mec\u00e2nico. O impulsor aberto est\u00e1 instalado no eixo da bomba que est\u00e1 integrado no eixo de acionamento do motor el\u00e9trico. O selo mec\u00e2nico do eixo est\u00e1 alojado na parte de tr\u00e1s do impulsor.<\/p>\n<p>1 = motor el\u00e9trico<img decoding=\"async\" loading=\"lazy\" class=\"wp-image-3922 alignright\" src=\"https:\/\/alphadynamic.eu\/wp-content\/uploads\/2019\/01\/kinitiras.jpg\" alt=\"\" width=\"448\" height=\"303\" srcset=\"https:\/\/alphadynamic.eu\/wp-content\/uploads\/2019\/01\/kinitiras.jpg 848w, https:\/\/alphadynamic.eu\/wp-content\/uploads\/2019\/01\/kinitiras-300x203.jpg 300w, https:\/\/alphadynamic.eu\/wp-content\/uploads\/2019\/01\/kinitiras-768x519.jpg 768w\" sizes=\"(max-width: 448px) 100vw, 448px\" \/><br \/>\n2 = lanterna de inspe\u00e7\u00e3o<br \/>\n3 = selo mec\u00e2nico<br \/>\n4 = impulsor<br \/>\n5 = Conex\u00e3o de descarga<br \/>\n6 = Conex\u00e3o de entrada[\/vc_column_text][\/vc_tta_section][vc_tta_section title=&#8221;INSTALA\u00c7\u00c3O&#8221; tab_id=&#8221;installation8980-9125&#8243; el_class=&#8221;tab3&#8243;][vc_column_text]Dispositivos apropriados dever\u00e3o ser instalados para impedir o funcionamento a seco e a forma\u00e7\u00e3o de um v\u00f3rtice e poss\u00edvel suc\u00e7\u00e3o de ar. Bombas centr\u00edfugas horizontais s\u00f3 devem ser operadas enquanto estiverem cheias.[\/vc_column_text][vc_single_image image=&#8221;32006&#8243; img_size=&#8221;full&#8221; css=&#8221;.vc_custom_1571386599415{margin-top: -32px !important;}&#8221;][\/vc_tta_section][\/vc_tta_tabs][\/vc_column][\/vc_row]<\/p>\n","protected":false},"excerpt":{"rendered":"","protected":false},"author":4,"featured_media":0,"parent":56657,"menu_order":0,"comment_status":"closed","ping_status":"closed","template":"","meta":[],"acf":[],"_links":{"self":[{"href":"https:\/\/alphadynamic.eu\/pt-pt\/wp-json\/wp\/v2\/pages\/25236"}],"collection":[{"href":"https:\/\/alphadynamic.eu\/pt-pt\/wp-json\/wp\/v2\/pages"}],"about":[{"href":"https:\/\/alphadynamic.eu\/pt-pt\/wp-json\/wp\/v2\/types\/page"}],"author":[{"embeddable":true,"href":"https:\/\/alphadynamic.eu\/pt-pt\/wp-json\/wp\/v2\/users\/4"}],"replies":[{"embeddable":true,"href":"https:\/\/alphadynamic.eu\/pt-pt\/wp-json\/wp\/v2\/comments?post=25236"}],"version-history":[{"count":0,"href":"https:\/\/alphadynamic.eu\/pt-pt\/wp-json\/wp\/v2\/pages\/25236\/revisions"}],"up":[{"embeddable":true,"href":"https:\/\/alphadynamic.eu\/pt-pt\/wp-json\/wp\/v2\/pages\/56657"}],"wp:attachment":[{"href":"https:\/\/alphadynamic.eu\/pt-pt\/wp-json\/wp\/v2\/media?parent=25236"}],"curies":[{"name":"wp","href":"https:\/\/api.w.org\/{rel}","templated":true}]}}