{"id":25244,"date":"2018-10-07T23:05:01","date_gmt":"2018-10-07T20:05:01","guid":{"rendered":"https:\/\/alphadynamic.eu\/products\/adv-vertical-centrifugal-pump\/"},"modified":"2021-11-10T14:53:37","modified_gmt":"2021-11-10T11:53:37","slug":"adv-bomba-centrifuga-vertical","status":"publish","type":"page","link":"https:\/\/alphadynamic.eu\/pt-pt\/produtos\/adv-bomba-centrifuga-vertical\/","title":{"rendered":"ADV \u2013 Bomba Centr\u00edfuga Vertical"},"content":{"rendered":"<p>[vc_row el_id=&#8221;pageTitle&#8221; el_class=&#8221;productTitle&#8221;][vc_column][vc_custom_heading source=&#8221;post_title&#8221; font_container=&#8221;tag:h1|font_size:24px|text_align:left|color:%23ed1c24|line_height:34px&#8221; use_theme_fonts=&#8221;yes&#8221;][\/vc_column][\/vc_row][vc_row el_id=&#8221;productFinalTabs&#8221;][vc_column][vc_tta_tabs style=&#8221;outline&#8221; shape=&#8221;square&#8221; color=&#8221;white&#8221; spacing=&#8221;10&#8243; gap=&#8221;5&#8243; active_section=&#8221;1&#8243; no_fill_content_area=&#8221;true&#8221;][vc_tta_section title=&#8221;ADV PRODUTOS&#8221; tab_id=&#8221;1636545131179-175299a8-dcfa&#8221;][vc_basic_grid post_type=&#8221;post&#8221; max_items=&#8221;-1&#8243; order=&#8221;ASC&#8221; item=&#8221;31977&#8243; grid_id=&#8221;vc_gid:1636545092224-f9762aeb-29e0-1&#8243; taxonomies=&#8221;30&#8243;][\/vc_tta_section][vc_tta_section title=&#8221;Informa\u00e7\u00e3o T\u00e9cnica&#8221; tab_id=&#8221;techical-data5eae-fcbc&#8221; el_class=&#8221;tab1&#8243;][vc_column_text]<\/p>\n<ul>\n<li style=\"list-style-type: none;\">\n<ul>\n<li>Bombas termopl\u00e1sticas feitas em PP ou PVDF<\/li>\n<li>Comprimento da coluna 250 &#8211; 2000 mm<\/li>\n<li>Viscosidade: at\u00e9 500 cps<\/li>\n<li>Temperatura m\u00e1xima: PP 65\u00b0C PVDF 95 \u00b0C<\/li>\n<li>Viscosity: up to 500 cps<\/li>\n<li>Bomba imersa no tanque<\/li>\n<li>Motores: IP55 &#8211; Classe F &#8211; 2 p\u00f3los &#8211; 50 Hz &#8211; trif\u00e1sico<br \/>\nMonof\u00e1sico de 0.55 kw a 2.2 kw &#8211; 50\/60 Hz<\/li>\n<li>Motor remov\u00edvel mesmo com a bomba instalada<\/li>\n<li>A pedido, a bomba pode ser fornecida com flange na descarga<\/li>\n<li>Motor removable even with pump installed<\/li>\n<li>Bomba centr\u00edfuga com acoplamento e impulsor semi aberto.<\/li>\n<li>Apropriado para l\u00edquidos altamente corrosivos com s\u00f3lidos em suspens\u00e3o<\/li>\n<\/ul>\n<\/li>\n<\/ul>\n<p>[\/vc_column_text][\/vc_tta_section][vc_tta_section title=&#8221;Benef\u00edcios&#8221; tab_id=&#8221;materials5eae-fcbc&#8221; el_class=&#8221;tab2&#8243;][vc_column_text]<strong><span style=\"color: #ed272f;\">Dispon\u00edvel em PP e PVDF<\/span><\/strong><\/p>\n<p><span style=\"color: #ed272f;\">Caracter\u00edsticas<\/span><\/p>\n<p>Bombas centr\u00edfugas verticais com suporte s\u00e9rie ADV s\u00e3o feitas de materiais termopl\u00e1sticos (PP e PVDF) e s\u00e3o apropriados para bombear l\u00edquidos altamente corrosivos com s\u00f3lidos. As bombas de s\u00e9rie ADV est\u00e3o dispon\u00edveis com comprimentos de coluna diferentes, de 250 mm a 2000mm.<\/p>\n<p><strong><span style=\"color: #ed272f;\">Descri\u00e7\u00e3o da bomba<\/span><\/strong><\/p>\n<p>O impulsor aberto permite um bombeamento cont\u00ednuo mesmo com l\u00edquidos muito sujos com viscosidade aparente at\u00e9 aos 500 Cps (a 20\u00b0C) e pequenos s\u00f3lidos em suspens\u00e3o. As bombas centr\u00edfugas verticais ADV consistem numa caixa de bomba s\u00f3lida e uma coluna instalada na chapa de base que suporta a lanterna que, por sua vez, suporta o motor el\u00e9trico. O motor de acionamento direto est\u00e1 ligado a um acoplamento flex\u00edvel no eixo da bomba. O impulsor aberto est\u00e1 instalado na outra extremidade do eixo que \u00e9 apoiado por um rolamento radial. O desenho especial desta bomba permite que o motor seja removido sem que seja necess\u00e1rio desligar a bomba do sistema.<\/p>\n<p>&nbsp;<\/p>\n<p><img decoding=\"async\" loading=\"lazy\" class=\"alignnone wp-image-32013 size-full\" src=\"https:\/\/alphadynamic.eu\/wp-content\/uploads\/2019\/10\/adv.jpg\" alt=\"\" width=\"648\" height=\"583\" srcset=\"https:\/\/alphadynamic.eu\/wp-content\/uploads\/2019\/10\/adv.jpg 648w, https:\/\/alphadynamic.eu\/wp-content\/uploads\/2019\/10\/adv-300x270.jpg 300w\" sizes=\"(max-width: 648px) 100vw, 648px\" \/>[\/vc_column_text][\/vc_tta_section][vc_tta_section title=&#8221;Instala\u00e7\u00e3o&#8221; tab_id=&#8221;installation5eae-fcbc&#8221; el_class=&#8221;tab3&#8243;][vc_column_text]As bombas centr\u00edfugas verticais ADV s\u00f3 devem ser instaladas com o eixo posicionado na vertical e com a bomba imersa no dep\u00f3sito. Dispositivos apropriados dever\u00e3o ser instalados para evitar o funcionamento a seco e \/ ou a forma\u00e7\u00e3o de um v\u00f3rtice e poss\u00edvel suc\u00e7\u00e3o de ar. Estas bombas s\u00f3 devem ser operadas enquanto estiverem cheias.[\/vc_column_text][vc_single_image image=&#8221;32024&#8243; img_size=&#8221;full&#8221; css=&#8221;.vc_custom_1571393179616{margin-top: -32px !important;}&#8221;][\/vc_tta_section][\/vc_tta_tabs][\/vc_column][\/vc_row][vc_row disable_element=&#8221;yes&#8221; el_id=&#8221;products2list&#8221;][vc_column][\/vc_column][\/vc_row]<\/p>\n","protected":false},"excerpt":{"rendered":"","protected":false},"author":4,"featured_media":0,"parent":56657,"menu_order":0,"comment_status":"closed","ping_status":"closed","template":"","meta":[],"acf":[],"_links":{"self":[{"href":"https:\/\/alphadynamic.eu\/pt-pt\/wp-json\/wp\/v2\/pages\/25244"}],"collection":[{"href":"https:\/\/alphadynamic.eu\/pt-pt\/wp-json\/wp\/v2\/pages"}],"about":[{"href":"https:\/\/alphadynamic.eu\/pt-pt\/wp-json\/wp\/v2\/types\/page"}],"author":[{"embeddable":true,"href":"https:\/\/alphadynamic.eu\/pt-pt\/wp-json\/wp\/v2\/users\/4"}],"replies":[{"embeddable":true,"href":"https:\/\/alphadynamic.eu\/pt-pt\/wp-json\/wp\/v2\/comments?post=25244"}],"version-history":[{"count":0,"href":"https:\/\/alphadynamic.eu\/pt-pt\/wp-json\/wp\/v2\/pages\/25244\/revisions"}],"up":[{"embeddable":true,"href":"https:\/\/alphadynamic.eu\/pt-pt\/wp-json\/wp\/v2\/pages\/56657"}],"wp:attachment":[{"href":"https:\/\/alphadynamic.eu\/pt-pt\/wp-json\/wp\/v2\/media?parent=25244"}],"curies":[{"name":"wp","href":"https:\/\/api.w.org\/{rel}","templated":true}]}}