{"id":25252,"date":"2018-10-07T22:52:04","date_gmt":"2018-10-07T19:52:04","guid":{"rendered":"https:\/\/alphadynamic.eu\/products\/ad-flexible-impeller-pump\/"},"modified":"2021-11-10T13:08:27","modified_gmt":"2021-11-10T10:08:27","slug":"ad-bomba-de-impulsor-flexivel","status":"publish","type":"page","link":"https:\/\/alphadynamic.eu\/pt-pt\/produtos\/ad-bomba-de-impulsor-flexivel\/","title":{"rendered":"AD \u2013 Bomba de Impulsor Flex\u00edvel"},"content":{"rendered":"<p>[vc_row el_id=&#8221;pageTitle&#8221; el_class=&#8221;productTitle&#8221;][vc_column][vc_custom_heading source=&#8221;post_title&#8221; font_container=&#8221;tag:h1|font_size:24px|text_align:left|color:%23ed1c24|line_height:34px&#8221; use_theme_fonts=&#8221;yes&#8221;][\/vc_column][\/vc_row][vc_row el_id=&#8221;productFinalTabs&#8221;][vc_column][vc_tta_tabs style=&#8221;outline&#8221; shape=&#8221;square&#8221; color=&#8221;white&#8221; spacing=&#8221;10&#8243; gap=&#8221;5&#8243; active_section=&#8221;1&#8243; no_fill_content_area=&#8221;true&#8221;][vc_tta_section title=&#8221;AD Products&#8221; tab_id=&#8221;1636538740852-cc21812c-e279&#8243;][vc_basic_grid post_type=&#8221;ids&#8221; item=&#8221;31977&#8243; grid_id=&#8221;vc_gid:1636538734204-3e12f95e-65ab-6&#8243; include=&#8221;2457, 2571, 2661, 511, 2799&#8243;][\/vc_tta_section][vc_tta_section title=&#8221;Informa\u00e7\u00e3o T\u00e9cnica&#8221; tab_id=&#8221;techical-data95bb-4d84&#8243; el_class=&#8221;tab1&#8243;][vc_column_text]<\/p>\n<ul>\n<li>Materiais de Constru\u00e7\u00e3o : A\u00e7o Inoxid\u00e1vel 304L<\/li>\n<li>Neoprene de qualidade alimentar e impulsores de EPDM<\/li>\n<li>Conex\u00f5es: BSP (M), DIN 11851, GAROLLA<\/li>\n<li>Capacidade M\u00e1xima : 56 m3\/h<\/li>\n<li>Altura de elevaci\u03c3n m\u03b1x. 30 m<\/li>\n<li>Viscosidad hasta : 75.000 cPs<\/li>\n<li>Temperatura de funcionamento : 100\u00b0C<\/li>\n<li>Entrada \/ sa\u00edda de fluido : BSP , DIN 11851 , Garolla<\/li>\n<li>Motores : 0.35 HP \u03c9\u03c2 6 HP &#8211; 700\/900\/1400 rpm<\/li>\n<\/ul>\n<p>[\/vc_column_text][\/vc_tta_section][vc_tta_section title=&#8221;Benef\u00edcios&#8221; tab_id=&#8221;materials95bb-4d84&#8243; el_class=&#8221;tab2&#8243;][vc_column_text]<strong><span style=\"color: #ed272f;\">Dispon\u00edvel em A\u00e7o Inoxid\u00e1vel 304L<\/span><\/strong><\/p>\n<p><span style=\"color: #ed272f;\">Caracter\u00edsticas<\/span><\/p>\n<p>A bomba AD \u00e9 uma bomba de impulsor flex\u00edvel. Devido ao desenho, estas bombas s\u00e3o revers\u00edveis, auto-ferrantes e podem sugar a partir de uma altura m\u00e1xima de 5 metros. Este tipo de bomba foi concebido para bombear produtos de baixa e elevada viscosidade, assim como produtos que contenham part\u00edculas ou gases.<\/p>\n<p><span style=\"color: #ed272f;\">Vantagens<\/span><\/p>\n<ul>\n<li>Ferra-se imediatamente a uma profundidade de at\u00e9 5 metros, mesmo quando funcionar a seco<\/li>\n<li>O fluxo pode ser revertido<\/li>\n<li>Motor de velocidade baixa, o que garante uma a\u00e7\u00e3o de bombagem suave para l\u00edquidos delicados<\/li>\n<li>A\u00e7\u00e3o de bombagem regular e cont\u00ednua<\/li>\n<li>Capacidade para lidar com l\u00edquidos viscosos ou carregados de s\u00f3lidos<\/li>\n<li>A\u00e7o de elevada espessura (3\/4mm), assegurando uma resist\u00eancia mec\u00e2nica e \u00e0 corros\u00e3o superior e, como tal, uma vida mais longa<\/li>\n<li>Caixa da bomba monobloco para maior for\u00e7a e melhor veda\u00e7\u00e3o<\/li>\n<li>A limpeza e substitui\u00e7\u00e3o da veda\u00e7\u00e3o mec\u00e2nica e do impulsor s\u00e3o incrivelmente simples, pois a<br \/>\nbomba pode ser desmontada com facilidade<\/li>\n<li>O impulsor flex\u00edvel feito de borracha sint\u00e9tica n\u00e3o t\u00f3xica (Neoprene, NBR, EPDM) e resistente a diferentes \u00e1cidos<\/li>\n<li>O impulsor de Neoprene e EPDM est\u00e1 em conformidade com os regulamentos da FDA Americana elacionados com o manuseamento de l\u00edquidos de qualidade alimentar<\/li>\n<li>Selo mec\u00e2nico feito de A\u00c7O INOXID\u00c1VEL\/ GRAFITE\/ NBR\/EPDM ou Tungst\u00e9nio\/Tungst\u00e9nio\/ NBR\/EPDM<\/li>\n<\/ul>\n<p><strong><span style=\"color: #ed272f;\">Impulsor feito de borracha n\u00e3o t\u00f3xica<\/span><\/strong><\/p>\n<p>O impulsor \u00e9 feito de borracha n\u00e3o sint\u00e9tica (Neoprene, EPDM, NBR) e \u00e9 completamente n\u00e3o t\u00f3xico e resistente a v\u00e1rios \u00e1cidos.<\/p>\n<p>Os nossos impulsores est\u00e3o em conformidade com os regulamentos da FDA Americana relacionados com o manuseamento de l\u00edquidos de qualidade alimentar<\/p>\n<p>&nbsp;<\/p>\n<p><img decoding=\"async\" loading=\"lazy\" class=\"alignnone wp-image-3959 \" src=\"https:\/\/alphadynamic.eu\/wp-content\/uploads\/2019\/01\/GRANAZIA-300x173.jpg\" alt=\"\" width=\"496\" height=\"286\" srcset=\"https:\/\/alphadynamic.eu\/wp-content\/uploads\/2019\/01\/GRANAZIA-300x173.jpg 300w, https:\/\/alphadynamic.eu\/wp-content\/uploads\/2019\/01\/GRANAZIA.jpg 400w\" sizes=\"(max-width: 496px) 100vw, 496px\" \/><\/p>\n<p><strong><span style=\"color: #ed272f;\">Caixa da bomba formada como uma pe\u00e7a \u00fanica<\/span><\/strong><\/p>\n<p>Todas as caixas de bomba s\u00e3o constru\u00eddas a partir de chapas met\u00e1licas de a\u00e7o inoxid\u00e1vel com elevada espessura, assegurando qualidade e uma vida longa. As caixas de bomba s\u00e3o submetidas a um cont\u00ednuo controlo de qualidade das soldaduras e s\u00e3o polidas internamente e externamente para garantir o mais elevado n\u00edvel de higiene.<\/p>\n<p><img decoding=\"async\" loading=\"lazy\" class=\"wp-image-3961 alignleft\" src=\"https:\/\/alphadynamic.eu\/wp-content\/uploads\/2019\/01\/ASHMENIA.jpg\" alt=\"\" width=\"599\" height=\"343\" srcset=\"https:\/\/alphadynamic.eu\/wp-content\/uploads\/2019\/01\/ASHMENIA.jpg 400w, https:\/\/alphadynamic.eu\/wp-content\/uploads\/2019\/01\/ASHMENIA-300x172.jpg 300w\" sizes=\"(max-width: 599px) 100vw, 599px\" \/>[\/vc_column_text][\/vc_tta_section][vc_tta_section title=&#8221;Instala\u00e7\u00e3o&#8221; tab_id=&#8221;installation95bb-4d84&#8243; el_class=&#8221;tab3&#8243;][vc_single_image image=&#8221;32031&#8243; img_size=&#8221;full&#8221;][\/vc_tta_section][\/vc_tta_tabs][\/vc_column][\/vc_row][vc_row disable_element=&#8221;yes&#8221; el_id=&#8221;products2list&#8221;][vc_column][\/vc_column][\/vc_row]<\/p>\n","protected":false},"excerpt":{"rendered":"","protected":false},"author":4,"featured_media":94174,"parent":56657,"menu_order":0,"comment_status":"closed","ping_status":"closed","template":"","meta":[],"acf":[],"_links":{"self":[{"href":"https:\/\/alphadynamic.eu\/pt-pt\/wp-json\/wp\/v2\/pages\/25252"}],"collection":[{"href":"https:\/\/alphadynamic.eu\/pt-pt\/wp-json\/wp\/v2\/pages"}],"about":[{"href":"https:\/\/alphadynamic.eu\/pt-pt\/wp-json\/wp\/v2\/types\/page"}],"author":[{"embeddable":true,"href":"https:\/\/alphadynamic.eu\/pt-pt\/wp-json\/wp\/v2\/users\/4"}],"replies":[{"embeddable":true,"href":"https:\/\/alphadynamic.eu\/pt-pt\/wp-json\/wp\/v2\/comments?post=25252"}],"version-history":[{"count":0,"href":"https:\/\/alphadynamic.eu\/pt-pt\/wp-json\/wp\/v2\/pages\/25252\/revisions"}],"up":[{"embeddable":true,"href":"https:\/\/alphadynamic.eu\/pt-pt\/wp-json\/wp\/v2\/pages\/56657"}],"wp:featuredmedia":[{"embeddable":true,"href":"https:\/\/alphadynamic.eu\/pt-pt\/wp-json\/wp\/v2\/media\/94174"}],"wp:attachment":[{"href":"https:\/\/alphadynamic.eu\/pt-pt\/wp-json\/wp\/v2\/media?parent=25252"}],"curies":[{"name":"wp","href":"https:\/\/api.w.org\/{rel}","templated":true}]}}