{"id":25281,"date":"2018-10-07T23:05:52","date_gmt":"2018-10-07T20:05:52","guid":{"rendered":"https:\/\/alphadynamic.eu\/produtos\/atlas-progressive-cavity-pump\/"},"modified":"2022-05-20T11:49:16","modified_gmt":"2022-05-20T08:49:16","slug":"atlas-bomba-de-cavidade-progressiva","status":"publish","type":"page","link":"https:\/\/alphadynamic.eu\/pt-pt\/produtos\/atlas-bomba-de-cavidade-progressiva\/","title":{"rendered":"ATLAS \u2013 Bomba de Cavidade progressiva"},"content":{"rendered":"<p>[vc_row el_id=&#8221;pageTitle&#8221; el_class=&#8221;productTitle&#8221;][vc_column][vc_custom_heading source=&#8221;post_title&#8221; font_container=&#8221;tag:h1|font_size:24px|text_align:left|color:%23ed1c24|line_height:34px&#8221; use_theme_fonts=&#8221;yes&#8221;][\/vc_column][\/vc_row][vc_row el_id=&#8221;productFinalTabs&#8221;][vc_column][vc_tta_tabs style=&#8221;outline&#8221; shape=&#8221;square&#8221; color=&#8221;white&#8221; spacing=&#8221;10&#8243; gap=&#8221;5&#8243; active_section=&#8221;1&#8243; no_fill_content_area=&#8221;true&#8221;][vc_tta_section title=&#8221;ATLAS PRODUTOS&#8221; tab_id=&#8221;1636545962675-6315b655-01a2&#8243;][vc_basic_grid post_type=&#8221;ids&#8221; item=&#8221;31977&#8243; grid_id=&#8221;vc_gid:1653036532673-04d10a79-ed50-9&#8243; include=&#8221;2829, 3108, 3423, 73085&#8243;][\/vc_tta_section][vc_tta_section title=&#8221;Informa\u00e7\u00e3o T\u00e9cnica&#8221; tab_id=&#8221;techical-data5339-dbb9&#8243; el_class=&#8221;tab1&#8243;][vc_column_text]<\/p>\n<ul>\n<li>Materiais de constru\u00e7\u00e3o: AISI316 \/ AISI304 \/ Ferro Fundido GG25<\/li>\n<li>Estatores Dispon\u00edveis: NBR, EPDM, HYPALON, FKM<\/li>\n<li>Rotores dispon\u00edveis: A\u00e7o inoxid\u00e1vel 316 , A\u00e7o ferramenta AISI D6<\/li>\n<li>Est\u00e3o dispon\u00edveis dois tipos de selos diferentes: Empanque de PTFE e selo mec\u00e2nico de Cer\/Graf\/Viton, Tungst\u00e9nio\/tungst\u00e9nio\/EDPM ou Viton<\/li>\n<li>Capacidade M\u00e1xima : 75m3\/h<\/li>\n<li>Press\u00e3o M\u00e1xima : 12 Bar<\/li>\n<li>Temperatura M\u00e1xima : 100 \u00b0C<\/li>\n<li>Viscosidade M\u00e1xima : 500.000 cPs<\/li>\n<\/ul>\n<p>[\/vc_column_text][\/vc_tta_section][vc_tta_section title=&#8221;Vantagens&#8221; tab_id=&#8221;materials5339-dbb9&#8243; el_class=&#8221;tab2&#8243;][vc_column_text]<span style=\"font-family: Times New Roman, serif;\"><span style=\"font-size: medium;\"><span style=\"color: #c00000;\"><span style=\"font-family: Verdana, serif;\"><span style=\"font-size: large;\">Features<\/span><\/span><\/span><\/span><\/span><\/p>\n<ul>\n<li style=\"list-style-type: none;\">\n<ul>\n<li>Geometria de Comprimento<\/li>\n<li>Desempenho mais Elevado em compara\u00e7\u00e3o com a geometria cl\u00e1ssica<\/li>\n<li>Requisitos de servi\u00e7o pequenos<\/li>\n<li>Caracter\u00edsticas de fluxo melhoradas<\/li>\n<li>Vibra\u00e7\u00e3o, Turbul\u00eancia, taxas de ruturas e pulsa\u00e7\u00e3o reduzidas<\/li>\n<li>Desempenho suave<\/li>\n<li>Constru\u00e7\u00e3o por blocos minimiza as dimens\u00f5es globais, fornecendo um comprimento da bomba mais curto. Elimina a necessidade de prote\u00e7\u00e3o da cobertura e do acoplamento.<\/li>\n<li>Pode ser instalada na vertical ou na horizontal, conforme seja apropriado para a aplica\u00e7\u00e3o.<\/li>\n<li>Pode funcionar em ambas as dire\u00e7\u00f5es.<\/li>\n<\/ul>\n<\/li>\n<\/ul>\n<p>&nbsp;<\/p>\n<p>1. Motor el\u00e9trico<img decoding=\"async\" loading=\"lazy\" class=\"alignnone wp-image-32045 size-full\" src=\"https:\/\/alphadynamic.eu\/wp-content\/uploads\/2019\/10\/atlas.jpg\" alt=\"\" width=\"372\" height=\"250\" srcset=\"https:\/\/alphadynamic.eu\/wp-content\/uploads\/2019\/10\/atlas.jpg 372w, https:\/\/alphadynamic.eu\/wp-content\/uploads\/2019\/10\/atlas-300x202.jpg 300w\" sizes=\"(max-width: 372px) 100vw, 372px\" \/><br \/>\n2. Redutor<br \/>\n3. Veda\u00e7\u00e3o do eixo<br \/>\n4. Biela de conex\u00e3o<br \/>\n5. Estator<br \/>\n6. Rotor<br \/>\n7. Inv\u00f3lucro de descarga Flange PN16<br \/>\n8. Inv\u00f3lucro de Suc\u00e7\u00e3o Flange PN16[\/vc_column_text][\/vc_tta_section][vc_tta_section title=&#8221;Instala\u00e7\u00e3o&#8221; tab_id=&#8221;installation5339-dbb9&#8243; el_class=&#8221;tab3&#8243;][vc_row_inner][vc_column_inner width=&#8221;1\/2&#8243;][vc_column_text]<\/p>\n<h5><span style=\"font-size: 14pt; color: #ed1c24;\">Caracter\u00edsticas b\u00e1sicas da bomba<\/span><\/h5>\n<p><span style=\"color: #ed1c24;\"><strong><span style=\"font-size: 14pt;\">Funcionamento revers\u00edvel<\/span><\/strong><\/span><br \/>\n<span style=\"font-size: 14pt;\">A bomba pode funcionar em ambas as 2 dire\u00e7\u00f5es de funcionamento com interc\u00e2mbio do fluxo do l\u00edquido<\/span>[\/vc_column_text][\/vc_column_inner][vc_column_inner width=&#8221;1\/2&#8243;][vc_single_image image=&#8221;38956&#8243; img_size=&#8221;medium&#8221;][vc_separator][\/vc_column_inner][\/vc_row_inner][vc_row_inner][vc_column_inner width=&#8221;1\/2&#8243;][vc_column_text]<strong><span style=\"font-size: 14pt; color: #ed1c24;\">Bombeamento suave e cont\u00ednuo do produto sem press\u00e3o dos picos<\/span><\/strong><br \/>\n<span style=\"font-size: 14pt;\">Apropriado para a transfus\u00e3o no preenchimento de m\u00e1quinas e para doseamento<\/span>[\/vc_column_text][\/vc_column_inner][vc_column_inner width=&#8221;1\/2&#8243;][vc_column_text]\u00a0[\/vc_column_text][vc_single_image image=&#8221;38989&#8243; img_size=&#8221;medium&#8221; el_class=&#8221;eik&#8221;][vc_separator][\/vc_column_inner][\/vc_row_inner][vc_row_inner][vc_column_inner width=&#8221;1\/2&#8243;][vc_column_text]<strong><span style=\"font-size: 14pt; color: #ed1c24;\">Apropriado para a transfer\u00eancia de l\u00edquidos delicados e viscosos<\/span><\/strong><br \/>\n<span style=\"font-size: 14pt;\">Ideal para a transfer\u00eancia de l\u00edquidos delicados e viscosos, mesmo com s\u00f3lidos em suspens\u00e3o<\/span>[\/vc_column_text][\/vc_column_inner][vc_column_inner width=&#8221;1\/2&#8243;][vc_column_text]\u00a0[\/vc_column_text][vc_single_image image=&#8221;38999&#8243; img_size=&#8221;medium&#8221; el_class=&#8221;eik&#8221;][vc_separator][\/vc_column_inner][\/vc_row_inner][vc_row_inner][vc_column_inner width=&#8221;1\/2&#8243;][vc_column_text]<strong><span style=\"font-size: 14pt; color: #ed1c24;\">Auto-ferrante at\u00e9 4m<\/span><\/strong>[\/vc_column_text][\/vc_column_inner][vc_column_inner width=&#8221;1\/2&#8243;][vc_column_text]\u00a0[\/vc_column_text][vc_single_image image=&#8221;38969&#8243; img_size=&#8221;medium&#8221; el_class=&#8221;eikona&#8221;][vc_separator][\/vc_column_inner][\/vc_row_inner][vc_row_inner][vc_column_inner width=&#8221;1\/2&#8243;][vc_column_text]<\/p>\n<div class=\"tlid-input input\">\n<div class=\"source-wrap\">\n<div class=\"input-full-height-wrapper tlid-input-full-height-wrapper\">\n<div class=\"source-input\">\n<div class=\"source-footer-wrap source-or-target-footer\">\n<div class=\"character-count tlid-character-count\">\n<div class=\"cc-ctr normal\"><strong><span style=\"font-size: 14pt; color: #ed1c24;\">Opera\u00e7\u00e3o Vertical<\/span><\/strong><\/div>\n<\/div>\n<\/div>\n<\/div>\n<\/div>\n<\/div>\n<\/div>\n<p>[\/vc_column_text][\/vc_column_inner][vc_column_inner width=&#8221;1\/2&#8243;][vc_column_text]\u00a0[\/vc_column_text][vc_single_image image=&#8221;38994&#8243; img_size=&#8221;medium&#8221; el_class=&#8221;eik&#8221;][\/vc_column_inner][\/vc_row_inner][\/vc_tta_section][\/vc_tta_tabs][\/vc_column][\/vc_row][vc_row disable_element=&#8221;yes&#8221; el_id=&#8221;products2list&#8221;][vc_column][\/vc_column][\/vc_row]<\/p>\n","protected":false},"excerpt":{"rendered":"","protected":false},"author":4,"featured_media":0,"parent":56657,"menu_order":0,"comment_status":"closed","ping_status":"closed","template":"","meta":[],"acf":[],"_links":{"self":[{"href":"https:\/\/alphadynamic.eu\/pt-pt\/wp-json\/wp\/v2\/pages\/25281"}],"collection":[{"href":"https:\/\/alphadynamic.eu\/pt-pt\/wp-json\/wp\/v2\/pages"}],"about":[{"href":"https:\/\/alphadynamic.eu\/pt-pt\/wp-json\/wp\/v2\/types\/page"}],"author":[{"embeddable":true,"href":"https:\/\/alphadynamic.eu\/pt-pt\/wp-json\/wp\/v2\/users\/4"}],"replies":[{"embeddable":true,"href":"https:\/\/alphadynamic.eu\/pt-pt\/wp-json\/wp\/v2\/comments?post=25281"}],"version-history":[{"count":0,"href":"https:\/\/alphadynamic.eu\/pt-pt\/wp-json\/wp\/v2\/pages\/25281\/revisions"}],"up":[{"embeddable":true,"href":"https:\/\/alphadynamic.eu\/pt-pt\/wp-json\/wp\/v2\/pages\/56657"}],"wp:attachment":[{"href":"https:\/\/alphadynamic.eu\/pt-pt\/wp-json\/wp\/v2\/media?parent=25281"}],"curies":[{"name":"wp","href":"https:\/\/api.w.org\/{rel}","templated":true}]}}