{"id":25313,"date":"2018-11-26T23:05:44","date_gmt":"2018-11-26T20:05:44","guid":{"rendered":"https:\/\/alphadynamic.eu\/produtos\/adpd-pulsation-dampener\/"},"modified":"2025-06-03T11:33:13","modified_gmt":"2025-06-03T08:33:13","slug":"adpd-amortecedor-de-pulsacao","status":"publish","type":"page","link":"https:\/\/alphadynamic.eu\/pt-pt\/produtos\/adpd-amortecedor-de-pulsacao\/","title":{"rendered":"ADPD &#8211; Amortecedor de Pulsa\u00e7\u00e3o"},"content":{"rendered":"<p>[vc_row el_id=&#8221;pageTitle&#8221; el_class=&#8221;productTitle&#8221;][vc_column][vc_custom_heading source=&#8221;post_title&#8221; font_container=&#8221;tag:h1|font_size:24px|text_align:left|color:%23ed1c24|line_height:34px&#8221; use_theme_fonts=&#8221;yes&#8221;][\/vc_column][\/vc_row][vc_row el_id=&#8221;productFinalTabs&#8221;][vc_column][vc_tta_tabs style=&#8221;outline&#8221; spacing=&#8221;10&#8243; gap=&#8221;3&#8243; active_section=&#8221;1&#8243; no_fill_content_area=&#8221;true&#8221;][vc_tta_section title=&#8221;ADPD Products&#8221; tab_id=&#8221;1637678545623-f964bf92-4616&#8243;][vc_basic_grid post_type=&#8221;post&#8221; max_items=&#8221;-1&#8243; order=&#8221;ASC&#8221; item=&#8221;31977&#8243; grid_id=&#8221;vc_gid:1748939577629-aced0e62-91d0-6&#8243; taxonomies=&#8221;11594&#8243;][\/vc_tta_section][vc_tta_section title=&#8221;Informa\u00e7\u00e3o T\u00e9cnica&#8221; tab_id=&#8221;techical-data5eae-fcbc&#8221; el_class=&#8221;tab1&#8243;][vc_column_text]<\/p>\n<ul>\n<li>Controlo de amortecimento autom\u00e1tico<\/li>\n<li>Apropriado para aplica\u00e7\u00f5es exigentes<\/li>\n<li>Utilizar em atmosferas potencialmente explosivas (Certifica\u00e7\u00f5es ATEX)<\/li>\n<li>Utilizar em ambientes sujeitos a elevada humidade<\/li>\n<li>Acionado utilizando ar n\u00e3o lubrificado 2 \u00f7 7 BAR<\/li>\n<li>A gama de materiais de constru\u00e7\u00e3o assegura uma compatibilidade de fluidos correta<\/li>\n<li>F\u00e1cil manuten\u00e7\u00e3o e substitui\u00e7\u00e3o de pe\u00e7as.<\/li>\n<li>Excelente desempenho.<\/li>\n<\/ul>\n<p>[\/vc_column_text][\/vc_tta_section][vc_tta_section title=&#8221;Benef\u00edcios&#8221; tab_id=&#8221;materials5eae-fcbc&#8221; el_class=&#8221;tab2&#8243;][vc_column_text]<span style=\"font-family: arial, helvetica, sans-serif; font-size: 12pt;\"><span style=\"color: #c00000;\"><b>Dispon\u00edvel em PP, PVDF, Alum\u00ednio, A\u00e7o Inoxid\u00e1vel 316 e PPS (Ryton)<\/b><\/span><\/span><\/p>\n<p>Os amortecedores de ADPD podem ser utilizados com l\u00edquidos que t\u00eam elevada viscosidade aparente, mesmo que contenham s\u00f3lidos de tamanho consider\u00e1vel em suspens\u00e3o e adaptam-se automaticamente \u00e0s condi\u00e7\u00f5es do sistema sem necessidade de calibra\u00e7\u00f5es ou ajustes manuais.<br \/>\nA habilidade de minimizar pulsa\u00e7\u00f5es, vibra\u00e7\u00f5es e golpe de ar\u00edete significa que este componente fornece excelente prote\u00e7\u00e3o e fluxo de sistema suave.<br \/>\nA enorme escolha de materiais de constru\u00e7\u00e3o permite uma sele\u00e7\u00e3o de compatibilidade qu\u00edmica ideal com o fluido e\/ou ambiente sem negligenciar o intervalo de temperaturas. Tamb\u00e9m est\u00e3o dispon\u00edveis amortecedores para uso em atmosferas potencialmente explosivas (certifica\u00e7\u00e3o ATEX).<br \/>\nAmortecedores de pulsa\u00e7\u00f5es de diafragma consistem num atuador pneum\u00e1tico conectado ao diafragma.<\/p>\n<p align=\"JUSTIFY\">A = Corpo do lado do fluido<br \/>\nB = Diafragma\u00a0<img decoding=\"async\" loading=\"lazy\" class=\"size-medium wp-image-6609 alignright\" src=\"https:\/\/alphadynamic.eu\/wp-content\/uploads\/2019\/02\/DRAWING-264x300.jpg\" alt=\"\" width=\"264\" height=\"300\" srcset=\"https:\/\/alphadynamic.eu\/wp-content\/uploads\/2019\/02\/DRAWING-264x300.jpg 264w, https:\/\/alphadynamic.eu\/wp-content\/uploads\/2019\/02\/DRAWING.jpg 354w\" sizes=\"(max-width: 264px) 100vw, 264px\" \/><br \/>\nC = V\u00e1lvula pneum\u00e1tica autom\u00e1tica<br \/>\nD = Corpo do lado do ar<\/p>\n<p>[\/vc_column_text][\/vc_tta_section][vc_tta_section title=&#8221;Instala\u00e7\u00e3o&#8221; tab_id=&#8221;installation5eae-fcbc&#8221; el_class=&#8221;tab3&#8243;][vc_column_text]O amortecedor de pulsa\u00e7\u00f5es ADPD dever\u00e1 ser instalado no lado da descarga das bombas pneum\u00e1ticas, ou onde ocorrem picos de press\u00e3o no fluido.[\/vc_column_text][vc_single_image image=&#8221;25316&#8243; img_size=&#8221;full&#8221; alignment=&#8221;center&#8221;][\/vc_tta_section][\/vc_tta_tabs][\/vc_column][\/vc_row][vc_row el_id=&#8221;products2list&#8221;][vc_column][\/vc_column][\/vc_row]<\/p>\n","protected":false},"excerpt":{"rendered":"","protected":false},"author":4,"featured_media":121002,"parent":56657,"menu_order":0,"comment_status":"closed","ping_status":"closed","template":"","meta":[],"acf":[],"_links":{"self":[{"href":"https:\/\/alphadynamic.eu\/pt-pt\/wp-json\/wp\/v2\/pages\/25313"}],"collection":[{"href":"https:\/\/alphadynamic.eu\/pt-pt\/wp-json\/wp\/v2\/pages"}],"about":[{"href":"https:\/\/alphadynamic.eu\/pt-pt\/wp-json\/wp\/v2\/types\/page"}],"author":[{"embeddable":true,"href":"https:\/\/alphadynamic.eu\/pt-pt\/wp-json\/wp\/v2\/users\/4"}],"replies":[{"embeddable":true,"href":"https:\/\/alphadynamic.eu\/pt-pt\/wp-json\/wp\/v2\/comments?post=25313"}],"version-history":[{"count":1,"href":"https:\/\/alphadynamic.eu\/pt-pt\/wp-json\/wp\/v2\/pages\/25313\/revisions"}],"predecessor-version":[{"id":176261,"href":"https:\/\/alphadynamic.eu\/pt-pt\/wp-json\/wp\/v2\/pages\/25313\/revisions\/176261"}],"up":[{"embeddable":true,"href":"https:\/\/alphadynamic.eu\/pt-pt\/wp-json\/wp\/v2\/pages\/56657"}],"wp:featuredmedia":[{"embeddable":true,"href":"https:\/\/alphadynamic.eu\/pt-pt\/wp-json\/wp\/v2\/media\/121002"}],"wp:attachment":[{"href":"https:\/\/alphadynamic.eu\/pt-pt\/wp-json\/wp\/v2\/media?parent=25313"}],"curies":[{"name":"wp","href":"https:\/\/api.w.org\/{rel}","templated":true}]}}