{"id":25320,"date":"2018-10-07T23:02:47","date_gmt":"2018-10-07T20:02:47","guid":{"rendered":"https:\/\/alphadynamic.eu\/produtos\/adf-oval-gear-flowmeter\/"},"modified":"2021-11-10T13:54:11","modified_gmt":"2021-11-10T10:54:11","slug":"adf-fluximetro-de-engrenagem-oval","status":"publish","type":"page","link":"https:\/\/alphadynamic.eu\/pt-pt\/produtos\/adf-fluximetro-de-engrenagem-oval\/","title":{"rendered":"ADF \u2013 Flux\u00edmetro de Engrenagem Oval"},"content":{"rendered":"<p>[vc_row el_id=&#8221;pageTitle&#8221; el_class=&#8221;productTitle&#8221;][vc_column][vc_custom_heading source=&#8221;post_title&#8221; font_container=&#8221;tag:h1|font_size:24px|text_align:left|color:%23ed1c24|line_height:34px&#8221; use_theme_fonts=&#8221;yes&#8221;][\/vc_column][\/vc_row][vc_row el_id=&#8221;productFinalTabs&#8221;][vc_column][vc_tta_tabs style=&#8221;outline&#8221; shape=&#8221;square&#8221; color=&#8221;white&#8221; spacing=&#8221;10&#8243; gap=&#8221;5&#8243; active_section=&#8221;1&#8243; no_fill_content_area=&#8221;true&#8221;][vc_tta_section title=&#8221;ADF PRODUTOS&#8221; tab_id=&#8221;1636541536737-628b93b0-d985&#8243;][vc_basic_grid post_type=&#8221;post&#8221; max_items=&#8221;-1&#8243; order=&#8221;ASC&#8221; item=&#8221;31977&#8243; grid_id=&#8221;vc_gid:1636540406511-1238bc72-1f8c-6&#8243; taxonomies=&#8221;27&#8243;][\/vc_tta_section][vc_tta_section title=&#8221;Informa\u00e7\u00e3o T\u00e9cnica&#8221; tab_id=&#8221;techical-datacd09-281a&#8221; el_class=&#8221;tab1&#8243;][vc_column_text]<\/p>\n<ul>\n<li>Caudal de 0,01 &#8211; 1500 l\/min<\/li>\n<li>Temperatura at\u00e9 120 \u00b0C<\/li>\n<li>Press\u00e3o de funcionamento at\u00e9 55 bar<\/li>\n<li>Caixa do flux\u00edmetro em: a\u00e7o inoxid\u00e1vel 316, Alum\u00ednio, PPS (Ryton)<\/li>\n<li>Rotores ovais em A\u00e7o inoxid\u00e1vel e PPS<\/li>\n<li>Para l\u00edquidos com viscosidade elevada, at\u00e9 aos 1.000.000 cPs<\/li>\n<li>Precis\u00e3o da medi\u00e7\u00e3o: 0,5%<\/li>\n<li>Repetibilidade: 0,03%<\/li>\n<li>Queda de baixa press\u00e3o<\/li>\n<li>Os instrumentos integrados incluem totalizadores LCD, totalizadores de caudal e Controladores de batelada (AMR 100, F012, F110, F030, F130)<\/li>\n<\/ul>\n<p>[\/vc_column_text][\/vc_tta_section][vc_tta_section title=&#8221;Benef\u00edcios&#8221; tab_id=&#8221;materialscd09-281a&#8221; el_class=&#8221;tab2&#8243;][vc_column_text]<strong><span style=\"color: #e4122d;\">Dispon\u00edvel em A\u00e7o Inoxid\u00e1vel 316, Alum\u00ednio e PPS (Ryton)<\/span><\/strong><\/p>\n<p><span style=\"color: #e4122d;\">Caracter\u00edsticas<\/span><\/p>\n<p>A s\u00e9rie ADF \u00e9 uma gama abrangente de flux\u00edmetros completamente positivos que utiliza o comprovado princ\u00edpio da engrenagem oval. Este tipo de flux\u00edmetro oferece uma precis\u00e3o extremamente elevada (melhor que +\/-0,5% da leitura), e n\u00e3o \u00e9 afetado pela viscosidade (&lt;1 a &gt;1.000.000) com baixa perda de press\u00e3o.<br \/>\nCom caudais t\u00e3o baixos como 2 litros por hora at\u00e9 caudais com 1.500 litros por minuto, os flux\u00edmetros da s\u00e9rie ADF est\u00e3o dispon\u00edveis numa variedade de materiais de constru\u00e7\u00e3o e acess\u00f3rios, em formato pulsador ou com v\u00e1rias vers\u00f5es de ecr\u00e3 eletr\u00f3nico.<br \/>\nCom uma garantia sem precedente de 1 ano, os flux\u00edmetros da s\u00e9rie ADF s\u00e3o fornecidos com um relat\u00f3rio de teste para demonstrar a precis\u00e3o. Adicionalmente, os flux\u00edmetros da s\u00e9rie ADF requerem pouca manuten\u00e7\u00e3o e s\u00e3o adequados para a realiza\u00e7\u00e3o de manuten\u00e7\u00e3o no local, quando tal for necess\u00e1rio.<\/p>\n<p><img decoding=\"async\" loading=\"lazy\" class=\"alignnone wp-image-4106 size-full\" src=\"http:\/\/alphadynamic.eu\/wp-content\/uploads\/2019\/01\/adf-1-1.jpg\" alt=\"\" width=\"761\" height=\"161\" srcset=\"https:\/\/alphadynamic.eu\/wp-content\/uploads\/2019\/01\/adf-1-1.jpg 761w, https:\/\/alphadynamic.eu\/wp-content\/uploads\/2019\/01\/adf-1-1-300x63.jpg 300w\" sizes=\"(max-width: 761px) 100vw, 761px\" \/><\/p>\n<p><strong><span style=\"color: #ed1c24;\">Modo de opera\u00e7\u00e3o<\/span><\/strong><\/p>\n<p>O princ\u00edpio de funcionamento baseia-se sobretudo nas duas engrenagens ovais do medidor. Est\u00e3o interligadas e desalojadas por 90\u00b0 pela caixa do medidor. O meio f\u00e1-las rodas \u00e0 medida que fl\u00fai. \u00c9 devido \u00e0s engrenagens ovais que uma quantidade espec\u00edfica de l\u00edquido \u00e9 transportada em por\u00e7\u00f5es. Adicionalmente, os \u00edmanes que est\u00e3o nos rotores s\u00e3o rodados, enquanto os impulsos magn\u00e9ticos s\u00e3o registados com a ajuda de um contacto que est\u00e1 localizado no exterior da c\u00e2mara de medi\u00e7\u00e3o.<\/p>\n<p><strong><span style=\"color: #0000ff;\">ALPHA<\/span><span style=\"color: #ed1c24;\">DYNAMIC<\/span><\/strong> fornece flux\u00edmetros para aplica\u00e7\u00f5es nas ind\u00fastrias da energia, do \u00f3leo e g\u00e1s, da minera\u00e7\u00e3o, do transporte mar\u00edtimo, farmac\u00eautica, da alimenta\u00e7\u00e3o, t\u00eaxtil, dos cosm\u00e9ticos, petroqu\u00edmica, do transporte e da constru\u00e7\u00e3o, em todo o mundo.<\/p>\n<p><img decoding=\"async\" loading=\"lazy\" class=\"alignnone wp-image-4108 size-full\" src=\"http:\/\/alphadynamic.eu\/wp-content\/uploads\/2019\/01\/ploio.jpg\" alt=\"\" width=\"1000\" height=\"500\" srcset=\"https:\/\/alphadynamic.eu\/wp-content\/uploads\/2019\/01\/ploio.jpg 1000w, https:\/\/alphadynamic.eu\/wp-content\/uploads\/2019\/01\/ploio-300x150.jpg 300w, https:\/\/alphadynamic.eu\/wp-content\/uploads\/2019\/01\/ploio-768x384.jpg 768w\" sizes=\"(max-width: 1000px) 100vw, 1000px\" \/>[\/vc_column_text][\/vc_tta_section][vc_tta_section title=&#8221;Instala\u00e7\u00e3o&#8221; tab_id=&#8221;installationcd09-281a&#8221; el_class=&#8221;tab3&#8243;][vc_column_text]O medidor pode ser instalado em qualquer orienta\u00e7\u00e3o desde que o eixodo medidor esteja no plano horizontal. A montagem do registador poder\u00e1 ficar orientada conforme for apropriado para a instala\u00e7\u00e3o em quest\u00e3o.<br \/>\nNota: Uma instala\u00e7\u00e3o incorreta poder\u00e1 causar o desgaste prematuro dos componentes do medidor.<img decoding=\"async\" loading=\"lazy\" class=\"wp-image-4111 size-full aligncenter\" src=\"http:\/\/alphadynamic.eu\/wp-content\/uploads\/2019\/01\/installation.png\" alt=\"\" width=\"200\" height=\"481\" srcset=\"https:\/\/alphadynamic.eu\/wp-content\/uploads\/2019\/01\/installation.png 200w, https:\/\/alphadynamic.eu\/wp-content\/uploads\/2019\/01\/installation-125x300.png 125w\" sizes=\"(max-width: 200px) 100vw, 200px\" \/><\/p>\n<p>&nbsp;<\/p>\n<p>Recomenda-se que, quando estiver a instalar a canaliza\u00e7\u00e3o para as instila\u00e7\u00f5es do medidor, inclua uma linha de bypass no desenho. Isto far\u00e1 com que o medidor possa ser removido para motivos de manuten\u00e7\u00e3o sem interromper a produ\u00e7\u00e3o.<\/p>\n<p>&nbsp;<\/p>\n<p><img decoding=\"async\" loading=\"lazy\" class=\"wp-image-4113 size-full alignnone\" src=\"http:\/\/alphadynamic.eu\/wp-content\/uploads\/2019\/01\/installation2.jpg\" alt=\"\" width=\"854\" height=\"499\" srcset=\"https:\/\/alphadynamic.eu\/wp-content\/uploads\/2019\/01\/installation2.jpg 854w, https:\/\/alphadynamic.eu\/wp-content\/uploads\/2019\/01\/installation2-300x175.jpg 300w, https:\/\/alphadynamic.eu\/wp-content\/uploads\/2019\/01\/installation2-768x449.jpg 768w\" sizes=\"(max-width: 854px) 100vw, 854px\" \/>[\/vc_column_text][\/vc_tta_section][\/vc_tta_tabs][\/vc_column][\/vc_row][vc_row disable_element=&#8221;yes&#8221; el_id=&#8221;products2list&#8221;][vc_column][\/vc_column][\/vc_row]<\/p>\n","protected":false},"excerpt":{"rendered":"","protected":false},"author":4,"featured_media":0,"parent":56657,"menu_order":0,"comment_status":"closed","ping_status":"closed","template":"","meta":[],"acf":[],"_links":{"self":[{"href":"https:\/\/alphadynamic.eu\/pt-pt\/wp-json\/wp\/v2\/pages\/25320"}],"collection":[{"href":"https:\/\/alphadynamic.eu\/pt-pt\/wp-json\/wp\/v2\/pages"}],"about":[{"href":"https:\/\/alphadynamic.eu\/pt-pt\/wp-json\/wp\/v2\/types\/page"}],"author":[{"embeddable":true,"href":"https:\/\/alphadynamic.eu\/pt-pt\/wp-json\/wp\/v2\/users\/4"}],"replies":[{"embeddable":true,"href":"https:\/\/alphadynamic.eu\/pt-pt\/wp-json\/wp\/v2\/comments?post=25320"}],"version-history":[{"count":0,"href":"https:\/\/alphadynamic.eu\/pt-pt\/wp-json\/wp\/v2\/pages\/25320\/revisions"}],"up":[{"embeddable":true,"href":"https:\/\/alphadynamic.eu\/pt-pt\/wp-json\/wp\/v2\/pages\/56657"}],"wp:attachment":[{"href":"https:\/\/alphadynamic.eu\/pt-pt\/wp-json\/wp\/v2\/media?parent=25320"}],"curies":[{"name":"wp","href":"https:\/\/api.w.org\/{rel}","templated":true}]}}